{"id":10274,"date":"2021-12-04T22:37:44","date_gmt":"2021-12-04T22:37:44","guid":{"rendered":"https:\/\/antiqua.mx\/?post_type=product&#038;p=10274"},"modified":"2024-08-25T00:33:24","modified_gmt":"2024-08-25T00:33:24","slug":"novo-salvador-en-defensa-de-lo-usado-y-otros-ensayos","status":"publish","type":"product","link":"https:\/\/antiqua.mx\/en\/product\/novo-salvador-en-defensa-de-lo-usado-y-otros-ensayos","title":{"rendered":"NOVO SALVADOR. EN DEFENSA DE LO USADO Y OTROS ENSAYOS"},"content":{"rendered":"<p><strong>Novo Salvador<\/strong><\/p>\n<p>Editorial: POLIS<\/p>\n<p>A\u00f1o 1938<\/p>\n<p>R\u00fastico, en buenas condiciones. El empastado est\u00e1 un poco manchado.<\/p>\n<p>Algunas p\u00e1ginas est\u00e1n subrayadas con tinta azul.<\/p>\n<p>Impreso en M\u00e9xico.<\/p>\n<p>189 p\u00e1ginas<\/p>","protected":false},"excerpt":{"rendered":"<ul>\n<li>Editorial: POLIS<\/li>\n<li>A\u00f1o 1938<\/li>\n<li>R\u00fastico, en buenas condiciones. El empastado est\u00e1 un poco manchado.<\/li>\n<li>Algunas p\u00e1ginas est\u00e1n subrayadas con tinta azul.<\/li>\n<li>Impreso en M\u00e9xico.<\/li>\n<li>189 p\u00e1ginas<\/li>\n<\/ul>","protected":false},"featured_media":10558,"comment_status":"open","ping_status":"closed","template":"","meta":{"_joinchat":[]},"product_brand":[],"product_cat":[343,335],"product_tag":[744],"class_list":{"0":"post-10274","1":"product","2":"type-product","3":"status-publish","6":"product_cat-ensayo","7":"product_cat-literatura","8":"product_tag-salvador-novo","10":"first","11":"instock","12":"featured","13":"taxable","14":"shipping-taxable","15":"purchasable","16":"product-type-simple"},"yoast_head":"<!-- This site is optimized with the Yoast SEO plugin v26.1.1 - https:\/\/yoast.com\/wordpress\/plugins\/seo\/ -->\n<title>NOVO SALVADOR. EN DEFENSA DE LO USADO Y OTROS ENSAYOS -<\/title>\n<meta name=\"robots\" content=\"index, follow, max-snippet:-1, max-image-preview:large, max-video-preview:-1\" \/>\n<link rel=\"canonical\" href=\"https:\/\/antiqua.mx\/en\/product\/novo-salvador-en-defensa-de-lo-usado-y-otros-ensayos\" \/>\n<meta property=\"og:locale\" content=\"en_US\" \/>\n<meta property=\"og:type\" content=\"article\" \/>\n<meta property=\"og:title\" content=\"NOVO SALVADOR. EN DEFENSA DE LO USADO Y OTROS ENSAYOS -\" \/>\n<meta property=\"og:description\" content=\"Editorial: POLIS  A\u00f1o 1938  R\u00fastico, en buenas condiciones. El empastado est\u00e1 un poco manchado.  Algunas p\u00e1ginas est\u00e1n subrayadas con tinta azul.  Impreso en M\u00e9xico.  189 p\u00e1ginas\" \/>\n<meta property=\"og:url\" content=\"https:\/\/antiqua.mx\/en\/product\/novo-salvador-en-defensa-de-lo-usado-y-otros-ensayos\" \/>\n<meta property=\"article:modified_time\" content=\"2024-08-25T00:33:24+00:00\" \/>\n<meta property=\"og:image\" content=\"https:\/\/antiqua.mx\/wp-content\/uploads\/2021\/12\/455FC09A-F496-4A81-84B1-09AAE709E8BC-scaled.jpeg\" \/>\n\t<meta property=\"og:image:width\" content=\"1920\" \/>\n\t<meta property=\"og:image:height\" content=\"2560\" \/>\n\t<meta property=\"og:image:type\" content=\"image\/jpeg\" \/>\n<meta name=\"twitter:card\" content=\"summary_large_image\" \/>\n<script type=\"application\/ld+json\" class=\"yoast-schema-graph\">{\"@context\":\"https:\/\/schema.org\",\"@graph\":[{\"@type\":\"WebPage\",\"@id\":\"https:\/\/antiqua.mx\/en\/product\/novo-salvador-en-defensa-de-lo-usado-y-otros-ensayos\",\"url\":\"https:\/\/antiqua.mx\/en\/product\/novo-salvador-en-defensa-de-lo-usado-y-otros-ensayos\",\"name\":\"NOVO SALVADOR. EN DEFENSA DE LO USADO Y OTROS ENSAYOS -\",\"isPartOf\":{\"@id\":\"https:\/\/antiqua.mx\/en\/#website\"},\"primaryImageOfPage\":{\"@id\":\"https:\/\/antiqua.mx\/en\/product\/novo-salvador-en-defensa-de-lo-usado-y-otros-ensayos#primaryimage\"},\"image\":{\"@id\":\"https:\/\/antiqua.mx\/en\/product\/novo-salvador-en-defensa-de-lo-usado-y-otros-ensayos#primaryimage\"},\"thumbnailUrl\":\"https:\/\/antiqua.mx\/wp-content\/uploads\/2021\/12\/455FC09A-F496-4A81-84B1-09AAE709E8BC-scaled.jpeg\",\"datePublished\":\"2021-12-04T22:37:44+00:00\",\"dateModified\":\"2024-08-25T00:33:24+00:00\",\"breadcrumb\":{\"@id\":\"https:\/\/antiqua.mx\/en\/product\/novo-salvador-en-defensa-de-lo-usado-y-otros-ensayos#breadcrumb\"},\"inLanguage\":\"en-US\",\"potentialAction\":[{\"@type\":\"ReadAction\",\"target\":[\"https:\/\/antiqua.mx\/en\/product\/novo-salvador-en-defensa-de-lo-usado-y-otros-ensayos\"]}]},{\"@type\":\"ImageObject\",\"inLanguage\":\"en-US\",\"@id\":\"https:\/\/antiqua.mx\/en\/product\/novo-salvador-en-defensa-de-lo-usado-y-otros-ensayos#primaryimage\",\"url\":\"https:\/\/antiqua.mx\/wp-content\/uploads\/2021\/12\/455FC09A-F496-4A81-84B1-09AAE709E8BC-scaled.jpeg\",\"contentUrl\":\"https:\/\/antiqua.mx\/wp-content\/uploads\/2021\/12\/455FC09A-F496-4A81-84B1-09AAE709E8BC-scaled.jpeg\",\"width\":1920,\"height\":2560},{\"@type\":\"BreadcrumbList\",\"@id\":\"https:\/\/antiqua.mx\/en\/product\/novo-salvador-en-defensa-de-lo-usado-y-otros-ensayos#breadcrumb\",\"itemListElement\":[{\"@type\":\"ListItem\",\"position\":1,\"name\":\"Portada\",\"item\":\"https:\/\/antiqua.mx\/en\/\"},{\"@type\":\"ListItem\",\"position\":2,\"name\":\"Tienda\",\"item\":\"https:\/\/antiqua.mx\/en\/tienda\"},{\"@type\":\"ListItem\",\"position\":3,\"name\":\"NOVO SALVADOR. EN DEFENSA DE LO USADO Y OTROS ENSAYOS\"}]},{\"@type\":\"WebSite\",\"@id\":\"https:\/\/antiqua.mx\/en\/#website\",\"url\":\"https:\/\/antiqua.mx\/en\/\",\"name\":\"\",\"description\":\"\",\"potentialAction\":[{\"@type\":\"SearchAction\",\"target\":{\"@type\":\"EntryPoint\",\"urlTemplate\":\"https:\/\/antiqua.mx\/en\/?s={search_term_string}\"},\"query-input\":{\"@type\":\"PropertyValueSpecification\",\"valueRequired\":true,\"valueName\":\"search_term_string\"}}],\"inLanguage\":\"en-US\"}]}<\/script>\n<!-- \/ Yoast SEO plugin. -->","yoast_head_json":{"title":"NOVO SALVADOR. EN DEFENSA DE LO USADO Y OTROS ENSAYOS -","robots":{"index":"index","follow":"follow","max-snippet":"max-snippet:-1","max-image-preview":"max-image-preview:large","max-video-preview":"max-video-preview:-1"},"canonical":"https:\/\/antiqua.mx\/en\/product\/novo-salvador-en-defensa-de-lo-usado-y-otros-ensayos","og_locale":"en_US","og_type":"article","og_title":"NOVO SALVADOR. EN DEFENSA DE LO USADO Y OTROS ENSAYOS -","og_description":"Editorial: POLIS  A\u00f1o 1938  R\u00fastico, en buenas condiciones. El empastado est\u00e1 un poco manchado.  Algunas p\u00e1ginas est\u00e1n subrayadas con tinta azul.  Impreso en M\u00e9xico.  189 p\u00e1ginas","og_url":"https:\/\/antiqua.mx\/en\/product\/novo-salvador-en-defensa-de-lo-usado-y-otros-ensayos","article_modified_time":"2024-08-25T00:33:24+00:00","og_image":[{"width":1920,"height":2560,"url":"https:\/\/antiqua.mx\/wp-content\/uploads\/2021\/12\/455FC09A-F496-4A81-84B1-09AAE709E8BC-scaled.jpeg","type":"image\/jpeg"}],"twitter_card":"summary_large_image","schema":{"@context":"https:\/\/schema.org","@graph":[{"@type":"WebPage","@id":"https:\/\/antiqua.mx\/en\/product\/novo-salvador-en-defensa-de-lo-usado-y-otros-ensayos","url":"https:\/\/antiqua.mx\/en\/product\/novo-salvador-en-defensa-de-lo-usado-y-otros-ensayos","name":"NOVO SALVADOR. EN DEFENSA DE LO USADO Y OTROS ENSAYOS -","isPartOf":{"@id":"https:\/\/antiqua.mx\/en\/#website"},"primaryImageOfPage":{"@id":"https:\/\/antiqua.mx\/en\/product\/novo-salvador-en-defensa-de-lo-usado-y-otros-ensayos#primaryimage"},"image":{"@id":"https:\/\/antiqua.mx\/en\/product\/novo-salvador-en-defensa-de-lo-usado-y-otros-ensayos#primaryimage"},"thumbnailUrl":"https:\/\/antiqua.mx\/wp-content\/uploads\/2021\/12\/455FC09A-F496-4A81-84B1-09AAE709E8BC-scaled.jpeg","datePublished":"2021-12-04T22:37:44+00:00","dateModified":"2024-08-25T00:33:24+00:00","breadcrumb":{"@id":"https:\/\/antiqua.mx\/en\/product\/novo-salvador-en-defensa-de-lo-usado-y-otros-ensayos#breadcrumb"},"inLanguage":"en-US","potentialAction":[{"@type":"ReadAction","target":["https:\/\/antiqua.mx\/en\/product\/novo-salvador-en-defensa-de-lo-usado-y-otros-ensayos"]}]},{"@type":"ImageObject","inLanguage":"en-US","@id":"https:\/\/antiqua.mx\/en\/product\/novo-salvador-en-defensa-de-lo-usado-y-otros-ensayos#primaryimage","url":"https:\/\/antiqua.mx\/wp-content\/uploads\/2021\/12\/455FC09A-F496-4A81-84B1-09AAE709E8BC-scaled.jpeg","contentUrl":"https:\/\/antiqua.mx\/wp-content\/uploads\/2021\/12\/455FC09A-F496-4A81-84B1-09AAE709E8BC-scaled.jpeg","width":1920,"height":2560},{"@type":"BreadcrumbList","@id":"https:\/\/antiqua.mx\/en\/product\/novo-salvador-en-defensa-de-lo-usado-y-otros-ensayos#breadcrumb","itemListElement":[{"@type":"ListItem","position":1,"name":"Portada","item":"https:\/\/antiqua.mx\/en\/"},{"@type":"ListItem","position":2,"name":"Tienda","item":"https:\/\/antiqua.mx\/en\/tienda"},{"@type":"ListItem","position":3,"name":"NOVO SALVADOR. EN DEFENSA DE LO USADO Y OTROS ENSAYOS"}]},{"@type":"WebSite","@id":"https:\/\/antiqua.mx\/en\/#website","url":"https:\/\/antiqua.mx\/en\/","name":"","description":"","potentialAction":[{"@type":"SearchAction","target":{"@type":"EntryPoint","urlTemplate":"https:\/\/antiqua.mx\/en\/?s={search_term_string}"},"query-input":{"@type":"PropertyValueSpecification","valueRequired":true,"valueName":"search_term_string"}}],"inLanguage":"en-US"}]}},"jetpack_sharing_enabled":true,"_links":{"self":[{"href":"https:\/\/antiqua.mx\/en\/wp-json\/wp\/v2\/product\/10274","targetHints":{"allow":["GET"]}}],"collection":[{"href":"https:\/\/antiqua.mx\/en\/wp-json\/wp\/v2\/product"}],"about":[{"href":"https:\/\/antiqua.mx\/en\/wp-json\/wp\/v2\/types\/product"}],"replies":[{"embeddable":true,"href":"https:\/\/antiqua.mx\/en\/wp-json\/wp\/v2\/comments?post=10274"}],"wp:featuredmedia":[{"embeddable":true,"href":"https:\/\/antiqua.mx\/en\/wp-json\/wp\/v2\/media\/10558"}],"wp:attachment":[{"href":"https:\/\/antiqua.mx\/en\/wp-json\/wp\/v2\/media?parent=10274"}],"wp:term":[{"taxonomy":"product_brand","embeddable":true,"href":"https:\/\/antiqua.mx\/en\/wp-json\/wp\/v2\/product_brand?post=10274"},{"taxonomy":"product_cat","embeddable":true,"href":"https:\/\/antiqua.mx\/en\/wp-json\/wp\/v2\/product_cat?post=10274"},{"taxonomy":"product_tag","embeddable":true,"href":"https:\/\/antiqua.mx\/en\/wp-json\/wp\/v2\/product_tag?post=10274"}],"curies":[{"name":"wp","href":"https:\/\/api.w.org\/{rel}","templated":true}]}}