{"id":10418,"date":"2021-12-07T22:00:05","date_gmt":"2021-12-07T22:00:05","guid":{"rendered":"https:\/\/antiqua.mx\/?post_type=product&#038;p=10418"},"modified":"2024-10-09T00:02:39","modified_gmt":"2024-10-09T00:02:39","slug":"torri-julio-dialogos-de-los-libros","status":"publish","type":"product","link":"https:\/\/antiqua.mx\/en\/product\/torri-julio-dialogos-de-los-libros","title":{"rendered":"TORRI JULIO. DI\u00c1LOGOS DE LOS LIBROS"},"content":{"rendered":"<p><strong>Torri Julio<\/strong><\/p>\n<p>Editorial: Fondo de Cultura Econ\u00f3mica \/ letras mexicanas<\/p>\n<p>Primera edici\u00f3n<\/p>\n<p>A\u00f1o 1980<\/p>\n<p>Empastado con camisa, en buenas condiciones. La parte inferior de la camisa est\u00e1 \u00a0maltratada.<\/p>\n<p>Compilador Serge I. Za\u00eftzeff.<\/p>\n<p>Impreso en M\u00e9xico.<\/p>\n<p>282 p\u00e1ginas<\/p>","protected":false},"excerpt":{"rendered":"<ul>\n<li>Editorial: Fondo de Cultura Econ\u00f3mica \/ letras mexicanas<\/li>\n<li>Primera edici\u00f3n<\/li>\n<li>A\u00f1o 1980<\/li>\n<li>Empastado con camisa, en buenas condiciones. La parte inferior de la camisa est\u00e1 maltratada.<\/li>\n<li>Compilador Serge I. Za\u00eftzeff.<\/li>\n<li>Impreso en M\u00e9xico.<\/li>\n<li>282 p\u00e1ginas<\/li>\n<\/ul>","protected":false},"featured_media":10482,"comment_status":"open","ping_status":"closed","template":"","meta":{"_joinchat":[]},"product_brand":[],"product_cat":[343,335],"product_tag":[2465],"class_list":{"0":"post-10418","1":"product","2":"type-product","3":"status-publish","6":"product_cat-ensayo","7":"product_cat-literatura","8":"product_tag-julio-torri","10":"first","11":"instock","12":"featured","13":"taxable","14":"shipping-taxable","15":"purchasable","16":"product-type-simple"},"yoast_head":"<!-- This site is optimized with the Yoast SEO plugin v26.1.1 - https:\/\/yoast.com\/wordpress\/plugins\/seo\/ -->\n<title>TORRI JULIO. DI\u00c1LOGOS DE LOS LIBROS -<\/title>\n<meta name=\"robots\" content=\"index, follow, max-snippet:-1, max-image-preview:large, max-video-preview:-1\" \/>\n<link rel=\"canonical\" href=\"https:\/\/antiqua.mx\/en\/product\/torri-julio-dialogos-de-los-libros\" \/>\n<meta property=\"og:locale\" content=\"en_US\" \/>\n<meta property=\"og:type\" content=\"article\" \/>\n<meta property=\"og:title\" content=\"TORRI JULIO. DI\u00c1LOGOS DE LOS LIBROS -\" \/>\n<meta property=\"og:description\" content=\"Editorial: Fondo de Cultura Econ\u00f3mica \/ letras mexicanas  Primera edici\u00f3n  A\u00f1o 1980  Empastado con camisa, en buenas condiciones. La parte inferior de la camisa est\u00e1 maltratada.  Compilador Serge I. Za\u00eftzeff.  Impreso en M\u00e9xico.  282 p\u00e1ginas\" \/>\n<meta property=\"og:url\" content=\"https:\/\/antiqua.mx\/en\/product\/torri-julio-dialogos-de-los-libros\" \/>\n<meta property=\"article:modified_time\" content=\"2024-10-09T00:02:39+00:00\" \/>\n<meta property=\"og:image\" content=\"https:\/\/antiqua.mx\/wp-content\/uploads\/2021\/12\/236A7422-A073-4EBD-BB90-E1076D740B34-scaled.jpeg\" \/>\n\t<meta property=\"og:image:width\" content=\"1920\" \/>\n\t<meta property=\"og:image:height\" content=\"2560\" \/>\n\t<meta property=\"og:image:type\" content=\"image\/jpeg\" \/>\n<meta name=\"twitter:card\" content=\"summary_large_image\" \/>\n<script type=\"application\/ld+json\" class=\"yoast-schema-graph\">{\"@context\":\"https:\/\/schema.org\",\"@graph\":[{\"@type\":\"WebPage\",\"@id\":\"https:\/\/antiqua.mx\/en\/product\/torri-julio-dialogos-de-los-libros\",\"url\":\"https:\/\/antiqua.mx\/en\/product\/torri-julio-dialogos-de-los-libros\",\"name\":\"TORRI JULIO. DI\u00c1LOGOS DE LOS LIBROS -\",\"isPartOf\":{\"@id\":\"https:\/\/antiqua.mx\/en\/#website\"},\"primaryImageOfPage\":{\"@id\":\"https:\/\/antiqua.mx\/en\/product\/torri-julio-dialogos-de-los-libros#primaryimage\"},\"image\":{\"@id\":\"https:\/\/antiqua.mx\/en\/product\/torri-julio-dialogos-de-los-libros#primaryimage\"},\"thumbnailUrl\":\"https:\/\/antiqua.mx\/wp-content\/uploads\/2021\/12\/236A7422-A073-4EBD-BB90-E1076D740B34-scaled.jpeg\",\"datePublished\":\"2021-12-07T22:00:05+00:00\",\"dateModified\":\"2024-10-09T00:02:39+00:00\",\"breadcrumb\":{\"@id\":\"https:\/\/antiqua.mx\/en\/product\/torri-julio-dialogos-de-los-libros#breadcrumb\"},\"inLanguage\":\"en-US\",\"potentialAction\":[{\"@type\":\"ReadAction\",\"target\":[\"https:\/\/antiqua.mx\/en\/product\/torri-julio-dialogos-de-los-libros\"]}]},{\"@type\":\"ImageObject\",\"inLanguage\":\"en-US\",\"@id\":\"https:\/\/antiqua.mx\/en\/product\/torri-julio-dialogos-de-los-libros#primaryimage\",\"url\":\"https:\/\/antiqua.mx\/wp-content\/uploads\/2021\/12\/236A7422-A073-4EBD-BB90-E1076D740B34-scaled.jpeg\",\"contentUrl\":\"https:\/\/antiqua.mx\/wp-content\/uploads\/2021\/12\/236A7422-A073-4EBD-BB90-E1076D740B34-scaled.jpeg\",\"width\":1920,\"height\":2560},{\"@type\":\"BreadcrumbList\",\"@id\":\"https:\/\/antiqua.mx\/en\/product\/torri-julio-dialogos-de-los-libros#breadcrumb\",\"itemListElement\":[{\"@type\":\"ListItem\",\"position\":1,\"name\":\"Portada\",\"item\":\"https:\/\/antiqua.mx\/en\/\"},{\"@type\":\"ListItem\",\"position\":2,\"name\":\"Tienda\",\"item\":\"https:\/\/antiqua.mx\/en\/tienda\"},{\"@type\":\"ListItem\",\"position\":3,\"name\":\"TORRI JULIO. DI\u00c1LOGOS DE LOS LIBROS\"}]},{\"@type\":\"WebSite\",\"@id\":\"https:\/\/antiqua.mx\/en\/#website\",\"url\":\"https:\/\/antiqua.mx\/en\/\",\"name\":\"\",\"description\":\"\",\"potentialAction\":[{\"@type\":\"SearchAction\",\"target\":{\"@type\":\"EntryPoint\",\"urlTemplate\":\"https:\/\/antiqua.mx\/en\/?s={search_term_string}\"},\"query-input\":{\"@type\":\"PropertyValueSpecification\",\"valueRequired\":true,\"valueName\":\"search_term_string\"}}],\"inLanguage\":\"en-US\"}]}<\/script>\n<!-- \/ Yoast SEO plugin. -->","yoast_head_json":{"title":"TORRI JULIO. DI\u00c1LOGOS DE LOS LIBROS -","robots":{"index":"index","follow":"follow","max-snippet":"max-snippet:-1","max-image-preview":"max-image-preview:large","max-video-preview":"max-video-preview:-1"},"canonical":"https:\/\/antiqua.mx\/en\/product\/torri-julio-dialogos-de-los-libros","og_locale":"en_US","og_type":"article","og_title":"TORRI JULIO. DI\u00c1LOGOS DE LOS LIBROS -","og_description":"Editorial: Fondo de Cultura Econ\u00f3mica \/ letras mexicanas  Primera edici\u00f3n  A\u00f1o 1980  Empastado con camisa, en buenas condiciones. La parte inferior de la camisa est\u00e1 maltratada.  Compilador Serge I. Za\u00eftzeff.  Impreso en M\u00e9xico.  282 p\u00e1ginas","og_url":"https:\/\/antiqua.mx\/en\/product\/torri-julio-dialogos-de-los-libros","article_modified_time":"2024-10-09T00:02:39+00:00","og_image":[{"width":1920,"height":2560,"url":"https:\/\/antiqua.mx\/wp-content\/uploads\/2021\/12\/236A7422-A073-4EBD-BB90-E1076D740B34-scaled.jpeg","type":"image\/jpeg"}],"twitter_card":"summary_large_image","schema":{"@context":"https:\/\/schema.org","@graph":[{"@type":"WebPage","@id":"https:\/\/antiqua.mx\/en\/product\/torri-julio-dialogos-de-los-libros","url":"https:\/\/antiqua.mx\/en\/product\/torri-julio-dialogos-de-los-libros","name":"TORRI JULIO. DI\u00c1LOGOS DE LOS LIBROS -","isPartOf":{"@id":"https:\/\/antiqua.mx\/en\/#website"},"primaryImageOfPage":{"@id":"https:\/\/antiqua.mx\/en\/product\/torri-julio-dialogos-de-los-libros#primaryimage"},"image":{"@id":"https:\/\/antiqua.mx\/en\/product\/torri-julio-dialogos-de-los-libros#primaryimage"},"thumbnailUrl":"https:\/\/antiqua.mx\/wp-content\/uploads\/2021\/12\/236A7422-A073-4EBD-BB90-E1076D740B34-scaled.jpeg","datePublished":"2021-12-07T22:00:05+00:00","dateModified":"2024-10-09T00:02:39+00:00","breadcrumb":{"@id":"https:\/\/antiqua.mx\/en\/product\/torri-julio-dialogos-de-los-libros#breadcrumb"},"inLanguage":"en-US","potentialAction":[{"@type":"ReadAction","target":["https:\/\/antiqua.mx\/en\/product\/torri-julio-dialogos-de-los-libros"]}]},{"@type":"ImageObject","inLanguage":"en-US","@id":"https:\/\/antiqua.mx\/en\/product\/torri-julio-dialogos-de-los-libros#primaryimage","url":"https:\/\/antiqua.mx\/wp-content\/uploads\/2021\/12\/236A7422-A073-4EBD-BB90-E1076D740B34-scaled.jpeg","contentUrl":"https:\/\/antiqua.mx\/wp-content\/uploads\/2021\/12\/236A7422-A073-4EBD-BB90-E1076D740B34-scaled.jpeg","width":1920,"height":2560},{"@type":"BreadcrumbList","@id":"https:\/\/antiqua.mx\/en\/product\/torri-julio-dialogos-de-los-libros#breadcrumb","itemListElement":[{"@type":"ListItem","position":1,"name":"Portada","item":"https:\/\/antiqua.mx\/en\/"},{"@type":"ListItem","position":2,"name":"Tienda","item":"https:\/\/antiqua.mx\/en\/tienda"},{"@type":"ListItem","position":3,"name":"TORRI JULIO. DI\u00c1LOGOS DE LOS LIBROS"}]},{"@type":"WebSite","@id":"https:\/\/antiqua.mx\/en\/#website","url":"https:\/\/antiqua.mx\/en\/","name":"","description":"","potentialAction":[{"@type":"SearchAction","target":{"@type":"EntryPoint","urlTemplate":"https:\/\/antiqua.mx\/en\/?s={search_term_string}"},"query-input":{"@type":"PropertyValueSpecification","valueRequired":true,"valueName":"search_term_string"}}],"inLanguage":"en-US"}]}},"jetpack_sharing_enabled":true,"_links":{"self":[{"href":"https:\/\/antiqua.mx\/en\/wp-json\/wp\/v2\/product\/10418","targetHints":{"allow":["GET"]}}],"collection":[{"href":"https:\/\/antiqua.mx\/en\/wp-json\/wp\/v2\/product"}],"about":[{"href":"https:\/\/antiqua.mx\/en\/wp-json\/wp\/v2\/types\/product"}],"replies":[{"embeddable":true,"href":"https:\/\/antiqua.mx\/en\/wp-json\/wp\/v2\/comments?post=10418"}],"wp:featuredmedia":[{"embeddable":true,"href":"https:\/\/antiqua.mx\/en\/wp-json\/wp\/v2\/media\/10482"}],"wp:attachment":[{"href":"https:\/\/antiqua.mx\/en\/wp-json\/wp\/v2\/media?parent=10418"}],"wp:term":[{"taxonomy":"product_brand","embeddable":true,"href":"https:\/\/antiqua.mx\/en\/wp-json\/wp\/v2\/product_brand?post=10418"},{"taxonomy":"product_cat","embeddable":true,"href":"https:\/\/antiqua.mx\/en\/wp-json\/wp\/v2\/product_cat?post=10418"},{"taxonomy":"product_tag","embeddable":true,"href":"https:\/\/antiqua.mx\/en\/wp-json\/wp\/v2\/product_tag?post=10418"}],"curies":[{"name":"wp","href":"https:\/\/api.w.org\/{rel}","templated":true}]}}