{"id":10423,"date":"2021-12-08T00:24:35","date_gmt":"2021-12-08T00:24:35","guid":{"rendered":"https:\/\/antiqua.mx\/?post_type=product&#038;p=10423"},"modified":"2022-02-01T20:44:03","modified_gmt":"2022-02-01T20:44:03","slug":"sefchovich-sara-ideologia-y-ficcion-en-la-obra-de-luis-spota","status":"publish","type":"product","link":"https:\/\/antiqua.mx\/en\/product\/sefchovich-sara-ideologia-y-ficcion-en-la-obra-de-luis-spota\/","title":{"rendered":"SEFCHOVICH SARA. IDEOLOG\u00cdA Y FICCI\u00d3N EN LA OBRA DE LUIS SPOTA"},"content":{"rendered":"<p><strong>Sefchovich Sara<\/strong><\/p>\n<p>Editorial: grijalbo \/ colecci\u00f3n narrativa<\/p>\n<p>Primera edici\u00f3n<\/p>\n<p>A\u00f1o 1985<\/p>\n<p>R\u00fastico, en buenas condiciones.<\/p>\n<p>Impreso en M\u00e9xico.<\/p>\n<p>304 p\u00e1ginas<\/p>","protected":false},"excerpt":{"rendered":"<ul>\n<li>Editorial: grijalbo \/ colecci\u00f3n narrativa<\/li>\n<li>Primera edici\u00f3n<\/li>\n<li>A\u00f1o 1985<\/li>\n<li>R\u00fastico, en buenas condiciones.<\/li>\n<li>Impreso en M\u00e9xico.<\/li>\n<li>304 p\u00e1ginas<\/li>\n<\/ul>","protected":false},"featured_media":10538,"comment_status":"open","ping_status":"closed","template":"","meta":{"_joinchat":[]},"product_brand":[],"product_cat":[343,335],"product_tag":[776,773],"class_list":{"0":"post-10423","1":"product","2":"type-product","3":"status-publish","6":"product_cat-ensayo","7":"product_cat-literatura","8":"product_tag-luis-spota","9":"product_tag-sara-sefchovich","11":"first","12":"outofstock","13":"featured","14":"taxable","15":"shipping-taxable","16":"purchasable","17":"product-type-simple"},"yoast_head":"<!-- This site is optimized with the Yoast SEO plugin v26.1.1 - https:\/\/yoast.com\/wordpress\/plugins\/seo\/ -->\n<title>SEFCHOVICH SARA. IDEOLOG\u00cdA Y FICCI\u00d3N EN LA OBRA DE LUIS SPOTA -<\/title>\n<meta name=\"robots\" content=\"index, follow, max-snippet:-1, max-image-preview:large, max-video-preview:-1\" \/>\n<link rel=\"canonical\" href=\"https:\/\/antiqua.mx\/en\/product\/sefchovich-sara-ideologia-y-ficcion-en-la-obra-de-luis-spota\/\" \/>\n<meta property=\"og:locale\" content=\"en_US\" \/>\n<meta property=\"og:type\" content=\"article\" \/>\n<meta property=\"og:title\" content=\"SEFCHOVICH SARA. IDEOLOG\u00cdA Y FICCI\u00d3N EN LA OBRA DE LUIS SPOTA -\" \/>\n<meta property=\"og:description\" content=\"Editorial: grijalbo \/ colecci\u00f3n narrativa  Primera edici\u00f3n  A\u00f1o 1985  R\u00fastico, en buenas condiciones.  Impreso en M\u00e9xico.  304 p\u00e1ginas\" \/>\n<meta property=\"og:url\" content=\"https:\/\/antiqua.mx\/en\/product\/sefchovich-sara-ideologia-y-ficcion-en-la-obra-de-luis-spota\/\" \/>\n<meta property=\"article:modified_time\" content=\"2022-02-01T20:44:03+00:00\" \/>\n<meta property=\"og:image\" content=\"https:\/\/antiqua.mx\/wp-content\/uploads\/2021\/12\/EB0E5B1A-FB8D-4F77-8445-188AA3159768-scaled.jpeg\" \/>\n\t<meta property=\"og:image:width\" content=\"1920\" \/>\n\t<meta property=\"og:image:height\" content=\"2560\" \/>\n\t<meta property=\"og:image:type\" content=\"image\/jpeg\" \/>\n<meta name=\"twitter:card\" content=\"summary_large_image\" \/>\n<script type=\"application\/ld+json\" class=\"yoast-schema-graph\">{\"@context\":\"https:\/\/schema.org\",\"@graph\":[{\"@type\":\"WebPage\",\"@id\":\"https:\/\/antiqua.mx\/producto\/sefchovich-sara-ideologia-y-ficcion-en-la-obra-de-luis-spota\/\",\"url\":\"https:\/\/antiqua.mx\/producto\/sefchovich-sara-ideologia-y-ficcion-en-la-obra-de-luis-spota\/\",\"name\":\"SEFCHOVICH SARA. IDEOLOG\u00cdA Y FICCI\u00d3N EN LA OBRA DE LUIS SPOTA -\",\"isPartOf\":{\"@id\":\"https:\/\/antiqua.mx\/en\/#website\"},\"primaryImageOfPage\":{\"@id\":\"https:\/\/antiqua.mx\/producto\/sefchovich-sara-ideologia-y-ficcion-en-la-obra-de-luis-spota\/#primaryimage\"},\"image\":{\"@id\":\"https:\/\/antiqua.mx\/producto\/sefchovich-sara-ideologia-y-ficcion-en-la-obra-de-luis-spota\/#primaryimage\"},\"thumbnailUrl\":\"https:\/\/antiqua.mx\/wp-content\/uploads\/2021\/12\/EB0E5B1A-FB8D-4F77-8445-188AA3159768-scaled.jpeg\",\"datePublished\":\"2021-12-08T00:24:35+00:00\",\"dateModified\":\"2022-02-01T20:44:03+00:00\",\"breadcrumb\":{\"@id\":\"https:\/\/antiqua.mx\/producto\/sefchovich-sara-ideologia-y-ficcion-en-la-obra-de-luis-spota\/#breadcrumb\"},\"inLanguage\":\"en-US\",\"potentialAction\":[{\"@type\":\"ReadAction\",\"target\":[\"https:\/\/antiqua.mx\/producto\/sefchovich-sara-ideologia-y-ficcion-en-la-obra-de-luis-spota\/\"]}]},{\"@type\":\"ImageObject\",\"inLanguage\":\"en-US\",\"@id\":\"https:\/\/antiqua.mx\/producto\/sefchovich-sara-ideologia-y-ficcion-en-la-obra-de-luis-spota\/#primaryimage\",\"url\":\"https:\/\/antiqua.mx\/wp-content\/uploads\/2021\/12\/EB0E5B1A-FB8D-4F77-8445-188AA3159768-scaled.jpeg\",\"contentUrl\":\"https:\/\/antiqua.mx\/wp-content\/uploads\/2021\/12\/EB0E5B1A-FB8D-4F77-8445-188AA3159768-scaled.jpeg\",\"width\":1920,\"height\":2560},{\"@type\":\"BreadcrumbList\",\"@id\":\"https:\/\/antiqua.mx\/producto\/sefchovich-sara-ideologia-y-ficcion-en-la-obra-de-luis-spota\/#breadcrumb\",\"itemListElement\":[{\"@type\":\"ListItem\",\"position\":1,\"name\":\"Portada\",\"item\":\"https:\/\/antiqua.mx\/en\/\"},{\"@type\":\"ListItem\",\"position\":2,\"name\":\"Tienda\",\"item\":\"https:\/\/antiqua.mx\/tienda\/\"},{\"@type\":\"ListItem\",\"position\":3,\"name\":\"SEFCHOVICH SARA. IDEOLOG\u00cdA Y FICCI\u00d3N EN LA OBRA DE LUIS SPOTA\"}]},{\"@type\":\"WebSite\",\"@id\":\"https:\/\/antiqua.mx\/en\/#website\",\"url\":\"https:\/\/antiqua.mx\/en\/\",\"name\":\"\",\"description\":\"\",\"potentialAction\":[{\"@type\":\"SearchAction\",\"target\":{\"@type\":\"EntryPoint\",\"urlTemplate\":\"https:\/\/antiqua.mx\/en\/?s={search_term_string}\"},\"query-input\":{\"@type\":\"PropertyValueSpecification\",\"valueRequired\":true,\"valueName\":\"search_term_string\"}}],\"inLanguage\":\"en-US\"}]}<\/script>\n<!-- \/ Yoast SEO plugin. -->","yoast_head_json":{"title":"SEFCHOVICH SARA. IDEOLOG\u00cdA Y FICCI\u00d3N EN LA OBRA DE LUIS SPOTA -","robots":{"index":"index","follow":"follow","max-snippet":"max-snippet:-1","max-image-preview":"max-image-preview:large","max-video-preview":"max-video-preview:-1"},"canonical":"https:\/\/antiqua.mx\/en\/product\/sefchovich-sara-ideologia-y-ficcion-en-la-obra-de-luis-spota\/","og_locale":"en_US","og_type":"article","og_title":"SEFCHOVICH SARA. IDEOLOG\u00cdA Y FICCI\u00d3N EN LA OBRA DE LUIS SPOTA -","og_description":"Editorial: grijalbo \/ colecci\u00f3n narrativa  Primera edici\u00f3n  A\u00f1o 1985  R\u00fastico, en buenas condiciones.  Impreso en M\u00e9xico.  304 p\u00e1ginas","og_url":"https:\/\/antiqua.mx\/en\/product\/sefchovich-sara-ideologia-y-ficcion-en-la-obra-de-luis-spota\/","article_modified_time":"2022-02-01T20:44:03+00:00","og_image":[{"width":1920,"height":2560,"url":"https:\/\/antiqua.mx\/wp-content\/uploads\/2021\/12\/EB0E5B1A-FB8D-4F77-8445-188AA3159768-scaled.jpeg","type":"image\/jpeg"}],"twitter_card":"summary_large_image","schema":{"@context":"https:\/\/schema.org","@graph":[{"@type":"WebPage","@id":"https:\/\/antiqua.mx\/producto\/sefchovich-sara-ideologia-y-ficcion-en-la-obra-de-luis-spota\/","url":"https:\/\/antiqua.mx\/producto\/sefchovich-sara-ideologia-y-ficcion-en-la-obra-de-luis-spota\/","name":"SEFCHOVICH SARA. IDEOLOG\u00cdA Y FICCI\u00d3N EN LA OBRA DE LUIS SPOTA -","isPartOf":{"@id":"https:\/\/antiqua.mx\/en\/#website"},"primaryImageOfPage":{"@id":"https:\/\/antiqua.mx\/producto\/sefchovich-sara-ideologia-y-ficcion-en-la-obra-de-luis-spota\/#primaryimage"},"image":{"@id":"https:\/\/antiqua.mx\/producto\/sefchovich-sara-ideologia-y-ficcion-en-la-obra-de-luis-spota\/#primaryimage"},"thumbnailUrl":"https:\/\/antiqua.mx\/wp-content\/uploads\/2021\/12\/EB0E5B1A-FB8D-4F77-8445-188AA3159768-scaled.jpeg","datePublished":"2021-12-08T00:24:35+00:00","dateModified":"2022-02-01T20:44:03+00:00","breadcrumb":{"@id":"https:\/\/antiqua.mx\/producto\/sefchovich-sara-ideologia-y-ficcion-en-la-obra-de-luis-spota\/#breadcrumb"},"inLanguage":"en-US","potentialAction":[{"@type":"ReadAction","target":["https:\/\/antiqua.mx\/producto\/sefchovich-sara-ideologia-y-ficcion-en-la-obra-de-luis-spota\/"]}]},{"@type":"ImageObject","inLanguage":"en-US","@id":"https:\/\/antiqua.mx\/producto\/sefchovich-sara-ideologia-y-ficcion-en-la-obra-de-luis-spota\/#primaryimage","url":"https:\/\/antiqua.mx\/wp-content\/uploads\/2021\/12\/EB0E5B1A-FB8D-4F77-8445-188AA3159768-scaled.jpeg","contentUrl":"https:\/\/antiqua.mx\/wp-content\/uploads\/2021\/12\/EB0E5B1A-FB8D-4F77-8445-188AA3159768-scaled.jpeg","width":1920,"height":2560},{"@type":"BreadcrumbList","@id":"https:\/\/antiqua.mx\/producto\/sefchovich-sara-ideologia-y-ficcion-en-la-obra-de-luis-spota\/#breadcrumb","itemListElement":[{"@type":"ListItem","position":1,"name":"Portada","item":"https:\/\/antiqua.mx\/en\/"},{"@type":"ListItem","position":2,"name":"Tienda","item":"https:\/\/antiqua.mx\/tienda\/"},{"@type":"ListItem","position":3,"name":"SEFCHOVICH SARA. IDEOLOG\u00cdA Y FICCI\u00d3N EN LA OBRA DE LUIS SPOTA"}]},{"@type":"WebSite","@id":"https:\/\/antiqua.mx\/en\/#website","url":"https:\/\/antiqua.mx\/en\/","name":"","description":"","potentialAction":[{"@type":"SearchAction","target":{"@type":"EntryPoint","urlTemplate":"https:\/\/antiqua.mx\/en\/?s={search_term_string}"},"query-input":{"@type":"PropertyValueSpecification","valueRequired":true,"valueName":"search_term_string"}}],"inLanguage":"en-US"}]}},"jetpack_sharing_enabled":true,"_links":{"self":[{"href":"https:\/\/antiqua.mx\/en\/wp-json\/wp\/v2\/product\/10423","targetHints":{"allow":["GET"]}}],"collection":[{"href":"https:\/\/antiqua.mx\/en\/wp-json\/wp\/v2\/product"}],"about":[{"href":"https:\/\/antiqua.mx\/en\/wp-json\/wp\/v2\/types\/product"}],"replies":[{"embeddable":true,"href":"https:\/\/antiqua.mx\/en\/wp-json\/wp\/v2\/comments?post=10423"}],"wp:featuredmedia":[{"embeddable":true,"href":"https:\/\/antiqua.mx\/en\/wp-json\/wp\/v2\/media\/10538"}],"wp:attachment":[{"href":"https:\/\/antiqua.mx\/en\/wp-json\/wp\/v2\/media?parent=10423"}],"wp:term":[{"taxonomy":"product_brand","embeddable":true,"href":"https:\/\/antiqua.mx\/en\/wp-json\/wp\/v2\/product_brand?post=10423"},{"taxonomy":"product_cat","embeddable":true,"href":"https:\/\/antiqua.mx\/en\/wp-json\/wp\/v2\/product_cat?post=10423"},{"taxonomy":"product_tag","embeddable":true,"href":"https:\/\/antiqua.mx\/en\/wp-json\/wp\/v2\/product_tag?post=10423"}],"curies":[{"name":"wp","href":"https:\/\/api.w.org\/{rel}","templated":true}]}}