{"id":10514,"date":"2021-12-15T23:48:36","date_gmt":"2021-12-15T23:48:36","guid":{"rendered":"https:\/\/antiqua.mx\/?post_type=product&#038;p=10514"},"modified":"2021-12-22T00:36:45","modified_gmt":"2021-12-22T00:36:45","slug":"manuel-roland-placer-de-la-musica","status":"publish","type":"product","link":"https:\/\/antiqua.mx\/en\/product\/manuel-roland-placer-de-la-musica\/","title":{"rendered":"MANUEL ROLAND. PLACER DE LA M\u00daSICA"},"content":{"rendered":"<p><strong>Manuel Roland<\/strong><\/p>\n<p>Editorial: LIBRER\u00cdA HACHETTE<\/p>\n<p>A\u00f1o 1952 y 1953<\/p>\n<p>R\u00fastico, en buenas condiciones. Los empastados est\u00e1n maltratados.<\/p>\n<p>La edici\u00f3n consta de 3 vol\u00famenes.<\/p>\n<p>Versi\u00f3n castellana de Amparo Albajar de Ortega Velarde.<\/p>\n<p class=\"p1\">La obra tiene sellos del\u00a0 &#8220;ASPIRANTADO JUAN PONCE DE LE\u00d3N BIBLIOTECA: DR. CARLOS FUENTES GUTI\u00c9RREZ 10 PONIENTE No. 1711, PUEBLA, PUE.&#8221;<\/p>\n<p><strong>VOLUMEN I. Los elementos de la m\u00fasica.<\/strong><\/p>\n<p><strong>VOLUMEN II. La m\u00fasica hasta Beethoven.<\/strong><\/p>\n<p><strong>VOLUMEN III. La m\u00fasica desde Beethoven hasta nuestros d\u00edas.<\/strong><\/p>\n<p>Impreso en Argentina.<\/p>\n<p>295, 281 y 301 p\u00e1ginas<\/p>","protected":false},"excerpt":{"rendered":"<ul>\n<li>Editorial: LIBRER\u00cdA HACHETTE<\/li>\n<li>A\u00f1o 1952 y 1953<\/li>\n<li>R\u00fastico, en buenas condiciones. Los empastados est\u00e1n maltratados.<\/li>\n<li>La edici\u00f3n consta de 3 vol\u00famenes.<\/li>\n<li>Versi\u00f3n castellana de Amparo Albajar de Ortega Velarde.<\/li>\n<li class=\"p1\">La obra tiene sellos del\u00a0 &#8220;ASPIRANTADO JUAN PONCE DE LE\u00d3N BIBLIOTECA: DR. CARLOS FUENTES GUTI\u00c9RREZ 10 PONIENTE No. 1711, PUEBLA, PUE.&#8221;<\/li>\n<li><strong>VOLUMEN I. Los elementos de la m\u00fasica.<\/strong><\/li>\n<li><strong>VOLUMEN II. La m\u00fasica hasta Beethoven.<\/strong><\/li>\n<li><strong>VOLUMEN III. La m\u00fasica desde Beethoven hasta nuestros d\u00edas.<\/strong><\/li>\n<li>Impreso en Argentina.<\/li>\n<li>295, 281 y 301 p\u00e1ginas<\/li>\n<\/ul>","protected":false},"featured_media":10789,"comment_status":"open","ping_status":"closed","template":"","meta":{"_joinchat":[]},"product_brand":[],"product_cat":[349,368,367],"product_tag":[2524],"class_list":{"0":"post-10514","1":"product","2":"type-product","3":"status-publish","6":"product_cat-arte","7":"product_cat-histmus","8":"product_cat-musica","9":"product_tag-roland-manuel","11":"first","12":"instock","13":"featured","14":"taxable","15":"shipping-taxable","16":"purchasable","17":"product-type-simple"},"yoast_head":"<!-- This site is optimized with the Yoast SEO plugin v26.1.1 - https:\/\/yoast.com\/wordpress\/plugins\/seo\/ -->\n<title>MANUEL ROLAND. PLACER DE LA M\u00daSICA -<\/title>\n<meta name=\"robots\" content=\"index, follow, max-snippet:-1, max-image-preview:large, max-video-preview:-1\" \/>\n<link rel=\"canonical\" href=\"https:\/\/antiqua.mx\/en\/product\/manuel-roland-placer-de-la-musica\/\" \/>\n<meta property=\"og:locale\" content=\"en_US\" \/>\n<meta property=\"og:type\" content=\"article\" \/>\n<meta property=\"og:title\" content=\"MANUEL ROLAND. PLACER DE LA M\u00daSICA -\" \/>\n<meta property=\"og:description\" content=\"Editorial: LIBRER\u00cdA HACHETTE  A\u00f1o 1952 y 1953  R\u00fastico, en buenas condiciones. Los empastados est\u00e1n maltratados.  La edici\u00f3n consta de 3 vol\u00famenes.  Versi\u00f3n castellana de Amparo Albajar de Ortega Velarde.  La obra tiene sellos del\u00a0 &quot;ASPIRANTADO JUAN PONCE DE LE\u00d3N BIBLIOTECA: DR. CARLOS FUENTES GUTI\u00c9RREZ 10 PONIENTE No. 1711, PUEBLA, PUE.&quot;  VOLUMEN I. Los elementos de la m\u00fasica.  VOLUMEN II. La m\u00fasica hasta Beethoven.  VOLUMEN III. La m\u00fasica desde Beethoven hasta nuestros d\u00edas.  Impreso en Argentina.  295, 281 y 301 p\u00e1ginas\" \/>\n<meta property=\"og:url\" content=\"https:\/\/antiqua.mx\/en\/product\/manuel-roland-placer-de-la-musica\/\" \/>\n<meta property=\"article:modified_time\" content=\"2021-12-22T00:36:45+00:00\" \/>\n<meta property=\"og:image\" content=\"https:\/\/antiqua.mx\/wp-content\/uploads\/2021\/12\/2540D0AE-4901-4128-8932-C4AEA66A2973-scaled.jpeg\" \/>\n\t<meta property=\"og:image:width\" content=\"2560\" \/>\n\t<meta property=\"og:image:height\" content=\"1920\" \/>\n\t<meta property=\"og:image:type\" content=\"image\/jpeg\" \/>\n<meta name=\"twitter:card\" content=\"summary_large_image\" \/>\n<script type=\"application\/ld+json\" class=\"yoast-schema-graph\">{\"@context\":\"https:\/\/schema.org\",\"@graph\":[{\"@type\":\"WebPage\",\"@id\":\"https:\/\/antiqua.mx\/producto\/manuel-roland-placer-de-la-musica\/\",\"url\":\"https:\/\/antiqua.mx\/producto\/manuel-roland-placer-de-la-musica\/\",\"name\":\"MANUEL ROLAND. PLACER DE LA M\u00daSICA -\",\"isPartOf\":{\"@id\":\"https:\/\/antiqua.mx\/en\/#website\"},\"primaryImageOfPage\":{\"@id\":\"https:\/\/antiqua.mx\/producto\/manuel-roland-placer-de-la-musica\/#primaryimage\"},\"image\":{\"@id\":\"https:\/\/antiqua.mx\/producto\/manuel-roland-placer-de-la-musica\/#primaryimage\"},\"thumbnailUrl\":\"https:\/\/antiqua.mx\/wp-content\/uploads\/2021\/12\/2540D0AE-4901-4128-8932-C4AEA66A2973-scaled.jpeg\",\"datePublished\":\"2021-12-15T23:48:36+00:00\",\"dateModified\":\"2021-12-22T00:36:45+00:00\",\"breadcrumb\":{\"@id\":\"https:\/\/antiqua.mx\/producto\/manuel-roland-placer-de-la-musica\/#breadcrumb\"},\"inLanguage\":\"en-US\",\"potentialAction\":[{\"@type\":\"ReadAction\",\"target\":[\"https:\/\/antiqua.mx\/producto\/manuel-roland-placer-de-la-musica\/\"]}]},{\"@type\":\"ImageObject\",\"inLanguage\":\"en-US\",\"@id\":\"https:\/\/antiqua.mx\/producto\/manuel-roland-placer-de-la-musica\/#primaryimage\",\"url\":\"https:\/\/antiqua.mx\/wp-content\/uploads\/2021\/12\/2540D0AE-4901-4128-8932-C4AEA66A2973-scaled.jpeg\",\"contentUrl\":\"https:\/\/antiqua.mx\/wp-content\/uploads\/2021\/12\/2540D0AE-4901-4128-8932-C4AEA66A2973-scaled.jpeg\",\"width\":2560,\"height\":1920},{\"@type\":\"BreadcrumbList\",\"@id\":\"https:\/\/antiqua.mx\/producto\/manuel-roland-placer-de-la-musica\/#breadcrumb\",\"itemListElement\":[{\"@type\":\"ListItem\",\"position\":1,\"name\":\"Portada\",\"item\":\"https:\/\/antiqua.mx\/en\/\"},{\"@type\":\"ListItem\",\"position\":2,\"name\":\"Tienda\",\"item\":\"https:\/\/antiqua.mx\/tienda\/\"},{\"@type\":\"ListItem\",\"position\":3,\"name\":\"MANUEL ROLAND. PLACER DE LA M\u00daSICA\"}]},{\"@type\":\"WebSite\",\"@id\":\"https:\/\/antiqua.mx\/en\/#website\",\"url\":\"https:\/\/antiqua.mx\/en\/\",\"name\":\"\",\"description\":\"\",\"potentialAction\":[{\"@type\":\"SearchAction\",\"target\":{\"@type\":\"EntryPoint\",\"urlTemplate\":\"https:\/\/antiqua.mx\/en\/?s={search_term_string}\"},\"query-input\":{\"@type\":\"PropertyValueSpecification\",\"valueRequired\":true,\"valueName\":\"search_term_string\"}}],\"inLanguage\":\"en-US\"}]}<\/script>\n<!-- \/ Yoast SEO plugin. -->","yoast_head_json":{"title":"MANUEL ROLAND. PLACER DE LA M\u00daSICA -","robots":{"index":"index","follow":"follow","max-snippet":"max-snippet:-1","max-image-preview":"max-image-preview:large","max-video-preview":"max-video-preview:-1"},"canonical":"https:\/\/antiqua.mx\/en\/product\/manuel-roland-placer-de-la-musica\/","og_locale":"en_US","og_type":"article","og_title":"MANUEL ROLAND. PLACER DE LA M\u00daSICA -","og_description":"Editorial: LIBRER\u00cdA HACHETTE  A\u00f1o 1952 y 1953  R\u00fastico, en buenas condiciones. Los empastados est\u00e1n maltratados.  La edici\u00f3n consta de 3 vol\u00famenes.  Versi\u00f3n castellana de Amparo Albajar de Ortega Velarde.  La obra tiene sellos del\u00a0 \"ASPIRANTADO JUAN PONCE DE LE\u00d3N BIBLIOTECA: DR. CARLOS FUENTES GUTI\u00c9RREZ 10 PONIENTE No. 1711, PUEBLA, PUE.\"  VOLUMEN I. Los elementos de la m\u00fasica.  VOLUMEN II. La m\u00fasica hasta Beethoven.  VOLUMEN III. La m\u00fasica desde Beethoven hasta nuestros d\u00edas.  Impreso en Argentina.  295, 281 y 301 p\u00e1ginas","og_url":"https:\/\/antiqua.mx\/en\/product\/manuel-roland-placer-de-la-musica\/","article_modified_time":"2021-12-22T00:36:45+00:00","og_image":[{"width":2560,"height":1920,"url":"https:\/\/antiqua.mx\/wp-content\/uploads\/2021\/12\/2540D0AE-4901-4128-8932-C4AEA66A2973-scaled.jpeg","type":"image\/jpeg"}],"twitter_card":"summary_large_image","schema":{"@context":"https:\/\/schema.org","@graph":[{"@type":"WebPage","@id":"https:\/\/antiqua.mx\/producto\/manuel-roland-placer-de-la-musica\/","url":"https:\/\/antiqua.mx\/producto\/manuel-roland-placer-de-la-musica\/","name":"MANUEL ROLAND. PLACER DE LA M\u00daSICA -","isPartOf":{"@id":"https:\/\/antiqua.mx\/en\/#website"},"primaryImageOfPage":{"@id":"https:\/\/antiqua.mx\/producto\/manuel-roland-placer-de-la-musica\/#primaryimage"},"image":{"@id":"https:\/\/antiqua.mx\/producto\/manuel-roland-placer-de-la-musica\/#primaryimage"},"thumbnailUrl":"https:\/\/antiqua.mx\/wp-content\/uploads\/2021\/12\/2540D0AE-4901-4128-8932-C4AEA66A2973-scaled.jpeg","datePublished":"2021-12-15T23:48:36+00:00","dateModified":"2021-12-22T00:36:45+00:00","breadcrumb":{"@id":"https:\/\/antiqua.mx\/producto\/manuel-roland-placer-de-la-musica\/#breadcrumb"},"inLanguage":"en-US","potentialAction":[{"@type":"ReadAction","target":["https:\/\/antiqua.mx\/producto\/manuel-roland-placer-de-la-musica\/"]}]},{"@type":"ImageObject","inLanguage":"en-US","@id":"https:\/\/antiqua.mx\/producto\/manuel-roland-placer-de-la-musica\/#primaryimage","url":"https:\/\/antiqua.mx\/wp-content\/uploads\/2021\/12\/2540D0AE-4901-4128-8932-C4AEA66A2973-scaled.jpeg","contentUrl":"https:\/\/antiqua.mx\/wp-content\/uploads\/2021\/12\/2540D0AE-4901-4128-8932-C4AEA66A2973-scaled.jpeg","width":2560,"height":1920},{"@type":"BreadcrumbList","@id":"https:\/\/antiqua.mx\/producto\/manuel-roland-placer-de-la-musica\/#breadcrumb","itemListElement":[{"@type":"ListItem","position":1,"name":"Portada","item":"https:\/\/antiqua.mx\/en\/"},{"@type":"ListItem","position":2,"name":"Tienda","item":"https:\/\/antiqua.mx\/tienda\/"},{"@type":"ListItem","position":3,"name":"MANUEL ROLAND. PLACER DE LA M\u00daSICA"}]},{"@type":"WebSite","@id":"https:\/\/antiqua.mx\/en\/#website","url":"https:\/\/antiqua.mx\/en\/","name":"","description":"","potentialAction":[{"@type":"SearchAction","target":{"@type":"EntryPoint","urlTemplate":"https:\/\/antiqua.mx\/en\/?s={search_term_string}"},"query-input":{"@type":"PropertyValueSpecification","valueRequired":true,"valueName":"search_term_string"}}],"inLanguage":"en-US"}]}},"jetpack_sharing_enabled":true,"_links":{"self":[{"href":"https:\/\/antiqua.mx\/en\/wp-json\/wp\/v2\/product\/10514","targetHints":{"allow":["GET"]}}],"collection":[{"href":"https:\/\/antiqua.mx\/en\/wp-json\/wp\/v2\/product"}],"about":[{"href":"https:\/\/antiqua.mx\/en\/wp-json\/wp\/v2\/types\/product"}],"replies":[{"embeddable":true,"href":"https:\/\/antiqua.mx\/en\/wp-json\/wp\/v2\/comments?post=10514"}],"wp:featuredmedia":[{"embeddable":true,"href":"https:\/\/antiqua.mx\/en\/wp-json\/wp\/v2\/media\/10789"}],"wp:attachment":[{"href":"https:\/\/antiqua.mx\/en\/wp-json\/wp\/v2\/media?parent=10514"}],"wp:term":[{"taxonomy":"product_brand","embeddable":true,"href":"https:\/\/antiqua.mx\/en\/wp-json\/wp\/v2\/product_brand?post=10514"},{"taxonomy":"product_cat","embeddable":true,"href":"https:\/\/antiqua.mx\/en\/wp-json\/wp\/v2\/product_cat?post=10514"},{"taxonomy":"product_tag","embeddable":true,"href":"https:\/\/antiqua.mx\/en\/wp-json\/wp\/v2\/product_tag?post=10514"}],"curies":[{"name":"wp","href":"https:\/\/api.w.org\/{rel}","templated":true}]}}