{"id":10523,"date":"2021-12-17T00:14:45","date_gmt":"2021-12-17T00:14:45","guid":{"rendered":"https:\/\/antiqua.mx\/?post_type=product&#038;p=10523"},"modified":"2021-12-21T22:40:59","modified_gmt":"2021-12-21T22:40:59","slug":"kahan-salomon-bosquejos-musicales","status":"publish","type":"product","link":"https:\/\/antiqua.mx\/en\/product\/kahan-salomon-bosquejos-musicales","title":{"rendered":"KAHAN SALOM\u00d3N. BOSQUEJOS MUSICALES"},"content":{"rendered":"<p><strong>Kahan Salom\u00f3n<\/strong><\/p>\n<p>Editorial: INDEPENDENCIA<\/p>\n<p>Primera edici\u00f3n<\/p>\n<p>A\u00f1o 1957<\/p>\n<p>R\u00fastico, en buenas condiciones. La parte inferior del empastado, est\u00e1 ligeramente maltratado por clasificaci\u00f3n de biblioteca.<\/p>\n<p>El ejemplar est\u00e1 dedicado por el autor.<\/p>\n<p class=\"p1\">La obra tiene sellos del\u00a0 &#8220;ASPIRANTADO JUAN PONCE DE LE\u00d3N BIBLIOTECA: DR. CARLOS FUENTES GUTI\u00c9RREZ 10 PONIENTE No. 1711, PUEBLA, PUE.&#8221;<\/p>\n<p>387 p\u00e1ginas<\/p>","protected":false},"excerpt":{"rendered":"<ul>\n<li>Editorial: INDEPENDENCIA<\/li>\n<li>Primera edici\u00f3n<\/li>\n<li>A\u00f1o 1957<\/li>\n<li>R\u00fastico, en buenas condiciones. La parte inferior del empastado, est\u00e1 ligeramente maltratado por clasificaci\u00f3n de biblioteca.<\/li>\n<li>El ejemplar est\u00e1 dedicado por el autor.<\/li>\n<li class=\"p1\">La obra tiene sellos del\u00a0 &#8220;ASPIRANTADO JUAN PONCE DE LE\u00d3N BIBLIOTECA: DR. CARLOS FUENTES GUTI\u00c9RREZ 10 PONIENTE No. 1711, PUEBLA, PUE.&#8221;<\/li>\n<li>387 p\u00e1ginas<\/li>\n<\/ul>","protected":false},"featured_media":10723,"comment_status":"open","ping_status":"closed","template":"","meta":{"_joinchat":[]},"product_brand":[],"product_cat":[349,368,367],"product_tag":[2531],"class_list":{"0":"post-10523","1":"product","2":"type-product","3":"status-publish","6":"product_cat-arte","7":"product_cat-histmus","8":"product_cat-musica","9":"product_tag-salomon-kahan","11":"first","12":"instock","13":"featured","14":"taxable","15":"shipping-taxable","16":"purchasable","17":"product-type-simple"},"yoast_head":"<!-- This site is optimized with the Yoast SEO plugin v26.1.1 - https:\/\/yoast.com\/wordpress\/plugins\/seo\/ -->\n<title>KAHAN SALOM\u00d3N. BOSQUEJOS MUSICALES -<\/title>\n<meta name=\"robots\" content=\"index, follow, max-snippet:-1, max-image-preview:large, max-video-preview:-1\" \/>\n<link rel=\"canonical\" href=\"https:\/\/antiqua.mx\/en\/product\/kahan-salomon-bosquejos-musicales\" \/>\n<meta property=\"og:locale\" content=\"en_US\" \/>\n<meta property=\"og:type\" content=\"article\" \/>\n<meta property=\"og:title\" content=\"KAHAN SALOM\u00d3N. BOSQUEJOS MUSICALES -\" \/>\n<meta property=\"og:description\" content=\"Editorial: INDEPENDENCIA  Primera edici\u00f3n  A\u00f1o 1957  R\u00fastico, en buenas condiciones. La parte inferior del empastado, est\u00e1 ligeramente maltratado por clasificaci\u00f3n de biblioteca.  El ejemplar est\u00e1 dedicado por el autor.  La obra tiene sellos del\u00a0 &quot;ASPIRANTADO JUAN PONCE DE LE\u00d3N BIBLIOTECA: DR. CARLOS FUENTES GUTI\u00c9RREZ 10 PONIENTE No. 1711, PUEBLA, PUE.&quot;  387 p\u00e1ginas\" \/>\n<meta property=\"og:url\" content=\"https:\/\/antiqua.mx\/en\/product\/kahan-salomon-bosquejos-musicales\" \/>\n<meta property=\"article:modified_time\" content=\"2021-12-21T22:40:59+00:00\" \/>\n<meta property=\"og:image\" content=\"https:\/\/antiqua.mx\/wp-content\/uploads\/2021\/12\/4A4FA611-376C-4E5C-A200-55804E16D80D-scaled.jpeg\" \/>\n\t<meta property=\"og:image:width\" content=\"1920\" \/>\n\t<meta property=\"og:image:height\" content=\"2560\" \/>\n\t<meta property=\"og:image:type\" content=\"image\/jpeg\" \/>\n<meta name=\"twitter:card\" content=\"summary_large_image\" \/>\n<script type=\"application\/ld+json\" class=\"yoast-schema-graph\">{\"@context\":\"https:\/\/schema.org\",\"@graph\":[{\"@type\":\"WebPage\",\"@id\":\"https:\/\/antiqua.mx\/en\/product\/kahan-salomon-bosquejos-musicales\",\"url\":\"https:\/\/antiqua.mx\/en\/product\/kahan-salomon-bosquejos-musicales\",\"name\":\"KAHAN SALOM\u00d3N. BOSQUEJOS MUSICALES -\",\"isPartOf\":{\"@id\":\"https:\/\/antiqua.mx\/en\/#website\"},\"primaryImageOfPage\":{\"@id\":\"https:\/\/antiqua.mx\/en\/product\/kahan-salomon-bosquejos-musicales#primaryimage\"},\"image\":{\"@id\":\"https:\/\/antiqua.mx\/en\/product\/kahan-salomon-bosquejos-musicales#primaryimage\"},\"thumbnailUrl\":\"https:\/\/antiqua.mx\/wp-content\/uploads\/2021\/12\/4A4FA611-376C-4E5C-A200-55804E16D80D-scaled.jpeg\",\"datePublished\":\"2021-12-17T00:14:45+00:00\",\"dateModified\":\"2021-12-21T22:40:59+00:00\",\"breadcrumb\":{\"@id\":\"https:\/\/antiqua.mx\/en\/product\/kahan-salomon-bosquejos-musicales#breadcrumb\"},\"inLanguage\":\"en-US\",\"potentialAction\":[{\"@type\":\"ReadAction\",\"target\":[\"https:\/\/antiqua.mx\/en\/product\/kahan-salomon-bosquejos-musicales\"]}]},{\"@type\":\"ImageObject\",\"inLanguage\":\"en-US\",\"@id\":\"https:\/\/antiqua.mx\/en\/product\/kahan-salomon-bosquejos-musicales#primaryimage\",\"url\":\"https:\/\/antiqua.mx\/wp-content\/uploads\/2021\/12\/4A4FA611-376C-4E5C-A200-55804E16D80D-scaled.jpeg\",\"contentUrl\":\"https:\/\/antiqua.mx\/wp-content\/uploads\/2021\/12\/4A4FA611-376C-4E5C-A200-55804E16D80D-scaled.jpeg\",\"width\":1920,\"height\":2560},{\"@type\":\"BreadcrumbList\",\"@id\":\"https:\/\/antiqua.mx\/en\/product\/kahan-salomon-bosquejos-musicales#breadcrumb\",\"itemListElement\":[{\"@type\":\"ListItem\",\"position\":1,\"name\":\"Portada\",\"item\":\"https:\/\/antiqua.mx\/en\/\"},{\"@type\":\"ListItem\",\"position\":2,\"name\":\"Tienda\",\"item\":\"https:\/\/antiqua.mx\/en\/tienda\"},{\"@type\":\"ListItem\",\"position\":3,\"name\":\"KAHAN SALOM\u00d3N. BOSQUEJOS MUSICALES\"}]},{\"@type\":\"WebSite\",\"@id\":\"https:\/\/antiqua.mx\/en\/#website\",\"url\":\"https:\/\/antiqua.mx\/en\/\",\"name\":\"\",\"description\":\"\",\"potentialAction\":[{\"@type\":\"SearchAction\",\"target\":{\"@type\":\"EntryPoint\",\"urlTemplate\":\"https:\/\/antiqua.mx\/en\/?s={search_term_string}\"},\"query-input\":{\"@type\":\"PropertyValueSpecification\",\"valueRequired\":true,\"valueName\":\"search_term_string\"}}],\"inLanguage\":\"en-US\"}]}<\/script>\n<!-- \/ Yoast SEO plugin. -->","yoast_head_json":{"title":"KAHAN SALOM\u00d3N. BOSQUEJOS MUSICALES -","robots":{"index":"index","follow":"follow","max-snippet":"max-snippet:-1","max-image-preview":"max-image-preview:large","max-video-preview":"max-video-preview:-1"},"canonical":"https:\/\/antiqua.mx\/en\/product\/kahan-salomon-bosquejos-musicales","og_locale":"en_US","og_type":"article","og_title":"KAHAN SALOM\u00d3N. BOSQUEJOS MUSICALES -","og_description":"Editorial: INDEPENDENCIA  Primera edici\u00f3n  A\u00f1o 1957  R\u00fastico, en buenas condiciones. La parte inferior del empastado, est\u00e1 ligeramente maltratado por clasificaci\u00f3n de biblioteca.  El ejemplar est\u00e1 dedicado por el autor.  La obra tiene sellos del\u00a0 \"ASPIRANTADO JUAN PONCE DE LE\u00d3N BIBLIOTECA: DR. CARLOS FUENTES GUTI\u00c9RREZ 10 PONIENTE No. 1711, PUEBLA, PUE.\"  387 p\u00e1ginas","og_url":"https:\/\/antiqua.mx\/en\/product\/kahan-salomon-bosquejos-musicales","article_modified_time":"2021-12-21T22:40:59+00:00","og_image":[{"width":1920,"height":2560,"url":"https:\/\/antiqua.mx\/wp-content\/uploads\/2021\/12\/4A4FA611-376C-4E5C-A200-55804E16D80D-scaled.jpeg","type":"image\/jpeg"}],"twitter_card":"summary_large_image","schema":{"@context":"https:\/\/schema.org","@graph":[{"@type":"WebPage","@id":"https:\/\/antiqua.mx\/en\/product\/kahan-salomon-bosquejos-musicales","url":"https:\/\/antiqua.mx\/en\/product\/kahan-salomon-bosquejos-musicales","name":"KAHAN SALOM\u00d3N. BOSQUEJOS MUSICALES -","isPartOf":{"@id":"https:\/\/antiqua.mx\/en\/#website"},"primaryImageOfPage":{"@id":"https:\/\/antiqua.mx\/en\/product\/kahan-salomon-bosquejos-musicales#primaryimage"},"image":{"@id":"https:\/\/antiqua.mx\/en\/product\/kahan-salomon-bosquejos-musicales#primaryimage"},"thumbnailUrl":"https:\/\/antiqua.mx\/wp-content\/uploads\/2021\/12\/4A4FA611-376C-4E5C-A200-55804E16D80D-scaled.jpeg","datePublished":"2021-12-17T00:14:45+00:00","dateModified":"2021-12-21T22:40:59+00:00","breadcrumb":{"@id":"https:\/\/antiqua.mx\/en\/product\/kahan-salomon-bosquejos-musicales#breadcrumb"},"inLanguage":"en-US","potentialAction":[{"@type":"ReadAction","target":["https:\/\/antiqua.mx\/en\/product\/kahan-salomon-bosquejos-musicales"]}]},{"@type":"ImageObject","inLanguage":"en-US","@id":"https:\/\/antiqua.mx\/en\/product\/kahan-salomon-bosquejos-musicales#primaryimage","url":"https:\/\/antiqua.mx\/wp-content\/uploads\/2021\/12\/4A4FA611-376C-4E5C-A200-55804E16D80D-scaled.jpeg","contentUrl":"https:\/\/antiqua.mx\/wp-content\/uploads\/2021\/12\/4A4FA611-376C-4E5C-A200-55804E16D80D-scaled.jpeg","width":1920,"height":2560},{"@type":"BreadcrumbList","@id":"https:\/\/antiqua.mx\/en\/product\/kahan-salomon-bosquejos-musicales#breadcrumb","itemListElement":[{"@type":"ListItem","position":1,"name":"Portada","item":"https:\/\/antiqua.mx\/en\/"},{"@type":"ListItem","position":2,"name":"Tienda","item":"https:\/\/antiqua.mx\/en\/tienda"},{"@type":"ListItem","position":3,"name":"KAHAN SALOM\u00d3N. BOSQUEJOS MUSICALES"}]},{"@type":"WebSite","@id":"https:\/\/antiqua.mx\/en\/#website","url":"https:\/\/antiqua.mx\/en\/","name":"","description":"","potentialAction":[{"@type":"SearchAction","target":{"@type":"EntryPoint","urlTemplate":"https:\/\/antiqua.mx\/en\/?s={search_term_string}"},"query-input":{"@type":"PropertyValueSpecification","valueRequired":true,"valueName":"search_term_string"}}],"inLanguage":"en-US"}]}},"jetpack_sharing_enabled":true,"_links":{"self":[{"href":"https:\/\/antiqua.mx\/en\/wp-json\/wp\/v2\/product\/10523","targetHints":{"allow":["GET"]}}],"collection":[{"href":"https:\/\/antiqua.mx\/en\/wp-json\/wp\/v2\/product"}],"about":[{"href":"https:\/\/antiqua.mx\/en\/wp-json\/wp\/v2\/types\/product"}],"replies":[{"embeddable":true,"href":"https:\/\/antiqua.mx\/en\/wp-json\/wp\/v2\/comments?post=10523"}],"wp:featuredmedia":[{"embeddable":true,"href":"https:\/\/antiqua.mx\/en\/wp-json\/wp\/v2\/media\/10723"}],"wp:attachment":[{"href":"https:\/\/antiqua.mx\/en\/wp-json\/wp\/v2\/media?parent=10523"}],"wp:term":[{"taxonomy":"product_brand","embeddable":true,"href":"https:\/\/antiqua.mx\/en\/wp-json\/wp\/v2\/product_brand?post=10523"},{"taxonomy":"product_cat","embeddable":true,"href":"https:\/\/antiqua.mx\/en\/wp-json\/wp\/v2\/product_cat?post=10523"},{"taxonomy":"product_tag","embeddable":true,"href":"https:\/\/antiqua.mx\/en\/wp-json\/wp\/v2\/product_tag?post=10523"}],"curies":[{"name":"wp","href":"https:\/\/api.w.org\/{rel}","templated":true}]}}