{"id":10822,"date":"2021-12-30T00:22:49","date_gmt":"2021-12-30T00:22:49","guid":{"rendered":"https:\/\/antiqua.mx\/?post_type=product&#038;p=10822"},"modified":"2025-02-25T23:21:46","modified_gmt":"2025-02-25T23:21:46","slug":"leon-portilla-miguel-cantares-mexicanos","status":"publish","type":"product","link":"https:\/\/antiqua.mx\/en\/product\/leon-portilla-miguel-cantares-mexicanos","title":{"rendered":"LE\u00d3N-PORTILLA MIGUEL. CANTARES MEXICANOS"},"content":{"rendered":"<p><strong>Le\u00f3n-Portilla Miguel\u00a0<\/strong><\/p>\n<p>Editorial: Universidad Nacional Aut\u00f3noma de M\u00e9xico \/ Instituto de Investigaciones Bibliogr\u00e1ficas<\/p>\n<p>Primera edici\u00f3n<\/p>\n<p>A\u00f1o 1994<\/p>\n<p>Empastado, en muy buenas condiciones.<\/p>\n<p>Edici\u00f3n facsimilar.<\/p>\n<p>Impreso en M\u00e9xico.<\/p>\n<p>259 p\u00e1ginas<\/p>","protected":false},"excerpt":{"rendered":"<ul>\n<li>Editorial: Universidad Nacional Aut\u00f3noma de M\u00e9xico \/ Instituto de Investigaciones Bibliogr\u00e1ficas<\/li>\n<li>Primera edici\u00f3n<\/li>\n<li>A\u00f1o 1994<\/li>\n<li>Empastado, en muy buenas condiciones.<\/li>\n<li>Edici\u00f3n facsimilar.<\/li>\n<li>Impreso en M\u00e9xico.<\/li>\n<li>259 p\u00e1ginas<\/li>\n<\/ul>","protected":false},"featured_media":10958,"comment_status":"open","ping_status":"closed","template":"","meta":{"_joinchat":[]},"product_brand":[],"product_cat":[375,376,377],"product_tag":[475,834],"class_list":{"0":"post-10822","1":"product","2":"type-product","3":"status-publish","6":"product_cat-mex","7":"product_cat-mexpre","8":"product_cat-nuevaesp","9":"product_tag-miguel-leon-portilla","10":"product_tag-poesia-nahuatl","12":"first","13":"instock","14":"featured","15":"taxable","16":"shipping-taxable","17":"purchasable","18":"product-type-simple"},"yoast_head":"<!-- This site is optimized with the Yoast SEO plugin v26.1.1 - https:\/\/yoast.com\/wordpress\/plugins\/seo\/ -->\n<title>LE\u00d3N-PORTILLA MIGUEL. CANTARES MEXICANOS -<\/title>\n<meta name=\"robots\" content=\"index, follow, max-snippet:-1, max-image-preview:large, max-video-preview:-1\" \/>\n<link rel=\"canonical\" href=\"https:\/\/antiqua.mx\/en\/product\/leon-portilla-miguel-cantares-mexicanos\/\" \/>\n<meta property=\"og:locale\" content=\"en_US\" \/>\n<meta property=\"og:type\" content=\"article\" \/>\n<meta property=\"og:title\" content=\"LE\u00d3N-PORTILLA MIGUEL. CANTARES MEXICANOS -\" \/>\n<meta property=\"og:description\" content=\"Editorial: Universidad Nacional Aut\u00f3noma de M\u00e9xico \/ Instituto de Investigaciones Bibliogr\u00e1ficas  Primera edici\u00f3n  A\u00f1o 1994  Empastado, en muy buenas condiciones.  Edici\u00f3n facsimilar.  Impreso en M\u00e9xico.  259 p\u00e1ginas\" \/>\n<meta property=\"og:url\" content=\"https:\/\/antiqua.mx\/en\/product\/leon-portilla-miguel-cantares-mexicanos\/\" \/>\n<meta property=\"article:modified_time\" content=\"2025-02-25T23:21:46+00:00\" \/>\n<meta property=\"og:image\" content=\"https:\/\/antiqua.mx\/wp-content\/uploads\/2021\/12\/C121206F-7442-4509-9642-B2A2C39BDEF2-scaled.jpeg\" \/>\n\t<meta property=\"og:image:width\" content=\"1920\" \/>\n\t<meta property=\"og:image:height\" content=\"2560\" \/>\n\t<meta property=\"og:image:type\" content=\"image\/jpeg\" \/>\n<meta name=\"twitter:card\" content=\"summary_large_image\" \/>\n<script type=\"application\/ld+json\" class=\"yoast-schema-graph\">{\"@context\":\"https:\/\/schema.org\",\"@graph\":[{\"@type\":\"WebPage\",\"@id\":\"https:\/\/antiqua.mx\/producto\/leon-portilla-miguel-cantares-mexicanos\",\"url\":\"https:\/\/antiqua.mx\/producto\/leon-portilla-miguel-cantares-mexicanos\",\"name\":\"LE\u00d3N-PORTILLA MIGUEL. CANTARES MEXICANOS -\",\"isPartOf\":{\"@id\":\"https:\/\/antiqua.mx\/en\/#website\"},\"primaryImageOfPage\":{\"@id\":\"https:\/\/antiqua.mx\/producto\/leon-portilla-miguel-cantares-mexicanos#primaryimage\"},\"image\":{\"@id\":\"https:\/\/antiqua.mx\/producto\/leon-portilla-miguel-cantares-mexicanos#primaryimage\"},\"thumbnailUrl\":\"https:\/\/antiqua.mx\/wp-content\/uploads\/2021\/12\/C121206F-7442-4509-9642-B2A2C39BDEF2-scaled.jpeg\",\"datePublished\":\"2021-12-30T00:22:49+00:00\",\"dateModified\":\"2025-02-25T23:21:46+00:00\",\"breadcrumb\":{\"@id\":\"https:\/\/antiqua.mx\/producto\/leon-portilla-miguel-cantares-mexicanos#breadcrumb\"},\"inLanguage\":\"en-US\",\"potentialAction\":[{\"@type\":\"ReadAction\",\"target\":[\"https:\/\/antiqua.mx\/producto\/leon-portilla-miguel-cantares-mexicanos\"]}]},{\"@type\":\"ImageObject\",\"inLanguage\":\"en-US\",\"@id\":\"https:\/\/antiqua.mx\/producto\/leon-portilla-miguel-cantares-mexicanos#primaryimage\",\"url\":\"https:\/\/antiqua.mx\/wp-content\/uploads\/2021\/12\/C121206F-7442-4509-9642-B2A2C39BDEF2-scaled.jpeg\",\"contentUrl\":\"https:\/\/antiqua.mx\/wp-content\/uploads\/2021\/12\/C121206F-7442-4509-9642-B2A2C39BDEF2-scaled.jpeg\",\"width\":1920,\"height\":2560},{\"@type\":\"BreadcrumbList\",\"@id\":\"https:\/\/antiqua.mx\/producto\/leon-portilla-miguel-cantares-mexicanos#breadcrumb\",\"itemListElement\":[{\"@type\":\"ListItem\",\"position\":1,\"name\":\"Portada\",\"item\":\"https:\/\/antiqua.mx\/en\/\"},{\"@type\":\"ListItem\",\"position\":2,\"name\":\"Tienda\",\"item\":\"https:\/\/antiqua.mx\/en\/tienda\"},{\"@type\":\"ListItem\",\"position\":3,\"name\":\"LE\u00d3N-PORTILLA MIGUEL. CANTARES MEXICANOS\"}]},{\"@type\":\"WebSite\",\"@id\":\"https:\/\/antiqua.mx\/en\/#website\",\"url\":\"https:\/\/antiqua.mx\/en\/\",\"name\":\"\",\"description\":\"\",\"potentialAction\":[{\"@type\":\"SearchAction\",\"target\":{\"@type\":\"EntryPoint\",\"urlTemplate\":\"https:\/\/antiqua.mx\/en\/?s={search_term_string}\"},\"query-input\":{\"@type\":\"PropertyValueSpecification\",\"valueRequired\":true,\"valueName\":\"search_term_string\"}}],\"inLanguage\":\"en-US\"}]}<\/script>\n<!-- \/ Yoast SEO plugin. -->","yoast_head_json":{"title":"LE\u00d3N-PORTILLA MIGUEL. CANTARES MEXICANOS -","robots":{"index":"index","follow":"follow","max-snippet":"max-snippet:-1","max-image-preview":"max-image-preview:large","max-video-preview":"max-video-preview:-1"},"canonical":"https:\/\/antiqua.mx\/en\/product\/leon-portilla-miguel-cantares-mexicanos\/","og_locale":"en_US","og_type":"article","og_title":"LE\u00d3N-PORTILLA MIGUEL. CANTARES MEXICANOS -","og_description":"Editorial: Universidad Nacional Aut\u00f3noma de M\u00e9xico \/ Instituto de Investigaciones Bibliogr\u00e1ficas  Primera edici\u00f3n  A\u00f1o 1994  Empastado, en muy buenas condiciones.  Edici\u00f3n facsimilar.  Impreso en M\u00e9xico.  259 p\u00e1ginas","og_url":"https:\/\/antiqua.mx\/en\/product\/leon-portilla-miguel-cantares-mexicanos\/","article_modified_time":"2025-02-25T23:21:46+00:00","og_image":[{"width":1920,"height":2560,"url":"https:\/\/antiqua.mx\/wp-content\/uploads\/2021\/12\/C121206F-7442-4509-9642-B2A2C39BDEF2-scaled.jpeg","type":"image\/jpeg"}],"twitter_card":"summary_large_image","schema":{"@context":"https:\/\/schema.org","@graph":[{"@type":"WebPage","@id":"https:\/\/antiqua.mx\/producto\/leon-portilla-miguel-cantares-mexicanos","url":"https:\/\/antiqua.mx\/producto\/leon-portilla-miguel-cantares-mexicanos","name":"LE\u00d3N-PORTILLA MIGUEL. CANTARES MEXICANOS -","isPartOf":{"@id":"https:\/\/antiqua.mx\/en\/#website"},"primaryImageOfPage":{"@id":"https:\/\/antiqua.mx\/producto\/leon-portilla-miguel-cantares-mexicanos#primaryimage"},"image":{"@id":"https:\/\/antiqua.mx\/producto\/leon-portilla-miguel-cantares-mexicanos#primaryimage"},"thumbnailUrl":"https:\/\/antiqua.mx\/wp-content\/uploads\/2021\/12\/C121206F-7442-4509-9642-B2A2C39BDEF2-scaled.jpeg","datePublished":"2021-12-30T00:22:49+00:00","dateModified":"2025-02-25T23:21:46+00:00","breadcrumb":{"@id":"https:\/\/antiqua.mx\/producto\/leon-portilla-miguel-cantares-mexicanos#breadcrumb"},"inLanguage":"en-US","potentialAction":[{"@type":"ReadAction","target":["https:\/\/antiqua.mx\/producto\/leon-portilla-miguel-cantares-mexicanos"]}]},{"@type":"ImageObject","inLanguage":"en-US","@id":"https:\/\/antiqua.mx\/producto\/leon-portilla-miguel-cantares-mexicanos#primaryimage","url":"https:\/\/antiqua.mx\/wp-content\/uploads\/2021\/12\/C121206F-7442-4509-9642-B2A2C39BDEF2-scaled.jpeg","contentUrl":"https:\/\/antiqua.mx\/wp-content\/uploads\/2021\/12\/C121206F-7442-4509-9642-B2A2C39BDEF2-scaled.jpeg","width":1920,"height":2560},{"@type":"BreadcrumbList","@id":"https:\/\/antiqua.mx\/producto\/leon-portilla-miguel-cantares-mexicanos#breadcrumb","itemListElement":[{"@type":"ListItem","position":1,"name":"Portada","item":"https:\/\/antiqua.mx\/en\/"},{"@type":"ListItem","position":2,"name":"Tienda","item":"https:\/\/antiqua.mx\/en\/tienda"},{"@type":"ListItem","position":3,"name":"LE\u00d3N-PORTILLA MIGUEL. CANTARES MEXICANOS"}]},{"@type":"WebSite","@id":"https:\/\/antiqua.mx\/en\/#website","url":"https:\/\/antiqua.mx\/en\/","name":"","description":"","potentialAction":[{"@type":"SearchAction","target":{"@type":"EntryPoint","urlTemplate":"https:\/\/antiqua.mx\/en\/?s={search_term_string}"},"query-input":{"@type":"PropertyValueSpecification","valueRequired":true,"valueName":"search_term_string"}}],"inLanguage":"en-US"}]}},"jetpack_sharing_enabled":true,"_links":{"self":[{"href":"https:\/\/antiqua.mx\/en\/wp-json\/wp\/v2\/product\/10822","targetHints":{"allow":["GET"]}}],"collection":[{"href":"https:\/\/antiqua.mx\/en\/wp-json\/wp\/v2\/product"}],"about":[{"href":"https:\/\/antiqua.mx\/en\/wp-json\/wp\/v2\/types\/product"}],"replies":[{"embeddable":true,"href":"https:\/\/antiqua.mx\/en\/wp-json\/wp\/v2\/comments?post=10822"}],"wp:featuredmedia":[{"embeddable":true,"href":"https:\/\/antiqua.mx\/en\/wp-json\/wp\/v2\/media\/10958"}],"wp:attachment":[{"href":"https:\/\/antiqua.mx\/en\/wp-json\/wp\/v2\/media?parent=10822"}],"wp:term":[{"taxonomy":"product_brand","embeddable":true,"href":"https:\/\/antiqua.mx\/en\/wp-json\/wp\/v2\/product_brand?post=10822"},{"taxonomy":"product_cat","embeddable":true,"href":"https:\/\/antiqua.mx\/en\/wp-json\/wp\/v2\/product_cat?post=10822"},{"taxonomy":"product_tag","embeddable":true,"href":"https:\/\/antiqua.mx\/en\/wp-json\/wp\/v2\/product_tag?post=10822"}],"curies":[{"name":"wp","href":"https:\/\/api.w.org\/{rel}","templated":true}]}}