{"id":11007,"date":"2022-01-15T00:57:05","date_gmt":"2022-01-15T00:57:05","guid":{"rendered":"https:\/\/antiqua.mx\/?post_type=product&#038;p=11007"},"modified":"2026-03-20T23:57:39","modified_gmt":"2026-03-20T23:57:39","slug":"king-francis-magia","status":"publish","type":"product","link":"https:\/\/antiqua.mx\/en\/product\/king-francis-magia\/","title":{"rendered":"KING FRANCIS. MAGIA"},"content":{"rendered":"<p><strong>King Francis<\/strong><\/p>\n<p>Editorial: DEBATE<\/p>\n<p>Primera edici\u00f3n<\/p>\n<p>A\u00f1o 1988<\/p>\n<p>Empastado con camisa, en buenas condiciones. El ejemplar est\u00e1 ilustrado.<\/p>\n<p>Versi\u00f3n castellana de Juan Manuel Ibeas.<\/p>\n<p>Impreso en Espa\u00f1a.<\/p>\n<p>127 p\u00e1ginas<\/p>","protected":false},"excerpt":{"rendered":"<ul>\n<li>Editorial: DEBATE<\/li>\n<li>Primera edici\u00f3n<\/li>\n<li>A\u00f1o 1988<\/li>\n<li>Empastado con camisa, en buenas condiciones.<\/li>\n<li>El ejemplar est\u00e1 ilustrado.<\/li>\n<li>Versi\u00f3n castellana de Juan Manuel Ibeas.<\/li>\n<li>Impreso en Espa\u00f1a.<\/li>\n<li>127 p\u00e1ginas<\/li>\n<\/ul>","protected":false},"featured_media":25883,"comment_status":"open","ping_status":"closed","template":"","meta":{"_joinchat":[]},"product_brand":[],"product_cat":[466,467],"product_tag":[2611,2612],"class_list":{"0":"post-11007","1":"product","2":"type-product","3":"status-publish","6":"product_cat-esoterismo","7":"product_cat-magia","8":"product_tag-francis-king","9":"product_tag-grimorios","11":"first","12":"instock","13":"featured","14":"taxable","15":"shipping-taxable","16":"purchasable","17":"product-type-simple"},"yoast_head":"<!-- This site is optimized with the Yoast SEO plugin v26.1.1 - https:\/\/yoast.com\/wordpress\/plugins\/seo\/ -->\n<title>KING FRANCIS. MAGIA -<\/title>\n<meta name=\"robots\" content=\"index, follow, max-snippet:-1, max-image-preview:large, max-video-preview:-1\" \/>\n<link rel=\"canonical\" href=\"https:\/\/antiqua.mx\/en\/product\/king-francis-magia\/\" \/>\n<meta property=\"og:locale\" content=\"en_US\" \/>\n<meta property=\"og:type\" content=\"article\" \/>\n<meta property=\"og:title\" content=\"KING FRANCIS. MAGIA -\" \/>\n<meta property=\"og:description\" content=\"Editorial: DEBATE  Primera edici\u00f3n  A\u00f1o 1988  Empastado con camisa, en buenas condiciones.  El ejemplar est\u00e1 ilustrado.  Versi\u00f3n castellana de Juan Manuel Ibeas.  Impreso en Espa\u00f1a.  127 p\u00e1ginas\" \/>\n<meta property=\"og:url\" content=\"https:\/\/antiqua.mx\/en\/product\/king-francis-magia\/\" \/>\n<meta property=\"article:modified_time\" content=\"2026-03-20T23:57:39+00:00\" \/>\n<meta property=\"og:image\" content=\"https:\/\/antiqua.mx\/wp-content\/uploads\/2022\/01\/KING-FRANCIS.-MAGIA.jpeg\" \/>\n\t<meta property=\"og:image:width\" content=\"1920\" \/>\n\t<meta property=\"og:image:height\" content=\"2560\" \/>\n\t<meta property=\"og:image:type\" content=\"image\/jpeg\" \/>\n<meta name=\"twitter:card\" content=\"summary_large_image\" \/>\n<meta name=\"twitter:label1\" content=\"Est. reading time\" \/>\n\t<meta name=\"twitter:data1\" content=\"1 minute\" \/>\n<script type=\"application\/ld+json\" class=\"yoast-schema-graph\">{\"@context\":\"https:\/\/schema.org\",\"@graph\":[{\"@type\":\"WebPage\",\"@id\":\"https:\/\/antiqua.mx\/en\/product\/king-francis-magia\/\",\"url\":\"https:\/\/antiqua.mx\/en\/product\/king-francis-magia\/\",\"name\":\"KING FRANCIS. MAGIA -\",\"isPartOf\":{\"@id\":\"https:\/\/antiqua.mx\/en\/#website\"},\"primaryImageOfPage\":{\"@id\":\"https:\/\/antiqua.mx\/en\/product\/king-francis-magia\/#primaryimage\"},\"image\":{\"@id\":\"https:\/\/antiqua.mx\/en\/product\/king-francis-magia\/#primaryimage\"},\"thumbnailUrl\":\"https:\/\/antiqua.mx\/wp-content\/uploads\/2022\/01\/KING-FRANCIS.-MAGIA.jpeg\",\"datePublished\":\"2022-01-15T00:57:05+00:00\",\"dateModified\":\"2026-03-20T23:57:39+00:00\",\"breadcrumb\":{\"@id\":\"https:\/\/antiqua.mx\/en\/product\/king-francis-magia\/#breadcrumb\"},\"inLanguage\":\"en-US\",\"potentialAction\":[{\"@type\":\"ReadAction\",\"target\":[\"https:\/\/antiqua.mx\/en\/product\/king-francis-magia\/\"]}]},{\"@type\":\"ImageObject\",\"inLanguage\":\"en-US\",\"@id\":\"https:\/\/antiqua.mx\/en\/product\/king-francis-magia\/#primaryimage\",\"url\":\"https:\/\/antiqua.mx\/wp-content\/uploads\/2022\/01\/KING-FRANCIS.-MAGIA.jpeg\",\"contentUrl\":\"https:\/\/antiqua.mx\/wp-content\/uploads\/2022\/01\/KING-FRANCIS.-MAGIA.jpeg\",\"width\":1920,\"height\":2560},{\"@type\":\"BreadcrumbList\",\"@id\":\"https:\/\/antiqua.mx\/en\/product\/king-francis-magia\/#breadcrumb\",\"itemListElement\":[{\"@type\":\"ListItem\",\"position\":1,\"name\":\"Portada\",\"item\":\"https:\/\/antiqua.mx\/en\/\"},{\"@type\":\"ListItem\",\"position\":2,\"name\":\"Tienda\",\"item\":\"https:\/\/antiqua.mx\/tienda\/\"},{\"@type\":\"ListItem\",\"position\":3,\"name\":\"KING FRANCIS. MAGIA\"}]},{\"@type\":\"WebSite\",\"@id\":\"https:\/\/antiqua.mx\/en\/#website\",\"url\":\"https:\/\/antiqua.mx\/en\/\",\"name\":\"\",\"description\":\"\",\"potentialAction\":[{\"@type\":\"SearchAction\",\"target\":{\"@type\":\"EntryPoint\",\"urlTemplate\":\"https:\/\/antiqua.mx\/en\/?s={search_term_string}\"},\"query-input\":{\"@type\":\"PropertyValueSpecification\",\"valueRequired\":true,\"valueName\":\"search_term_string\"}}],\"inLanguage\":\"en-US\"}]}<\/script>\n<!-- \/ Yoast SEO plugin. -->","yoast_head_json":{"title":"KING FRANCIS. MAGIA -","robots":{"index":"index","follow":"follow","max-snippet":"max-snippet:-1","max-image-preview":"max-image-preview:large","max-video-preview":"max-video-preview:-1"},"canonical":"https:\/\/antiqua.mx\/en\/product\/king-francis-magia\/","og_locale":"en_US","og_type":"article","og_title":"KING FRANCIS. MAGIA -","og_description":"Editorial: DEBATE  Primera edici\u00f3n  A\u00f1o 1988  Empastado con camisa, en buenas condiciones.  El ejemplar est\u00e1 ilustrado.  Versi\u00f3n castellana de Juan Manuel Ibeas.  Impreso en Espa\u00f1a.  127 p\u00e1ginas","og_url":"https:\/\/antiqua.mx\/en\/product\/king-francis-magia\/","article_modified_time":"2026-03-20T23:57:39+00:00","og_image":[{"width":1920,"height":2560,"url":"https:\/\/antiqua.mx\/wp-content\/uploads\/2022\/01\/KING-FRANCIS.-MAGIA.jpeg","type":"image\/jpeg"}],"twitter_card":"summary_large_image","twitter_misc":{"Est. reading time":"1 minute"},"schema":{"@context":"https:\/\/schema.org","@graph":[{"@type":"WebPage","@id":"https:\/\/antiqua.mx\/en\/product\/king-francis-magia\/","url":"https:\/\/antiqua.mx\/en\/product\/king-francis-magia\/","name":"KING FRANCIS. MAGIA -","isPartOf":{"@id":"https:\/\/antiqua.mx\/en\/#website"},"primaryImageOfPage":{"@id":"https:\/\/antiqua.mx\/en\/product\/king-francis-magia\/#primaryimage"},"image":{"@id":"https:\/\/antiqua.mx\/en\/product\/king-francis-magia\/#primaryimage"},"thumbnailUrl":"https:\/\/antiqua.mx\/wp-content\/uploads\/2022\/01\/KING-FRANCIS.-MAGIA.jpeg","datePublished":"2022-01-15T00:57:05+00:00","dateModified":"2026-03-20T23:57:39+00:00","breadcrumb":{"@id":"https:\/\/antiqua.mx\/en\/product\/king-francis-magia\/#breadcrumb"},"inLanguage":"en-US","potentialAction":[{"@type":"ReadAction","target":["https:\/\/antiqua.mx\/en\/product\/king-francis-magia\/"]}]},{"@type":"ImageObject","inLanguage":"en-US","@id":"https:\/\/antiqua.mx\/en\/product\/king-francis-magia\/#primaryimage","url":"https:\/\/antiqua.mx\/wp-content\/uploads\/2022\/01\/KING-FRANCIS.-MAGIA.jpeg","contentUrl":"https:\/\/antiqua.mx\/wp-content\/uploads\/2022\/01\/KING-FRANCIS.-MAGIA.jpeg","width":1920,"height":2560},{"@type":"BreadcrumbList","@id":"https:\/\/antiqua.mx\/en\/product\/king-francis-magia\/#breadcrumb","itemListElement":[{"@type":"ListItem","position":1,"name":"Portada","item":"https:\/\/antiqua.mx\/en\/"},{"@type":"ListItem","position":2,"name":"Tienda","item":"https:\/\/antiqua.mx\/tienda\/"},{"@type":"ListItem","position":3,"name":"KING FRANCIS. MAGIA"}]},{"@type":"WebSite","@id":"https:\/\/antiqua.mx\/en\/#website","url":"https:\/\/antiqua.mx\/en\/","name":"","description":"","potentialAction":[{"@type":"SearchAction","target":{"@type":"EntryPoint","urlTemplate":"https:\/\/antiqua.mx\/en\/?s={search_term_string}"},"query-input":{"@type":"PropertyValueSpecification","valueRequired":true,"valueName":"search_term_string"}}],"inLanguage":"en-US"}]}},"jetpack_sharing_enabled":true,"_links":{"self":[{"href":"https:\/\/antiqua.mx\/en\/wp-json\/wp\/v2\/product\/11007","targetHints":{"allow":["GET"]}}],"collection":[{"href":"https:\/\/antiqua.mx\/en\/wp-json\/wp\/v2\/product"}],"about":[{"href":"https:\/\/antiqua.mx\/en\/wp-json\/wp\/v2\/types\/product"}],"replies":[{"embeddable":true,"href":"https:\/\/antiqua.mx\/en\/wp-json\/wp\/v2\/comments?post=11007"}],"wp:featuredmedia":[{"embeddable":true,"href":"https:\/\/antiqua.mx\/en\/wp-json\/wp\/v2\/media\/25883"}],"wp:attachment":[{"href":"https:\/\/antiqua.mx\/en\/wp-json\/wp\/v2\/media?parent=11007"}],"wp:term":[{"taxonomy":"product_brand","embeddable":true,"href":"https:\/\/antiqua.mx\/en\/wp-json\/wp\/v2\/product_brand?post=11007"},{"taxonomy":"product_cat","embeddable":true,"href":"https:\/\/antiqua.mx\/en\/wp-json\/wp\/v2\/product_cat?post=11007"},{"taxonomy":"product_tag","embeddable":true,"href":"https:\/\/antiqua.mx\/en\/wp-json\/wp\/v2\/product_tag?post=11007"}],"curies":[{"name":"wp","href":"https:\/\/api.w.org\/{rel}","templated":true}]}}