{"id":11026,"date":"2022-01-16T00:59:21","date_gmt":"2022-01-16T00:59:21","guid":{"rendered":"https:\/\/antiqua.mx\/?post_type=product&#038;p=11026"},"modified":"2025-04-07T21:38:16","modified_gmt":"2025-04-07T21:38:16","slug":"omnibus-de-poesia-mexicana-siglos-xiv-a-xx-indigena-popular-novohispana-romantica-modernista-contemporanea","status":"publish","type":"product","link":"https:\/\/antiqua.mx\/en\/product\/omnibus-de-poesia-mexicana-siglos-xiv-a-xx-indigena-popular-novohispana-romantica-modernista-contemporanea","title":{"rendered":"\u00d3MNIBUS DE POES\u00cdA MEXICANA. SIGLOS XIV A XX: IND\u00cdGENA, POPULAR, NOVOHISPANA, ROM\u00c1NTICA, MODERNISTA, CONTEMPOR\u00c1NEA"},"content":{"rendered":"<p>Editorial: siglo veintiuno editores<\/p>\n<p>Tercera edici\u00f3n<\/p>\n<p>A\u00f1o 1973<\/p>\n<p>R\u00fastico, en buenas condiciones. El empastado est\u00e1 maltratado.<\/p>\n<p>Presentaci\u00f3n, compilaci\u00f3n y notas de Gabriel Zaid.<\/p>\n<p>Impreso en M\u00e9xico.<\/p>\n<p>693 p\u00e1ginas<\/p>","protected":false},"excerpt":{"rendered":"<ul>\n<li>Editorial: siglo veintiuno editores<\/li>\n<li>Tercera edici\u00f3n<\/li>\n<li>A\u00f1o 1973<\/li>\n<li>R\u00fastico, en buenas condiciones. El empastado est\u00e1 maltratado.<\/li>\n<li>Presentaci\u00f3n, compilaci\u00f3n y notas de Gabriel Zaid.<\/li>\n<li>Impreso en M\u00e9xico.<\/li>\n<li>693 p\u00e1ginas<\/li>\n<\/ul>","protected":false},"featured_media":11266,"comment_status":"open","ping_status":"closed","template":"","meta":{"_joinchat":[]},"product_brand":[],"product_cat":[335,375,340],"product_tag":[2676,891,2675,6246,865,1824,1209,1203,1352,1411,2673,2671,2672,2674],"class_list":{"0":"post-11026","1":"product","2":"type-product","3":"status-publish","6":"product_cat-literatura","7":"product_cat-mex","8":"product_cat-poesia","9":"product_tag-canciones","10":"product_tag-gabriel-zaid","11":"product_tag-himnos","12":"product_tag-mexico-en-el-siglo-xiv","13":"product_tag-mexico-en-el-siglo-xix","14":"product_tag-mexico-en-el-siglo-xv","15":"product_tag-mexico-en-el-siglo-xvi","16":"product_tag-mexico-en-el-siglo-xvii","17":"product_tag-mexico-en-el-siglo-xviii","18":"product_tag-mexico-en-el-siglo-xx","19":"product_tag-poesia-burlesca","20":"product_tag-poesia-indigena","21":"product_tag-poesia-popular","22":"product_tag-refranes","24":"first","25":"instock","26":"featured","27":"taxable","28":"shipping-taxable","29":"purchasable","30":"product-type-simple"},"yoast_head":"<!-- This site is optimized with the Yoast SEO plugin v26.1.1 - https:\/\/yoast.com\/wordpress\/plugins\/seo\/ -->\n<title>\u00d3MNIBUS DE POES\u00cdA MEXICANA. SIGLOS XIV A XX: IND\u00cdGENA, POPULAR, NOVOHISPANA, ROM\u00c1NTICA, MODERNISTA, CONTEMPOR\u00c1NEA -<\/title>\n<meta name=\"robots\" content=\"index, follow, max-snippet:-1, max-image-preview:large, max-video-preview:-1\" \/>\n<link rel=\"canonical\" href=\"https:\/\/antiqua.mx\/en\/product\/omnibus-de-poesia-mexicana-siglos-xiv-a-xx-indigena-popular-novohispana-romantica-modernista-contemporanea\" \/>\n<meta property=\"og:locale\" content=\"en_US\" \/>\n<meta property=\"og:type\" content=\"article\" \/>\n<meta property=\"og:title\" content=\"\u00d3MNIBUS DE POES\u00cdA MEXICANA. SIGLOS XIV A XX: IND\u00cdGENA, POPULAR, NOVOHISPANA, ROM\u00c1NTICA, MODERNISTA, CONTEMPOR\u00c1NEA -\" \/>\n<meta property=\"og:description\" content=\"Editorial: siglo veintiuno editores  Tercera edici\u00f3n  A\u00f1o 1973  R\u00fastico, en buenas condiciones. El empastado est\u00e1 maltratado.  Presentaci\u00f3n, compilaci\u00f3n y notas de Gabriel Zaid.  Impreso en M\u00e9xico.  693 p\u00e1ginas\" \/>\n<meta property=\"og:url\" content=\"https:\/\/antiqua.mx\/en\/product\/omnibus-de-poesia-mexicana-siglos-xiv-a-xx-indigena-popular-novohispana-romantica-modernista-contemporanea\" \/>\n<meta property=\"article:modified_time\" content=\"2025-04-07T21:38:16+00:00\" \/>\n<meta property=\"og:image\" content=\"https:\/\/antiqua.mx\/wp-content\/uploads\/2022\/01\/5517D42E-7610-42CA-915F-FBA5E304DBB6-scaled.jpeg\" \/>\n\t<meta property=\"og:image:width\" content=\"1920\" \/>\n\t<meta property=\"og:image:height\" content=\"2560\" \/>\n\t<meta property=\"og:image:type\" content=\"image\/jpeg\" \/>\n<meta name=\"twitter:card\" content=\"summary_large_image\" \/>\n<script type=\"application\/ld+json\" class=\"yoast-schema-graph\">{\"@context\":\"https:\/\/schema.org\",\"@graph\":[{\"@type\":\"WebPage\",\"@id\":\"https:\/\/antiqua.mx\/en\/product\/omnibus-de-poesia-mexicana-siglos-xiv-a-xx-indigena-popular-novohispana-romantica-modernista-contemporanea\",\"url\":\"https:\/\/antiqua.mx\/en\/product\/omnibus-de-poesia-mexicana-siglos-xiv-a-xx-indigena-popular-novohispana-romantica-modernista-contemporanea\",\"name\":\"\u00d3MNIBUS DE POES\u00cdA MEXICANA. SIGLOS XIV A XX: IND\u00cdGENA, POPULAR, NOVOHISPANA, ROM\u00c1NTICA, MODERNISTA, CONTEMPOR\u00c1NEA -\",\"isPartOf\":{\"@id\":\"https:\/\/antiqua.mx\/en\/#website\"},\"primaryImageOfPage\":{\"@id\":\"https:\/\/antiqua.mx\/en\/product\/omnibus-de-poesia-mexicana-siglos-xiv-a-xx-indigena-popular-novohispana-romantica-modernista-contemporanea#primaryimage\"},\"image\":{\"@id\":\"https:\/\/antiqua.mx\/en\/product\/omnibus-de-poesia-mexicana-siglos-xiv-a-xx-indigena-popular-novohispana-romantica-modernista-contemporanea#primaryimage\"},\"thumbnailUrl\":\"https:\/\/antiqua.mx\/wp-content\/uploads\/2022\/01\/5517D42E-7610-42CA-915F-FBA5E304DBB6-scaled.jpeg\",\"datePublished\":\"2022-01-16T00:59:21+00:00\",\"dateModified\":\"2025-04-07T21:38:16+00:00\",\"breadcrumb\":{\"@id\":\"https:\/\/antiqua.mx\/en\/product\/omnibus-de-poesia-mexicana-siglos-xiv-a-xx-indigena-popular-novohispana-romantica-modernista-contemporanea#breadcrumb\"},\"inLanguage\":\"en-US\",\"potentialAction\":[{\"@type\":\"ReadAction\",\"target\":[\"https:\/\/antiqua.mx\/en\/product\/omnibus-de-poesia-mexicana-siglos-xiv-a-xx-indigena-popular-novohispana-romantica-modernista-contemporanea\"]}]},{\"@type\":\"ImageObject\",\"inLanguage\":\"en-US\",\"@id\":\"https:\/\/antiqua.mx\/en\/product\/omnibus-de-poesia-mexicana-siglos-xiv-a-xx-indigena-popular-novohispana-romantica-modernista-contemporanea#primaryimage\",\"url\":\"https:\/\/antiqua.mx\/wp-content\/uploads\/2022\/01\/5517D42E-7610-42CA-915F-FBA5E304DBB6-scaled.jpeg\",\"contentUrl\":\"https:\/\/antiqua.mx\/wp-content\/uploads\/2022\/01\/5517D42E-7610-42CA-915F-FBA5E304DBB6-scaled.jpeg\",\"width\":1920,\"height\":2560},{\"@type\":\"BreadcrumbList\",\"@id\":\"https:\/\/antiqua.mx\/en\/product\/omnibus-de-poesia-mexicana-siglos-xiv-a-xx-indigena-popular-novohispana-romantica-modernista-contemporanea#breadcrumb\",\"itemListElement\":[{\"@type\":\"ListItem\",\"position\":1,\"name\":\"Portada\",\"item\":\"https:\/\/antiqua.mx\/en\/\"},{\"@type\":\"ListItem\",\"position\":2,\"name\":\"Tienda\",\"item\":\"https:\/\/antiqua.mx\/en\/tienda\"},{\"@type\":\"ListItem\",\"position\":3,\"name\":\"\u00d3MNIBUS DE POES\u00cdA MEXICANA. SIGLOS XIV A XX: IND\u00cdGENA, POPULAR, NOVOHISPANA, ROM\u00c1NTICA, MODERNISTA, CONTEMPOR\u00c1NEA\"}]},{\"@type\":\"WebSite\",\"@id\":\"https:\/\/antiqua.mx\/en\/#website\",\"url\":\"https:\/\/antiqua.mx\/en\/\",\"name\":\"\",\"description\":\"\",\"potentialAction\":[{\"@type\":\"SearchAction\",\"target\":{\"@type\":\"EntryPoint\",\"urlTemplate\":\"https:\/\/antiqua.mx\/en\/?s={search_term_string}\"},\"query-input\":{\"@type\":\"PropertyValueSpecification\",\"valueRequired\":true,\"valueName\":\"search_term_string\"}}],\"inLanguage\":\"en-US\"}]}<\/script>\n<!-- \/ Yoast SEO plugin. -->","yoast_head_json":{"title":"\u00d3MNIBUS DE POES\u00cdA MEXICANA. SIGLOS XIV A XX: IND\u00cdGENA, POPULAR, NOVOHISPANA, ROM\u00c1NTICA, MODERNISTA, CONTEMPOR\u00c1NEA -","robots":{"index":"index","follow":"follow","max-snippet":"max-snippet:-1","max-image-preview":"max-image-preview:large","max-video-preview":"max-video-preview:-1"},"canonical":"https:\/\/antiqua.mx\/en\/product\/omnibus-de-poesia-mexicana-siglos-xiv-a-xx-indigena-popular-novohispana-romantica-modernista-contemporanea","og_locale":"en_US","og_type":"article","og_title":"\u00d3MNIBUS DE POES\u00cdA MEXICANA. SIGLOS XIV A XX: IND\u00cdGENA, POPULAR, NOVOHISPANA, ROM\u00c1NTICA, MODERNISTA, CONTEMPOR\u00c1NEA -","og_description":"Editorial: siglo veintiuno editores  Tercera edici\u00f3n  A\u00f1o 1973  R\u00fastico, en buenas condiciones. El empastado est\u00e1 maltratado.  Presentaci\u00f3n, compilaci\u00f3n y notas de Gabriel Zaid.  Impreso en M\u00e9xico.  693 p\u00e1ginas","og_url":"https:\/\/antiqua.mx\/en\/product\/omnibus-de-poesia-mexicana-siglos-xiv-a-xx-indigena-popular-novohispana-romantica-modernista-contemporanea","article_modified_time":"2025-04-07T21:38:16+00:00","og_image":[{"width":1920,"height":2560,"url":"https:\/\/antiqua.mx\/wp-content\/uploads\/2022\/01\/5517D42E-7610-42CA-915F-FBA5E304DBB6-scaled.jpeg","type":"image\/jpeg"}],"twitter_card":"summary_large_image","schema":{"@context":"https:\/\/schema.org","@graph":[{"@type":"WebPage","@id":"https:\/\/antiqua.mx\/en\/product\/omnibus-de-poesia-mexicana-siglos-xiv-a-xx-indigena-popular-novohispana-romantica-modernista-contemporanea","url":"https:\/\/antiqua.mx\/en\/product\/omnibus-de-poesia-mexicana-siglos-xiv-a-xx-indigena-popular-novohispana-romantica-modernista-contemporanea","name":"\u00d3MNIBUS DE POES\u00cdA MEXICANA. SIGLOS XIV A XX: IND\u00cdGENA, POPULAR, NOVOHISPANA, ROM\u00c1NTICA, MODERNISTA, CONTEMPOR\u00c1NEA -","isPartOf":{"@id":"https:\/\/antiqua.mx\/en\/#website"},"primaryImageOfPage":{"@id":"https:\/\/antiqua.mx\/en\/product\/omnibus-de-poesia-mexicana-siglos-xiv-a-xx-indigena-popular-novohispana-romantica-modernista-contemporanea#primaryimage"},"image":{"@id":"https:\/\/antiqua.mx\/en\/product\/omnibus-de-poesia-mexicana-siglos-xiv-a-xx-indigena-popular-novohispana-romantica-modernista-contemporanea#primaryimage"},"thumbnailUrl":"https:\/\/antiqua.mx\/wp-content\/uploads\/2022\/01\/5517D42E-7610-42CA-915F-FBA5E304DBB6-scaled.jpeg","datePublished":"2022-01-16T00:59:21+00:00","dateModified":"2025-04-07T21:38:16+00:00","breadcrumb":{"@id":"https:\/\/antiqua.mx\/en\/product\/omnibus-de-poesia-mexicana-siglos-xiv-a-xx-indigena-popular-novohispana-romantica-modernista-contemporanea#breadcrumb"},"inLanguage":"en-US","potentialAction":[{"@type":"ReadAction","target":["https:\/\/antiqua.mx\/en\/product\/omnibus-de-poesia-mexicana-siglos-xiv-a-xx-indigena-popular-novohispana-romantica-modernista-contemporanea"]}]},{"@type":"ImageObject","inLanguage":"en-US","@id":"https:\/\/antiqua.mx\/en\/product\/omnibus-de-poesia-mexicana-siglos-xiv-a-xx-indigena-popular-novohispana-romantica-modernista-contemporanea#primaryimage","url":"https:\/\/antiqua.mx\/wp-content\/uploads\/2022\/01\/5517D42E-7610-42CA-915F-FBA5E304DBB6-scaled.jpeg","contentUrl":"https:\/\/antiqua.mx\/wp-content\/uploads\/2022\/01\/5517D42E-7610-42CA-915F-FBA5E304DBB6-scaled.jpeg","width":1920,"height":2560},{"@type":"BreadcrumbList","@id":"https:\/\/antiqua.mx\/en\/product\/omnibus-de-poesia-mexicana-siglos-xiv-a-xx-indigena-popular-novohispana-romantica-modernista-contemporanea#breadcrumb","itemListElement":[{"@type":"ListItem","position":1,"name":"Portada","item":"https:\/\/antiqua.mx\/en\/"},{"@type":"ListItem","position":2,"name":"Tienda","item":"https:\/\/antiqua.mx\/en\/tienda"},{"@type":"ListItem","position":3,"name":"\u00d3MNIBUS DE POES\u00cdA MEXICANA. SIGLOS XIV A XX: IND\u00cdGENA, POPULAR, NOVOHISPANA, ROM\u00c1NTICA, MODERNISTA, CONTEMPOR\u00c1NEA"}]},{"@type":"WebSite","@id":"https:\/\/antiqua.mx\/en\/#website","url":"https:\/\/antiqua.mx\/en\/","name":"","description":"","potentialAction":[{"@type":"SearchAction","target":{"@type":"EntryPoint","urlTemplate":"https:\/\/antiqua.mx\/en\/?s={search_term_string}"},"query-input":{"@type":"PropertyValueSpecification","valueRequired":true,"valueName":"search_term_string"}}],"inLanguage":"en-US"}]}},"jetpack_sharing_enabled":true,"_links":{"self":[{"href":"https:\/\/antiqua.mx\/en\/wp-json\/wp\/v2\/product\/11026","targetHints":{"allow":["GET"]}}],"collection":[{"href":"https:\/\/antiqua.mx\/en\/wp-json\/wp\/v2\/product"}],"about":[{"href":"https:\/\/antiqua.mx\/en\/wp-json\/wp\/v2\/types\/product"}],"replies":[{"embeddable":true,"href":"https:\/\/antiqua.mx\/en\/wp-json\/wp\/v2\/comments?post=11026"}],"wp:featuredmedia":[{"embeddable":true,"href":"https:\/\/antiqua.mx\/en\/wp-json\/wp\/v2\/media\/11266"}],"wp:attachment":[{"href":"https:\/\/antiqua.mx\/en\/wp-json\/wp\/v2\/media?parent=11026"}],"wp:term":[{"taxonomy":"product_brand","embeddable":true,"href":"https:\/\/antiqua.mx\/en\/wp-json\/wp\/v2\/product_brand?post=11026"},{"taxonomy":"product_cat","embeddable":true,"href":"https:\/\/antiqua.mx\/en\/wp-json\/wp\/v2\/product_cat?post=11026"},{"taxonomy":"product_tag","embeddable":true,"href":"https:\/\/antiqua.mx\/en\/wp-json\/wp\/v2\/product_tag?post=11026"}],"curies":[{"name":"wp","href":"https:\/\/api.w.org\/{rel}","templated":true}]}}