{"id":11037,"date":"2022-01-19T21:30:26","date_gmt":"2022-01-19T21:30:26","guid":{"rendered":"https:\/\/antiqua.mx\/?post_type=product&#038;p=11037"},"modified":"2022-01-22T08:20:50","modified_gmt":"2022-01-22T08:20:50","slug":"benedetti-mario-antologia-poetica","status":"publish","type":"product","link":"https:\/\/antiqua.mx\/en\/product\/benedetti-mario-antologia-poetica","title":{"rendered":"BENEDETTI MARIO. ANTOLOG\u00cdA PO\u00c9TICA"},"content":{"rendered":"<p><strong>Benedetti Mario<\/strong><\/p>\n<p>Editorial: NUEVA IMAGEN<\/p>\n<p>Primera edici\u00f3n en M\u00e9xico<\/p>\n<p>A\u00f1o 1986<\/p>\n<p>R\u00fastico, en buenas condiciones. Pr\u00f3logo de J. M. Caballero Bonald. Selecci\u00f3n del autor.<\/p>\n<p>Impreso en M\u00e9xico.<\/p>\n<p>195 p\u00e1ginas<\/p>","protected":false},"excerpt":{"rendered":"<ul>\n<li>Editorial: NUEVA IMAGEN<\/li>\n<li>Primera edici\u00f3n en M\u00e9xico<\/li>\n<li>A\u00f1o 1986<\/li>\n<li>R\u00fastico, en buenas condiciones. Pr\u00f3logo de J. M. Caballero Bonald. Selecci\u00f3n del autor.<\/li>\n<li>Impreso en M\u00e9xico.<\/li>\n<li>195 p\u00e1ginas<\/li>\n<\/ul>","protected":false},"featured_media":11163,"comment_status":"open","ping_status":"closed","template":"","meta":{"_joinchat":[]},"product_brand":[],"product_cat":[335,340],"product_tag":[2680],"class_list":{"0":"post-11037","1":"product","2":"type-product","3":"status-publish","6":"product_cat-literatura","7":"product_cat-poesia","8":"product_tag-mario-benedetti","10":"first","11":"instock","12":"featured","13":"taxable","14":"shipping-taxable","15":"purchasable","16":"product-type-simple"},"yoast_head":"<!-- This site is optimized with the Yoast SEO plugin v26.1.1 - https:\/\/yoast.com\/wordpress\/plugins\/seo\/ -->\n<title>BENEDETTI MARIO. ANTOLOG\u00cdA PO\u00c9TICA -<\/title>\n<meta name=\"robots\" content=\"index, follow, max-snippet:-1, max-image-preview:large, max-video-preview:-1\" \/>\n<link rel=\"canonical\" href=\"https:\/\/antiqua.mx\/en\/product\/benedetti-mario-antologia-poetica\" \/>\n<meta property=\"og:locale\" content=\"en_US\" \/>\n<meta property=\"og:type\" content=\"article\" \/>\n<meta property=\"og:title\" content=\"BENEDETTI MARIO. ANTOLOG\u00cdA PO\u00c9TICA -\" \/>\n<meta property=\"og:description\" content=\"Editorial: NUEVA IMAGEN  Primera edici\u00f3n en M\u00e9xico  A\u00f1o 1986  R\u00fastico, en buenas condiciones. Pr\u00f3logo de J. M. Caballero Bonald. Selecci\u00f3n del autor.  Impreso en M\u00e9xico.  195 p\u00e1ginas\" \/>\n<meta property=\"og:url\" content=\"https:\/\/antiqua.mx\/en\/product\/benedetti-mario-antologia-poetica\" \/>\n<meta property=\"article:modified_time\" content=\"2022-01-22T08:20:50+00:00\" \/>\n<meta property=\"og:image\" content=\"https:\/\/antiqua.mx\/wp-content\/uploads\/2022\/01\/AC97F3A2-6B67-4856-BDB5-55299240E421-scaled.jpeg\" \/>\n\t<meta property=\"og:image:width\" content=\"1920\" \/>\n\t<meta property=\"og:image:height\" content=\"2560\" \/>\n\t<meta property=\"og:image:type\" content=\"image\/jpeg\" \/>\n<meta name=\"twitter:card\" content=\"summary_large_image\" \/>\n<script type=\"application\/ld+json\" class=\"yoast-schema-graph\">{\"@context\":\"https:\/\/schema.org\",\"@graph\":[{\"@type\":\"WebPage\",\"@id\":\"https:\/\/antiqua.mx\/en\/product\/benedetti-mario-antologia-poetica\",\"url\":\"https:\/\/antiqua.mx\/en\/product\/benedetti-mario-antologia-poetica\",\"name\":\"BENEDETTI MARIO. ANTOLOG\u00cdA PO\u00c9TICA -\",\"isPartOf\":{\"@id\":\"https:\/\/antiqua.mx\/en\/#website\"},\"primaryImageOfPage\":{\"@id\":\"https:\/\/antiqua.mx\/en\/product\/benedetti-mario-antologia-poetica#primaryimage\"},\"image\":{\"@id\":\"https:\/\/antiqua.mx\/en\/product\/benedetti-mario-antologia-poetica#primaryimage\"},\"thumbnailUrl\":\"https:\/\/antiqua.mx\/wp-content\/uploads\/2022\/01\/AC97F3A2-6B67-4856-BDB5-55299240E421-scaled.jpeg\",\"datePublished\":\"2022-01-19T21:30:26+00:00\",\"dateModified\":\"2022-01-22T08:20:50+00:00\",\"breadcrumb\":{\"@id\":\"https:\/\/antiqua.mx\/en\/product\/benedetti-mario-antologia-poetica#breadcrumb\"},\"inLanguage\":\"en-US\",\"potentialAction\":[{\"@type\":\"ReadAction\",\"target\":[\"https:\/\/antiqua.mx\/en\/product\/benedetti-mario-antologia-poetica\"]}]},{\"@type\":\"ImageObject\",\"inLanguage\":\"en-US\",\"@id\":\"https:\/\/antiqua.mx\/en\/product\/benedetti-mario-antologia-poetica#primaryimage\",\"url\":\"https:\/\/antiqua.mx\/wp-content\/uploads\/2022\/01\/AC97F3A2-6B67-4856-BDB5-55299240E421-scaled.jpeg\",\"contentUrl\":\"https:\/\/antiqua.mx\/wp-content\/uploads\/2022\/01\/AC97F3A2-6B67-4856-BDB5-55299240E421-scaled.jpeg\",\"width\":1920,\"height\":2560},{\"@type\":\"BreadcrumbList\",\"@id\":\"https:\/\/antiqua.mx\/en\/product\/benedetti-mario-antologia-poetica#breadcrumb\",\"itemListElement\":[{\"@type\":\"ListItem\",\"position\":1,\"name\":\"Portada\",\"item\":\"https:\/\/antiqua.mx\/en\/\"},{\"@type\":\"ListItem\",\"position\":2,\"name\":\"Tienda\",\"item\":\"https:\/\/antiqua.mx\/en\/tienda\"},{\"@type\":\"ListItem\",\"position\":3,\"name\":\"BENEDETTI MARIO. ANTOLOG\u00cdA PO\u00c9TICA\"}]},{\"@type\":\"WebSite\",\"@id\":\"https:\/\/antiqua.mx\/en\/#website\",\"url\":\"https:\/\/antiqua.mx\/en\/\",\"name\":\"\",\"description\":\"\",\"potentialAction\":[{\"@type\":\"SearchAction\",\"target\":{\"@type\":\"EntryPoint\",\"urlTemplate\":\"https:\/\/antiqua.mx\/en\/?s={search_term_string}\"},\"query-input\":{\"@type\":\"PropertyValueSpecification\",\"valueRequired\":true,\"valueName\":\"search_term_string\"}}],\"inLanguage\":\"en-US\"}]}<\/script>\n<!-- \/ Yoast SEO plugin. -->","yoast_head_json":{"title":"BENEDETTI MARIO. ANTOLOG\u00cdA PO\u00c9TICA -","robots":{"index":"index","follow":"follow","max-snippet":"max-snippet:-1","max-image-preview":"max-image-preview:large","max-video-preview":"max-video-preview:-1"},"canonical":"https:\/\/antiqua.mx\/en\/product\/benedetti-mario-antologia-poetica","og_locale":"en_US","og_type":"article","og_title":"BENEDETTI MARIO. ANTOLOG\u00cdA PO\u00c9TICA -","og_description":"Editorial: NUEVA IMAGEN  Primera edici\u00f3n en M\u00e9xico  A\u00f1o 1986  R\u00fastico, en buenas condiciones. Pr\u00f3logo de J. M. Caballero Bonald. Selecci\u00f3n del autor.  Impreso en M\u00e9xico.  195 p\u00e1ginas","og_url":"https:\/\/antiqua.mx\/en\/product\/benedetti-mario-antologia-poetica","article_modified_time":"2022-01-22T08:20:50+00:00","og_image":[{"width":1920,"height":2560,"url":"https:\/\/antiqua.mx\/wp-content\/uploads\/2022\/01\/AC97F3A2-6B67-4856-BDB5-55299240E421-scaled.jpeg","type":"image\/jpeg"}],"twitter_card":"summary_large_image","schema":{"@context":"https:\/\/schema.org","@graph":[{"@type":"WebPage","@id":"https:\/\/antiqua.mx\/en\/product\/benedetti-mario-antologia-poetica","url":"https:\/\/antiqua.mx\/en\/product\/benedetti-mario-antologia-poetica","name":"BENEDETTI MARIO. ANTOLOG\u00cdA PO\u00c9TICA -","isPartOf":{"@id":"https:\/\/antiqua.mx\/en\/#website"},"primaryImageOfPage":{"@id":"https:\/\/antiqua.mx\/en\/product\/benedetti-mario-antologia-poetica#primaryimage"},"image":{"@id":"https:\/\/antiqua.mx\/en\/product\/benedetti-mario-antologia-poetica#primaryimage"},"thumbnailUrl":"https:\/\/antiqua.mx\/wp-content\/uploads\/2022\/01\/AC97F3A2-6B67-4856-BDB5-55299240E421-scaled.jpeg","datePublished":"2022-01-19T21:30:26+00:00","dateModified":"2022-01-22T08:20:50+00:00","breadcrumb":{"@id":"https:\/\/antiqua.mx\/en\/product\/benedetti-mario-antologia-poetica#breadcrumb"},"inLanguage":"en-US","potentialAction":[{"@type":"ReadAction","target":["https:\/\/antiqua.mx\/en\/product\/benedetti-mario-antologia-poetica"]}]},{"@type":"ImageObject","inLanguage":"en-US","@id":"https:\/\/antiqua.mx\/en\/product\/benedetti-mario-antologia-poetica#primaryimage","url":"https:\/\/antiqua.mx\/wp-content\/uploads\/2022\/01\/AC97F3A2-6B67-4856-BDB5-55299240E421-scaled.jpeg","contentUrl":"https:\/\/antiqua.mx\/wp-content\/uploads\/2022\/01\/AC97F3A2-6B67-4856-BDB5-55299240E421-scaled.jpeg","width":1920,"height":2560},{"@type":"BreadcrumbList","@id":"https:\/\/antiqua.mx\/en\/product\/benedetti-mario-antologia-poetica#breadcrumb","itemListElement":[{"@type":"ListItem","position":1,"name":"Portada","item":"https:\/\/antiqua.mx\/en\/"},{"@type":"ListItem","position":2,"name":"Tienda","item":"https:\/\/antiqua.mx\/en\/tienda"},{"@type":"ListItem","position":3,"name":"BENEDETTI MARIO. ANTOLOG\u00cdA PO\u00c9TICA"}]},{"@type":"WebSite","@id":"https:\/\/antiqua.mx\/en\/#website","url":"https:\/\/antiqua.mx\/en\/","name":"","description":"","potentialAction":[{"@type":"SearchAction","target":{"@type":"EntryPoint","urlTemplate":"https:\/\/antiqua.mx\/en\/?s={search_term_string}"},"query-input":{"@type":"PropertyValueSpecification","valueRequired":true,"valueName":"search_term_string"}}],"inLanguage":"en-US"}]}},"jetpack_sharing_enabled":true,"_links":{"self":[{"href":"https:\/\/antiqua.mx\/en\/wp-json\/wp\/v2\/product\/11037","targetHints":{"allow":["GET"]}}],"collection":[{"href":"https:\/\/antiqua.mx\/en\/wp-json\/wp\/v2\/product"}],"about":[{"href":"https:\/\/antiqua.mx\/en\/wp-json\/wp\/v2\/types\/product"}],"replies":[{"embeddable":true,"href":"https:\/\/antiqua.mx\/en\/wp-json\/wp\/v2\/comments?post=11037"}],"wp:featuredmedia":[{"embeddable":true,"href":"https:\/\/antiqua.mx\/en\/wp-json\/wp\/v2\/media\/11163"}],"wp:attachment":[{"href":"https:\/\/antiqua.mx\/en\/wp-json\/wp\/v2\/media?parent=11037"}],"wp:term":[{"taxonomy":"product_brand","embeddable":true,"href":"https:\/\/antiqua.mx\/en\/wp-json\/wp\/v2\/product_brand?post=11037"},{"taxonomy":"product_cat","embeddable":true,"href":"https:\/\/antiqua.mx\/en\/wp-json\/wp\/v2\/product_cat?post=11037"},{"taxonomy":"product_tag","embeddable":true,"href":"https:\/\/antiqua.mx\/en\/wp-json\/wp\/v2\/product_tag?post=11037"}],"curies":[{"name":"wp","href":"https:\/\/api.w.org\/{rel}","templated":true}]}}