{"id":11039,"date":"2022-01-19T21:43:20","date_gmt":"2022-01-19T21:43:20","guid":{"rendered":"https:\/\/antiqua.mx\/?post_type=product&#038;p=11039"},"modified":"2022-01-22T08:06:19","modified_gmt":"2022-01-22T08:06:19","slug":"mansour-monica-tuya-mia-de-otros-la-poesia-coloquial-de-mario-benedetti","status":"publish","type":"product","link":"https:\/\/antiqua.mx\/en\/product\/mansour-monica-tuya-mia-de-otros-la-poesia-coloquial-de-mario-benedetti","title":{"rendered":"MANSOUR M\u00d3NICA. TUYA, M\u00cdA, DE OTROS. LA POES\u00cdA COLOQUIAL DE MARIO BENEDETTI"},"content":{"rendered":"<p><strong>Mansour M\u00f3nica<\/strong><\/p>\n<p>Editorial: Universidad Nacional Aut\u00f3noma de M\u00e9xico<\/p>\n<p>Primera edici\u00f3n<\/p>\n<p>A\u00f1o 1979<\/p>\n<p>R\u00fastico, en buenas condiciones. El empastado est\u00e1 muy maltratado.<\/p>\n<p>Cuadernos del Seminario de Po\u00e9tica 4. INSTITUTO DE INVESTIGACIONES FILOL\u00d3GICAS.<\/p>\n<p>Impreso en M\u00e9xico.<\/p>\n<p>102 p\u00e1ginas<\/p>","protected":false},"excerpt":{"rendered":"<ul>\n<li>Editorial: Universidad Nacional Aut\u00f3noma de M\u00e9xico<\/li>\n<li>Primera edici\u00f3n<\/li>\n<li>A\u00f1o 1979<\/li>\n<li>R\u00fastico, en buenas condiciones. El empastado est\u00e1 muy maltratado.<\/li>\n<li>Cuadernos del Seminario de Po\u00e9tica 4. INSTITUTO DE INVESTIGACIONES FILOL\u00d3GICAS.<\/li>\n<li>Impreso en M\u00e9xico.<\/li>\n<li>102 p\u00e1ginas<\/li>\n<\/ul>","protected":false},"featured_media":11149,"comment_status":"open","ping_status":"closed","template":"","meta":{"_joinchat":[]},"product_brand":[],"product_cat":[343,335,340],"product_tag":[2680,2681],"class_list":{"0":"post-11039","1":"product","2":"type-product","3":"status-publish","6":"product_cat-ensayo","7":"product_cat-literatura","8":"product_cat-poesia","9":"product_tag-mario-benedetti","10":"product_tag-monica-mansour","12":"first","13":"instock","14":"featured","15":"taxable","16":"shipping-taxable","17":"purchasable","18":"product-type-simple"},"yoast_head":"<!-- This site is optimized with the Yoast SEO plugin v26.1.1 - https:\/\/yoast.com\/wordpress\/plugins\/seo\/ -->\n<title>MANSOUR M\u00d3NICA. TUYA, M\u00cdA, DE OTROS. LA POES\u00cdA COLOQUIAL DE MARIO BENEDETTI -<\/title>\n<meta name=\"robots\" content=\"index, follow, max-snippet:-1, max-image-preview:large, max-video-preview:-1\" \/>\n<link rel=\"canonical\" href=\"https:\/\/antiqua.mx\/en\/product\/mansour-monica-tuya-mia-de-otros-la-poesia-coloquial-de-mario-benedetti\" \/>\n<meta property=\"og:locale\" content=\"en_US\" \/>\n<meta property=\"og:type\" content=\"article\" \/>\n<meta property=\"og:title\" content=\"MANSOUR M\u00d3NICA. TUYA, M\u00cdA, DE OTROS. LA POES\u00cdA COLOQUIAL DE MARIO BENEDETTI -\" \/>\n<meta property=\"og:description\" content=\"Editorial: Universidad Nacional Aut\u00f3noma de M\u00e9xico  Primera edici\u00f3n  A\u00f1o 1979  R\u00fastico, en buenas condiciones. El empastado est\u00e1 muy maltratado.  Cuadernos del Seminario de Po\u00e9tica 4. INSTITUTO DE INVESTIGACIONES FILOL\u00d3GICAS.  Impreso en M\u00e9xico.  102 p\u00e1ginas\" \/>\n<meta property=\"og:url\" content=\"https:\/\/antiqua.mx\/en\/product\/mansour-monica-tuya-mia-de-otros-la-poesia-coloquial-de-mario-benedetti\" \/>\n<meta property=\"article:modified_time\" content=\"2022-01-22T08:06:19+00:00\" \/>\n<meta property=\"og:image\" content=\"https:\/\/antiqua.mx\/wp-content\/uploads\/2022\/01\/4CFF1D01-CDBD-47E5-98FA-831B2D932871-scaled.jpeg\" \/>\n\t<meta property=\"og:image:width\" content=\"1920\" \/>\n\t<meta property=\"og:image:height\" content=\"2560\" \/>\n\t<meta property=\"og:image:type\" content=\"image\/jpeg\" \/>\n<meta name=\"twitter:card\" content=\"summary_large_image\" \/>\n<script type=\"application\/ld+json\" class=\"yoast-schema-graph\">{\"@context\":\"https:\/\/schema.org\",\"@graph\":[{\"@type\":\"WebPage\",\"@id\":\"https:\/\/antiqua.mx\/en\/product\/mansour-monica-tuya-mia-de-otros-la-poesia-coloquial-de-mario-benedetti\",\"url\":\"https:\/\/antiqua.mx\/en\/product\/mansour-monica-tuya-mia-de-otros-la-poesia-coloquial-de-mario-benedetti\",\"name\":\"MANSOUR M\u00d3NICA. TUYA, M\u00cdA, DE OTROS. LA POES\u00cdA COLOQUIAL DE MARIO BENEDETTI -\",\"isPartOf\":{\"@id\":\"https:\/\/antiqua.mx\/en\/#website\"},\"primaryImageOfPage\":{\"@id\":\"https:\/\/antiqua.mx\/en\/product\/mansour-monica-tuya-mia-de-otros-la-poesia-coloquial-de-mario-benedetti#primaryimage\"},\"image\":{\"@id\":\"https:\/\/antiqua.mx\/en\/product\/mansour-monica-tuya-mia-de-otros-la-poesia-coloquial-de-mario-benedetti#primaryimage\"},\"thumbnailUrl\":\"https:\/\/antiqua.mx\/wp-content\/uploads\/2022\/01\/4CFF1D01-CDBD-47E5-98FA-831B2D932871-scaled.jpeg\",\"datePublished\":\"2022-01-19T21:43:20+00:00\",\"dateModified\":\"2022-01-22T08:06:19+00:00\",\"breadcrumb\":{\"@id\":\"https:\/\/antiqua.mx\/en\/product\/mansour-monica-tuya-mia-de-otros-la-poesia-coloquial-de-mario-benedetti#breadcrumb\"},\"inLanguage\":\"en-US\",\"potentialAction\":[{\"@type\":\"ReadAction\",\"target\":[\"https:\/\/antiqua.mx\/en\/product\/mansour-monica-tuya-mia-de-otros-la-poesia-coloquial-de-mario-benedetti\"]}]},{\"@type\":\"ImageObject\",\"inLanguage\":\"en-US\",\"@id\":\"https:\/\/antiqua.mx\/en\/product\/mansour-monica-tuya-mia-de-otros-la-poesia-coloquial-de-mario-benedetti#primaryimage\",\"url\":\"https:\/\/antiqua.mx\/wp-content\/uploads\/2022\/01\/4CFF1D01-CDBD-47E5-98FA-831B2D932871-scaled.jpeg\",\"contentUrl\":\"https:\/\/antiqua.mx\/wp-content\/uploads\/2022\/01\/4CFF1D01-CDBD-47E5-98FA-831B2D932871-scaled.jpeg\",\"width\":1920,\"height\":2560},{\"@type\":\"BreadcrumbList\",\"@id\":\"https:\/\/antiqua.mx\/en\/product\/mansour-monica-tuya-mia-de-otros-la-poesia-coloquial-de-mario-benedetti#breadcrumb\",\"itemListElement\":[{\"@type\":\"ListItem\",\"position\":1,\"name\":\"Portada\",\"item\":\"https:\/\/antiqua.mx\/en\/\"},{\"@type\":\"ListItem\",\"position\":2,\"name\":\"Tienda\",\"item\":\"https:\/\/antiqua.mx\/en\/tienda\"},{\"@type\":\"ListItem\",\"position\":3,\"name\":\"MANSOUR M\u00d3NICA. TUYA, M\u00cdA, DE OTROS. LA POES\u00cdA COLOQUIAL DE MARIO BENEDETTI\"}]},{\"@type\":\"WebSite\",\"@id\":\"https:\/\/antiqua.mx\/en\/#website\",\"url\":\"https:\/\/antiqua.mx\/en\/\",\"name\":\"\",\"description\":\"\",\"potentialAction\":[{\"@type\":\"SearchAction\",\"target\":{\"@type\":\"EntryPoint\",\"urlTemplate\":\"https:\/\/antiqua.mx\/en\/?s={search_term_string}\"},\"query-input\":{\"@type\":\"PropertyValueSpecification\",\"valueRequired\":true,\"valueName\":\"search_term_string\"}}],\"inLanguage\":\"en-US\"}]}<\/script>\n<!-- \/ Yoast SEO plugin. -->","yoast_head_json":{"title":"MANSOUR M\u00d3NICA. TUYA, M\u00cdA, DE OTROS. LA POES\u00cdA COLOQUIAL DE MARIO BENEDETTI -","robots":{"index":"index","follow":"follow","max-snippet":"max-snippet:-1","max-image-preview":"max-image-preview:large","max-video-preview":"max-video-preview:-1"},"canonical":"https:\/\/antiqua.mx\/en\/product\/mansour-monica-tuya-mia-de-otros-la-poesia-coloquial-de-mario-benedetti","og_locale":"en_US","og_type":"article","og_title":"MANSOUR M\u00d3NICA. TUYA, M\u00cdA, DE OTROS. LA POES\u00cdA COLOQUIAL DE MARIO BENEDETTI -","og_description":"Editorial: Universidad Nacional Aut\u00f3noma de M\u00e9xico  Primera edici\u00f3n  A\u00f1o 1979  R\u00fastico, en buenas condiciones. El empastado est\u00e1 muy maltratado.  Cuadernos del Seminario de Po\u00e9tica 4. INSTITUTO DE INVESTIGACIONES FILOL\u00d3GICAS.  Impreso en M\u00e9xico.  102 p\u00e1ginas","og_url":"https:\/\/antiqua.mx\/en\/product\/mansour-monica-tuya-mia-de-otros-la-poesia-coloquial-de-mario-benedetti","article_modified_time":"2022-01-22T08:06:19+00:00","og_image":[{"width":1920,"height":2560,"url":"https:\/\/antiqua.mx\/wp-content\/uploads\/2022\/01\/4CFF1D01-CDBD-47E5-98FA-831B2D932871-scaled.jpeg","type":"image\/jpeg"}],"twitter_card":"summary_large_image","schema":{"@context":"https:\/\/schema.org","@graph":[{"@type":"WebPage","@id":"https:\/\/antiqua.mx\/en\/product\/mansour-monica-tuya-mia-de-otros-la-poesia-coloquial-de-mario-benedetti","url":"https:\/\/antiqua.mx\/en\/product\/mansour-monica-tuya-mia-de-otros-la-poesia-coloquial-de-mario-benedetti","name":"MANSOUR M\u00d3NICA. TUYA, M\u00cdA, DE OTROS. LA POES\u00cdA COLOQUIAL DE MARIO BENEDETTI -","isPartOf":{"@id":"https:\/\/antiqua.mx\/en\/#website"},"primaryImageOfPage":{"@id":"https:\/\/antiqua.mx\/en\/product\/mansour-monica-tuya-mia-de-otros-la-poesia-coloquial-de-mario-benedetti#primaryimage"},"image":{"@id":"https:\/\/antiqua.mx\/en\/product\/mansour-monica-tuya-mia-de-otros-la-poesia-coloquial-de-mario-benedetti#primaryimage"},"thumbnailUrl":"https:\/\/antiqua.mx\/wp-content\/uploads\/2022\/01\/4CFF1D01-CDBD-47E5-98FA-831B2D932871-scaled.jpeg","datePublished":"2022-01-19T21:43:20+00:00","dateModified":"2022-01-22T08:06:19+00:00","breadcrumb":{"@id":"https:\/\/antiqua.mx\/en\/product\/mansour-monica-tuya-mia-de-otros-la-poesia-coloquial-de-mario-benedetti#breadcrumb"},"inLanguage":"en-US","potentialAction":[{"@type":"ReadAction","target":["https:\/\/antiqua.mx\/en\/product\/mansour-monica-tuya-mia-de-otros-la-poesia-coloquial-de-mario-benedetti"]}]},{"@type":"ImageObject","inLanguage":"en-US","@id":"https:\/\/antiqua.mx\/en\/product\/mansour-monica-tuya-mia-de-otros-la-poesia-coloquial-de-mario-benedetti#primaryimage","url":"https:\/\/antiqua.mx\/wp-content\/uploads\/2022\/01\/4CFF1D01-CDBD-47E5-98FA-831B2D932871-scaled.jpeg","contentUrl":"https:\/\/antiqua.mx\/wp-content\/uploads\/2022\/01\/4CFF1D01-CDBD-47E5-98FA-831B2D932871-scaled.jpeg","width":1920,"height":2560},{"@type":"BreadcrumbList","@id":"https:\/\/antiqua.mx\/en\/product\/mansour-monica-tuya-mia-de-otros-la-poesia-coloquial-de-mario-benedetti#breadcrumb","itemListElement":[{"@type":"ListItem","position":1,"name":"Portada","item":"https:\/\/antiqua.mx\/en\/"},{"@type":"ListItem","position":2,"name":"Tienda","item":"https:\/\/antiqua.mx\/en\/tienda"},{"@type":"ListItem","position":3,"name":"MANSOUR M\u00d3NICA. TUYA, M\u00cdA, DE OTROS. LA POES\u00cdA COLOQUIAL DE MARIO BENEDETTI"}]},{"@type":"WebSite","@id":"https:\/\/antiqua.mx\/en\/#website","url":"https:\/\/antiqua.mx\/en\/","name":"","description":"","potentialAction":[{"@type":"SearchAction","target":{"@type":"EntryPoint","urlTemplate":"https:\/\/antiqua.mx\/en\/?s={search_term_string}"},"query-input":{"@type":"PropertyValueSpecification","valueRequired":true,"valueName":"search_term_string"}}],"inLanguage":"en-US"}]}},"jetpack_sharing_enabled":true,"_links":{"self":[{"href":"https:\/\/antiqua.mx\/en\/wp-json\/wp\/v2\/product\/11039","targetHints":{"allow":["GET"]}}],"collection":[{"href":"https:\/\/antiqua.mx\/en\/wp-json\/wp\/v2\/product"}],"about":[{"href":"https:\/\/antiqua.mx\/en\/wp-json\/wp\/v2\/types\/product"}],"replies":[{"embeddable":true,"href":"https:\/\/antiqua.mx\/en\/wp-json\/wp\/v2\/comments?post=11039"}],"wp:featuredmedia":[{"embeddable":true,"href":"https:\/\/antiqua.mx\/en\/wp-json\/wp\/v2\/media\/11149"}],"wp:attachment":[{"href":"https:\/\/antiqua.mx\/en\/wp-json\/wp\/v2\/media?parent=11039"}],"wp:term":[{"taxonomy":"product_brand","embeddable":true,"href":"https:\/\/antiqua.mx\/en\/wp-json\/wp\/v2\/product_brand?post=11039"},{"taxonomy":"product_cat","embeddable":true,"href":"https:\/\/antiqua.mx\/en\/wp-json\/wp\/v2\/product_cat?post=11039"},{"taxonomy":"product_tag","embeddable":true,"href":"https:\/\/antiqua.mx\/en\/wp-json\/wp\/v2\/product_tag?post=11039"}],"curies":[{"name":"wp","href":"https:\/\/api.w.org\/{rel}","templated":true}]}}