{"id":11041,"date":"2022-01-19T22:48:42","date_gmt":"2022-01-19T22:48:42","guid":{"rendered":"https:\/\/antiqua.mx\/?post_type=product&#038;p=11041"},"modified":"2022-01-22T07:27:13","modified_gmt":"2022-01-22T07:27:13","slug":"bonifaz-nuno-ruben-as-de-oros","status":"publish","type":"product","link":"https:\/\/antiqua.mx\/en\/product\/bonifaz-nuno-ruben-as-de-oros\/","title":{"rendered":"BONIFAZ NU\u00d1O RUB\u00c9N. AS DE OROS"},"content":{"rendered":"<p><strong>Bonifaz Nu\u00f1o Rub\u00e9n<\/strong><\/p>\n<p>Editorial: Universidad Nacional Aut\u00f3noma de M\u00e9xico<\/p>\n<p>Primera edici\u00f3n mexicana<\/p>\n<p>A\u00f1o 1981<\/p>\n<p>Empastado, en muy buenas condiciones.<\/p>\n<p>El ejemplar est\u00e1 dedicado por el autor a Salvador D\u00edaz C\u00edntora.<\/p>\n<p>Impreso en M\u00e9xico.<\/p>\n<p>86 p\u00e1ginas<\/p>","protected":false},"excerpt":{"rendered":"<ul>\n<li>Editorial: Universidad Nacional Aut\u00f3noma de M\u00e9xico<\/li>\n<li>Primera edici\u00f3n mexicana<\/li>\n<li>A\u00f1o 1981<\/li>\n<li>Empastado, en muy buenas condiciones.<\/li>\n<li>El ejemplar est\u00e1 dedicado por el autor a Salvador D\u00edaz C\u00edntora.<\/li>\n<li>Impreso en M\u00e9xico.<\/li>\n<li>86 p\u00e1ginas<\/li>\n<\/ul>","protected":false},"featured_media":11105,"comment_status":"open","ping_status":"closed","template":"","meta":{"_joinchat":[]},"product_brand":[],"product_cat":[2593,335,451,340],"product_tag":[2670],"class_list":{"0":"post-11041","1":"product","2":"type-product","3":"status-publish","6":"product_cat-dedi","7":"product_cat-literatura","8":"product_cat-otros","9":"product_cat-poesia","10":"product_tag-ruben-bonifaz-nuno","12":"first","13":"instock","14":"featured","15":"taxable","16":"shipping-taxable","17":"purchasable","18":"product-type-simple"},"yoast_head":"<!-- This site is optimized with the Yoast SEO plugin v26.1.1 - https:\/\/yoast.com\/wordpress\/plugins\/seo\/ -->\n<title>BONIFAZ NU\u00d1O RUB\u00c9N. AS DE OROS -<\/title>\n<meta name=\"robots\" content=\"index, follow, max-snippet:-1, max-image-preview:large, max-video-preview:-1\" \/>\n<link rel=\"canonical\" href=\"https:\/\/antiqua.mx\/en\/product\/bonifaz-nuno-ruben-as-de-oros\/\" \/>\n<meta property=\"og:locale\" content=\"en_US\" \/>\n<meta property=\"og:type\" content=\"article\" \/>\n<meta property=\"og:title\" content=\"BONIFAZ NU\u00d1O RUB\u00c9N. AS DE OROS -\" \/>\n<meta property=\"og:description\" content=\"Editorial: Universidad Nacional Aut\u00f3noma de M\u00e9xico  Primera edici\u00f3n mexicana  A\u00f1o 1981  Empastado, en muy buenas condiciones.  El ejemplar est\u00e1 dedicado por el autor a Salvador D\u00edaz C\u00edntora.  Impreso en M\u00e9xico.  86 p\u00e1ginas\" \/>\n<meta property=\"og:url\" content=\"https:\/\/antiqua.mx\/en\/product\/bonifaz-nuno-ruben-as-de-oros\/\" \/>\n<meta property=\"article:modified_time\" content=\"2022-01-22T07:27:13+00:00\" \/>\n<meta property=\"og:image\" content=\"https:\/\/antiqua.mx\/wp-content\/uploads\/2022\/01\/120AA718-A51E-43BD-B8A9-AC9EEF6AEF0B-scaled.jpeg\" \/>\n\t<meta property=\"og:image:width\" content=\"1920\" \/>\n\t<meta property=\"og:image:height\" content=\"2560\" \/>\n\t<meta property=\"og:image:type\" content=\"image\/jpeg\" \/>\n<meta name=\"twitter:card\" content=\"summary_large_image\" \/>\n<script type=\"application\/ld+json\" class=\"yoast-schema-graph\">{\"@context\":\"https:\/\/schema.org\",\"@graph\":[{\"@type\":\"WebPage\",\"@id\":\"https:\/\/antiqua.mx\/producto\/bonifaz-nuno-ruben-as-de-oros\/\",\"url\":\"https:\/\/antiqua.mx\/producto\/bonifaz-nuno-ruben-as-de-oros\/\",\"name\":\"BONIFAZ NU\u00d1O RUB\u00c9N. AS DE OROS -\",\"isPartOf\":{\"@id\":\"https:\/\/antiqua.mx\/en\/#website\"},\"primaryImageOfPage\":{\"@id\":\"https:\/\/antiqua.mx\/producto\/bonifaz-nuno-ruben-as-de-oros\/#primaryimage\"},\"image\":{\"@id\":\"https:\/\/antiqua.mx\/producto\/bonifaz-nuno-ruben-as-de-oros\/#primaryimage\"},\"thumbnailUrl\":\"https:\/\/antiqua.mx\/wp-content\/uploads\/2022\/01\/120AA718-A51E-43BD-B8A9-AC9EEF6AEF0B-scaled.jpeg\",\"datePublished\":\"2022-01-19T22:48:42+00:00\",\"dateModified\":\"2022-01-22T07:27:13+00:00\",\"breadcrumb\":{\"@id\":\"https:\/\/antiqua.mx\/producto\/bonifaz-nuno-ruben-as-de-oros\/#breadcrumb\"},\"inLanguage\":\"en-US\",\"potentialAction\":[{\"@type\":\"ReadAction\",\"target\":[\"https:\/\/antiqua.mx\/producto\/bonifaz-nuno-ruben-as-de-oros\/\"]}]},{\"@type\":\"ImageObject\",\"inLanguage\":\"en-US\",\"@id\":\"https:\/\/antiqua.mx\/producto\/bonifaz-nuno-ruben-as-de-oros\/#primaryimage\",\"url\":\"https:\/\/antiqua.mx\/wp-content\/uploads\/2022\/01\/120AA718-A51E-43BD-B8A9-AC9EEF6AEF0B-scaled.jpeg\",\"contentUrl\":\"https:\/\/antiqua.mx\/wp-content\/uploads\/2022\/01\/120AA718-A51E-43BD-B8A9-AC9EEF6AEF0B-scaled.jpeg\",\"width\":1920,\"height\":2560},{\"@type\":\"BreadcrumbList\",\"@id\":\"https:\/\/antiqua.mx\/producto\/bonifaz-nuno-ruben-as-de-oros\/#breadcrumb\",\"itemListElement\":[{\"@type\":\"ListItem\",\"position\":1,\"name\":\"Portada\",\"item\":\"https:\/\/antiqua.mx\/en\/\"},{\"@type\":\"ListItem\",\"position\":2,\"name\":\"Tienda\",\"item\":\"https:\/\/antiqua.mx\/tienda\/\"},{\"@type\":\"ListItem\",\"position\":3,\"name\":\"BONIFAZ NU\u00d1O RUB\u00c9N. AS DE OROS\"}]},{\"@type\":\"WebSite\",\"@id\":\"https:\/\/antiqua.mx\/en\/#website\",\"url\":\"https:\/\/antiqua.mx\/en\/\",\"name\":\"\",\"description\":\"\",\"potentialAction\":[{\"@type\":\"SearchAction\",\"target\":{\"@type\":\"EntryPoint\",\"urlTemplate\":\"https:\/\/antiqua.mx\/en\/?s={search_term_string}\"},\"query-input\":{\"@type\":\"PropertyValueSpecification\",\"valueRequired\":true,\"valueName\":\"search_term_string\"}}],\"inLanguage\":\"en-US\"}]}<\/script>\n<!-- \/ Yoast SEO plugin. -->","yoast_head_json":{"title":"BONIFAZ NU\u00d1O RUB\u00c9N. AS DE OROS -","robots":{"index":"index","follow":"follow","max-snippet":"max-snippet:-1","max-image-preview":"max-image-preview:large","max-video-preview":"max-video-preview:-1"},"canonical":"https:\/\/antiqua.mx\/en\/product\/bonifaz-nuno-ruben-as-de-oros\/","og_locale":"en_US","og_type":"article","og_title":"BONIFAZ NU\u00d1O RUB\u00c9N. AS DE OROS -","og_description":"Editorial: Universidad Nacional Aut\u00f3noma de M\u00e9xico  Primera edici\u00f3n mexicana  A\u00f1o 1981  Empastado, en muy buenas condiciones.  El ejemplar est\u00e1 dedicado por el autor a Salvador D\u00edaz C\u00edntora.  Impreso en M\u00e9xico.  86 p\u00e1ginas","og_url":"https:\/\/antiqua.mx\/en\/product\/bonifaz-nuno-ruben-as-de-oros\/","article_modified_time":"2022-01-22T07:27:13+00:00","og_image":[{"width":1920,"height":2560,"url":"https:\/\/antiqua.mx\/wp-content\/uploads\/2022\/01\/120AA718-A51E-43BD-B8A9-AC9EEF6AEF0B-scaled.jpeg","type":"image\/jpeg"}],"twitter_card":"summary_large_image","schema":{"@context":"https:\/\/schema.org","@graph":[{"@type":"WebPage","@id":"https:\/\/antiqua.mx\/producto\/bonifaz-nuno-ruben-as-de-oros\/","url":"https:\/\/antiqua.mx\/producto\/bonifaz-nuno-ruben-as-de-oros\/","name":"BONIFAZ NU\u00d1O RUB\u00c9N. AS DE OROS -","isPartOf":{"@id":"https:\/\/antiqua.mx\/en\/#website"},"primaryImageOfPage":{"@id":"https:\/\/antiqua.mx\/producto\/bonifaz-nuno-ruben-as-de-oros\/#primaryimage"},"image":{"@id":"https:\/\/antiqua.mx\/producto\/bonifaz-nuno-ruben-as-de-oros\/#primaryimage"},"thumbnailUrl":"https:\/\/antiqua.mx\/wp-content\/uploads\/2022\/01\/120AA718-A51E-43BD-B8A9-AC9EEF6AEF0B-scaled.jpeg","datePublished":"2022-01-19T22:48:42+00:00","dateModified":"2022-01-22T07:27:13+00:00","breadcrumb":{"@id":"https:\/\/antiqua.mx\/producto\/bonifaz-nuno-ruben-as-de-oros\/#breadcrumb"},"inLanguage":"en-US","potentialAction":[{"@type":"ReadAction","target":["https:\/\/antiqua.mx\/producto\/bonifaz-nuno-ruben-as-de-oros\/"]}]},{"@type":"ImageObject","inLanguage":"en-US","@id":"https:\/\/antiqua.mx\/producto\/bonifaz-nuno-ruben-as-de-oros\/#primaryimage","url":"https:\/\/antiqua.mx\/wp-content\/uploads\/2022\/01\/120AA718-A51E-43BD-B8A9-AC9EEF6AEF0B-scaled.jpeg","contentUrl":"https:\/\/antiqua.mx\/wp-content\/uploads\/2022\/01\/120AA718-A51E-43BD-B8A9-AC9EEF6AEF0B-scaled.jpeg","width":1920,"height":2560},{"@type":"BreadcrumbList","@id":"https:\/\/antiqua.mx\/producto\/bonifaz-nuno-ruben-as-de-oros\/#breadcrumb","itemListElement":[{"@type":"ListItem","position":1,"name":"Portada","item":"https:\/\/antiqua.mx\/en\/"},{"@type":"ListItem","position":2,"name":"Tienda","item":"https:\/\/antiqua.mx\/tienda\/"},{"@type":"ListItem","position":3,"name":"BONIFAZ NU\u00d1O RUB\u00c9N. AS DE OROS"}]},{"@type":"WebSite","@id":"https:\/\/antiqua.mx\/en\/#website","url":"https:\/\/antiqua.mx\/en\/","name":"","description":"","potentialAction":[{"@type":"SearchAction","target":{"@type":"EntryPoint","urlTemplate":"https:\/\/antiqua.mx\/en\/?s={search_term_string}"},"query-input":{"@type":"PropertyValueSpecification","valueRequired":true,"valueName":"search_term_string"}}],"inLanguage":"en-US"}]}},"jetpack_sharing_enabled":true,"_links":{"self":[{"href":"https:\/\/antiqua.mx\/en\/wp-json\/wp\/v2\/product\/11041","targetHints":{"allow":["GET"]}}],"collection":[{"href":"https:\/\/antiqua.mx\/en\/wp-json\/wp\/v2\/product"}],"about":[{"href":"https:\/\/antiqua.mx\/en\/wp-json\/wp\/v2\/types\/product"}],"replies":[{"embeddable":true,"href":"https:\/\/antiqua.mx\/en\/wp-json\/wp\/v2\/comments?post=11041"}],"wp:featuredmedia":[{"embeddable":true,"href":"https:\/\/antiqua.mx\/en\/wp-json\/wp\/v2\/media\/11105"}],"wp:attachment":[{"href":"https:\/\/antiqua.mx\/en\/wp-json\/wp\/v2\/media?parent=11041"}],"wp:term":[{"taxonomy":"product_brand","embeddable":true,"href":"https:\/\/antiqua.mx\/en\/wp-json\/wp\/v2\/product_brand?post=11041"},{"taxonomy":"product_cat","embeddable":true,"href":"https:\/\/antiqua.mx\/en\/wp-json\/wp\/v2\/product_cat?post=11041"},{"taxonomy":"product_tag","embeddable":true,"href":"https:\/\/antiqua.mx\/en\/wp-json\/wp\/v2\/product_tag?post=11041"}],"curies":[{"name":"wp","href":"https:\/\/api.w.org\/{rel}","templated":true}]}}