{"id":11060,"date":"2022-01-20T23:57:41","date_gmt":"2022-01-20T23:57:41","guid":{"rendered":"https:\/\/antiqua.mx\/?post_type=product&#038;p=11060"},"modified":"2022-01-24T18:27:34","modified_gmt":"2022-01-24T18:27:34","slug":"anguiano-valadez-adolfo-poemas-y-cantares","status":"publish","type":"product","link":"https:\/\/antiqua.mx\/en\/product\/anguiano-valadez-adolfo-poemas-y-cantares\/","title":{"rendered":"ANGUIANO VALADEZ ADOLFO. POEMAS Y CANTARES"},"content":{"rendered":"<p><strong>Anguiano Valadez Adolfo<\/strong><\/p>\n<p>Primera edici\u00f3n<\/p>\n<p>A\u00f1o 1956<\/p>\n<p>R\u00fastico, en buenas condiciones. En la primera p\u00e1gina tiene un sello &#8220;REM. JARDIN DEL LIBRO. Venta de libros por &#8230;&#8221;<\/p>\n<p>Ilustraciones de Rafael Vazquez Castro.<\/p>\n<p>El ejemplar est\u00e1 dedicado por el autor.<\/p>\n<p>Impreso en M\u00e9xico.<\/p>\n<p>54 p\u00e1ginas<\/p>","protected":false},"excerpt":{"rendered":"<ul>\n<li>Primera edici\u00f3n<\/li>\n<li>A\u00f1o 1956<\/li>\n<li>R\u00fastico, en buenas condiciones.<\/li>\n<li>En la primera p\u00e1gina tiene un sello &#8220;REM. JARDIN DEL LIBRO. Venta de libros por &#8230;&#8221;<\/li>\n<li>Ilustraciones de Rafael Vazquez Castro.<\/li>\n<li>El ejemplar est\u00e1 dedicado por el autor.<\/li>\n<li>Impreso en M\u00e9xico.<\/li>\n<li>54 p\u00e1ginas<\/li>\n<\/ul>","protected":false},"featured_media":0,"comment_status":"open","ping_status":"closed","template":"","meta":{"_joinchat":[]},"product_brand":[],"product_cat":[335,340],"product_tag":[2690,2691],"class_list":{"1":"product","2":"type-product","3":"status-publish","5":"product_cat-literatura","6":"product_cat-poesia","7":"product_tag-adolfo-anguiano-valadez","8":"product_tag-rafael-vazquez-castro","10":"first","11":"instock","12":"featured","13":"taxable","14":"shipping-taxable","15":"purchasable","16":"product-type-simple"},"yoast_head":"<!-- This site is optimized with the Yoast SEO plugin v26.1.1 - https:\/\/yoast.com\/wordpress\/plugins\/seo\/ -->\n<title>ANGUIANO VALADEZ ADOLFO. POEMAS Y CANTARES -<\/title>\n<meta name=\"robots\" content=\"index, follow, max-snippet:-1, max-image-preview:large, max-video-preview:-1\" \/>\n<link rel=\"canonical\" href=\"https:\/\/antiqua.mx\/en\/product\/anguiano-valadez-adolfo-poemas-y-cantares\/\" \/>\n<meta property=\"og:locale\" content=\"en_US\" \/>\n<meta property=\"og:type\" content=\"article\" \/>\n<meta property=\"og:title\" content=\"ANGUIANO VALADEZ ADOLFO. POEMAS Y CANTARES -\" \/>\n<meta property=\"og:description\" content=\"Primera edici\u00f3n  A\u00f1o 1956  R\u00fastico, en buenas condiciones.  En la primera p\u00e1gina tiene un sello &quot;REM. JARDIN DEL LIBRO. Venta de libros por ...&quot;  Ilustraciones de Rafael Vazquez Castro.  El ejemplar est\u00e1 dedicado por el autor.  Impreso en M\u00e9xico.  54 p\u00e1ginas\" \/>\n<meta property=\"og:url\" content=\"https:\/\/antiqua.mx\/en\/product\/anguiano-valadez-adolfo-poemas-y-cantares\/\" \/>\n<meta property=\"article:modified_time\" content=\"2022-01-24T18:27:34+00:00\" \/>\n<meta name=\"twitter:card\" content=\"summary_large_image\" \/>\n<script type=\"application\/ld+json\" class=\"yoast-schema-graph\">{\"@context\":\"https:\/\/schema.org\",\"@graph\":[{\"@type\":\"WebPage\",\"@id\":\"https:\/\/antiqua.mx\/producto\/anguiano-valadez-adolfo-poemas-y-cantares\/\",\"url\":\"https:\/\/antiqua.mx\/producto\/anguiano-valadez-adolfo-poemas-y-cantares\/\",\"name\":\"ANGUIANO VALADEZ ADOLFO. POEMAS Y CANTARES -\",\"isPartOf\":{\"@id\":\"https:\/\/antiqua.mx\/en\/#website\"},\"datePublished\":\"2022-01-20T23:57:41+00:00\",\"dateModified\":\"2022-01-24T18:27:34+00:00\",\"breadcrumb\":{\"@id\":\"https:\/\/antiqua.mx\/producto\/anguiano-valadez-adolfo-poemas-y-cantares\/#breadcrumb\"},\"inLanguage\":\"en-US\",\"potentialAction\":[{\"@type\":\"ReadAction\",\"target\":[\"https:\/\/antiqua.mx\/producto\/anguiano-valadez-adolfo-poemas-y-cantares\/\"]}]},{\"@type\":\"BreadcrumbList\",\"@id\":\"https:\/\/antiqua.mx\/producto\/anguiano-valadez-adolfo-poemas-y-cantares\/#breadcrumb\",\"itemListElement\":[{\"@type\":\"ListItem\",\"position\":1,\"name\":\"Portada\",\"item\":\"https:\/\/antiqua.mx\/en\/\"},{\"@type\":\"ListItem\",\"position\":2,\"name\":\"Tienda\",\"item\":\"https:\/\/antiqua.mx\/tienda\/\"},{\"@type\":\"ListItem\",\"position\":3,\"name\":\"ANGUIANO VALADEZ ADOLFO. POEMAS Y CANTARES\"}]},{\"@type\":\"WebSite\",\"@id\":\"https:\/\/antiqua.mx\/en\/#website\",\"url\":\"https:\/\/antiqua.mx\/en\/\",\"name\":\"\",\"description\":\"\",\"potentialAction\":[{\"@type\":\"SearchAction\",\"target\":{\"@type\":\"EntryPoint\",\"urlTemplate\":\"https:\/\/antiqua.mx\/en\/?s={search_term_string}\"},\"query-input\":{\"@type\":\"PropertyValueSpecification\",\"valueRequired\":true,\"valueName\":\"search_term_string\"}}],\"inLanguage\":\"en-US\"}]}<\/script>\n<!-- \/ Yoast SEO plugin. -->","yoast_head_json":{"title":"ANGUIANO VALADEZ ADOLFO. POEMAS Y CANTARES -","robots":{"index":"index","follow":"follow","max-snippet":"max-snippet:-1","max-image-preview":"max-image-preview:large","max-video-preview":"max-video-preview:-1"},"canonical":"https:\/\/antiqua.mx\/en\/product\/anguiano-valadez-adolfo-poemas-y-cantares\/","og_locale":"en_US","og_type":"article","og_title":"ANGUIANO VALADEZ ADOLFO. POEMAS Y CANTARES -","og_description":"Primera edici\u00f3n  A\u00f1o 1956  R\u00fastico, en buenas condiciones.  En la primera p\u00e1gina tiene un sello \"REM. JARDIN DEL LIBRO. Venta de libros por ...\"  Ilustraciones de Rafael Vazquez Castro.  El ejemplar est\u00e1 dedicado por el autor.  Impreso en M\u00e9xico.  54 p\u00e1ginas","og_url":"https:\/\/antiqua.mx\/en\/product\/anguiano-valadez-adolfo-poemas-y-cantares\/","article_modified_time":"2022-01-24T18:27:34+00:00","twitter_card":"summary_large_image","schema":{"@context":"https:\/\/schema.org","@graph":[{"@type":"WebPage","@id":"https:\/\/antiqua.mx\/producto\/anguiano-valadez-adolfo-poemas-y-cantares\/","url":"https:\/\/antiqua.mx\/producto\/anguiano-valadez-adolfo-poemas-y-cantares\/","name":"ANGUIANO VALADEZ ADOLFO. POEMAS Y CANTARES -","isPartOf":{"@id":"https:\/\/antiqua.mx\/en\/#website"},"datePublished":"2022-01-20T23:57:41+00:00","dateModified":"2022-01-24T18:27:34+00:00","breadcrumb":{"@id":"https:\/\/antiqua.mx\/producto\/anguiano-valadez-adolfo-poemas-y-cantares\/#breadcrumb"},"inLanguage":"en-US","potentialAction":[{"@type":"ReadAction","target":["https:\/\/antiqua.mx\/producto\/anguiano-valadez-adolfo-poemas-y-cantares\/"]}]},{"@type":"BreadcrumbList","@id":"https:\/\/antiqua.mx\/producto\/anguiano-valadez-adolfo-poemas-y-cantares\/#breadcrumb","itemListElement":[{"@type":"ListItem","position":1,"name":"Portada","item":"https:\/\/antiqua.mx\/en\/"},{"@type":"ListItem","position":2,"name":"Tienda","item":"https:\/\/antiqua.mx\/tienda\/"},{"@type":"ListItem","position":3,"name":"ANGUIANO VALADEZ ADOLFO. POEMAS Y CANTARES"}]},{"@type":"WebSite","@id":"https:\/\/antiqua.mx\/en\/#website","url":"https:\/\/antiqua.mx\/en\/","name":"","description":"","potentialAction":[{"@type":"SearchAction","target":{"@type":"EntryPoint","urlTemplate":"https:\/\/antiqua.mx\/en\/?s={search_term_string}"},"query-input":{"@type":"PropertyValueSpecification","valueRequired":true,"valueName":"search_term_string"}}],"inLanguage":"en-US"}]}},"jetpack_sharing_enabled":true,"_links":{"self":[{"href":"https:\/\/antiqua.mx\/en\/wp-json\/wp\/v2\/product\/11060","targetHints":{"allow":["GET"]}}],"collection":[{"href":"https:\/\/antiqua.mx\/en\/wp-json\/wp\/v2\/product"}],"about":[{"href":"https:\/\/antiqua.mx\/en\/wp-json\/wp\/v2\/types\/product"}],"replies":[{"embeddable":true,"href":"https:\/\/antiqua.mx\/en\/wp-json\/wp\/v2\/comments?post=11060"}],"wp:attachment":[{"href":"https:\/\/antiqua.mx\/en\/wp-json\/wp\/v2\/media?parent=11060"}],"wp:term":[{"taxonomy":"product_brand","embeddable":true,"href":"https:\/\/antiqua.mx\/en\/wp-json\/wp\/v2\/product_brand?post=11060"},{"taxonomy":"product_cat","embeddable":true,"href":"https:\/\/antiqua.mx\/en\/wp-json\/wp\/v2\/product_cat?post=11060"},{"taxonomy":"product_tag","embeddable":true,"href":"https:\/\/antiqua.mx\/en\/wp-json\/wp\/v2\/product_tag?post=11060"}],"curies":[{"name":"wp","href":"https:\/\/api.w.org\/{rel}","templated":true}]}}