{"id":11063,"date":"2022-01-21T00:19:45","date_gmt":"2022-01-21T00:19:45","guid":{"rendered":"https:\/\/antiqua.mx\/?post_type=product&#038;p=11063"},"modified":"2022-01-24T17:52:48","modified_gmt":"2022-01-24T17:52:48","slug":"cernuda-luis-la-realidad-y-el-deseo-1924-1956","status":"publish","type":"product","link":"https:\/\/antiqua.mx\/en\/product\/cernuda-luis-la-realidad-y-el-deseo-1924-1956","title":{"rendered":"CERNUDA LUIS. LA REALIDAD Y EL DESEO (1924-1956)"},"content":{"rendered":"<p><strong>Cernuda Luis<\/strong><\/p>\n<p>Editorial: Fondo de Cultura Econ\u00f3mica \/ TEZONTLE<\/p>\n<p>Primera edici\u00f3n<\/p>\n<p>A\u00f1o 2002<\/p>\n<p>R\u00fastico, en buenas condiciones. El ejemplar est\u00e1 intonso.<\/p>\n<p>Edici\u00f3n conmemorativa. Facs\u00edmil de la tercera edici\u00f3n de 1958.<\/p>\n<p>Nota preliminar de Francisco Brines.<\/p>\n<p>Impreso en Espa\u00f1a.<\/p>\n<p>334 p\u00e1ginas<\/p>\n<p>&nbsp;<\/p>","protected":false},"excerpt":{"rendered":"<ul>\n<li>Editorial: Fondo de Cultura Econ\u00f3mica \/ TEZONTLE<\/li>\n<li>Primera edici\u00f3n<\/li>\n<li>A\u00f1o 2002<\/li>\n<li>R\u00fastico, en buenas condiciones. El ejemplar est\u00e1 intonso.<\/li>\n<li>Edici\u00f3n conmemorativa. Facs\u00edmil de la tercera edici\u00f3n de 1958.<\/li>\n<li>Nota preliminar de Francisco Brines.<\/li>\n<li>Impreso en Espa\u00f1a.<\/li>\n<li>334 p\u00e1ginas<\/li>\n<\/ul>","protected":false},"featured_media":11446,"comment_status":"open","ping_status":"closed","template":"","meta":{"_joinchat":[]},"product_brand":[],"product_cat":[335,340],"product_tag":[2625,2451],"class_list":{"0":"post-11063","1":"product","2":"type-product","3":"status-publish","6":"product_cat-literatura","7":"product_cat-poesia","8":"product_tag-generacion-del-27","9":"product_tag-luis-cernuda","11":"first","12":"instock","13":"featured","14":"taxable","15":"shipping-taxable","16":"purchasable","17":"product-type-simple"},"yoast_head":"<!-- This site is optimized with the Yoast SEO plugin v26.1.1 - https:\/\/yoast.com\/wordpress\/plugins\/seo\/ -->\n<title>CERNUDA LUIS. LA REALIDAD Y EL DESEO (1924-1956) -<\/title>\n<meta name=\"robots\" content=\"index, follow, max-snippet:-1, max-image-preview:large, max-video-preview:-1\" \/>\n<link rel=\"canonical\" href=\"https:\/\/antiqua.mx\/en\/product\/cernuda-luis-la-realidad-y-el-deseo-1924-1956\" \/>\n<meta property=\"og:locale\" content=\"en_US\" \/>\n<meta property=\"og:type\" content=\"article\" \/>\n<meta property=\"og:title\" content=\"CERNUDA LUIS. LA REALIDAD Y EL DESEO (1924-1956) -\" \/>\n<meta property=\"og:description\" content=\"Editorial: Fondo de Cultura Econ\u00f3mica \/ TEZONTLE  Primera edici\u00f3n  A\u00f1o 2002  R\u00fastico, en buenas condiciones. El ejemplar est\u00e1 intonso.  Edici\u00f3n conmemorativa. Facs\u00edmil de la tercera edici\u00f3n de 1958.  Nota preliminar de Francisco Brines.  Impreso en Espa\u00f1a.  334 p\u00e1ginas\" \/>\n<meta property=\"og:url\" content=\"https:\/\/antiqua.mx\/en\/product\/cernuda-luis-la-realidad-y-el-deseo-1924-1956\" \/>\n<meta property=\"article:modified_time\" content=\"2022-01-24T17:52:48+00:00\" \/>\n<meta property=\"og:image\" content=\"https:\/\/antiqua.mx\/wp-content\/uploads\/2022\/01\/3ADBCA74-35DC-44FC-8441-1093AF139360-scaled.jpeg\" \/>\n\t<meta property=\"og:image:width\" content=\"1920\" \/>\n\t<meta property=\"og:image:height\" content=\"2560\" \/>\n\t<meta property=\"og:image:type\" content=\"image\/jpeg\" \/>\n<meta name=\"twitter:card\" content=\"summary_large_image\" \/>\n<script type=\"application\/ld+json\" class=\"yoast-schema-graph\">{\"@context\":\"https:\/\/schema.org\",\"@graph\":[{\"@type\":\"WebPage\",\"@id\":\"https:\/\/antiqua.mx\/en\/product\/cernuda-luis-la-realidad-y-el-deseo-1924-1956\",\"url\":\"https:\/\/antiqua.mx\/en\/product\/cernuda-luis-la-realidad-y-el-deseo-1924-1956\",\"name\":\"CERNUDA LUIS. LA REALIDAD Y EL DESEO (1924-1956) -\",\"isPartOf\":{\"@id\":\"https:\/\/antiqua.mx\/en\/#website\"},\"primaryImageOfPage\":{\"@id\":\"https:\/\/antiqua.mx\/en\/product\/cernuda-luis-la-realidad-y-el-deseo-1924-1956#primaryimage\"},\"image\":{\"@id\":\"https:\/\/antiqua.mx\/en\/product\/cernuda-luis-la-realidad-y-el-deseo-1924-1956#primaryimage\"},\"thumbnailUrl\":\"https:\/\/antiqua.mx\/wp-content\/uploads\/2022\/01\/3ADBCA74-35DC-44FC-8441-1093AF139360-scaled.jpeg\",\"datePublished\":\"2022-01-21T00:19:45+00:00\",\"dateModified\":\"2022-01-24T17:52:48+00:00\",\"breadcrumb\":{\"@id\":\"https:\/\/antiqua.mx\/en\/product\/cernuda-luis-la-realidad-y-el-deseo-1924-1956#breadcrumb\"},\"inLanguage\":\"en-US\",\"potentialAction\":[{\"@type\":\"ReadAction\",\"target\":[\"https:\/\/antiqua.mx\/en\/product\/cernuda-luis-la-realidad-y-el-deseo-1924-1956\"]}]},{\"@type\":\"ImageObject\",\"inLanguage\":\"en-US\",\"@id\":\"https:\/\/antiqua.mx\/en\/product\/cernuda-luis-la-realidad-y-el-deseo-1924-1956#primaryimage\",\"url\":\"https:\/\/antiqua.mx\/wp-content\/uploads\/2022\/01\/3ADBCA74-35DC-44FC-8441-1093AF139360-scaled.jpeg\",\"contentUrl\":\"https:\/\/antiqua.mx\/wp-content\/uploads\/2022\/01\/3ADBCA74-35DC-44FC-8441-1093AF139360-scaled.jpeg\",\"width\":1920,\"height\":2560},{\"@type\":\"BreadcrumbList\",\"@id\":\"https:\/\/antiqua.mx\/en\/product\/cernuda-luis-la-realidad-y-el-deseo-1924-1956#breadcrumb\",\"itemListElement\":[{\"@type\":\"ListItem\",\"position\":1,\"name\":\"Portada\",\"item\":\"https:\/\/antiqua.mx\/en\/\"},{\"@type\":\"ListItem\",\"position\":2,\"name\":\"Tienda\",\"item\":\"https:\/\/antiqua.mx\/en\/tienda\"},{\"@type\":\"ListItem\",\"position\":3,\"name\":\"CERNUDA LUIS. LA REALIDAD Y EL DESEO (1924-1956)\"}]},{\"@type\":\"WebSite\",\"@id\":\"https:\/\/antiqua.mx\/en\/#website\",\"url\":\"https:\/\/antiqua.mx\/en\/\",\"name\":\"\",\"description\":\"\",\"potentialAction\":[{\"@type\":\"SearchAction\",\"target\":{\"@type\":\"EntryPoint\",\"urlTemplate\":\"https:\/\/antiqua.mx\/en\/?s={search_term_string}\"},\"query-input\":{\"@type\":\"PropertyValueSpecification\",\"valueRequired\":true,\"valueName\":\"search_term_string\"}}],\"inLanguage\":\"en-US\"}]}<\/script>\n<!-- \/ Yoast SEO plugin. -->","yoast_head_json":{"title":"CERNUDA LUIS. LA REALIDAD Y EL DESEO (1924-1956) -","robots":{"index":"index","follow":"follow","max-snippet":"max-snippet:-1","max-image-preview":"max-image-preview:large","max-video-preview":"max-video-preview:-1"},"canonical":"https:\/\/antiqua.mx\/en\/product\/cernuda-luis-la-realidad-y-el-deseo-1924-1956","og_locale":"en_US","og_type":"article","og_title":"CERNUDA LUIS. LA REALIDAD Y EL DESEO (1924-1956) -","og_description":"Editorial: Fondo de Cultura Econ\u00f3mica \/ TEZONTLE  Primera edici\u00f3n  A\u00f1o 2002  R\u00fastico, en buenas condiciones. El ejemplar est\u00e1 intonso.  Edici\u00f3n conmemorativa. Facs\u00edmil de la tercera edici\u00f3n de 1958.  Nota preliminar de Francisco Brines.  Impreso en Espa\u00f1a.  334 p\u00e1ginas","og_url":"https:\/\/antiqua.mx\/en\/product\/cernuda-luis-la-realidad-y-el-deseo-1924-1956","article_modified_time":"2022-01-24T17:52:48+00:00","og_image":[{"width":1920,"height":2560,"url":"https:\/\/antiqua.mx\/wp-content\/uploads\/2022\/01\/3ADBCA74-35DC-44FC-8441-1093AF139360-scaled.jpeg","type":"image\/jpeg"}],"twitter_card":"summary_large_image","schema":{"@context":"https:\/\/schema.org","@graph":[{"@type":"WebPage","@id":"https:\/\/antiqua.mx\/en\/product\/cernuda-luis-la-realidad-y-el-deseo-1924-1956","url":"https:\/\/antiqua.mx\/en\/product\/cernuda-luis-la-realidad-y-el-deseo-1924-1956","name":"CERNUDA LUIS. LA REALIDAD Y EL DESEO (1924-1956) -","isPartOf":{"@id":"https:\/\/antiqua.mx\/en\/#website"},"primaryImageOfPage":{"@id":"https:\/\/antiqua.mx\/en\/product\/cernuda-luis-la-realidad-y-el-deseo-1924-1956#primaryimage"},"image":{"@id":"https:\/\/antiqua.mx\/en\/product\/cernuda-luis-la-realidad-y-el-deseo-1924-1956#primaryimage"},"thumbnailUrl":"https:\/\/antiqua.mx\/wp-content\/uploads\/2022\/01\/3ADBCA74-35DC-44FC-8441-1093AF139360-scaled.jpeg","datePublished":"2022-01-21T00:19:45+00:00","dateModified":"2022-01-24T17:52:48+00:00","breadcrumb":{"@id":"https:\/\/antiqua.mx\/en\/product\/cernuda-luis-la-realidad-y-el-deseo-1924-1956#breadcrumb"},"inLanguage":"en-US","potentialAction":[{"@type":"ReadAction","target":["https:\/\/antiqua.mx\/en\/product\/cernuda-luis-la-realidad-y-el-deseo-1924-1956"]}]},{"@type":"ImageObject","inLanguage":"en-US","@id":"https:\/\/antiqua.mx\/en\/product\/cernuda-luis-la-realidad-y-el-deseo-1924-1956#primaryimage","url":"https:\/\/antiqua.mx\/wp-content\/uploads\/2022\/01\/3ADBCA74-35DC-44FC-8441-1093AF139360-scaled.jpeg","contentUrl":"https:\/\/antiqua.mx\/wp-content\/uploads\/2022\/01\/3ADBCA74-35DC-44FC-8441-1093AF139360-scaled.jpeg","width":1920,"height":2560},{"@type":"BreadcrumbList","@id":"https:\/\/antiqua.mx\/en\/product\/cernuda-luis-la-realidad-y-el-deseo-1924-1956#breadcrumb","itemListElement":[{"@type":"ListItem","position":1,"name":"Portada","item":"https:\/\/antiqua.mx\/en\/"},{"@type":"ListItem","position":2,"name":"Tienda","item":"https:\/\/antiqua.mx\/en\/tienda"},{"@type":"ListItem","position":3,"name":"CERNUDA LUIS. LA REALIDAD Y EL DESEO (1924-1956)"}]},{"@type":"WebSite","@id":"https:\/\/antiqua.mx\/en\/#website","url":"https:\/\/antiqua.mx\/en\/","name":"","description":"","potentialAction":[{"@type":"SearchAction","target":{"@type":"EntryPoint","urlTemplate":"https:\/\/antiqua.mx\/en\/?s={search_term_string}"},"query-input":{"@type":"PropertyValueSpecification","valueRequired":true,"valueName":"search_term_string"}}],"inLanguage":"en-US"}]}},"jetpack_sharing_enabled":true,"_links":{"self":[{"href":"https:\/\/antiqua.mx\/en\/wp-json\/wp\/v2\/product\/11063","targetHints":{"allow":["GET"]}}],"collection":[{"href":"https:\/\/antiqua.mx\/en\/wp-json\/wp\/v2\/product"}],"about":[{"href":"https:\/\/antiqua.mx\/en\/wp-json\/wp\/v2\/types\/product"}],"replies":[{"embeddable":true,"href":"https:\/\/antiqua.mx\/en\/wp-json\/wp\/v2\/comments?post=11063"}],"wp:featuredmedia":[{"embeddable":true,"href":"https:\/\/antiqua.mx\/en\/wp-json\/wp\/v2\/media\/11446"}],"wp:attachment":[{"href":"https:\/\/antiqua.mx\/en\/wp-json\/wp\/v2\/media?parent=11063"}],"wp:term":[{"taxonomy":"product_brand","embeddable":true,"href":"https:\/\/antiqua.mx\/en\/wp-json\/wp\/v2\/product_brand?post=11063"},{"taxonomy":"product_cat","embeddable":true,"href":"https:\/\/antiqua.mx\/en\/wp-json\/wp\/v2\/product_cat?post=11063"},{"taxonomy":"product_tag","embeddable":true,"href":"https:\/\/antiqua.mx\/en\/wp-json\/wp\/v2\/product_tag?post=11063"}],"curies":[{"name":"wp","href":"https:\/\/api.w.org\/{rel}","templated":true}]}}