{"id":11080,"date":"2022-01-22T01:37:04","date_gmt":"2022-01-22T01:37:04","guid":{"rendered":"https:\/\/antiqua.mx\/?post_type=product&#038;p=11080"},"modified":"2026-02-15T05:56:55","modified_gmt":"2026-02-15T05:56:55","slug":"100-poemas-mexicanos-en-papel-revolucion","status":"publish","type":"product","link":"https:\/\/antiqua.mx\/en\/product\/100-poemas-mexicanos-en-papel-revolucion\/","title":{"rendered":"100 POEMAS MEXICANOS EN PAPEL REVOLUCI\u00d3N"},"content":{"rendered":"<p>Editorial: Gobierno del Distrito Federal \/ Secretar\u00eda de Educaci\u00f3n de Distrito Federal<\/p>\n<p>Primera edici\u00f3n<\/p>\n<p>A\u00f1o 2008<\/p>\n<p>R\u00fastico, en muy buenas condiciones.<\/p>\n<p>Susana Cato, Fernando Ordu\u00f1a y Armando Ponce son los antologadores.<\/p>\n<p>Ilustraciones de Claudia Chapou.<\/p>\n<p>Impreso en M\u00e9xico.<\/p>\n<p>317 p\u00e1ginas<\/p>","protected":false},"excerpt":{"rendered":"<ul>\n<li>Editorial: Gobierno del Distrito Federal \/ Secretar\u00eda de Educaci\u00f3n de Distrito Federal<\/li>\n<li>Primera edici\u00f3n<\/li>\n<li>A\u00f1o 2008<\/li>\n<li>R\u00fastico, en muy buenas condiciones.<\/li>\n<li>Susana Cato, Fernando Ordu\u00f1a y Armando Ponce son los antologadores.<\/li>\n<li>Ilustraciones de Claudia Chapou.<\/li>\n<li>Impreso en M\u00e9xico.<\/li>\n<li>317 p\u00e1ginas<\/li>\n<\/ul>","protected":false},"featured_media":11748,"comment_status":"open","ping_status":"closed","template":"","meta":{"_joinchat":[]},"product_brand":[],"product_cat":[335,340],"product_tag":[2781,762,1581,2516,960,979,891,5222,2779,2505,1583,901,2776,749,977,777,2777,1764,741,2775,2782,753,1636,916,928,2780,632,2670,744,2778,2784,2783],"class_list":{"0":"post-11080","1":"product","2":"type-product","3":"status-publish","6":"product_cat-literatura","7":"product_cat-poesia","8":"product_tag-alejandro-aura","9":"product_tag-alfonso-reyes","10":"product_tag-carlos-pellicer","11":"product_tag-chava-flores","12":"product_tag-efrain-huerta","13":"product_tag-frida-kahlo","14":"product_tag-gabriel-zaid","15":"product_tag-german-list-arzubide","16":"product_tag-jaime-lopez","17":"product_tag-jaime-sabines","18":"product_tag-jaime-torres-bodet","19":"product_tag-jesus-sanson-flores","20":"product_tag-jorge-hernandez-campos","21":"product_tag-jose-emilio-pacheco","22":"product_tag-jose-guadalupe-posada","23":"product_tag-jose-juan-tablada","24":"product_tag-juan-banuelos","25":"product_tag-manuel-maples-arce","26":"product_tag-marco-antonio-montes-de-oca","27":"product_tag-margarito-ledesma","28":"product_tag-mario-santiago-papasquiaro","29":"product_tag-octavio-paz","30":"product_tag-praxedis-g-guerrero","31":"product_tag-ramon-lopez-velarde","32":"product_tag-renato-leduc","33":"product_tag-rockdrigo-gonzalez","34":"product_tag-rosario-castellanos","35":"product_tag-ruben-bonifaz-nuno","36":"product_tag-salvador-novo","37":"product_tag-silvia-tomasa-rivera","38":"product_tag-subcomandante-marcos","39":"product_tag-vicente-quirarte","41":"first","42":"instock","43":"featured","44":"taxable","45":"shipping-taxable","46":"purchasable","47":"product-type-simple"},"yoast_head":"<!-- This site is optimized with the Yoast SEO plugin v26.1.1 - https:\/\/yoast.com\/wordpress\/plugins\/seo\/ -->\n<title>100 POEMAS MEXICANOS EN PAPEL REVOLUCI\u00d3N -<\/title>\n<meta name=\"robots\" content=\"index, follow, max-snippet:-1, max-image-preview:large, max-video-preview:-1\" \/>\n<link rel=\"canonical\" href=\"https:\/\/antiqua.mx\/en\/product\/100-poemas-mexicanos-en-papel-revolucion\/\" \/>\n<meta property=\"og:locale\" content=\"en_US\" \/>\n<meta property=\"og:type\" content=\"article\" \/>\n<meta property=\"og:title\" content=\"100 POEMAS MEXICANOS EN PAPEL REVOLUCI\u00d3N -\" \/>\n<meta property=\"og:description\" content=\"Editorial: Gobierno del Distrito Federal \/ Secretar\u00eda de Educaci\u00f3n de Distrito Federal  Primera edici\u00f3n  A\u00f1o 2008  R\u00fastico, en muy buenas condiciones.  Susana Cato, Fernando Ordu\u00f1a y Armando Ponce son los antologadores.  Ilustraciones de Claudia Chapou.  Impreso en M\u00e9xico.  317 p\u00e1ginas\" \/>\n<meta property=\"og:url\" content=\"https:\/\/antiqua.mx\/en\/product\/100-poemas-mexicanos-en-papel-revolucion\/\" \/>\n<meta property=\"article:modified_time\" content=\"2026-02-15T05:56:55+00:00\" \/>\n<meta property=\"og:image\" content=\"https:\/\/antiqua.mx\/wp-content\/uploads\/2022\/01\/C4EB571C-05FA-45FF-8C7D-07235B42A7AC-scaled.jpeg\" \/>\n\t<meta property=\"og:image:width\" content=\"1920\" \/>\n\t<meta property=\"og:image:height\" content=\"2560\" \/>\n\t<meta property=\"og:image:type\" content=\"image\/jpeg\" \/>\n<meta name=\"twitter:card\" content=\"summary_large_image\" \/>\n<script type=\"application\/ld+json\" class=\"yoast-schema-graph\">{\"@context\":\"https:\/\/schema.org\",\"@graph\":[{\"@type\":\"WebPage\",\"@id\":\"https:\/\/antiqua.mx\/producto\/100-poemas-mexicanos-en-papel-revolucion\/\",\"url\":\"https:\/\/antiqua.mx\/producto\/100-poemas-mexicanos-en-papel-revolucion\/\",\"name\":\"100 POEMAS MEXICANOS EN PAPEL REVOLUCI\u00d3N -\",\"isPartOf\":{\"@id\":\"https:\/\/antiqua.mx\/en\/#website\"},\"primaryImageOfPage\":{\"@id\":\"https:\/\/antiqua.mx\/producto\/100-poemas-mexicanos-en-papel-revolucion\/#primaryimage\"},\"image\":{\"@id\":\"https:\/\/antiqua.mx\/producto\/100-poemas-mexicanos-en-papel-revolucion\/#primaryimage\"},\"thumbnailUrl\":\"https:\/\/antiqua.mx\/wp-content\/uploads\/2022\/01\/C4EB571C-05FA-45FF-8C7D-07235B42A7AC-scaled.jpeg\",\"datePublished\":\"2022-01-22T01:37:04+00:00\",\"dateModified\":\"2026-02-15T05:56:55+00:00\",\"breadcrumb\":{\"@id\":\"https:\/\/antiqua.mx\/producto\/100-poemas-mexicanos-en-papel-revolucion\/#breadcrumb\"},\"inLanguage\":\"en-US\",\"potentialAction\":[{\"@type\":\"ReadAction\",\"target\":[\"https:\/\/antiqua.mx\/producto\/100-poemas-mexicanos-en-papel-revolucion\/\"]}]},{\"@type\":\"ImageObject\",\"inLanguage\":\"en-US\",\"@id\":\"https:\/\/antiqua.mx\/producto\/100-poemas-mexicanos-en-papel-revolucion\/#primaryimage\",\"url\":\"https:\/\/antiqua.mx\/wp-content\/uploads\/2022\/01\/C4EB571C-05FA-45FF-8C7D-07235B42A7AC-scaled.jpeg\",\"contentUrl\":\"https:\/\/antiqua.mx\/wp-content\/uploads\/2022\/01\/C4EB571C-05FA-45FF-8C7D-07235B42A7AC-scaled.jpeg\",\"width\":1920,\"height\":2560},{\"@type\":\"BreadcrumbList\",\"@id\":\"https:\/\/antiqua.mx\/producto\/100-poemas-mexicanos-en-papel-revolucion\/#breadcrumb\",\"itemListElement\":[{\"@type\":\"ListItem\",\"position\":1,\"name\":\"Portada\",\"item\":\"https:\/\/antiqua.mx\/en\/\"},{\"@type\":\"ListItem\",\"position\":2,\"name\":\"Tienda\",\"item\":\"https:\/\/antiqua.mx\/tienda\/\"},{\"@type\":\"ListItem\",\"position\":3,\"name\":\"100 POEMAS MEXICANOS EN PAPEL REVOLUCI\u00d3N\"}]},{\"@type\":\"WebSite\",\"@id\":\"https:\/\/antiqua.mx\/en\/#website\",\"url\":\"https:\/\/antiqua.mx\/en\/\",\"name\":\"\",\"description\":\"\",\"potentialAction\":[{\"@type\":\"SearchAction\",\"target\":{\"@type\":\"EntryPoint\",\"urlTemplate\":\"https:\/\/antiqua.mx\/en\/?s={search_term_string}\"},\"query-input\":{\"@type\":\"PropertyValueSpecification\",\"valueRequired\":true,\"valueName\":\"search_term_string\"}}],\"inLanguage\":\"en-US\"}]}<\/script>\n<!-- \/ Yoast SEO plugin. -->","yoast_head_json":{"title":"100 POEMAS MEXICANOS EN PAPEL REVOLUCI\u00d3N -","robots":{"index":"index","follow":"follow","max-snippet":"max-snippet:-1","max-image-preview":"max-image-preview:large","max-video-preview":"max-video-preview:-1"},"canonical":"https:\/\/antiqua.mx\/en\/product\/100-poemas-mexicanos-en-papel-revolucion\/","og_locale":"en_US","og_type":"article","og_title":"100 POEMAS MEXICANOS EN PAPEL REVOLUCI\u00d3N -","og_description":"Editorial: Gobierno del Distrito Federal \/ Secretar\u00eda de Educaci\u00f3n de Distrito Federal  Primera edici\u00f3n  A\u00f1o 2008  R\u00fastico, en muy buenas condiciones.  Susana Cato, Fernando Ordu\u00f1a y Armando Ponce son los antologadores.  Ilustraciones de Claudia Chapou.  Impreso en M\u00e9xico.  317 p\u00e1ginas","og_url":"https:\/\/antiqua.mx\/en\/product\/100-poemas-mexicanos-en-papel-revolucion\/","article_modified_time":"2026-02-15T05:56:55+00:00","og_image":[{"width":1920,"height":2560,"url":"https:\/\/antiqua.mx\/wp-content\/uploads\/2022\/01\/C4EB571C-05FA-45FF-8C7D-07235B42A7AC-scaled.jpeg","type":"image\/jpeg"}],"twitter_card":"summary_large_image","schema":{"@context":"https:\/\/schema.org","@graph":[{"@type":"WebPage","@id":"https:\/\/antiqua.mx\/producto\/100-poemas-mexicanos-en-papel-revolucion\/","url":"https:\/\/antiqua.mx\/producto\/100-poemas-mexicanos-en-papel-revolucion\/","name":"100 POEMAS MEXICANOS EN PAPEL REVOLUCI\u00d3N -","isPartOf":{"@id":"https:\/\/antiqua.mx\/en\/#website"},"primaryImageOfPage":{"@id":"https:\/\/antiqua.mx\/producto\/100-poemas-mexicanos-en-papel-revolucion\/#primaryimage"},"image":{"@id":"https:\/\/antiqua.mx\/producto\/100-poemas-mexicanos-en-papel-revolucion\/#primaryimage"},"thumbnailUrl":"https:\/\/antiqua.mx\/wp-content\/uploads\/2022\/01\/C4EB571C-05FA-45FF-8C7D-07235B42A7AC-scaled.jpeg","datePublished":"2022-01-22T01:37:04+00:00","dateModified":"2026-02-15T05:56:55+00:00","breadcrumb":{"@id":"https:\/\/antiqua.mx\/producto\/100-poemas-mexicanos-en-papel-revolucion\/#breadcrumb"},"inLanguage":"en-US","potentialAction":[{"@type":"ReadAction","target":["https:\/\/antiqua.mx\/producto\/100-poemas-mexicanos-en-papel-revolucion\/"]}]},{"@type":"ImageObject","inLanguage":"en-US","@id":"https:\/\/antiqua.mx\/producto\/100-poemas-mexicanos-en-papel-revolucion\/#primaryimage","url":"https:\/\/antiqua.mx\/wp-content\/uploads\/2022\/01\/C4EB571C-05FA-45FF-8C7D-07235B42A7AC-scaled.jpeg","contentUrl":"https:\/\/antiqua.mx\/wp-content\/uploads\/2022\/01\/C4EB571C-05FA-45FF-8C7D-07235B42A7AC-scaled.jpeg","width":1920,"height":2560},{"@type":"BreadcrumbList","@id":"https:\/\/antiqua.mx\/producto\/100-poemas-mexicanos-en-papel-revolucion\/#breadcrumb","itemListElement":[{"@type":"ListItem","position":1,"name":"Portada","item":"https:\/\/antiqua.mx\/en\/"},{"@type":"ListItem","position":2,"name":"Tienda","item":"https:\/\/antiqua.mx\/tienda\/"},{"@type":"ListItem","position":3,"name":"100 POEMAS MEXICANOS EN PAPEL REVOLUCI\u00d3N"}]},{"@type":"WebSite","@id":"https:\/\/antiqua.mx\/en\/#website","url":"https:\/\/antiqua.mx\/en\/","name":"","description":"","potentialAction":[{"@type":"SearchAction","target":{"@type":"EntryPoint","urlTemplate":"https:\/\/antiqua.mx\/en\/?s={search_term_string}"},"query-input":{"@type":"PropertyValueSpecification","valueRequired":true,"valueName":"search_term_string"}}],"inLanguage":"en-US"}]}},"jetpack_sharing_enabled":true,"_links":{"self":[{"href":"https:\/\/antiqua.mx\/en\/wp-json\/wp\/v2\/product\/11080","targetHints":{"allow":["GET"]}}],"collection":[{"href":"https:\/\/antiqua.mx\/en\/wp-json\/wp\/v2\/product"}],"about":[{"href":"https:\/\/antiqua.mx\/en\/wp-json\/wp\/v2\/types\/product"}],"replies":[{"embeddable":true,"href":"https:\/\/antiqua.mx\/en\/wp-json\/wp\/v2\/comments?post=11080"}],"wp:featuredmedia":[{"embeddable":true,"href":"https:\/\/antiqua.mx\/en\/wp-json\/wp\/v2\/media\/11748"}],"wp:attachment":[{"href":"https:\/\/antiqua.mx\/en\/wp-json\/wp\/v2\/media?parent=11080"}],"wp:term":[{"taxonomy":"product_brand","embeddable":true,"href":"https:\/\/antiqua.mx\/en\/wp-json\/wp\/v2\/product_brand?post=11080"},{"taxonomy":"product_cat","embeddable":true,"href":"https:\/\/antiqua.mx\/en\/wp-json\/wp\/v2\/product_cat?post=11080"},{"taxonomy":"product_tag","embeddable":true,"href":"https:\/\/antiqua.mx\/en\/wp-json\/wp\/v2\/product_tag?post=11080"}],"curies":[{"name":"wp","href":"https:\/\/api.w.org\/{rel}","templated":true}]}}