{"id":11550,"date":"2022-01-28T22:56:57","date_gmt":"2022-01-28T22:56:57","guid":{"rendered":"https:\/\/antiqua.mx\/?post_type=product&#038;p=11550"},"modified":"2022-01-31T07:26:47","modified_gmt":"2022-01-31T07:26:47","slug":"lopez-rafael-prosas-transeuntes","status":"publish","type":"product","link":"https:\/\/antiqua.mx\/en\/product\/lopez-rafael-prosas-transeuntes\/","title":{"rendered":"L\u00d3PEZ RAFAEL. PROSAS TRANSEUNTES"},"content":{"rendered":"<p><strong>L\u00f3pez Rafael<\/strong><\/p>\n<p>Editorial: Aztl\u00e1n Editores<\/p>\n<p>A\u00f1o 1925<\/p>\n<p>Empastado, en buenas condiciones. Es el tomo l.<\/p>\n<p class=\"p1\">La obra tiene sellos del\u00a0 &#8220;ASPIRANTADO JUAN PONCE DE LE\u00d3N BIBLIOTECA: DR. CARLOS FUENTES GUTI\u00c9RREZ 10 PONIENTE No. 1711, PUEBLA, PUE.&#8221;<\/p>\n<p>Impreso en M\u00e9xico.<\/p>\n<p>222 p\u00e1ginas<\/p>","protected":false},"excerpt":{"rendered":"<ul>\n<li>Editorial: Aztl\u00e1n Editores<\/li>\n<li>A\u00f1o 1925<\/li>\n<li>Empastado, en buenas condiciones. Es el tomo l.<\/li>\n<li class=\"p1\">La obra tiene sellos del\u00a0 &#8220;ASPIRANTADO JUAN PONCE DE LE\u00d3N BIBLIOTECA: DR. CARLOS FUENTES GUTI\u00c9RREZ 10 PONIENTE No. 1711, PUEBLA, PUE.&#8221;<\/li>\n<li>Impreso en M\u00e9xico.<\/li>\n<li>222 p\u00e1ginas<\/li>\n<\/ul>","protected":false},"featured_media":11586,"comment_status":"open","ping_status":"closed","template":"","meta":{"_joinchat":[]},"product_brand":[],"product_cat":[335,340],"product_tag":[2397,2643],"class_list":{"0":"post-11550","1":"product","2":"type-product","3":"status-publish","6":"product_cat-literatura","7":"product_cat-poesia","8":"product_tag-prosa-mexicana","9":"product_tag-rafael-lopez","11":"first","12":"instock","13":"featured","14":"taxable","15":"shipping-taxable","16":"purchasable","17":"product-type-simple"},"yoast_head":"<!-- This site is optimized with the Yoast SEO plugin v26.1.1 - https:\/\/yoast.com\/wordpress\/plugins\/seo\/ -->\n<title>L\u00d3PEZ RAFAEL. PROSAS TRANSEUNTES -<\/title>\n<meta name=\"robots\" content=\"index, follow, max-snippet:-1, max-image-preview:large, max-video-preview:-1\" \/>\n<link rel=\"canonical\" href=\"https:\/\/antiqua.mx\/en\/product\/lopez-rafael-prosas-transeuntes\/\" \/>\n<meta property=\"og:locale\" content=\"en_US\" \/>\n<meta property=\"og:type\" content=\"article\" \/>\n<meta property=\"og:title\" content=\"L\u00d3PEZ RAFAEL. PROSAS TRANSEUNTES -\" \/>\n<meta property=\"og:description\" content=\"Editorial: Aztl\u00e1n Editores  A\u00f1o 1925  Empastado, en buenas condiciones. Es el tomo l.  La obra tiene sellos del\u00a0 &quot;ASPIRANTADO JUAN PONCE DE LE\u00d3N BIBLIOTECA: DR. CARLOS FUENTES GUTI\u00c9RREZ 10 PONIENTE No. 1711, PUEBLA, PUE.&quot;  Impreso en M\u00e9xico.  222 p\u00e1ginas\" \/>\n<meta property=\"og:url\" content=\"https:\/\/antiqua.mx\/en\/product\/lopez-rafael-prosas-transeuntes\/\" \/>\n<meta property=\"article:modified_time\" content=\"2022-01-31T07:26:47+00:00\" \/>\n<meta property=\"og:image\" content=\"https:\/\/antiqua.mx\/wp-content\/uploads\/2022\/01\/E2A74D11-DF32-40A2-A821-934FD599CE8A-scaled.jpeg\" \/>\n\t<meta property=\"og:image:width\" content=\"1806\" \/>\n\t<meta property=\"og:image:height\" content=\"2560\" \/>\n\t<meta property=\"og:image:type\" content=\"image\/jpeg\" \/>\n<meta name=\"twitter:card\" content=\"summary_large_image\" \/>\n<script type=\"application\/ld+json\" class=\"yoast-schema-graph\">{\"@context\":\"https:\/\/schema.org\",\"@graph\":[{\"@type\":\"WebPage\",\"@id\":\"https:\/\/antiqua.mx\/producto\/lopez-rafael-prosas-transeuntes\/\",\"url\":\"https:\/\/antiqua.mx\/producto\/lopez-rafael-prosas-transeuntes\/\",\"name\":\"L\u00d3PEZ RAFAEL. PROSAS TRANSEUNTES -\",\"isPartOf\":{\"@id\":\"https:\/\/antiqua.mx\/en\/#website\"},\"primaryImageOfPage\":{\"@id\":\"https:\/\/antiqua.mx\/producto\/lopez-rafael-prosas-transeuntes\/#primaryimage\"},\"image\":{\"@id\":\"https:\/\/antiqua.mx\/producto\/lopez-rafael-prosas-transeuntes\/#primaryimage\"},\"thumbnailUrl\":\"https:\/\/antiqua.mx\/wp-content\/uploads\/2022\/01\/E2A74D11-DF32-40A2-A821-934FD599CE8A-scaled.jpeg\",\"datePublished\":\"2022-01-28T22:56:57+00:00\",\"dateModified\":\"2022-01-31T07:26:47+00:00\",\"breadcrumb\":{\"@id\":\"https:\/\/antiqua.mx\/producto\/lopez-rafael-prosas-transeuntes\/#breadcrumb\"},\"inLanguage\":\"en-US\",\"potentialAction\":[{\"@type\":\"ReadAction\",\"target\":[\"https:\/\/antiqua.mx\/producto\/lopez-rafael-prosas-transeuntes\/\"]}]},{\"@type\":\"ImageObject\",\"inLanguage\":\"en-US\",\"@id\":\"https:\/\/antiqua.mx\/producto\/lopez-rafael-prosas-transeuntes\/#primaryimage\",\"url\":\"https:\/\/antiqua.mx\/wp-content\/uploads\/2022\/01\/E2A74D11-DF32-40A2-A821-934FD599CE8A-scaled.jpeg\",\"contentUrl\":\"https:\/\/antiqua.mx\/wp-content\/uploads\/2022\/01\/E2A74D11-DF32-40A2-A821-934FD599CE8A-scaled.jpeg\",\"width\":1806,\"height\":2560},{\"@type\":\"BreadcrumbList\",\"@id\":\"https:\/\/antiqua.mx\/producto\/lopez-rafael-prosas-transeuntes\/#breadcrumb\",\"itemListElement\":[{\"@type\":\"ListItem\",\"position\":1,\"name\":\"Portada\",\"item\":\"https:\/\/antiqua.mx\/en\/\"},{\"@type\":\"ListItem\",\"position\":2,\"name\":\"Tienda\",\"item\":\"https:\/\/antiqua.mx\/tienda\/\"},{\"@type\":\"ListItem\",\"position\":3,\"name\":\"L\u00d3PEZ RAFAEL. PROSAS TRANSEUNTES\"}]},{\"@type\":\"WebSite\",\"@id\":\"https:\/\/antiqua.mx\/en\/#website\",\"url\":\"https:\/\/antiqua.mx\/en\/\",\"name\":\"\",\"description\":\"\",\"potentialAction\":[{\"@type\":\"SearchAction\",\"target\":{\"@type\":\"EntryPoint\",\"urlTemplate\":\"https:\/\/antiqua.mx\/en\/?s={search_term_string}\"},\"query-input\":{\"@type\":\"PropertyValueSpecification\",\"valueRequired\":true,\"valueName\":\"search_term_string\"}}],\"inLanguage\":\"en-US\"}]}<\/script>\n<!-- \/ Yoast SEO plugin. -->","yoast_head_json":{"title":"L\u00d3PEZ RAFAEL. PROSAS TRANSEUNTES -","robots":{"index":"index","follow":"follow","max-snippet":"max-snippet:-1","max-image-preview":"max-image-preview:large","max-video-preview":"max-video-preview:-1"},"canonical":"https:\/\/antiqua.mx\/en\/product\/lopez-rafael-prosas-transeuntes\/","og_locale":"en_US","og_type":"article","og_title":"L\u00d3PEZ RAFAEL. PROSAS TRANSEUNTES -","og_description":"Editorial: Aztl\u00e1n Editores  A\u00f1o 1925  Empastado, en buenas condiciones. Es el tomo l.  La obra tiene sellos del\u00a0 \"ASPIRANTADO JUAN PONCE DE LE\u00d3N BIBLIOTECA: DR. CARLOS FUENTES GUTI\u00c9RREZ 10 PONIENTE No. 1711, PUEBLA, PUE.\"  Impreso en M\u00e9xico.  222 p\u00e1ginas","og_url":"https:\/\/antiqua.mx\/en\/product\/lopez-rafael-prosas-transeuntes\/","article_modified_time":"2022-01-31T07:26:47+00:00","og_image":[{"width":1806,"height":2560,"url":"https:\/\/antiqua.mx\/wp-content\/uploads\/2022\/01\/E2A74D11-DF32-40A2-A821-934FD599CE8A-scaled.jpeg","type":"image\/jpeg"}],"twitter_card":"summary_large_image","schema":{"@context":"https:\/\/schema.org","@graph":[{"@type":"WebPage","@id":"https:\/\/antiqua.mx\/producto\/lopez-rafael-prosas-transeuntes\/","url":"https:\/\/antiqua.mx\/producto\/lopez-rafael-prosas-transeuntes\/","name":"L\u00d3PEZ RAFAEL. PROSAS TRANSEUNTES -","isPartOf":{"@id":"https:\/\/antiqua.mx\/en\/#website"},"primaryImageOfPage":{"@id":"https:\/\/antiqua.mx\/producto\/lopez-rafael-prosas-transeuntes\/#primaryimage"},"image":{"@id":"https:\/\/antiqua.mx\/producto\/lopez-rafael-prosas-transeuntes\/#primaryimage"},"thumbnailUrl":"https:\/\/antiqua.mx\/wp-content\/uploads\/2022\/01\/E2A74D11-DF32-40A2-A821-934FD599CE8A-scaled.jpeg","datePublished":"2022-01-28T22:56:57+00:00","dateModified":"2022-01-31T07:26:47+00:00","breadcrumb":{"@id":"https:\/\/antiqua.mx\/producto\/lopez-rafael-prosas-transeuntes\/#breadcrumb"},"inLanguage":"en-US","potentialAction":[{"@type":"ReadAction","target":["https:\/\/antiqua.mx\/producto\/lopez-rafael-prosas-transeuntes\/"]}]},{"@type":"ImageObject","inLanguage":"en-US","@id":"https:\/\/antiqua.mx\/producto\/lopez-rafael-prosas-transeuntes\/#primaryimage","url":"https:\/\/antiqua.mx\/wp-content\/uploads\/2022\/01\/E2A74D11-DF32-40A2-A821-934FD599CE8A-scaled.jpeg","contentUrl":"https:\/\/antiqua.mx\/wp-content\/uploads\/2022\/01\/E2A74D11-DF32-40A2-A821-934FD599CE8A-scaled.jpeg","width":1806,"height":2560},{"@type":"BreadcrumbList","@id":"https:\/\/antiqua.mx\/producto\/lopez-rafael-prosas-transeuntes\/#breadcrumb","itemListElement":[{"@type":"ListItem","position":1,"name":"Portada","item":"https:\/\/antiqua.mx\/en\/"},{"@type":"ListItem","position":2,"name":"Tienda","item":"https:\/\/antiqua.mx\/tienda\/"},{"@type":"ListItem","position":3,"name":"L\u00d3PEZ RAFAEL. PROSAS TRANSEUNTES"}]},{"@type":"WebSite","@id":"https:\/\/antiqua.mx\/en\/#website","url":"https:\/\/antiqua.mx\/en\/","name":"","description":"","potentialAction":[{"@type":"SearchAction","target":{"@type":"EntryPoint","urlTemplate":"https:\/\/antiqua.mx\/en\/?s={search_term_string}"},"query-input":{"@type":"PropertyValueSpecification","valueRequired":true,"valueName":"search_term_string"}}],"inLanguage":"en-US"}]}},"jetpack_sharing_enabled":true,"_links":{"self":[{"href":"https:\/\/antiqua.mx\/en\/wp-json\/wp\/v2\/product\/11550","targetHints":{"allow":["GET"]}}],"collection":[{"href":"https:\/\/antiqua.mx\/en\/wp-json\/wp\/v2\/product"}],"about":[{"href":"https:\/\/antiqua.mx\/en\/wp-json\/wp\/v2\/types\/product"}],"replies":[{"embeddable":true,"href":"https:\/\/antiqua.mx\/en\/wp-json\/wp\/v2\/comments?post=11550"}],"wp:featuredmedia":[{"embeddable":true,"href":"https:\/\/antiqua.mx\/en\/wp-json\/wp\/v2\/media\/11586"}],"wp:attachment":[{"href":"https:\/\/antiqua.mx\/en\/wp-json\/wp\/v2\/media?parent=11550"}],"wp:term":[{"taxonomy":"product_brand","embeddable":true,"href":"https:\/\/antiqua.mx\/en\/wp-json\/wp\/v2\/product_brand?post=11550"},{"taxonomy":"product_cat","embeddable":true,"href":"https:\/\/antiqua.mx\/en\/wp-json\/wp\/v2\/product_cat?post=11550"},{"taxonomy":"product_tag","embeddable":true,"href":"https:\/\/antiqua.mx\/en\/wp-json\/wp\/v2\/product_tag?post=11550"}],"curies":[{"name":"wp","href":"https:\/\/api.w.org\/{rel}","templated":true}]}}