{"id":11844,"date":"2022-02-09T23:54:06","date_gmt":"2022-02-09T23:54:06","guid":{"rendered":"https:\/\/antiqua.mx\/?post_type=product&#038;p=11844"},"modified":"2025-02-21T21:47:09","modified_gmt":"2025-02-21T21:47:09","slug":"la-reforma-en-jalisco-y-el-bajio","status":"publish","type":"product","link":"https:\/\/antiqua.mx\/en\/product\/la-reforma-en-jalisco-y-el-bajio","title":{"rendered":"LA REFORMA EN JALISCO Y EL BAJ\u00cdO"},"content":{"rendered":"<p>Editorial: LIBRER\u00cdA FONT, S. A.<\/p>\n<p>Primera edici\u00f3n<\/p>\n<p>A\u00f1o 1959<\/p>\n<p>R\u00fastico, en buenas condiciones. La parte inferior del empastado est\u00e1 ligeramente maltratado por clasificaci\u00f3n de biblioteca.<\/p>\n<p class=\"p1\">La obra tiene sellos del\u00a0 &#8220;ASPIRANTADO JUAN PONCE DE LE\u00d3N BIBLIOTECA: DR. CARLOS FUENTES GUTI\u00c9RREZ 10 PONIENTE No. 1711, PUEBLA, PUE.&#8221;<\/p>\n<p>Tiraje de 400 ejemplares.<\/p>\n<p>Impreso en Guadalajara, Jalisco.<\/p>\n<p>205 p\u00e1ginas<\/p>","protected":false},"excerpt":{"rendered":"<ul>\n<li>Editorial: LIBRER\u00cdA FONT, S. A.<\/li>\n<li>Primera edici\u00f3n<\/li>\n<li>A\u00f1o 1959<\/li>\n<li>R\u00fastico, en buenas condiciones. La parte inferior del empastado est\u00e1 ligeramente maltratado por clasificaci\u00f3n de biblioteca.<\/li>\n<li class=\"p1\">La obra tiene sellos del\u00a0 &#8220;ASPIRANTADO JUAN PONCE DE LE\u00d3N BIBLIOTECA: DR. CARLOS FUENTES GUTI\u00c9RREZ 10 PONIENTE No. 1711, PUEBLA, PUE.&#8221;<\/li>\n<li>Tiraje de 400 ejemplares.<\/li>\n<li>Impreso en Guadalajara, Jalisco.<\/li>\n<li>205 p\u00e1ginas<\/li>\n<\/ul>","protected":false},"featured_media":12116,"comment_status":"open","ping_status":"closed","template":"","meta":{"_joinchat":[]},"product_brand":[],"product_cat":[388,378,375,1342],"product_tag":[2928,2932,2935,2927,962,2936,1009,2931,2239,2929,2934,2930,2933],"class_list":{"0":"post-11844","1":"product","2":"type-product","3":"status-publish","6":"product_cat-geomex","7":"product_cat-histmex-mex","8":"product_cat-mex","9":"product_cat-reforma","10":"product_tag-alberto-escalona-ramos","11":"product_tag-alberto-rosas-benitez","12":"product_tag-alfredo-corona-ibarra","13":"product_tag-antonio-pompa-y-pompa","14":"product_tag-el-bajio","15":"product_tag-fernando-anaya-monroy","16":"product_tag-jalisco","17":"product_tag-jose-cornejo-franco","18":"product_tag-lopez-portillo-y-weber","19":"product_tag-luis-gonzalez-y-gonzalez","20":"product_tag-luis-medina-ascencio","21":"product_tag-rafael-moreno","22":"product_tag-ricardo-delgado-roman","24":"first","25":"instock","26":"featured","27":"taxable","28":"shipping-taxable","29":"purchasable","30":"product-type-simple"},"yoast_head":"<!-- This site is optimized with the Yoast SEO plugin v26.1.1 - https:\/\/yoast.com\/wordpress\/plugins\/seo\/ -->\n<title>LA REFORMA EN JALISCO Y EL BAJ\u00cdO -<\/title>\n<meta name=\"robots\" content=\"index, follow, max-snippet:-1, max-image-preview:large, max-video-preview:-1\" \/>\n<link rel=\"canonical\" href=\"https:\/\/antiqua.mx\/en\/product\/la-reforma-en-jalisco-y-el-bajio\" \/>\n<meta property=\"og:locale\" content=\"en_US\" \/>\n<meta property=\"og:type\" content=\"article\" \/>\n<meta property=\"og:title\" content=\"LA REFORMA EN JALISCO Y EL BAJ\u00cdO -\" \/>\n<meta property=\"og:description\" content=\"Editorial: LIBRER\u00cdA FONT, S. A.  Primera edici\u00f3n  A\u00f1o 1959  R\u00fastico, en buenas condiciones. La parte inferior del empastado est\u00e1 ligeramente maltratado por clasificaci\u00f3n de biblioteca.  La obra tiene sellos del\u00a0 &quot;ASPIRANTADO JUAN PONCE DE LE\u00d3N BIBLIOTECA: DR. CARLOS FUENTES GUTI\u00c9RREZ 10 PONIENTE No. 1711, PUEBLA, PUE.&quot;  Tiraje de 400 ejemplares.  Impreso en Guadalajara, Jalisco.  205 p\u00e1ginas\" \/>\n<meta property=\"og:url\" content=\"https:\/\/antiqua.mx\/en\/product\/la-reforma-en-jalisco-y-el-bajio\" \/>\n<meta property=\"article:modified_time\" content=\"2025-02-21T21:47:09+00:00\" \/>\n<meta property=\"og:image\" content=\"https:\/\/antiqua.mx\/wp-content\/uploads\/2022\/02\/3E8384DA-8922-446A-97EC-9B2E0B0F1889-scaled.jpeg\" \/>\n\t<meta property=\"og:image:width\" content=\"1920\" \/>\n\t<meta property=\"og:image:height\" content=\"2560\" \/>\n\t<meta property=\"og:image:type\" content=\"image\/jpeg\" \/>\n<meta name=\"twitter:card\" content=\"summary_large_image\" \/>\n<script type=\"application\/ld+json\" class=\"yoast-schema-graph\">{\"@context\":\"https:\/\/schema.org\",\"@graph\":[{\"@type\":\"WebPage\",\"@id\":\"https:\/\/antiqua.mx\/en\/product\/la-reforma-en-jalisco-y-el-bajio\",\"url\":\"https:\/\/antiqua.mx\/en\/product\/la-reforma-en-jalisco-y-el-bajio\",\"name\":\"LA REFORMA EN JALISCO Y EL BAJ\u00cdO -\",\"isPartOf\":{\"@id\":\"https:\/\/antiqua.mx\/en\/#website\"},\"primaryImageOfPage\":{\"@id\":\"https:\/\/antiqua.mx\/en\/product\/la-reforma-en-jalisco-y-el-bajio#primaryimage\"},\"image\":{\"@id\":\"https:\/\/antiqua.mx\/en\/product\/la-reforma-en-jalisco-y-el-bajio#primaryimage\"},\"thumbnailUrl\":\"https:\/\/antiqua.mx\/wp-content\/uploads\/2022\/02\/3E8384DA-8922-446A-97EC-9B2E0B0F1889-scaled.jpeg\",\"datePublished\":\"2022-02-09T23:54:06+00:00\",\"dateModified\":\"2025-02-21T21:47:09+00:00\",\"breadcrumb\":{\"@id\":\"https:\/\/antiqua.mx\/en\/product\/la-reforma-en-jalisco-y-el-bajio#breadcrumb\"},\"inLanguage\":\"en-US\",\"potentialAction\":[{\"@type\":\"ReadAction\",\"target\":[\"https:\/\/antiqua.mx\/en\/product\/la-reforma-en-jalisco-y-el-bajio\"]}]},{\"@type\":\"ImageObject\",\"inLanguage\":\"en-US\",\"@id\":\"https:\/\/antiqua.mx\/en\/product\/la-reforma-en-jalisco-y-el-bajio#primaryimage\",\"url\":\"https:\/\/antiqua.mx\/wp-content\/uploads\/2022\/02\/3E8384DA-8922-446A-97EC-9B2E0B0F1889-scaled.jpeg\",\"contentUrl\":\"https:\/\/antiqua.mx\/wp-content\/uploads\/2022\/02\/3E8384DA-8922-446A-97EC-9B2E0B0F1889-scaled.jpeg\",\"width\":1920,\"height\":2560},{\"@type\":\"BreadcrumbList\",\"@id\":\"https:\/\/antiqua.mx\/en\/product\/la-reforma-en-jalisco-y-el-bajio#breadcrumb\",\"itemListElement\":[{\"@type\":\"ListItem\",\"position\":1,\"name\":\"Portada\",\"item\":\"https:\/\/antiqua.mx\/en\/\"},{\"@type\":\"ListItem\",\"position\":2,\"name\":\"Tienda\",\"item\":\"https:\/\/antiqua.mx\/en\/tienda\"},{\"@type\":\"ListItem\",\"position\":3,\"name\":\"LA REFORMA EN JALISCO Y EL BAJ\u00cdO\"}]},{\"@type\":\"WebSite\",\"@id\":\"https:\/\/antiqua.mx\/en\/#website\",\"url\":\"https:\/\/antiqua.mx\/en\/\",\"name\":\"\",\"description\":\"\",\"potentialAction\":[{\"@type\":\"SearchAction\",\"target\":{\"@type\":\"EntryPoint\",\"urlTemplate\":\"https:\/\/antiqua.mx\/en\/?s={search_term_string}\"},\"query-input\":{\"@type\":\"PropertyValueSpecification\",\"valueRequired\":true,\"valueName\":\"search_term_string\"}}],\"inLanguage\":\"en-US\"}]}<\/script>\n<!-- \/ Yoast SEO plugin. -->","yoast_head_json":{"title":"LA REFORMA EN JALISCO Y EL BAJ\u00cdO -","robots":{"index":"index","follow":"follow","max-snippet":"max-snippet:-1","max-image-preview":"max-image-preview:large","max-video-preview":"max-video-preview:-1"},"canonical":"https:\/\/antiqua.mx\/en\/product\/la-reforma-en-jalisco-y-el-bajio","og_locale":"en_US","og_type":"article","og_title":"LA REFORMA EN JALISCO Y EL BAJ\u00cdO -","og_description":"Editorial: LIBRER\u00cdA FONT, S. A.  Primera edici\u00f3n  A\u00f1o 1959  R\u00fastico, en buenas condiciones. La parte inferior del empastado est\u00e1 ligeramente maltratado por clasificaci\u00f3n de biblioteca.  La obra tiene sellos del\u00a0 \"ASPIRANTADO JUAN PONCE DE LE\u00d3N BIBLIOTECA: DR. CARLOS FUENTES GUTI\u00c9RREZ 10 PONIENTE No. 1711, PUEBLA, PUE.\"  Tiraje de 400 ejemplares.  Impreso en Guadalajara, Jalisco.  205 p\u00e1ginas","og_url":"https:\/\/antiqua.mx\/en\/product\/la-reforma-en-jalisco-y-el-bajio","article_modified_time":"2025-02-21T21:47:09+00:00","og_image":[{"width":1920,"height":2560,"url":"https:\/\/antiqua.mx\/wp-content\/uploads\/2022\/02\/3E8384DA-8922-446A-97EC-9B2E0B0F1889-scaled.jpeg","type":"image\/jpeg"}],"twitter_card":"summary_large_image","schema":{"@context":"https:\/\/schema.org","@graph":[{"@type":"WebPage","@id":"https:\/\/antiqua.mx\/en\/product\/la-reforma-en-jalisco-y-el-bajio","url":"https:\/\/antiqua.mx\/en\/product\/la-reforma-en-jalisco-y-el-bajio","name":"LA REFORMA EN JALISCO Y EL BAJ\u00cdO -","isPartOf":{"@id":"https:\/\/antiqua.mx\/en\/#website"},"primaryImageOfPage":{"@id":"https:\/\/antiqua.mx\/en\/product\/la-reforma-en-jalisco-y-el-bajio#primaryimage"},"image":{"@id":"https:\/\/antiqua.mx\/en\/product\/la-reforma-en-jalisco-y-el-bajio#primaryimage"},"thumbnailUrl":"https:\/\/antiqua.mx\/wp-content\/uploads\/2022\/02\/3E8384DA-8922-446A-97EC-9B2E0B0F1889-scaled.jpeg","datePublished":"2022-02-09T23:54:06+00:00","dateModified":"2025-02-21T21:47:09+00:00","breadcrumb":{"@id":"https:\/\/antiqua.mx\/en\/product\/la-reforma-en-jalisco-y-el-bajio#breadcrumb"},"inLanguage":"en-US","potentialAction":[{"@type":"ReadAction","target":["https:\/\/antiqua.mx\/en\/product\/la-reforma-en-jalisco-y-el-bajio"]}]},{"@type":"ImageObject","inLanguage":"en-US","@id":"https:\/\/antiqua.mx\/en\/product\/la-reforma-en-jalisco-y-el-bajio#primaryimage","url":"https:\/\/antiqua.mx\/wp-content\/uploads\/2022\/02\/3E8384DA-8922-446A-97EC-9B2E0B0F1889-scaled.jpeg","contentUrl":"https:\/\/antiqua.mx\/wp-content\/uploads\/2022\/02\/3E8384DA-8922-446A-97EC-9B2E0B0F1889-scaled.jpeg","width":1920,"height":2560},{"@type":"BreadcrumbList","@id":"https:\/\/antiqua.mx\/en\/product\/la-reforma-en-jalisco-y-el-bajio#breadcrumb","itemListElement":[{"@type":"ListItem","position":1,"name":"Portada","item":"https:\/\/antiqua.mx\/en\/"},{"@type":"ListItem","position":2,"name":"Tienda","item":"https:\/\/antiqua.mx\/en\/tienda"},{"@type":"ListItem","position":3,"name":"LA REFORMA EN JALISCO Y EL BAJ\u00cdO"}]},{"@type":"WebSite","@id":"https:\/\/antiqua.mx\/en\/#website","url":"https:\/\/antiqua.mx\/en\/","name":"","description":"","potentialAction":[{"@type":"SearchAction","target":{"@type":"EntryPoint","urlTemplate":"https:\/\/antiqua.mx\/en\/?s={search_term_string}"},"query-input":{"@type":"PropertyValueSpecification","valueRequired":true,"valueName":"search_term_string"}}],"inLanguage":"en-US"}]}},"jetpack_sharing_enabled":true,"_links":{"self":[{"href":"https:\/\/antiqua.mx\/en\/wp-json\/wp\/v2\/product\/11844","targetHints":{"allow":["GET"]}}],"collection":[{"href":"https:\/\/antiqua.mx\/en\/wp-json\/wp\/v2\/product"}],"about":[{"href":"https:\/\/antiqua.mx\/en\/wp-json\/wp\/v2\/types\/product"}],"replies":[{"embeddable":true,"href":"https:\/\/antiqua.mx\/en\/wp-json\/wp\/v2\/comments?post=11844"}],"wp:featuredmedia":[{"embeddable":true,"href":"https:\/\/antiqua.mx\/en\/wp-json\/wp\/v2\/media\/12116"}],"wp:attachment":[{"href":"https:\/\/antiqua.mx\/en\/wp-json\/wp\/v2\/media?parent=11844"}],"wp:term":[{"taxonomy":"product_brand","embeddable":true,"href":"https:\/\/antiqua.mx\/en\/wp-json\/wp\/v2\/product_brand?post=11844"},{"taxonomy":"product_cat","embeddable":true,"href":"https:\/\/antiqua.mx\/en\/wp-json\/wp\/v2\/product_cat?post=11844"},{"taxonomy":"product_tag","embeddable":true,"href":"https:\/\/antiqua.mx\/en\/wp-json\/wp\/v2\/product_tag?post=11844"}],"curies":[{"name":"wp","href":"https:\/\/api.w.org\/{rel}","templated":true}]}}