{"id":11856,"date":"2022-02-10T20:46:26","date_gmt":"2022-02-10T20:46:26","guid":{"rendered":"https:\/\/antiqua.mx\/?post_type=product&#038;p=11856"},"modified":"2026-03-30T20:46:23","modified_gmt":"2026-03-30T20:46:23","slug":"antologia-14-mujeres-escriben-cuentos","status":"publish","type":"product","link":"https:\/\/antiqua.mx\/en\/product\/antologia-14-mujeres-escriben-cuentos\/","title":{"rendered":"ANTOLOG\u00cdA. 14 MUJERES ESCRIBEN CUENTOS"},"content":{"rendered":"<p>Editorial: FEDERACI\u00d3N EDITORIAL MEXICANA<\/p>\n<p>Primera edici\u00f3n<\/p>\n<p>A\u00f1o 1975<\/p>\n<p>R\u00fastico, en buenas condiciones. El empastado est\u00e1 ligeramente maltratado.<\/p>\n<p><strong>COLECCI\u00d3N NARRACI\u00d3N REPRESENTATIVA.<\/strong><\/p>\n<p>Impreso en M\u00e9xico.<\/p>\n<p>190 p\u00e1ginas<\/p>","protected":false},"excerpt":{"rendered":"<ul>\n<li>Editorial: FEDERACI\u00d3N EDITORIAL MEXICANA<\/li>\n<li>Primera edici\u00f3n<\/li>\n<li>A\u00f1o 1975<\/li>\n<li>R\u00fastico, en buenas condiciones. El empastado est\u00e1 ligeramente maltratado.<\/li>\n<li><strong>COLECCI\u00d3N NARRACI\u00d3N REPRESENTATIVA.<\/strong><\/li>\n<li>Selecci\u00f3n y presentaci\u00f3n de Elsa de Llarena.<\/li>\n<li>Impreso en M\u00e9xico.<\/li>\n<li>190 p\u00e1ginas<\/li>\n<\/ul>","protected":false},"featured_media":26607,"comment_status":"open","ping_status":"closed","template":"","meta":{"_joinchat":[]},"product_brand":[],"product_cat":[335,336],"product_tag":[701,2945,2947,717,756,2944,2948,705,655,699,2946,2942,632,2943],"class_list":{"0":"post-11856","1":"product","2":"type-product","3":"status-publish","6":"product_cat-literatura","7":"product_cat-litmexicana","8":"product_tag-amparo-davila","9":"product_tag-beatriz-espejo","10":"product_tag-carmen-rosenzweig","11":"product_tag-elena-garro","12":"product_tag-elena-poniatowska","13":"product_tag-emma-dolujanoff","14":"product_tag-graciela-szymanski","15":"product_tag-guadalupe-duenas","16":"product_tag-ines-arredondo","17":"product_tag-maria-elvira-bermudez","18":"product_tag-maria-esther-perezcano","19":"product_tag-raquel-banda-farfan","20":"product_tag-rosario-castellanos","21":"product_tag-sarah-batiza","23":"first","24":"outofstock","25":"featured","26":"taxable","27":"shipping-taxable","28":"purchasable","29":"product-type-simple"},"yoast_head":"<!-- This site is optimized with the Yoast SEO plugin v26.1.1 - https:\/\/yoast.com\/wordpress\/plugins\/seo\/ -->\n<title>ANTOLOG\u00cdA. 14 MUJERES ESCRIBEN CUENTOS -<\/title>\n<meta name=\"robots\" content=\"index, follow, max-snippet:-1, max-image-preview:large, max-video-preview:-1\" \/>\n<link rel=\"canonical\" href=\"https:\/\/antiqua.mx\/en\/product\/antologia-14-mujeres-escriben-cuentos\/\" \/>\n<meta property=\"og:locale\" content=\"en_US\" \/>\n<meta property=\"og:type\" content=\"article\" \/>\n<meta property=\"og:title\" content=\"ANTOLOG\u00cdA. 14 MUJERES ESCRIBEN CUENTOS -\" \/>\n<meta property=\"og:description\" content=\"Editorial: FEDERACI\u00d3N EDITORIAL MEXICANA  Primera edici\u00f3n  A\u00f1o 1975  R\u00fastico, en buenas condiciones. El empastado est\u00e1 ligeramente maltratado.  COLECCI\u00d3N NARRACI\u00d3N REPRESENTATIVA.  Selecci\u00f3n y presentaci\u00f3n de Elsa de Llarena.  Impreso en M\u00e9xico.  190 p\u00e1ginas\" \/>\n<meta property=\"og:url\" content=\"https:\/\/antiqua.mx\/en\/product\/antologia-14-mujeres-escriben-cuentos\/\" \/>\n<meta property=\"article:modified_time\" content=\"2026-03-30T20:46:23+00:00\" \/>\n<meta property=\"og:image\" content=\"https:\/\/antiqua.mx\/wp-content\/uploads\/2022\/02\/ANTOLOGIA.-14-MUJERES-ESCRIBEN-CUENTOS-org.jpeg\" \/>\n\t<meta property=\"og:image:width\" content=\"1920\" \/>\n\t<meta property=\"og:image:height\" content=\"2560\" \/>\n\t<meta property=\"og:image:type\" content=\"image\/jpeg\" \/>\n<meta name=\"twitter:card\" content=\"summary_large_image\" \/>\n<meta name=\"twitter:label1\" content=\"Est. reading time\" \/>\n\t<meta name=\"twitter:data1\" content=\"1 minute\" \/>\n<script type=\"application\/ld+json\" class=\"yoast-schema-graph\">{\"@context\":\"https:\/\/schema.org\",\"@graph\":[{\"@type\":\"WebPage\",\"@id\":\"https:\/\/antiqua.mx\/producto\/antologia-14-mujeres-escriben-cuentos\/\",\"url\":\"https:\/\/antiqua.mx\/producto\/antologia-14-mujeres-escriben-cuentos\/\",\"name\":\"ANTOLOG\u00cdA. 14 MUJERES ESCRIBEN CUENTOS -\",\"isPartOf\":{\"@id\":\"https:\/\/antiqua.mx\/en\/#website\"},\"primaryImageOfPage\":{\"@id\":\"https:\/\/antiqua.mx\/producto\/antologia-14-mujeres-escriben-cuentos\/#primaryimage\"},\"image\":{\"@id\":\"https:\/\/antiqua.mx\/producto\/antologia-14-mujeres-escriben-cuentos\/#primaryimage\"},\"thumbnailUrl\":\"https:\/\/antiqua.mx\/wp-content\/uploads\/2022\/02\/ANTOLOGIA.-14-MUJERES-ESCRIBEN-CUENTOS-org.jpeg\",\"datePublished\":\"2022-02-10T20:46:26+00:00\",\"dateModified\":\"2026-03-30T20:46:23+00:00\",\"breadcrumb\":{\"@id\":\"https:\/\/antiqua.mx\/producto\/antologia-14-mujeres-escriben-cuentos\/#breadcrumb\"},\"inLanguage\":\"en-US\",\"potentialAction\":[{\"@type\":\"ReadAction\",\"target\":[\"https:\/\/antiqua.mx\/producto\/antologia-14-mujeres-escriben-cuentos\/\"]}]},{\"@type\":\"ImageObject\",\"inLanguage\":\"en-US\",\"@id\":\"https:\/\/antiqua.mx\/producto\/antologia-14-mujeres-escriben-cuentos\/#primaryimage\",\"url\":\"https:\/\/antiqua.mx\/wp-content\/uploads\/2022\/02\/ANTOLOGIA.-14-MUJERES-ESCRIBEN-CUENTOS-org.jpeg\",\"contentUrl\":\"https:\/\/antiqua.mx\/wp-content\/uploads\/2022\/02\/ANTOLOGIA.-14-MUJERES-ESCRIBEN-CUENTOS-org.jpeg\",\"width\":1920,\"height\":2560},{\"@type\":\"BreadcrumbList\",\"@id\":\"https:\/\/antiqua.mx\/producto\/antologia-14-mujeres-escriben-cuentos\/#breadcrumb\",\"itemListElement\":[{\"@type\":\"ListItem\",\"position\":1,\"name\":\"Portada\",\"item\":\"https:\/\/antiqua.mx\/en\/\"},{\"@type\":\"ListItem\",\"position\":2,\"name\":\"Tienda\",\"item\":\"https:\/\/antiqua.mx\/tienda\/\"},{\"@type\":\"ListItem\",\"position\":3,\"name\":\"ANTOLOG\u00cdA. 14 MUJERES ESCRIBEN CUENTOS\"}]},{\"@type\":\"WebSite\",\"@id\":\"https:\/\/antiqua.mx\/en\/#website\",\"url\":\"https:\/\/antiqua.mx\/en\/\",\"name\":\"\",\"description\":\"\",\"potentialAction\":[{\"@type\":\"SearchAction\",\"target\":{\"@type\":\"EntryPoint\",\"urlTemplate\":\"https:\/\/antiqua.mx\/en\/?s={search_term_string}\"},\"query-input\":{\"@type\":\"PropertyValueSpecification\",\"valueRequired\":true,\"valueName\":\"search_term_string\"}}],\"inLanguage\":\"en-US\"}]}<\/script>\n<!-- \/ Yoast SEO plugin. -->","yoast_head_json":{"title":"ANTOLOG\u00cdA. 14 MUJERES ESCRIBEN CUENTOS -","robots":{"index":"index","follow":"follow","max-snippet":"max-snippet:-1","max-image-preview":"max-image-preview:large","max-video-preview":"max-video-preview:-1"},"canonical":"https:\/\/antiqua.mx\/en\/product\/antologia-14-mujeres-escriben-cuentos\/","og_locale":"en_US","og_type":"article","og_title":"ANTOLOG\u00cdA. 14 MUJERES ESCRIBEN CUENTOS -","og_description":"Editorial: FEDERACI\u00d3N EDITORIAL MEXICANA  Primera edici\u00f3n  A\u00f1o 1975  R\u00fastico, en buenas condiciones. El empastado est\u00e1 ligeramente maltratado.  COLECCI\u00d3N NARRACI\u00d3N REPRESENTATIVA.  Selecci\u00f3n y presentaci\u00f3n de Elsa de Llarena.  Impreso en M\u00e9xico.  190 p\u00e1ginas","og_url":"https:\/\/antiqua.mx\/en\/product\/antologia-14-mujeres-escriben-cuentos\/","article_modified_time":"2026-03-30T20:46:23+00:00","og_image":[{"width":1920,"height":2560,"url":"https:\/\/antiqua.mx\/wp-content\/uploads\/2022\/02\/ANTOLOGIA.-14-MUJERES-ESCRIBEN-CUENTOS-org.jpeg","type":"image\/jpeg"}],"twitter_card":"summary_large_image","twitter_misc":{"Est. reading time":"1 minute"},"schema":{"@context":"https:\/\/schema.org","@graph":[{"@type":"WebPage","@id":"https:\/\/antiqua.mx\/producto\/antologia-14-mujeres-escriben-cuentos\/","url":"https:\/\/antiqua.mx\/producto\/antologia-14-mujeres-escriben-cuentos\/","name":"ANTOLOG\u00cdA. 14 MUJERES ESCRIBEN CUENTOS -","isPartOf":{"@id":"https:\/\/antiqua.mx\/en\/#website"},"primaryImageOfPage":{"@id":"https:\/\/antiqua.mx\/producto\/antologia-14-mujeres-escriben-cuentos\/#primaryimage"},"image":{"@id":"https:\/\/antiqua.mx\/producto\/antologia-14-mujeres-escriben-cuentos\/#primaryimage"},"thumbnailUrl":"https:\/\/antiqua.mx\/wp-content\/uploads\/2022\/02\/ANTOLOGIA.-14-MUJERES-ESCRIBEN-CUENTOS-org.jpeg","datePublished":"2022-02-10T20:46:26+00:00","dateModified":"2026-03-30T20:46:23+00:00","breadcrumb":{"@id":"https:\/\/antiqua.mx\/producto\/antologia-14-mujeres-escriben-cuentos\/#breadcrumb"},"inLanguage":"en-US","potentialAction":[{"@type":"ReadAction","target":["https:\/\/antiqua.mx\/producto\/antologia-14-mujeres-escriben-cuentos\/"]}]},{"@type":"ImageObject","inLanguage":"en-US","@id":"https:\/\/antiqua.mx\/producto\/antologia-14-mujeres-escriben-cuentos\/#primaryimage","url":"https:\/\/antiqua.mx\/wp-content\/uploads\/2022\/02\/ANTOLOGIA.-14-MUJERES-ESCRIBEN-CUENTOS-org.jpeg","contentUrl":"https:\/\/antiqua.mx\/wp-content\/uploads\/2022\/02\/ANTOLOGIA.-14-MUJERES-ESCRIBEN-CUENTOS-org.jpeg","width":1920,"height":2560},{"@type":"BreadcrumbList","@id":"https:\/\/antiqua.mx\/producto\/antologia-14-mujeres-escriben-cuentos\/#breadcrumb","itemListElement":[{"@type":"ListItem","position":1,"name":"Portada","item":"https:\/\/antiqua.mx\/en\/"},{"@type":"ListItem","position":2,"name":"Tienda","item":"https:\/\/antiqua.mx\/tienda\/"},{"@type":"ListItem","position":3,"name":"ANTOLOG\u00cdA. 14 MUJERES ESCRIBEN CUENTOS"}]},{"@type":"WebSite","@id":"https:\/\/antiqua.mx\/en\/#website","url":"https:\/\/antiqua.mx\/en\/","name":"","description":"","potentialAction":[{"@type":"SearchAction","target":{"@type":"EntryPoint","urlTemplate":"https:\/\/antiqua.mx\/en\/?s={search_term_string}"},"query-input":{"@type":"PropertyValueSpecification","valueRequired":true,"valueName":"search_term_string"}}],"inLanguage":"en-US"}]}},"jetpack_sharing_enabled":true,"_links":{"self":[{"href":"https:\/\/antiqua.mx\/en\/wp-json\/wp\/v2\/product\/11856","targetHints":{"allow":["GET"]}}],"collection":[{"href":"https:\/\/antiqua.mx\/en\/wp-json\/wp\/v2\/product"}],"about":[{"href":"https:\/\/antiqua.mx\/en\/wp-json\/wp\/v2\/types\/product"}],"replies":[{"embeddable":true,"href":"https:\/\/antiqua.mx\/en\/wp-json\/wp\/v2\/comments?post=11856"}],"wp:featuredmedia":[{"embeddable":true,"href":"https:\/\/antiqua.mx\/en\/wp-json\/wp\/v2\/media\/26607"}],"wp:attachment":[{"href":"https:\/\/antiqua.mx\/en\/wp-json\/wp\/v2\/media?parent=11856"}],"wp:term":[{"taxonomy":"product_brand","embeddable":true,"href":"https:\/\/antiqua.mx\/en\/wp-json\/wp\/v2\/product_brand?post=11856"},{"taxonomy":"product_cat","embeddable":true,"href":"https:\/\/antiqua.mx\/en\/wp-json\/wp\/v2\/product_cat?post=11856"},{"taxonomy":"product_tag","embeddable":true,"href":"https:\/\/antiqua.mx\/en\/wp-json\/wp\/v2\/product_tag?post=11856"}],"curies":[{"name":"wp","href":"https:\/\/api.w.org\/{rel}","templated":true}]}}