{"id":12348,"date":"2022-02-25T21:18:38","date_gmt":"2022-02-25T21:18:38","guid":{"rendered":"https:\/\/antiqua.mx\/?post_type=product&#038;p=12348"},"modified":"2024-10-15T21:45:30","modified_gmt":"2024-10-15T21:45:30","slug":"blair-fredrika-isadora-el-retrato-de-la-artista-como-mujer","status":"publish","type":"product","link":"https:\/\/antiqua.mx\/en\/product\/blair-fredrika-isadora-el-retrato-de-la-artista-como-mujer","title":{"rendered":"BLAIR FREDRIKA. ISADORA. EL RETRATO DE LA ARTISTA COMO MUJER"},"content":{"rendered":"<p><strong>Blair Fredrika\u00a0<\/strong><\/p>\n<p>Editorial: javier vergara editor<\/p>\n<p>A\u00f1o 1989<\/p>\n<p>R\u00fastico, en buenas condiciones.<\/p>\n<p>El ejemplar est\u00e1 ilustrado con fotograf\u00edas a blanco y negro.<\/p>\n<p>Traducci\u00f3n An\u00edbal Leal.<\/p>\n<p>Impreso en Argentina.<\/p>\n<p>424 p\u00e1ginas<\/p>","protected":false},"excerpt":{"rendered":"<ul>\n<li>Editorial: javier vergara editor<\/li>\n<li>A\u00f1o 1989<\/li>\n<li>R\u00fastico, en buenas condiciones.<\/li>\n<li>El ejemplar est\u00e1 ilustrado con fotograf\u00edas a blanco y negro.<\/li>\n<li>Traducci\u00f3n An\u00edbal Leal.<\/li>\n<li>Impreso en Argentina.<\/li>\n<li>424 p\u00e1ginas<\/li>\n<\/ul>","protected":false},"featured_media":12621,"comment_status":"open","ping_status":"closed","template":"","meta":{"_joinchat":[]},"product_brand":[],"product_cat":[349,1556],"product_tag":[3122,1711],"class_list":{"0":"post-12348","1":"product","2":"type-product","3":"status-publish","6":"product_cat-arte","7":"product_cat-dan","8":"product_tag-fredrika-blair","9":"product_tag-isadora-duncan","11":"first","12":"instock","13":"featured","14":"taxable","15":"shipping-taxable","16":"purchasable","17":"product-type-simple"},"yoast_head":"<!-- This site is optimized with the Yoast SEO plugin v26.1.1 - https:\/\/yoast.com\/wordpress\/plugins\/seo\/ -->\n<title>BLAIR FREDRIKA. ISADORA. EL RETRATO DE LA ARTISTA COMO MUJER -<\/title>\n<meta name=\"robots\" content=\"index, follow, max-snippet:-1, max-image-preview:large, max-video-preview:-1\" \/>\n<link rel=\"canonical\" href=\"https:\/\/antiqua.mx\/en\/product\/blair-fredrika-isadora-el-retrato-de-la-artista-como-mujer\/\" \/>\n<meta property=\"og:locale\" content=\"en_US\" \/>\n<meta property=\"og:type\" content=\"article\" \/>\n<meta property=\"og:title\" content=\"BLAIR FREDRIKA. ISADORA. EL RETRATO DE LA ARTISTA COMO MUJER -\" \/>\n<meta property=\"og:description\" content=\"Editorial: javier vergara editor  A\u00f1o 1989  R\u00fastico, en buenas condiciones.  El ejemplar est\u00e1 ilustrado con fotograf\u00edas a blanco y negro.  Traducci\u00f3n An\u00edbal Leal.  Impreso en Argentina.  424 p\u00e1ginas\" \/>\n<meta property=\"og:url\" content=\"https:\/\/antiqua.mx\/en\/product\/blair-fredrika-isadora-el-retrato-de-la-artista-como-mujer\/\" \/>\n<meta property=\"article:modified_time\" content=\"2024-10-15T21:45:30+00:00\" \/>\n<meta property=\"og:image\" content=\"https:\/\/antiqua.mx\/wp-content\/uploads\/2022\/02\/364E7A57-F700-4187-BD19-EEA624A0E286-scaled.jpeg\" \/>\n\t<meta property=\"og:image:width\" content=\"1809\" \/>\n\t<meta property=\"og:image:height\" content=\"2560\" \/>\n\t<meta property=\"og:image:type\" content=\"image\/jpeg\" \/>\n<meta name=\"twitter:card\" content=\"summary_large_image\" \/>\n<script type=\"application\/ld+json\" class=\"yoast-schema-graph\">{\"@context\":\"https:\/\/schema.org\",\"@graph\":[{\"@type\":\"WebPage\",\"@id\":\"https:\/\/antiqua.mx\/producto\/blair-fredrika-isadora-el-retrato-de-la-artista-como-mujer\",\"url\":\"https:\/\/antiqua.mx\/producto\/blair-fredrika-isadora-el-retrato-de-la-artista-como-mujer\",\"name\":\"BLAIR FREDRIKA. ISADORA. EL RETRATO DE LA ARTISTA COMO MUJER -\",\"isPartOf\":{\"@id\":\"https:\/\/antiqua.mx\/en\/#website\"},\"primaryImageOfPage\":{\"@id\":\"https:\/\/antiqua.mx\/producto\/blair-fredrika-isadora-el-retrato-de-la-artista-como-mujer#primaryimage\"},\"image\":{\"@id\":\"https:\/\/antiqua.mx\/producto\/blair-fredrika-isadora-el-retrato-de-la-artista-como-mujer#primaryimage\"},\"thumbnailUrl\":\"https:\/\/antiqua.mx\/wp-content\/uploads\/2022\/02\/364E7A57-F700-4187-BD19-EEA624A0E286-scaled.jpeg\",\"datePublished\":\"2022-02-25T21:18:38+00:00\",\"dateModified\":\"2024-10-15T21:45:30+00:00\",\"breadcrumb\":{\"@id\":\"https:\/\/antiqua.mx\/producto\/blair-fredrika-isadora-el-retrato-de-la-artista-como-mujer#breadcrumb\"},\"inLanguage\":\"en-US\",\"potentialAction\":[{\"@type\":\"ReadAction\",\"target\":[\"https:\/\/antiqua.mx\/producto\/blair-fredrika-isadora-el-retrato-de-la-artista-como-mujer\"]}]},{\"@type\":\"ImageObject\",\"inLanguage\":\"en-US\",\"@id\":\"https:\/\/antiqua.mx\/producto\/blair-fredrika-isadora-el-retrato-de-la-artista-como-mujer#primaryimage\",\"url\":\"https:\/\/antiqua.mx\/wp-content\/uploads\/2022\/02\/364E7A57-F700-4187-BD19-EEA624A0E286-scaled.jpeg\",\"contentUrl\":\"https:\/\/antiqua.mx\/wp-content\/uploads\/2022\/02\/364E7A57-F700-4187-BD19-EEA624A0E286-scaled.jpeg\",\"width\":1809,\"height\":2560},{\"@type\":\"BreadcrumbList\",\"@id\":\"https:\/\/antiqua.mx\/producto\/blair-fredrika-isadora-el-retrato-de-la-artista-como-mujer#breadcrumb\",\"itemListElement\":[{\"@type\":\"ListItem\",\"position\":1,\"name\":\"Portada\",\"item\":\"https:\/\/antiqua.mx\/en\/\"},{\"@type\":\"ListItem\",\"position\":2,\"name\":\"Tienda\",\"item\":\"https:\/\/antiqua.mx\/en\/tienda\"},{\"@type\":\"ListItem\",\"position\":3,\"name\":\"BLAIR FREDRIKA. ISADORA. EL RETRATO DE LA ARTISTA COMO MUJER\"}]},{\"@type\":\"WebSite\",\"@id\":\"https:\/\/antiqua.mx\/en\/#website\",\"url\":\"https:\/\/antiqua.mx\/en\/\",\"name\":\"\",\"description\":\"\",\"potentialAction\":[{\"@type\":\"SearchAction\",\"target\":{\"@type\":\"EntryPoint\",\"urlTemplate\":\"https:\/\/antiqua.mx\/en\/?s={search_term_string}\"},\"query-input\":{\"@type\":\"PropertyValueSpecification\",\"valueRequired\":true,\"valueName\":\"search_term_string\"}}],\"inLanguage\":\"en-US\"}]}<\/script>\n<!-- \/ Yoast SEO plugin. -->","yoast_head_json":{"title":"BLAIR FREDRIKA. ISADORA. EL RETRATO DE LA ARTISTA COMO MUJER -","robots":{"index":"index","follow":"follow","max-snippet":"max-snippet:-1","max-image-preview":"max-image-preview:large","max-video-preview":"max-video-preview:-1"},"canonical":"https:\/\/antiqua.mx\/en\/product\/blair-fredrika-isadora-el-retrato-de-la-artista-como-mujer\/","og_locale":"en_US","og_type":"article","og_title":"BLAIR FREDRIKA. ISADORA. EL RETRATO DE LA ARTISTA COMO MUJER -","og_description":"Editorial: javier vergara editor  A\u00f1o 1989  R\u00fastico, en buenas condiciones.  El ejemplar est\u00e1 ilustrado con fotograf\u00edas a blanco y negro.  Traducci\u00f3n An\u00edbal Leal.  Impreso en Argentina.  424 p\u00e1ginas","og_url":"https:\/\/antiqua.mx\/en\/product\/blair-fredrika-isadora-el-retrato-de-la-artista-como-mujer\/","article_modified_time":"2024-10-15T21:45:30+00:00","og_image":[{"width":1809,"height":2560,"url":"https:\/\/antiqua.mx\/wp-content\/uploads\/2022\/02\/364E7A57-F700-4187-BD19-EEA624A0E286-scaled.jpeg","type":"image\/jpeg"}],"twitter_card":"summary_large_image","schema":{"@context":"https:\/\/schema.org","@graph":[{"@type":"WebPage","@id":"https:\/\/antiqua.mx\/producto\/blair-fredrika-isadora-el-retrato-de-la-artista-como-mujer","url":"https:\/\/antiqua.mx\/producto\/blair-fredrika-isadora-el-retrato-de-la-artista-como-mujer","name":"BLAIR FREDRIKA. ISADORA. EL RETRATO DE LA ARTISTA COMO MUJER -","isPartOf":{"@id":"https:\/\/antiqua.mx\/en\/#website"},"primaryImageOfPage":{"@id":"https:\/\/antiqua.mx\/producto\/blair-fredrika-isadora-el-retrato-de-la-artista-como-mujer#primaryimage"},"image":{"@id":"https:\/\/antiqua.mx\/producto\/blair-fredrika-isadora-el-retrato-de-la-artista-como-mujer#primaryimage"},"thumbnailUrl":"https:\/\/antiqua.mx\/wp-content\/uploads\/2022\/02\/364E7A57-F700-4187-BD19-EEA624A0E286-scaled.jpeg","datePublished":"2022-02-25T21:18:38+00:00","dateModified":"2024-10-15T21:45:30+00:00","breadcrumb":{"@id":"https:\/\/antiqua.mx\/producto\/blair-fredrika-isadora-el-retrato-de-la-artista-como-mujer#breadcrumb"},"inLanguage":"en-US","potentialAction":[{"@type":"ReadAction","target":["https:\/\/antiqua.mx\/producto\/blair-fredrika-isadora-el-retrato-de-la-artista-como-mujer"]}]},{"@type":"ImageObject","inLanguage":"en-US","@id":"https:\/\/antiqua.mx\/producto\/blair-fredrika-isadora-el-retrato-de-la-artista-como-mujer#primaryimage","url":"https:\/\/antiqua.mx\/wp-content\/uploads\/2022\/02\/364E7A57-F700-4187-BD19-EEA624A0E286-scaled.jpeg","contentUrl":"https:\/\/antiqua.mx\/wp-content\/uploads\/2022\/02\/364E7A57-F700-4187-BD19-EEA624A0E286-scaled.jpeg","width":1809,"height":2560},{"@type":"BreadcrumbList","@id":"https:\/\/antiqua.mx\/producto\/blair-fredrika-isadora-el-retrato-de-la-artista-como-mujer#breadcrumb","itemListElement":[{"@type":"ListItem","position":1,"name":"Portada","item":"https:\/\/antiqua.mx\/en\/"},{"@type":"ListItem","position":2,"name":"Tienda","item":"https:\/\/antiqua.mx\/en\/tienda"},{"@type":"ListItem","position":3,"name":"BLAIR FREDRIKA. ISADORA. EL RETRATO DE LA ARTISTA COMO MUJER"}]},{"@type":"WebSite","@id":"https:\/\/antiqua.mx\/en\/#website","url":"https:\/\/antiqua.mx\/en\/","name":"","description":"","potentialAction":[{"@type":"SearchAction","target":{"@type":"EntryPoint","urlTemplate":"https:\/\/antiqua.mx\/en\/?s={search_term_string}"},"query-input":{"@type":"PropertyValueSpecification","valueRequired":true,"valueName":"search_term_string"}}],"inLanguage":"en-US"}]}},"jetpack_sharing_enabled":true,"_links":{"self":[{"href":"https:\/\/antiqua.mx\/en\/wp-json\/wp\/v2\/product\/12348","targetHints":{"allow":["GET"]}}],"collection":[{"href":"https:\/\/antiqua.mx\/en\/wp-json\/wp\/v2\/product"}],"about":[{"href":"https:\/\/antiqua.mx\/en\/wp-json\/wp\/v2\/types\/product"}],"replies":[{"embeddable":true,"href":"https:\/\/antiqua.mx\/en\/wp-json\/wp\/v2\/comments?post=12348"}],"wp:featuredmedia":[{"embeddable":true,"href":"https:\/\/antiqua.mx\/en\/wp-json\/wp\/v2\/media\/12621"}],"wp:attachment":[{"href":"https:\/\/antiqua.mx\/en\/wp-json\/wp\/v2\/media?parent=12348"}],"wp:term":[{"taxonomy":"product_brand","embeddable":true,"href":"https:\/\/antiqua.mx\/en\/wp-json\/wp\/v2\/product_brand?post=12348"},{"taxonomy":"product_cat","embeddable":true,"href":"https:\/\/antiqua.mx\/en\/wp-json\/wp\/v2\/product_cat?post=12348"},{"taxonomy":"product_tag","embeddable":true,"href":"https:\/\/antiqua.mx\/en\/wp-json\/wp\/v2\/product_tag?post=12348"}],"curies":[{"name":"wp","href":"https:\/\/api.w.org\/{rel}","templated":true}]}}