{"id":13220,"date":"2022-03-25T00:18:25","date_gmt":"2022-03-25T00:18:25","guid":{"rendered":"https:\/\/antiqua.mx\/?post_type=product&#038;p=13220"},"modified":"2024-10-10T01:13:03","modified_gmt":"2024-10-10T01:13:03","slug":"traven-bruno-macario-2","status":"publish","type":"product","link":"https:\/\/antiqua.mx\/en\/product\/traven-bruno-macario-2\/","title":{"rendered":"TRAVEN BRUNO. MACARIO"},"content":{"rendered":"<p><strong>Traven Bruno<\/strong><\/p>\n<p>Editorial: COMPA\u00d1\u00cdA GENERAL DE EDICIONES, S. A.<\/p>\n<p>Primera edici\u00f3n<\/p>\n<p>A\u00f1o 1960<\/p>\n<p>R\u00fastico, en buenas condiciones. El empastado est\u00e1 ligeramente desgastado.<\/p>\n<p>Traducido del ingl\u00e9s por R. E. Luj\u00e1n.<\/p>\n<p>Impreso en M\u00e9xico.<\/p>\n<p>108 p\u00e1ginas<\/p>","protected":false},"excerpt":{"rendered":"<ul>\n<li>Editorial: COMPA\u00d1\u00cdA GENERAL DE EDICIONES, S. A.<\/li>\n<li>Primera edici\u00f3n<\/li>\n<li>A\u00f1o 1960<\/li>\n<li>R\u00fastico, en buenas condiciones. El empastado est\u00e1 ligeramente desgastado.<\/li>\n<li>Traducido del ingl\u00e9s por R. E. Luj\u00e1n.<\/li>\n<li>Impreso en M\u00e9xico.<\/li>\n<li>108 p\u00e1ginas<\/li>\n<\/ul>","protected":false},"featured_media":13470,"comment_status":"open","ping_status":"closed","template":"","meta":{"_joinchat":[]},"product_brand":[],"product_cat":[335,336],"product_tag":[783],"class_list":{"0":"post-13220","1":"product","2":"type-product","3":"status-publish","6":"product_cat-literatura","7":"product_cat-litmexicana","8":"product_tag-bruno-traven","10":"first","11":"instock","12":"featured","13":"taxable","14":"shipping-taxable","15":"purchasable","16":"product-type-simple"},"yoast_head":"<!-- This site is optimized with the Yoast SEO plugin v26.1.1 - https:\/\/yoast.com\/wordpress\/plugins\/seo\/ -->\n<title>TRAVEN BRUNO. MACARIO -<\/title>\n<meta name=\"robots\" content=\"index, follow, max-snippet:-1, max-image-preview:large, max-video-preview:-1\" \/>\n<link rel=\"canonical\" href=\"https:\/\/antiqua.mx\/en\/product\/traven-bruno-macario-2\/\" \/>\n<meta property=\"og:locale\" content=\"en_US\" \/>\n<meta property=\"og:type\" content=\"article\" \/>\n<meta property=\"og:title\" content=\"TRAVEN BRUNO. MACARIO -\" \/>\n<meta property=\"og:description\" content=\"Editorial: COMPA\u00d1\u00cdA GENERAL DE EDICIONES, S. A.  Primera edici\u00f3n  A\u00f1o 1960  R\u00fastico, en buenas condiciones. El empastado est\u00e1 ligeramente desgastado.  Traducido del ingl\u00e9s por R. E. Luj\u00e1n.  Impreso en M\u00e9xico.  108 p\u00e1ginas\" \/>\n<meta property=\"og:url\" content=\"https:\/\/antiqua.mx\/en\/product\/traven-bruno-macario-2\/\" \/>\n<meta property=\"article:modified_time\" content=\"2024-10-10T01:13:03+00:00\" \/>\n<meta property=\"og:image\" content=\"https:\/\/antiqua.mx\/wp-content\/uploads\/2022\/03\/F4747CD1-0FC8-4816-AEA7-010DE1225F25-scaled.jpeg\" \/>\n\t<meta property=\"og:image:width\" content=\"1920\" \/>\n\t<meta property=\"og:image:height\" content=\"2560\" \/>\n\t<meta property=\"og:image:type\" content=\"image\/jpeg\" \/>\n<meta name=\"twitter:card\" content=\"summary_large_image\" \/>\n<script type=\"application\/ld+json\" class=\"yoast-schema-graph\">{\"@context\":\"https:\/\/schema.org\",\"@graph\":[{\"@type\":\"WebPage\",\"@id\":\"https:\/\/antiqua.mx\/producto\/traven-bruno-macario-2\/\",\"url\":\"https:\/\/antiqua.mx\/producto\/traven-bruno-macario-2\/\",\"name\":\"TRAVEN BRUNO. MACARIO -\",\"isPartOf\":{\"@id\":\"https:\/\/antiqua.mx\/en\/#website\"},\"primaryImageOfPage\":{\"@id\":\"https:\/\/antiqua.mx\/producto\/traven-bruno-macario-2\/#primaryimage\"},\"image\":{\"@id\":\"https:\/\/antiqua.mx\/producto\/traven-bruno-macario-2\/#primaryimage\"},\"thumbnailUrl\":\"https:\/\/antiqua.mx\/wp-content\/uploads\/2022\/03\/F4747CD1-0FC8-4816-AEA7-010DE1225F25-scaled.jpeg\",\"datePublished\":\"2022-03-25T00:18:25+00:00\",\"dateModified\":\"2024-10-10T01:13:03+00:00\",\"breadcrumb\":{\"@id\":\"https:\/\/antiqua.mx\/producto\/traven-bruno-macario-2\/#breadcrumb\"},\"inLanguage\":\"en-US\",\"potentialAction\":[{\"@type\":\"ReadAction\",\"target\":[\"https:\/\/antiqua.mx\/producto\/traven-bruno-macario-2\/\"]}]},{\"@type\":\"ImageObject\",\"inLanguage\":\"en-US\",\"@id\":\"https:\/\/antiqua.mx\/producto\/traven-bruno-macario-2\/#primaryimage\",\"url\":\"https:\/\/antiqua.mx\/wp-content\/uploads\/2022\/03\/F4747CD1-0FC8-4816-AEA7-010DE1225F25-scaled.jpeg\",\"contentUrl\":\"https:\/\/antiqua.mx\/wp-content\/uploads\/2022\/03\/F4747CD1-0FC8-4816-AEA7-010DE1225F25-scaled.jpeg\",\"width\":1920,\"height\":2560},{\"@type\":\"BreadcrumbList\",\"@id\":\"https:\/\/antiqua.mx\/producto\/traven-bruno-macario-2\/#breadcrumb\",\"itemListElement\":[{\"@type\":\"ListItem\",\"position\":1,\"name\":\"Portada\",\"item\":\"https:\/\/antiqua.mx\/en\/\"},{\"@type\":\"ListItem\",\"position\":2,\"name\":\"Tienda\",\"item\":\"https:\/\/antiqua.mx\/tienda\/\"},{\"@type\":\"ListItem\",\"position\":3,\"name\":\"TRAVEN BRUNO. MACARIO\"}]},{\"@type\":\"WebSite\",\"@id\":\"https:\/\/antiqua.mx\/en\/#website\",\"url\":\"https:\/\/antiqua.mx\/en\/\",\"name\":\"\",\"description\":\"\",\"potentialAction\":[{\"@type\":\"SearchAction\",\"target\":{\"@type\":\"EntryPoint\",\"urlTemplate\":\"https:\/\/antiqua.mx\/en\/?s={search_term_string}\"},\"query-input\":{\"@type\":\"PropertyValueSpecification\",\"valueRequired\":true,\"valueName\":\"search_term_string\"}}],\"inLanguage\":\"en-US\"}]}<\/script>\n<!-- \/ Yoast SEO plugin. -->","yoast_head_json":{"title":"TRAVEN BRUNO. MACARIO -","robots":{"index":"index","follow":"follow","max-snippet":"max-snippet:-1","max-image-preview":"max-image-preview:large","max-video-preview":"max-video-preview:-1"},"canonical":"https:\/\/antiqua.mx\/en\/product\/traven-bruno-macario-2\/","og_locale":"en_US","og_type":"article","og_title":"TRAVEN BRUNO. MACARIO -","og_description":"Editorial: COMPA\u00d1\u00cdA GENERAL DE EDICIONES, S. A.  Primera edici\u00f3n  A\u00f1o 1960  R\u00fastico, en buenas condiciones. El empastado est\u00e1 ligeramente desgastado.  Traducido del ingl\u00e9s por R. E. Luj\u00e1n.  Impreso en M\u00e9xico.  108 p\u00e1ginas","og_url":"https:\/\/antiqua.mx\/en\/product\/traven-bruno-macario-2\/","article_modified_time":"2024-10-10T01:13:03+00:00","og_image":[{"width":1920,"height":2560,"url":"https:\/\/antiqua.mx\/wp-content\/uploads\/2022\/03\/F4747CD1-0FC8-4816-AEA7-010DE1225F25-scaled.jpeg","type":"image\/jpeg"}],"twitter_card":"summary_large_image","schema":{"@context":"https:\/\/schema.org","@graph":[{"@type":"WebPage","@id":"https:\/\/antiqua.mx\/producto\/traven-bruno-macario-2\/","url":"https:\/\/antiqua.mx\/producto\/traven-bruno-macario-2\/","name":"TRAVEN BRUNO. MACARIO -","isPartOf":{"@id":"https:\/\/antiqua.mx\/en\/#website"},"primaryImageOfPage":{"@id":"https:\/\/antiqua.mx\/producto\/traven-bruno-macario-2\/#primaryimage"},"image":{"@id":"https:\/\/antiqua.mx\/producto\/traven-bruno-macario-2\/#primaryimage"},"thumbnailUrl":"https:\/\/antiqua.mx\/wp-content\/uploads\/2022\/03\/F4747CD1-0FC8-4816-AEA7-010DE1225F25-scaled.jpeg","datePublished":"2022-03-25T00:18:25+00:00","dateModified":"2024-10-10T01:13:03+00:00","breadcrumb":{"@id":"https:\/\/antiqua.mx\/producto\/traven-bruno-macario-2\/#breadcrumb"},"inLanguage":"en-US","potentialAction":[{"@type":"ReadAction","target":["https:\/\/antiqua.mx\/producto\/traven-bruno-macario-2\/"]}]},{"@type":"ImageObject","inLanguage":"en-US","@id":"https:\/\/antiqua.mx\/producto\/traven-bruno-macario-2\/#primaryimage","url":"https:\/\/antiqua.mx\/wp-content\/uploads\/2022\/03\/F4747CD1-0FC8-4816-AEA7-010DE1225F25-scaled.jpeg","contentUrl":"https:\/\/antiqua.mx\/wp-content\/uploads\/2022\/03\/F4747CD1-0FC8-4816-AEA7-010DE1225F25-scaled.jpeg","width":1920,"height":2560},{"@type":"BreadcrumbList","@id":"https:\/\/antiqua.mx\/producto\/traven-bruno-macario-2\/#breadcrumb","itemListElement":[{"@type":"ListItem","position":1,"name":"Portada","item":"https:\/\/antiqua.mx\/en\/"},{"@type":"ListItem","position":2,"name":"Tienda","item":"https:\/\/antiqua.mx\/tienda\/"},{"@type":"ListItem","position":3,"name":"TRAVEN BRUNO. MACARIO"}]},{"@type":"WebSite","@id":"https:\/\/antiqua.mx\/en\/#website","url":"https:\/\/antiqua.mx\/en\/","name":"","description":"","potentialAction":[{"@type":"SearchAction","target":{"@type":"EntryPoint","urlTemplate":"https:\/\/antiqua.mx\/en\/?s={search_term_string}"},"query-input":{"@type":"PropertyValueSpecification","valueRequired":true,"valueName":"search_term_string"}}],"inLanguage":"en-US"}]}},"jetpack_sharing_enabled":true,"_links":{"self":[{"href":"https:\/\/antiqua.mx\/en\/wp-json\/wp\/v2\/product\/13220","targetHints":{"allow":["GET"]}}],"collection":[{"href":"https:\/\/antiqua.mx\/en\/wp-json\/wp\/v2\/product"}],"about":[{"href":"https:\/\/antiqua.mx\/en\/wp-json\/wp\/v2\/types\/product"}],"replies":[{"embeddable":true,"href":"https:\/\/antiqua.mx\/en\/wp-json\/wp\/v2\/comments?post=13220"}],"wp:featuredmedia":[{"embeddable":true,"href":"https:\/\/antiqua.mx\/en\/wp-json\/wp\/v2\/media\/13470"}],"wp:attachment":[{"href":"https:\/\/antiqua.mx\/en\/wp-json\/wp\/v2\/media?parent=13220"}],"wp:term":[{"taxonomy":"product_brand","embeddable":true,"href":"https:\/\/antiqua.mx\/en\/wp-json\/wp\/v2\/product_brand?post=13220"},{"taxonomy":"product_cat","embeddable":true,"href":"https:\/\/antiqua.mx\/en\/wp-json\/wp\/v2\/product_cat?post=13220"},{"taxonomy":"product_tag","embeddable":true,"href":"https:\/\/antiqua.mx\/en\/wp-json\/wp\/v2\/product_tag?post=13220"}],"curies":[{"name":"wp","href":"https:\/\/api.w.org\/{rel}","templated":true}]}}