{"id":13224,"date":"2022-03-25T22:20:24","date_gmt":"2022-03-25T22:20:24","guid":{"rendered":"https:\/\/antiqua.mx\/?post_type=product&#038;p=13224"},"modified":"2025-04-07T23:41:46","modified_gmt":"2025-04-07T23:41:46","slug":"ortiz-vidales-salvador-la-arrieria-en-mexico-estudio-folklorico-costumbrista-e-historico","status":"publish","type":"product","link":"https:\/\/antiqua.mx\/en\/product\/ortiz-vidales-salvador-la-arrieria-en-mexico-estudio-folklorico-costumbrista-e-historico\/","title":{"rendered":"ORTIZ VIDALES SALVADOR. LA ARRIER\u00cdA EN M\u00c9XICO. ESTUDIO FOLKL\u00d3RICO, COSTUMBRISTA E HIST\u00d3RICO"},"content":{"rendered":"<p><strong>Ortiz Vidales Salvador<\/strong><\/p>\n<p>Editorial: EDICIONES BOTAS<\/p>\n<p>Segunda edici\u00f3n, corregida<\/p>\n<p>A\u00f1o 1941<\/p>\n<p>R\u00fastico, en buenas condiciones. En la parte inferior tiene la clasificaci\u00f3n de biblioteca.<\/p>\n<p>El ejemplar est\u00e1 ilustrado.<\/p>\n<p class=\"p1\">La obra tiene sellos del\u00a0 &#8220;ASPIRANTADO JUAN PONCE DE LE\u00d3N BIBLIOTECA: DR. CARLOS FUENTES GUTI\u00c9RREZ 10 PONIENTE No. 1711, PUEBLA, PUE.&#8221;<\/p>\n<p>Impreso en M\u00e9xico.<\/p>\n<p>193 p\u00e1ginas<\/p>","protected":false},"excerpt":{"rendered":"<ul>\n<li>Editorial: EDICIONES BOTAS<\/li>\n<li>Segunda edici\u00f3n, corregida<\/li>\n<li>A\u00f1o 1941<\/li>\n<li>R\u00fastico, en buenas condiciones. En la parte inferior tiene la clasificaci\u00f3n de biblioteca.<\/li>\n<li>El ejemplar est\u00e1 ilustrado.<\/li>\n<li class=\"p1\">La obra tiene sellos del\u00a0 &#8220;ASPIRANTADO JUAN PONCE DE LE\u00d3N BIBLIOTECA: DR. CARLOS FUENTES GUTI\u00c9RREZ 10 PONIENTE No. 1711, PUEBLA, PUE.&#8221;<\/li>\n<li>Impreso en M\u00e9xico.<\/li>\n<li>193 p\u00e1ginas<\/li>\n<\/ul>","protected":false},"featured_media":13462,"comment_status":"open","ping_status":"closed","template":"","meta":{"_joinchat":[]},"product_brand":[],"product_cat":[366,375,451],"product_tag":[3247,3246],"class_list":{"0":"post-13224","1":"product","2":"type-product","3":"status-publish","6":"product_cat-charr","7":"product_cat-mex","8":"product_cat-otros","9":"product_tag-arrieria","10":"product_tag-salvador-ortiz-vidales","12":"first","13":"instock","14":"featured","15":"taxable","16":"shipping-taxable","17":"purchasable","18":"product-type-simple"},"yoast_head":"<!-- This site is optimized with the Yoast SEO plugin v26.1.1 - https:\/\/yoast.com\/wordpress\/plugins\/seo\/ -->\n<title>ORTIZ VIDALES SALVADOR. LA ARRIER\u00cdA EN M\u00c9XICO. ESTUDIO FOLKL\u00d3RICO, COSTUMBRISTA E HIST\u00d3RICO -<\/title>\n<meta name=\"robots\" content=\"index, follow, max-snippet:-1, max-image-preview:large, max-video-preview:-1\" \/>\n<link rel=\"canonical\" href=\"https:\/\/antiqua.mx\/en\/product\/ortiz-vidales-salvador-la-arrieria-en-mexico-estudio-folklorico-costumbrista-e-historico\/\" \/>\n<meta property=\"og:locale\" content=\"en_US\" \/>\n<meta property=\"og:type\" content=\"article\" \/>\n<meta property=\"og:title\" content=\"ORTIZ VIDALES SALVADOR. LA ARRIER\u00cdA EN M\u00c9XICO. ESTUDIO FOLKL\u00d3RICO, COSTUMBRISTA E HIST\u00d3RICO -\" \/>\n<meta property=\"og:description\" content=\"Editorial: EDICIONES BOTAS  Segunda edici\u00f3n, corregida  A\u00f1o 1941  R\u00fastico, en buenas condiciones. En la parte inferior tiene la clasificaci\u00f3n de biblioteca.  El ejemplar est\u00e1 ilustrado.  La obra tiene sellos del\u00a0 &quot;ASPIRANTADO JUAN PONCE DE LE\u00d3N BIBLIOTECA: DR. CARLOS FUENTES GUTI\u00c9RREZ 10 PONIENTE No. 1711, PUEBLA, PUE.&quot;  Impreso en M\u00e9xico.  193 p\u00e1ginas\" \/>\n<meta property=\"og:url\" content=\"https:\/\/antiqua.mx\/en\/product\/ortiz-vidales-salvador-la-arrieria-en-mexico-estudio-folklorico-costumbrista-e-historico\/\" \/>\n<meta property=\"article:modified_time\" content=\"2025-04-07T23:41:46+00:00\" \/>\n<meta property=\"og:image\" content=\"https:\/\/antiqua.mx\/wp-content\/uploads\/2022\/03\/508798D4-E8A9-4789-9B64-D5E7A249E0BE-scaled.jpeg\" \/>\n\t<meta property=\"og:image:width\" content=\"1920\" \/>\n\t<meta property=\"og:image:height\" content=\"2560\" \/>\n\t<meta property=\"og:image:type\" content=\"image\/jpeg\" \/>\n<meta name=\"twitter:card\" content=\"summary_large_image\" \/>\n<script type=\"application\/ld+json\" class=\"yoast-schema-graph\">{\"@context\":\"https:\/\/schema.org\",\"@graph\":[{\"@type\":\"WebPage\",\"@id\":\"https:\/\/antiqua.mx\/en\/product\/ortiz-vidales-salvador-la-arrieria-en-mexico-estudio-folklorico-costumbrista-e-historico\/\",\"url\":\"https:\/\/antiqua.mx\/en\/product\/ortiz-vidales-salvador-la-arrieria-en-mexico-estudio-folklorico-costumbrista-e-historico\/\",\"name\":\"ORTIZ VIDALES SALVADOR. LA ARRIER\u00cdA EN M\u00c9XICO. ESTUDIO FOLKL\u00d3RICO, COSTUMBRISTA E HIST\u00d3RICO -\",\"isPartOf\":{\"@id\":\"https:\/\/antiqua.mx\/en\/#website\"},\"primaryImageOfPage\":{\"@id\":\"https:\/\/antiqua.mx\/en\/product\/ortiz-vidales-salvador-la-arrieria-en-mexico-estudio-folklorico-costumbrista-e-historico\/#primaryimage\"},\"image\":{\"@id\":\"https:\/\/antiqua.mx\/en\/product\/ortiz-vidales-salvador-la-arrieria-en-mexico-estudio-folklorico-costumbrista-e-historico\/#primaryimage\"},\"thumbnailUrl\":\"https:\/\/antiqua.mx\/wp-content\/uploads\/2022\/03\/508798D4-E8A9-4789-9B64-D5E7A249E0BE-scaled.jpeg\",\"datePublished\":\"2022-03-25T22:20:24+00:00\",\"dateModified\":\"2025-04-07T23:41:46+00:00\",\"breadcrumb\":{\"@id\":\"https:\/\/antiqua.mx\/en\/product\/ortiz-vidales-salvador-la-arrieria-en-mexico-estudio-folklorico-costumbrista-e-historico\/#breadcrumb\"},\"inLanguage\":\"en-US\",\"potentialAction\":[{\"@type\":\"ReadAction\",\"target\":[\"https:\/\/antiqua.mx\/en\/product\/ortiz-vidales-salvador-la-arrieria-en-mexico-estudio-folklorico-costumbrista-e-historico\/\"]}]},{\"@type\":\"ImageObject\",\"inLanguage\":\"en-US\",\"@id\":\"https:\/\/antiqua.mx\/en\/product\/ortiz-vidales-salvador-la-arrieria-en-mexico-estudio-folklorico-costumbrista-e-historico\/#primaryimage\",\"url\":\"https:\/\/antiqua.mx\/wp-content\/uploads\/2022\/03\/508798D4-E8A9-4789-9B64-D5E7A249E0BE-scaled.jpeg\",\"contentUrl\":\"https:\/\/antiqua.mx\/wp-content\/uploads\/2022\/03\/508798D4-E8A9-4789-9B64-D5E7A249E0BE-scaled.jpeg\",\"width\":1920,\"height\":2560},{\"@type\":\"BreadcrumbList\",\"@id\":\"https:\/\/antiqua.mx\/en\/product\/ortiz-vidales-salvador-la-arrieria-en-mexico-estudio-folklorico-costumbrista-e-historico\/#breadcrumb\",\"itemListElement\":[{\"@type\":\"ListItem\",\"position\":1,\"name\":\"Portada\",\"item\":\"https:\/\/antiqua.mx\/en\/\"},{\"@type\":\"ListItem\",\"position\":2,\"name\":\"Tienda\",\"item\":\"https:\/\/antiqua.mx\/tienda\/\"},{\"@type\":\"ListItem\",\"position\":3,\"name\":\"ORTIZ VIDALES SALVADOR. LA ARRIER\u00cdA EN M\u00c9XICO. ESTUDIO FOLKL\u00d3RICO, COSTUMBRISTA E HIST\u00d3RICO\"}]},{\"@type\":\"WebSite\",\"@id\":\"https:\/\/antiqua.mx\/en\/#website\",\"url\":\"https:\/\/antiqua.mx\/en\/\",\"name\":\"\",\"description\":\"\",\"potentialAction\":[{\"@type\":\"SearchAction\",\"target\":{\"@type\":\"EntryPoint\",\"urlTemplate\":\"https:\/\/antiqua.mx\/en\/?s={search_term_string}\"},\"query-input\":{\"@type\":\"PropertyValueSpecification\",\"valueRequired\":true,\"valueName\":\"search_term_string\"}}],\"inLanguage\":\"en-US\"}]}<\/script>\n<!-- \/ Yoast SEO plugin. -->","yoast_head_json":{"title":"ORTIZ VIDALES SALVADOR. LA ARRIER\u00cdA EN M\u00c9XICO. ESTUDIO FOLKL\u00d3RICO, COSTUMBRISTA E HIST\u00d3RICO -","robots":{"index":"index","follow":"follow","max-snippet":"max-snippet:-1","max-image-preview":"max-image-preview:large","max-video-preview":"max-video-preview:-1"},"canonical":"https:\/\/antiqua.mx\/en\/product\/ortiz-vidales-salvador-la-arrieria-en-mexico-estudio-folklorico-costumbrista-e-historico\/","og_locale":"en_US","og_type":"article","og_title":"ORTIZ VIDALES SALVADOR. LA ARRIER\u00cdA EN M\u00c9XICO. ESTUDIO FOLKL\u00d3RICO, COSTUMBRISTA E HIST\u00d3RICO -","og_description":"Editorial: EDICIONES BOTAS  Segunda edici\u00f3n, corregida  A\u00f1o 1941  R\u00fastico, en buenas condiciones. En la parte inferior tiene la clasificaci\u00f3n de biblioteca.  El ejemplar est\u00e1 ilustrado.  La obra tiene sellos del\u00a0 \"ASPIRANTADO JUAN PONCE DE LE\u00d3N BIBLIOTECA: DR. CARLOS FUENTES GUTI\u00c9RREZ 10 PONIENTE No. 1711, PUEBLA, PUE.\"  Impreso en M\u00e9xico.  193 p\u00e1ginas","og_url":"https:\/\/antiqua.mx\/en\/product\/ortiz-vidales-salvador-la-arrieria-en-mexico-estudio-folklorico-costumbrista-e-historico\/","article_modified_time":"2025-04-07T23:41:46+00:00","og_image":[{"width":1920,"height":2560,"url":"https:\/\/antiqua.mx\/wp-content\/uploads\/2022\/03\/508798D4-E8A9-4789-9B64-D5E7A249E0BE-scaled.jpeg","type":"image\/jpeg"}],"twitter_card":"summary_large_image","schema":{"@context":"https:\/\/schema.org","@graph":[{"@type":"WebPage","@id":"https:\/\/antiqua.mx\/en\/product\/ortiz-vidales-salvador-la-arrieria-en-mexico-estudio-folklorico-costumbrista-e-historico\/","url":"https:\/\/antiqua.mx\/en\/product\/ortiz-vidales-salvador-la-arrieria-en-mexico-estudio-folklorico-costumbrista-e-historico\/","name":"ORTIZ VIDALES SALVADOR. LA ARRIER\u00cdA EN M\u00c9XICO. ESTUDIO FOLKL\u00d3RICO, COSTUMBRISTA E HIST\u00d3RICO -","isPartOf":{"@id":"https:\/\/antiqua.mx\/en\/#website"},"primaryImageOfPage":{"@id":"https:\/\/antiqua.mx\/en\/product\/ortiz-vidales-salvador-la-arrieria-en-mexico-estudio-folklorico-costumbrista-e-historico\/#primaryimage"},"image":{"@id":"https:\/\/antiqua.mx\/en\/product\/ortiz-vidales-salvador-la-arrieria-en-mexico-estudio-folklorico-costumbrista-e-historico\/#primaryimage"},"thumbnailUrl":"https:\/\/antiqua.mx\/wp-content\/uploads\/2022\/03\/508798D4-E8A9-4789-9B64-D5E7A249E0BE-scaled.jpeg","datePublished":"2022-03-25T22:20:24+00:00","dateModified":"2025-04-07T23:41:46+00:00","breadcrumb":{"@id":"https:\/\/antiqua.mx\/en\/product\/ortiz-vidales-salvador-la-arrieria-en-mexico-estudio-folklorico-costumbrista-e-historico\/#breadcrumb"},"inLanguage":"en-US","potentialAction":[{"@type":"ReadAction","target":["https:\/\/antiqua.mx\/en\/product\/ortiz-vidales-salvador-la-arrieria-en-mexico-estudio-folklorico-costumbrista-e-historico\/"]}]},{"@type":"ImageObject","inLanguage":"en-US","@id":"https:\/\/antiqua.mx\/en\/product\/ortiz-vidales-salvador-la-arrieria-en-mexico-estudio-folklorico-costumbrista-e-historico\/#primaryimage","url":"https:\/\/antiqua.mx\/wp-content\/uploads\/2022\/03\/508798D4-E8A9-4789-9B64-D5E7A249E0BE-scaled.jpeg","contentUrl":"https:\/\/antiqua.mx\/wp-content\/uploads\/2022\/03\/508798D4-E8A9-4789-9B64-D5E7A249E0BE-scaled.jpeg","width":1920,"height":2560},{"@type":"BreadcrumbList","@id":"https:\/\/antiqua.mx\/en\/product\/ortiz-vidales-salvador-la-arrieria-en-mexico-estudio-folklorico-costumbrista-e-historico\/#breadcrumb","itemListElement":[{"@type":"ListItem","position":1,"name":"Portada","item":"https:\/\/antiqua.mx\/en\/"},{"@type":"ListItem","position":2,"name":"Tienda","item":"https:\/\/antiqua.mx\/tienda\/"},{"@type":"ListItem","position":3,"name":"ORTIZ VIDALES SALVADOR. LA ARRIER\u00cdA EN M\u00c9XICO. ESTUDIO FOLKL\u00d3RICO, COSTUMBRISTA E HIST\u00d3RICO"}]},{"@type":"WebSite","@id":"https:\/\/antiqua.mx\/en\/#website","url":"https:\/\/antiqua.mx\/en\/","name":"","description":"","potentialAction":[{"@type":"SearchAction","target":{"@type":"EntryPoint","urlTemplate":"https:\/\/antiqua.mx\/en\/?s={search_term_string}"},"query-input":{"@type":"PropertyValueSpecification","valueRequired":true,"valueName":"search_term_string"}}],"inLanguage":"en-US"}]}},"jetpack_sharing_enabled":true,"_links":{"self":[{"href":"https:\/\/antiqua.mx\/en\/wp-json\/wp\/v2\/product\/13224","targetHints":{"allow":["GET"]}}],"collection":[{"href":"https:\/\/antiqua.mx\/en\/wp-json\/wp\/v2\/product"}],"about":[{"href":"https:\/\/antiqua.mx\/en\/wp-json\/wp\/v2\/types\/product"}],"replies":[{"embeddable":true,"href":"https:\/\/antiqua.mx\/en\/wp-json\/wp\/v2\/comments?post=13224"}],"wp:featuredmedia":[{"embeddable":true,"href":"https:\/\/antiqua.mx\/en\/wp-json\/wp\/v2\/media\/13462"}],"wp:attachment":[{"href":"https:\/\/antiqua.mx\/en\/wp-json\/wp\/v2\/media?parent=13224"}],"wp:term":[{"taxonomy":"product_brand","embeddable":true,"href":"https:\/\/antiqua.mx\/en\/wp-json\/wp\/v2\/product_brand?post=13224"},{"taxonomy":"product_cat","embeddable":true,"href":"https:\/\/antiqua.mx\/en\/wp-json\/wp\/v2\/product_cat?post=13224"},{"taxonomy":"product_tag","embeddable":true,"href":"https:\/\/antiqua.mx\/en\/wp-json\/wp\/v2\/product_tag?post=13224"}],"curies":[{"name":"wp","href":"https:\/\/api.w.org\/{rel}","templated":true}]}}