{"id":13661,"date":"2022-04-08T00:33:07","date_gmt":"2022-04-08T00:33:07","guid":{"rendered":"https:\/\/antiqua.mx\/?post_type=product&#038;p=13661"},"modified":"2026-03-20T22:37:04","modified_gmt":"2026-03-20T22:37:04","slug":"ferrer-benimeli-jose-antonio-bibliografia-de-la-masoneria-introduccion-historico-critica","status":"publish","type":"product","link":"https:\/\/antiqua.mx\/en\/product\/ferrer-benimeli-jose-antonio-bibliografia-de-la-masoneria-introduccion-historico-critica","title":{"rendered":"FERRER BENIMELI JOS\u00c9 ANTONIO. BIBLIOGRAF\u00cdA DE LA MASONER\u00cdA. INTRODUCCI\u00d3N HIST\u00d3RICO-CR\u00cdTICA"},"content":{"rendered":"<p><strong>Ferrer Benimeli Jos\u00e9 Antonio<\/strong><\/p>\n<p>Editorial: FUNDACI\u00d3N UNIVERSITARIA ESPA\u00d1OLA<\/p>\n<p>Segunda edici\u00f3n corregida y aumentada<\/p>\n<p>A\u00f1o 1978<\/p>\n<p>R\u00fastico, en buenas condiciones. El ejemplar est\u00e1 ilustrado con 20 l\u00e1minas a blanco y negro.<\/p>\n<p>Impreso en Espa\u00f1a.<\/p>\n<p>603 p\u00e1ginas<\/p>","protected":false},"excerpt":{"rendered":"<ul>\n<li>Editorial: FUNDACI\u00d3N UNIVERSITARIA ESPA\u00d1OLA<\/li>\n<li>Segunda edici\u00f3n corregida y aumentada<\/li>\n<li>A\u00f1o 1978<\/li>\n<li>R\u00fastico, en buenas condiciones. El ejemplar est\u00e1 ilustrado con 20 l\u00e1minas a blanco y negro.<\/li>\n<li>Impreso en Espa\u00f1a.<\/li>\n<li>603 p\u00e1ginas<\/li>\n<\/ul>","protected":false},"featured_media":25862,"comment_status":"open","ping_status":"closed","template":"","meta":{"_joinchat":[]},"product_brand":[],"product_cat":[466,468],"product_tag":[3312],"class_list":{"0":"post-13661","1":"product","2":"type-product","3":"status-publish","6":"product_cat-esoterismo","7":"product_cat-mason","8":"product_tag-jose-antonio-ferrer-benimeli","10":"first","11":"instock","12":"featured","13":"taxable","14":"shipping-taxable","15":"purchasable","16":"product-type-simple"},"yoast_head":"<!-- This site is optimized with the Yoast SEO plugin v26.1.1 - https:\/\/yoast.com\/wordpress\/plugins\/seo\/ -->\n<title>FERRER BENIMELI JOS\u00c9 ANTONIO. BIBLIOGRAF\u00cdA DE LA MASONER\u00cdA. INTRODUCCI\u00d3N HIST\u00d3RICO-CR\u00cdTICA -<\/title>\n<meta name=\"robots\" content=\"index, follow, max-snippet:-1, max-image-preview:large, max-video-preview:-1\" \/>\n<link rel=\"canonical\" href=\"https:\/\/antiqua.mx\/en\/product\/ferrer-benimeli-jose-antonio-bibliografia-de-la-masoneria-introduccion-historico-critica\/\" \/>\n<meta property=\"og:locale\" content=\"en_US\" \/>\n<meta property=\"og:type\" content=\"article\" \/>\n<meta property=\"og:title\" content=\"FERRER BENIMELI JOS\u00c9 ANTONIO. BIBLIOGRAF\u00cdA DE LA MASONER\u00cdA. INTRODUCCI\u00d3N HIST\u00d3RICO-CR\u00cdTICA -\" \/>\n<meta property=\"og:description\" content=\"Editorial: FUNDACI\u00d3N UNIVERSITARIA ESPA\u00d1OLA  Segunda edici\u00f3n corregida y aumentada  A\u00f1o 1978  R\u00fastico, en buenas condiciones. El ejemplar est\u00e1 ilustrado con 20 l\u00e1minas a blanco y negro.  Impreso en Espa\u00f1a.  603 p\u00e1ginas\" \/>\n<meta property=\"og:url\" content=\"https:\/\/antiqua.mx\/en\/product\/ferrer-benimeli-jose-antonio-bibliografia-de-la-masoneria-introduccion-historico-critica\/\" \/>\n<meta property=\"article:modified_time\" content=\"2026-03-20T22:37:04+00:00\" \/>\n<meta property=\"og:image\" content=\"https:\/\/antiqua.mx\/wp-content\/uploads\/2022\/04\/FERRER-BENIMELI-JOSE-ANTONIO.-BIBLIOGRAFIA-DE-LA-MASONERIA.-INTRODUCCION-HISTORICO-CRITICA.jpeg\" \/>\n\t<meta property=\"og:image:width\" content=\"1920\" \/>\n\t<meta property=\"og:image:height\" content=\"2560\" \/>\n\t<meta property=\"og:image:type\" content=\"image\/jpeg\" \/>\n<meta name=\"twitter:card\" content=\"summary_large_image\" \/>\n<meta name=\"twitter:label1\" content=\"Est. reading time\" \/>\n\t<meta name=\"twitter:data1\" content=\"1 minute\" \/>\n<script type=\"application\/ld+json\" class=\"yoast-schema-graph\">{\"@context\":\"https:\/\/schema.org\",\"@graph\":[{\"@type\":\"WebPage\",\"@id\":\"https:\/\/antiqua.mx\/producto\/ferrer-benimeli-jose-antonio-bibliografia-de-la-masoneria-introduccion-historico-critica\",\"url\":\"https:\/\/antiqua.mx\/producto\/ferrer-benimeli-jose-antonio-bibliografia-de-la-masoneria-introduccion-historico-critica\",\"name\":\"FERRER BENIMELI JOS\u00c9 ANTONIO. BIBLIOGRAF\u00cdA DE LA MASONER\u00cdA. INTRODUCCI\u00d3N HIST\u00d3RICO-CR\u00cdTICA -\",\"isPartOf\":{\"@id\":\"https:\/\/antiqua.mx\/en\/#website\"},\"primaryImageOfPage\":{\"@id\":\"https:\/\/antiqua.mx\/producto\/ferrer-benimeli-jose-antonio-bibliografia-de-la-masoneria-introduccion-historico-critica#primaryimage\"},\"image\":{\"@id\":\"https:\/\/antiqua.mx\/producto\/ferrer-benimeli-jose-antonio-bibliografia-de-la-masoneria-introduccion-historico-critica#primaryimage\"},\"thumbnailUrl\":\"https:\/\/antiqua.mx\/wp-content\/uploads\/2022\/04\/FERRER-BENIMELI-JOSE-ANTONIO.-BIBLIOGRAFIA-DE-LA-MASONERIA.-INTRODUCCION-HISTORICO-CRITICA.jpeg\",\"datePublished\":\"2022-04-08T00:33:07+00:00\",\"dateModified\":\"2026-03-20T22:37:04+00:00\",\"breadcrumb\":{\"@id\":\"https:\/\/antiqua.mx\/producto\/ferrer-benimeli-jose-antonio-bibliografia-de-la-masoneria-introduccion-historico-critica#breadcrumb\"},\"inLanguage\":\"en-US\",\"potentialAction\":[{\"@type\":\"ReadAction\",\"target\":[\"https:\/\/antiqua.mx\/producto\/ferrer-benimeli-jose-antonio-bibliografia-de-la-masoneria-introduccion-historico-critica\"]}]},{\"@type\":\"ImageObject\",\"inLanguage\":\"en-US\",\"@id\":\"https:\/\/antiqua.mx\/producto\/ferrer-benimeli-jose-antonio-bibliografia-de-la-masoneria-introduccion-historico-critica#primaryimage\",\"url\":\"https:\/\/antiqua.mx\/wp-content\/uploads\/2022\/04\/FERRER-BENIMELI-JOSE-ANTONIO.-BIBLIOGRAFIA-DE-LA-MASONERIA.-INTRODUCCION-HISTORICO-CRITICA.jpeg\",\"contentUrl\":\"https:\/\/antiqua.mx\/wp-content\/uploads\/2022\/04\/FERRER-BENIMELI-JOSE-ANTONIO.-BIBLIOGRAFIA-DE-LA-MASONERIA.-INTRODUCCION-HISTORICO-CRITICA.jpeg\",\"width\":1920,\"height\":2560},{\"@type\":\"BreadcrumbList\",\"@id\":\"https:\/\/antiqua.mx\/producto\/ferrer-benimeli-jose-antonio-bibliografia-de-la-masoneria-introduccion-historico-critica#breadcrumb\",\"itemListElement\":[{\"@type\":\"ListItem\",\"position\":1,\"name\":\"Portada\",\"item\":\"https:\/\/antiqua.mx\/en\/\"},{\"@type\":\"ListItem\",\"position\":2,\"name\":\"Tienda\",\"item\":\"https:\/\/antiqua.mx\/en\/tienda\"},{\"@type\":\"ListItem\",\"position\":3,\"name\":\"FERRER BENIMELI JOS\u00c9 ANTONIO. BIBLIOGRAF\u00cdA DE LA MASONER\u00cdA. INTRODUCCI\u00d3N HIST\u00d3RICO-CR\u00cdTICA\"}]},{\"@type\":\"WebSite\",\"@id\":\"https:\/\/antiqua.mx\/en\/#website\",\"url\":\"https:\/\/antiqua.mx\/en\/\",\"name\":\"\",\"description\":\"\",\"potentialAction\":[{\"@type\":\"SearchAction\",\"target\":{\"@type\":\"EntryPoint\",\"urlTemplate\":\"https:\/\/antiqua.mx\/en\/?s={search_term_string}\"},\"query-input\":{\"@type\":\"PropertyValueSpecification\",\"valueRequired\":true,\"valueName\":\"search_term_string\"}}],\"inLanguage\":\"en-US\"}]}<\/script>\n<!-- \/ Yoast SEO plugin. -->","yoast_head_json":{"title":"FERRER BENIMELI JOS\u00c9 ANTONIO. BIBLIOGRAF\u00cdA DE LA MASONER\u00cdA. INTRODUCCI\u00d3N HIST\u00d3RICO-CR\u00cdTICA -","robots":{"index":"index","follow":"follow","max-snippet":"max-snippet:-1","max-image-preview":"max-image-preview:large","max-video-preview":"max-video-preview:-1"},"canonical":"https:\/\/antiqua.mx\/en\/product\/ferrer-benimeli-jose-antonio-bibliografia-de-la-masoneria-introduccion-historico-critica\/","og_locale":"en_US","og_type":"article","og_title":"FERRER BENIMELI JOS\u00c9 ANTONIO. BIBLIOGRAF\u00cdA DE LA MASONER\u00cdA. INTRODUCCI\u00d3N HIST\u00d3RICO-CR\u00cdTICA -","og_description":"Editorial: FUNDACI\u00d3N UNIVERSITARIA ESPA\u00d1OLA  Segunda edici\u00f3n corregida y aumentada  A\u00f1o 1978  R\u00fastico, en buenas condiciones. El ejemplar est\u00e1 ilustrado con 20 l\u00e1minas a blanco y negro.  Impreso en Espa\u00f1a.  603 p\u00e1ginas","og_url":"https:\/\/antiqua.mx\/en\/product\/ferrer-benimeli-jose-antonio-bibliografia-de-la-masoneria-introduccion-historico-critica\/","article_modified_time":"2026-03-20T22:37:04+00:00","og_image":[{"width":1920,"height":2560,"url":"https:\/\/antiqua.mx\/wp-content\/uploads\/2022\/04\/FERRER-BENIMELI-JOSE-ANTONIO.-BIBLIOGRAFIA-DE-LA-MASONERIA.-INTRODUCCION-HISTORICO-CRITICA.jpeg","type":"image\/jpeg"}],"twitter_card":"summary_large_image","twitter_misc":{"Est. reading time":"1 minute"},"schema":{"@context":"https:\/\/schema.org","@graph":[{"@type":"WebPage","@id":"https:\/\/antiqua.mx\/producto\/ferrer-benimeli-jose-antonio-bibliografia-de-la-masoneria-introduccion-historico-critica","url":"https:\/\/antiqua.mx\/producto\/ferrer-benimeli-jose-antonio-bibliografia-de-la-masoneria-introduccion-historico-critica","name":"FERRER BENIMELI JOS\u00c9 ANTONIO. BIBLIOGRAF\u00cdA DE LA MASONER\u00cdA. INTRODUCCI\u00d3N HIST\u00d3RICO-CR\u00cdTICA -","isPartOf":{"@id":"https:\/\/antiqua.mx\/en\/#website"},"primaryImageOfPage":{"@id":"https:\/\/antiqua.mx\/producto\/ferrer-benimeli-jose-antonio-bibliografia-de-la-masoneria-introduccion-historico-critica#primaryimage"},"image":{"@id":"https:\/\/antiqua.mx\/producto\/ferrer-benimeli-jose-antonio-bibliografia-de-la-masoneria-introduccion-historico-critica#primaryimage"},"thumbnailUrl":"https:\/\/antiqua.mx\/wp-content\/uploads\/2022\/04\/FERRER-BENIMELI-JOSE-ANTONIO.-BIBLIOGRAFIA-DE-LA-MASONERIA.-INTRODUCCION-HISTORICO-CRITICA.jpeg","datePublished":"2022-04-08T00:33:07+00:00","dateModified":"2026-03-20T22:37:04+00:00","breadcrumb":{"@id":"https:\/\/antiqua.mx\/producto\/ferrer-benimeli-jose-antonio-bibliografia-de-la-masoneria-introduccion-historico-critica#breadcrumb"},"inLanguage":"en-US","potentialAction":[{"@type":"ReadAction","target":["https:\/\/antiqua.mx\/producto\/ferrer-benimeli-jose-antonio-bibliografia-de-la-masoneria-introduccion-historico-critica"]}]},{"@type":"ImageObject","inLanguage":"en-US","@id":"https:\/\/antiqua.mx\/producto\/ferrer-benimeli-jose-antonio-bibliografia-de-la-masoneria-introduccion-historico-critica#primaryimage","url":"https:\/\/antiqua.mx\/wp-content\/uploads\/2022\/04\/FERRER-BENIMELI-JOSE-ANTONIO.-BIBLIOGRAFIA-DE-LA-MASONERIA.-INTRODUCCION-HISTORICO-CRITICA.jpeg","contentUrl":"https:\/\/antiqua.mx\/wp-content\/uploads\/2022\/04\/FERRER-BENIMELI-JOSE-ANTONIO.-BIBLIOGRAFIA-DE-LA-MASONERIA.-INTRODUCCION-HISTORICO-CRITICA.jpeg","width":1920,"height":2560},{"@type":"BreadcrumbList","@id":"https:\/\/antiqua.mx\/producto\/ferrer-benimeli-jose-antonio-bibliografia-de-la-masoneria-introduccion-historico-critica#breadcrumb","itemListElement":[{"@type":"ListItem","position":1,"name":"Portada","item":"https:\/\/antiqua.mx\/en\/"},{"@type":"ListItem","position":2,"name":"Tienda","item":"https:\/\/antiqua.mx\/en\/tienda"},{"@type":"ListItem","position":3,"name":"FERRER BENIMELI JOS\u00c9 ANTONIO. BIBLIOGRAF\u00cdA DE LA MASONER\u00cdA. INTRODUCCI\u00d3N HIST\u00d3RICO-CR\u00cdTICA"}]},{"@type":"WebSite","@id":"https:\/\/antiqua.mx\/en\/#website","url":"https:\/\/antiqua.mx\/en\/","name":"","description":"","potentialAction":[{"@type":"SearchAction","target":{"@type":"EntryPoint","urlTemplate":"https:\/\/antiqua.mx\/en\/?s={search_term_string}"},"query-input":{"@type":"PropertyValueSpecification","valueRequired":true,"valueName":"search_term_string"}}],"inLanguage":"en-US"}]}},"jetpack_sharing_enabled":true,"_links":{"self":[{"href":"https:\/\/antiqua.mx\/en\/wp-json\/wp\/v2\/product\/13661","targetHints":{"allow":["GET"]}}],"collection":[{"href":"https:\/\/antiqua.mx\/en\/wp-json\/wp\/v2\/product"}],"about":[{"href":"https:\/\/antiqua.mx\/en\/wp-json\/wp\/v2\/types\/product"}],"replies":[{"embeddable":true,"href":"https:\/\/antiqua.mx\/en\/wp-json\/wp\/v2\/comments?post=13661"}],"wp:featuredmedia":[{"embeddable":true,"href":"https:\/\/antiqua.mx\/en\/wp-json\/wp\/v2\/media\/25862"}],"wp:attachment":[{"href":"https:\/\/antiqua.mx\/en\/wp-json\/wp\/v2\/media?parent=13661"}],"wp:term":[{"taxonomy":"product_brand","embeddable":true,"href":"https:\/\/antiqua.mx\/en\/wp-json\/wp\/v2\/product_brand?post=13661"},{"taxonomy":"product_cat","embeddable":true,"href":"https:\/\/antiqua.mx\/en\/wp-json\/wp\/v2\/product_cat?post=13661"},{"taxonomy":"product_tag","embeddable":true,"href":"https:\/\/antiqua.mx\/en\/wp-json\/wp\/v2\/product_tag?post=13661"}],"curies":[{"name":"wp","href":"https:\/\/api.w.org\/{rel}","templated":true}]}}