{"id":13702,"date":"2022-04-20T18:44:44","date_gmt":"2022-04-20T18:44:44","guid":{"rendered":"https:\/\/antiqua.mx\/?post_type=product&#038;p=13702"},"modified":"2022-04-26T18:58:17","modified_gmt":"2022-04-26T18:58:17","slug":"calvino-italo-los-amores-dificiles","status":"publish","type":"product","link":"https:\/\/antiqua.mx\/en\/product\/calvino-italo-los-amores-dificiles\/","title":{"rendered":"CALVINO \u00cdTALO. LOS AMORES DIF\u00cdCILES"},"content":{"rendered":"<p><strong>Calvino \u00cdtalo<\/strong><\/p>\n<p>Editorial: TUSQUETS<\/p>\n<p>Segunda reimpresi\u00f3n en M\u00e9xico<\/p>\n<p>A\u00f1o 1991<\/p>\n<p>R\u00fastico, en buenas condiciones. La obra tiene la firma de quien fuera su due\u00f1o.<\/p>\n<p>Traducci\u00f3n de Aurora Bern\u00e1rdez.<\/p>\n<p><strong>Colecci\u00f3n andanzas.<\/strong><\/p>\n<p>Impreso en M\u00e9xico.<\/p>\n<p>253 p\u00e1ginas<\/p>","protected":false},"excerpt":{"rendered":"<ul>\n<li>Editorial: TUSQUETS<\/li>\n<li>Segunda reimpresi\u00f3n en M\u00e9xico<\/li>\n<li>A\u00f1o 1991<\/li>\n<li>R\u00fastico, en buenas condiciones. La obra tiene la firma de quien fuera su due\u00f1o.<\/li>\n<li>Traducci\u00f3n de Aurora Bern\u00e1rdez.<\/li>\n<li><strong>Colecci\u00f3n andanzas.<\/strong><\/li>\n<li>Impreso en M\u00e9xico.<\/li>\n<li>253 p\u00e1ginas<\/li>\n<\/ul>","protected":false},"featured_media":13921,"comment_status":"open","ping_status":"closed","template":"","meta":{"_joinchat":[]},"product_brand":[],"product_cat":[335,337],"product_tag":[3339],"class_list":{"0":"post-13702","1":"product","2":"type-product","3":"status-publish","6":"product_cat-literatura","7":"product_cat-lituniversal","8":"product_tag-italo-calvino","10":"first","11":"instock","12":"featured","13":"taxable","14":"shipping-taxable","15":"purchasable","16":"product-type-simple"},"yoast_head":"<!-- This site is optimized with the Yoast SEO plugin v26.1.1 - https:\/\/yoast.com\/wordpress\/plugins\/seo\/ -->\n<title>CALVINO \u00cdTALO. LOS AMORES DIF\u00cdCILES -<\/title>\n<meta name=\"robots\" content=\"index, follow, max-snippet:-1, max-image-preview:large, max-video-preview:-1\" \/>\n<link rel=\"canonical\" href=\"https:\/\/antiqua.mx\/en\/product\/calvino-italo-los-amores-dificiles\/\" \/>\n<meta property=\"og:locale\" content=\"en_US\" \/>\n<meta property=\"og:type\" content=\"article\" \/>\n<meta property=\"og:title\" content=\"CALVINO \u00cdTALO. LOS AMORES DIF\u00cdCILES -\" \/>\n<meta property=\"og:description\" content=\"Editorial: TUSQUETS  Segunda reimpresi\u00f3n en M\u00e9xico  A\u00f1o 1991  R\u00fastico, en buenas condiciones. La obra tiene la firma de quien fuera su due\u00f1o.  Traducci\u00f3n de Aurora Bern\u00e1rdez.  Colecci\u00f3n andanzas.  Impreso en M\u00e9xico.  253 p\u00e1ginas\" \/>\n<meta property=\"og:url\" content=\"https:\/\/antiqua.mx\/en\/product\/calvino-italo-los-amores-dificiles\/\" \/>\n<meta property=\"article:modified_time\" content=\"2022-04-26T18:58:17+00:00\" \/>\n<meta property=\"og:image\" content=\"https:\/\/antiqua.mx\/wp-content\/uploads\/2022\/04\/164F6178-5E4B-443A-BD5A-27B88D498188-scaled.jpeg\" \/>\n\t<meta property=\"og:image:width\" content=\"1920\" \/>\n\t<meta property=\"og:image:height\" content=\"2560\" \/>\n\t<meta property=\"og:image:type\" content=\"image\/jpeg\" \/>\n<meta name=\"twitter:card\" content=\"summary_large_image\" \/>\n<script type=\"application\/ld+json\" class=\"yoast-schema-graph\">{\"@context\":\"https:\/\/schema.org\",\"@graph\":[{\"@type\":\"WebPage\",\"@id\":\"https:\/\/antiqua.mx\/producto\/calvino-italo-los-amores-dificiles\/\",\"url\":\"https:\/\/antiqua.mx\/producto\/calvino-italo-los-amores-dificiles\/\",\"name\":\"CALVINO \u00cdTALO. LOS AMORES DIF\u00cdCILES -\",\"isPartOf\":{\"@id\":\"https:\/\/antiqua.mx\/en\/#website\"},\"primaryImageOfPage\":{\"@id\":\"https:\/\/antiqua.mx\/producto\/calvino-italo-los-amores-dificiles\/#primaryimage\"},\"image\":{\"@id\":\"https:\/\/antiqua.mx\/producto\/calvino-italo-los-amores-dificiles\/#primaryimage\"},\"thumbnailUrl\":\"https:\/\/antiqua.mx\/wp-content\/uploads\/2022\/04\/164F6178-5E4B-443A-BD5A-27B88D498188-scaled.jpeg\",\"datePublished\":\"2022-04-20T18:44:44+00:00\",\"dateModified\":\"2022-04-26T18:58:17+00:00\",\"breadcrumb\":{\"@id\":\"https:\/\/antiqua.mx\/producto\/calvino-italo-los-amores-dificiles\/#breadcrumb\"},\"inLanguage\":\"en-US\",\"potentialAction\":[{\"@type\":\"ReadAction\",\"target\":[\"https:\/\/antiqua.mx\/producto\/calvino-italo-los-amores-dificiles\/\"]}]},{\"@type\":\"ImageObject\",\"inLanguage\":\"en-US\",\"@id\":\"https:\/\/antiqua.mx\/producto\/calvino-italo-los-amores-dificiles\/#primaryimage\",\"url\":\"https:\/\/antiqua.mx\/wp-content\/uploads\/2022\/04\/164F6178-5E4B-443A-BD5A-27B88D498188-scaled.jpeg\",\"contentUrl\":\"https:\/\/antiqua.mx\/wp-content\/uploads\/2022\/04\/164F6178-5E4B-443A-BD5A-27B88D498188-scaled.jpeg\",\"width\":1920,\"height\":2560},{\"@type\":\"BreadcrumbList\",\"@id\":\"https:\/\/antiqua.mx\/producto\/calvino-italo-los-amores-dificiles\/#breadcrumb\",\"itemListElement\":[{\"@type\":\"ListItem\",\"position\":1,\"name\":\"Portada\",\"item\":\"https:\/\/antiqua.mx\/en\/\"},{\"@type\":\"ListItem\",\"position\":2,\"name\":\"Tienda\",\"item\":\"https:\/\/antiqua.mx\/tienda\/\"},{\"@type\":\"ListItem\",\"position\":3,\"name\":\"CALVINO \u00cdTALO. LOS AMORES DIF\u00cdCILES\"}]},{\"@type\":\"WebSite\",\"@id\":\"https:\/\/antiqua.mx\/en\/#website\",\"url\":\"https:\/\/antiqua.mx\/en\/\",\"name\":\"\",\"description\":\"\",\"potentialAction\":[{\"@type\":\"SearchAction\",\"target\":{\"@type\":\"EntryPoint\",\"urlTemplate\":\"https:\/\/antiqua.mx\/en\/?s={search_term_string}\"},\"query-input\":{\"@type\":\"PropertyValueSpecification\",\"valueRequired\":true,\"valueName\":\"search_term_string\"}}],\"inLanguage\":\"en-US\"}]}<\/script>\n<!-- \/ Yoast SEO plugin. -->","yoast_head_json":{"title":"CALVINO \u00cdTALO. LOS AMORES DIF\u00cdCILES -","robots":{"index":"index","follow":"follow","max-snippet":"max-snippet:-1","max-image-preview":"max-image-preview:large","max-video-preview":"max-video-preview:-1"},"canonical":"https:\/\/antiqua.mx\/en\/product\/calvino-italo-los-amores-dificiles\/","og_locale":"en_US","og_type":"article","og_title":"CALVINO \u00cdTALO. LOS AMORES DIF\u00cdCILES -","og_description":"Editorial: TUSQUETS  Segunda reimpresi\u00f3n en M\u00e9xico  A\u00f1o 1991  R\u00fastico, en buenas condiciones. La obra tiene la firma de quien fuera su due\u00f1o.  Traducci\u00f3n de Aurora Bern\u00e1rdez.  Colecci\u00f3n andanzas.  Impreso en M\u00e9xico.  253 p\u00e1ginas","og_url":"https:\/\/antiqua.mx\/en\/product\/calvino-italo-los-amores-dificiles\/","article_modified_time":"2022-04-26T18:58:17+00:00","og_image":[{"width":1920,"height":2560,"url":"https:\/\/antiqua.mx\/wp-content\/uploads\/2022\/04\/164F6178-5E4B-443A-BD5A-27B88D498188-scaled.jpeg","type":"image\/jpeg"}],"twitter_card":"summary_large_image","schema":{"@context":"https:\/\/schema.org","@graph":[{"@type":"WebPage","@id":"https:\/\/antiqua.mx\/producto\/calvino-italo-los-amores-dificiles\/","url":"https:\/\/antiqua.mx\/producto\/calvino-italo-los-amores-dificiles\/","name":"CALVINO \u00cdTALO. LOS AMORES DIF\u00cdCILES -","isPartOf":{"@id":"https:\/\/antiqua.mx\/en\/#website"},"primaryImageOfPage":{"@id":"https:\/\/antiqua.mx\/producto\/calvino-italo-los-amores-dificiles\/#primaryimage"},"image":{"@id":"https:\/\/antiqua.mx\/producto\/calvino-italo-los-amores-dificiles\/#primaryimage"},"thumbnailUrl":"https:\/\/antiqua.mx\/wp-content\/uploads\/2022\/04\/164F6178-5E4B-443A-BD5A-27B88D498188-scaled.jpeg","datePublished":"2022-04-20T18:44:44+00:00","dateModified":"2022-04-26T18:58:17+00:00","breadcrumb":{"@id":"https:\/\/antiqua.mx\/producto\/calvino-italo-los-amores-dificiles\/#breadcrumb"},"inLanguage":"en-US","potentialAction":[{"@type":"ReadAction","target":["https:\/\/antiqua.mx\/producto\/calvino-italo-los-amores-dificiles\/"]}]},{"@type":"ImageObject","inLanguage":"en-US","@id":"https:\/\/antiqua.mx\/producto\/calvino-italo-los-amores-dificiles\/#primaryimage","url":"https:\/\/antiqua.mx\/wp-content\/uploads\/2022\/04\/164F6178-5E4B-443A-BD5A-27B88D498188-scaled.jpeg","contentUrl":"https:\/\/antiqua.mx\/wp-content\/uploads\/2022\/04\/164F6178-5E4B-443A-BD5A-27B88D498188-scaled.jpeg","width":1920,"height":2560},{"@type":"BreadcrumbList","@id":"https:\/\/antiqua.mx\/producto\/calvino-italo-los-amores-dificiles\/#breadcrumb","itemListElement":[{"@type":"ListItem","position":1,"name":"Portada","item":"https:\/\/antiqua.mx\/en\/"},{"@type":"ListItem","position":2,"name":"Tienda","item":"https:\/\/antiqua.mx\/tienda\/"},{"@type":"ListItem","position":3,"name":"CALVINO \u00cdTALO. LOS AMORES DIF\u00cdCILES"}]},{"@type":"WebSite","@id":"https:\/\/antiqua.mx\/en\/#website","url":"https:\/\/antiqua.mx\/en\/","name":"","description":"","potentialAction":[{"@type":"SearchAction","target":{"@type":"EntryPoint","urlTemplate":"https:\/\/antiqua.mx\/en\/?s={search_term_string}"},"query-input":{"@type":"PropertyValueSpecification","valueRequired":true,"valueName":"search_term_string"}}],"inLanguage":"en-US"}]}},"jetpack_sharing_enabled":true,"_links":{"self":[{"href":"https:\/\/antiqua.mx\/en\/wp-json\/wp\/v2\/product\/13702","targetHints":{"allow":["GET"]}}],"collection":[{"href":"https:\/\/antiqua.mx\/en\/wp-json\/wp\/v2\/product"}],"about":[{"href":"https:\/\/antiqua.mx\/en\/wp-json\/wp\/v2\/types\/product"}],"replies":[{"embeddable":true,"href":"https:\/\/antiqua.mx\/en\/wp-json\/wp\/v2\/comments?post=13702"}],"wp:featuredmedia":[{"embeddable":true,"href":"https:\/\/antiqua.mx\/en\/wp-json\/wp\/v2\/media\/13921"}],"wp:attachment":[{"href":"https:\/\/antiqua.mx\/en\/wp-json\/wp\/v2\/media?parent=13702"}],"wp:term":[{"taxonomy":"product_brand","embeddable":true,"href":"https:\/\/antiqua.mx\/en\/wp-json\/wp\/v2\/product_brand?post=13702"},{"taxonomy":"product_cat","embeddable":true,"href":"https:\/\/antiqua.mx\/en\/wp-json\/wp\/v2\/product_cat?post=13702"},{"taxonomy":"product_tag","embeddable":true,"href":"https:\/\/antiqua.mx\/en\/wp-json\/wp\/v2\/product_tag?post=13702"}],"curies":[{"name":"wp","href":"https:\/\/api.w.org\/{rel}","templated":true}]}}