{"id":14066,"date":"2022-04-27T18:59:32","date_gmt":"2022-04-27T18:59:32","guid":{"rendered":"https:\/\/antiqua.mx\/?post_type=product&#038;p=14066"},"modified":"2022-05-24T00:32:42","modified_gmt":"2022-05-24T00:32:42","slug":"bob-dylan-song-book","status":"publish","type":"product","link":"https:\/\/antiqua.mx\/en\/product\/bob-dylan-song-book","title":{"rendered":"BOB DYLAN SONG BOOK"},"content":{"rendered":"<p>Editorial: M. WITMARK &amp; SONS, NEW YORK, N. Y.<\/p>\n<p>R\u00fastico, en buenas condiciones. El empastado est\u00e1 maltratado.<\/p>\n<p>Fotograf\u00edas de Chuck Stewart.<\/p>\n<p>Impreso en Estados Unidos de Am\u00e9rica.<\/p>\n<p>143 p\u00e1ginas<\/p>","protected":false},"excerpt":{"rendered":"<ul>\n<li>Editorial: M. WITMARK &amp; SONS, NEW YORK, N. Y.<\/li>\n<li>R\u00fastico, en buenas condiciones. El empastado est\u00e1 maltratado.<\/li>\n<li>Fotograf\u00edas de Chuck Stewart.<\/li>\n<li>Impreso en Estados Unidos de Am\u00e9rica.<\/li>\n<li>143 p\u00e1ginas<\/li>\n<\/ul>","protected":false},"featured_media":14219,"comment_status":"open","ping_status":"closed","template":"","meta":{"_joinchat":[]},"product_brand":[],"product_cat":[349,373,367],"product_tag":[3099],"class_list":{"0":"post-14066","1":"product","2":"type-product","3":"status-publish","6":"product_cat-arte","7":"product_cat-cancioneros","8":"product_cat-musica","9":"product_tag-bob-dylan","11":"first","12":"instock","13":"featured","14":"taxable","15":"shipping-taxable","16":"purchasable","17":"product-type-simple"},"yoast_head":"<!-- This site is optimized with the Yoast SEO plugin v26.1.1 - https:\/\/yoast.com\/wordpress\/plugins\/seo\/ -->\n<title>BOB DYLAN SONG BOOK -<\/title>\n<meta name=\"robots\" content=\"index, follow, max-snippet:-1, max-image-preview:large, max-video-preview:-1\" \/>\n<link rel=\"canonical\" href=\"https:\/\/antiqua.mx\/en\/product\/bob-dylan-song-book\/\" \/>\n<meta property=\"og:locale\" content=\"en_US\" \/>\n<meta property=\"og:type\" content=\"article\" \/>\n<meta property=\"og:title\" content=\"BOB DYLAN SONG BOOK -\" \/>\n<meta property=\"og:description\" content=\"Editorial: M. WITMARK &amp; SONS, NEW YORK, N. Y.  R\u00fastico, en buenas condiciones. El empastado est\u00e1 maltratado.  Fotograf\u00edas de Chuck Stewart.  Impreso en Estados Unidos de Am\u00e9rica.  143 p\u00e1ginas\" \/>\n<meta property=\"og:url\" content=\"https:\/\/antiqua.mx\/en\/product\/bob-dylan-song-book\/\" \/>\n<meta property=\"article:modified_time\" content=\"2022-05-24T00:32:42+00:00\" \/>\n<meta property=\"og:image\" content=\"https:\/\/antiqua.mx\/wp-content\/uploads\/2022\/04\/B04AD0A7-50B3-4DAE-BF18-38FFF5AF8557-scaled.jpeg\" \/>\n\t<meta property=\"og:image:width\" content=\"1920\" \/>\n\t<meta property=\"og:image:height\" content=\"2560\" \/>\n\t<meta property=\"og:image:type\" content=\"image\/jpeg\" \/>\n<meta name=\"twitter:card\" content=\"summary_large_image\" \/>\n<script type=\"application\/ld+json\" class=\"yoast-schema-graph\">{\"@context\":\"https:\/\/schema.org\",\"@graph\":[{\"@type\":\"WebPage\",\"@id\":\"https:\/\/antiqua.mx\/producto\/bob-dylan-song-book\",\"url\":\"https:\/\/antiqua.mx\/producto\/bob-dylan-song-book\",\"name\":\"BOB DYLAN SONG BOOK -\",\"isPartOf\":{\"@id\":\"https:\/\/antiqua.mx\/en\/#website\"},\"primaryImageOfPage\":{\"@id\":\"https:\/\/antiqua.mx\/producto\/bob-dylan-song-book#primaryimage\"},\"image\":{\"@id\":\"https:\/\/antiqua.mx\/producto\/bob-dylan-song-book#primaryimage\"},\"thumbnailUrl\":\"https:\/\/antiqua.mx\/wp-content\/uploads\/2022\/04\/B04AD0A7-50B3-4DAE-BF18-38FFF5AF8557-scaled.jpeg\",\"datePublished\":\"2022-04-27T18:59:32+00:00\",\"dateModified\":\"2022-05-24T00:32:42+00:00\",\"breadcrumb\":{\"@id\":\"https:\/\/antiqua.mx\/producto\/bob-dylan-song-book#breadcrumb\"},\"inLanguage\":\"en-US\",\"potentialAction\":[{\"@type\":\"ReadAction\",\"target\":[\"https:\/\/antiqua.mx\/producto\/bob-dylan-song-book\"]}]},{\"@type\":\"ImageObject\",\"inLanguage\":\"en-US\",\"@id\":\"https:\/\/antiqua.mx\/producto\/bob-dylan-song-book#primaryimage\",\"url\":\"https:\/\/antiqua.mx\/wp-content\/uploads\/2022\/04\/B04AD0A7-50B3-4DAE-BF18-38FFF5AF8557-scaled.jpeg\",\"contentUrl\":\"https:\/\/antiqua.mx\/wp-content\/uploads\/2022\/04\/B04AD0A7-50B3-4DAE-BF18-38FFF5AF8557-scaled.jpeg\",\"width\":1920,\"height\":2560},{\"@type\":\"BreadcrumbList\",\"@id\":\"https:\/\/antiqua.mx\/producto\/bob-dylan-song-book#breadcrumb\",\"itemListElement\":[{\"@type\":\"ListItem\",\"position\":1,\"name\":\"Portada\",\"item\":\"https:\/\/antiqua.mx\/en\/\"},{\"@type\":\"ListItem\",\"position\":2,\"name\":\"Tienda\",\"item\":\"https:\/\/antiqua.mx\/en\/tienda\"},{\"@type\":\"ListItem\",\"position\":3,\"name\":\"BOB DYLAN SONG BOOK\"}]},{\"@type\":\"WebSite\",\"@id\":\"https:\/\/antiqua.mx\/en\/#website\",\"url\":\"https:\/\/antiqua.mx\/en\/\",\"name\":\"\",\"description\":\"\",\"potentialAction\":[{\"@type\":\"SearchAction\",\"target\":{\"@type\":\"EntryPoint\",\"urlTemplate\":\"https:\/\/antiqua.mx\/en\/?s={search_term_string}\"},\"query-input\":{\"@type\":\"PropertyValueSpecification\",\"valueRequired\":true,\"valueName\":\"search_term_string\"}}],\"inLanguage\":\"en-US\"}]}<\/script>\n<!-- \/ Yoast SEO plugin. -->","yoast_head_json":{"title":"BOB DYLAN SONG BOOK -","robots":{"index":"index","follow":"follow","max-snippet":"max-snippet:-1","max-image-preview":"max-image-preview:large","max-video-preview":"max-video-preview:-1"},"canonical":"https:\/\/antiqua.mx\/en\/product\/bob-dylan-song-book\/","og_locale":"en_US","og_type":"article","og_title":"BOB DYLAN SONG BOOK -","og_description":"Editorial: M. WITMARK &amp; SONS, NEW YORK, N. Y.  R\u00fastico, en buenas condiciones. El empastado est\u00e1 maltratado.  Fotograf\u00edas de Chuck Stewart.  Impreso en Estados Unidos de Am\u00e9rica.  143 p\u00e1ginas","og_url":"https:\/\/antiqua.mx\/en\/product\/bob-dylan-song-book\/","article_modified_time":"2022-05-24T00:32:42+00:00","og_image":[{"width":1920,"height":2560,"url":"https:\/\/antiqua.mx\/wp-content\/uploads\/2022\/04\/B04AD0A7-50B3-4DAE-BF18-38FFF5AF8557-scaled.jpeg","type":"image\/jpeg"}],"twitter_card":"summary_large_image","schema":{"@context":"https:\/\/schema.org","@graph":[{"@type":"WebPage","@id":"https:\/\/antiqua.mx\/producto\/bob-dylan-song-book","url":"https:\/\/antiqua.mx\/producto\/bob-dylan-song-book","name":"BOB DYLAN SONG BOOK -","isPartOf":{"@id":"https:\/\/antiqua.mx\/en\/#website"},"primaryImageOfPage":{"@id":"https:\/\/antiqua.mx\/producto\/bob-dylan-song-book#primaryimage"},"image":{"@id":"https:\/\/antiqua.mx\/producto\/bob-dylan-song-book#primaryimage"},"thumbnailUrl":"https:\/\/antiqua.mx\/wp-content\/uploads\/2022\/04\/B04AD0A7-50B3-4DAE-BF18-38FFF5AF8557-scaled.jpeg","datePublished":"2022-04-27T18:59:32+00:00","dateModified":"2022-05-24T00:32:42+00:00","breadcrumb":{"@id":"https:\/\/antiqua.mx\/producto\/bob-dylan-song-book#breadcrumb"},"inLanguage":"en-US","potentialAction":[{"@type":"ReadAction","target":["https:\/\/antiqua.mx\/producto\/bob-dylan-song-book"]}]},{"@type":"ImageObject","inLanguage":"en-US","@id":"https:\/\/antiqua.mx\/producto\/bob-dylan-song-book#primaryimage","url":"https:\/\/antiqua.mx\/wp-content\/uploads\/2022\/04\/B04AD0A7-50B3-4DAE-BF18-38FFF5AF8557-scaled.jpeg","contentUrl":"https:\/\/antiqua.mx\/wp-content\/uploads\/2022\/04\/B04AD0A7-50B3-4DAE-BF18-38FFF5AF8557-scaled.jpeg","width":1920,"height":2560},{"@type":"BreadcrumbList","@id":"https:\/\/antiqua.mx\/producto\/bob-dylan-song-book#breadcrumb","itemListElement":[{"@type":"ListItem","position":1,"name":"Portada","item":"https:\/\/antiqua.mx\/en\/"},{"@type":"ListItem","position":2,"name":"Tienda","item":"https:\/\/antiqua.mx\/en\/tienda"},{"@type":"ListItem","position":3,"name":"BOB DYLAN SONG BOOK"}]},{"@type":"WebSite","@id":"https:\/\/antiqua.mx\/en\/#website","url":"https:\/\/antiqua.mx\/en\/","name":"","description":"","potentialAction":[{"@type":"SearchAction","target":{"@type":"EntryPoint","urlTemplate":"https:\/\/antiqua.mx\/en\/?s={search_term_string}"},"query-input":{"@type":"PropertyValueSpecification","valueRequired":true,"valueName":"search_term_string"}}],"inLanguage":"en-US"}]}},"jetpack_sharing_enabled":true,"_links":{"self":[{"href":"https:\/\/antiqua.mx\/en\/wp-json\/wp\/v2\/product\/14066","targetHints":{"allow":["GET"]}}],"collection":[{"href":"https:\/\/antiqua.mx\/en\/wp-json\/wp\/v2\/product"}],"about":[{"href":"https:\/\/antiqua.mx\/en\/wp-json\/wp\/v2\/types\/product"}],"replies":[{"embeddable":true,"href":"https:\/\/antiqua.mx\/en\/wp-json\/wp\/v2\/comments?post=14066"}],"wp:featuredmedia":[{"embeddable":true,"href":"https:\/\/antiqua.mx\/en\/wp-json\/wp\/v2\/media\/14219"}],"wp:attachment":[{"href":"https:\/\/antiqua.mx\/en\/wp-json\/wp\/v2\/media?parent=14066"}],"wp:term":[{"taxonomy":"product_brand","embeddable":true,"href":"https:\/\/antiqua.mx\/en\/wp-json\/wp\/v2\/product_brand?post=14066"},{"taxonomy":"product_cat","embeddable":true,"href":"https:\/\/antiqua.mx\/en\/wp-json\/wp\/v2\/product_cat?post=14066"},{"taxonomy":"product_tag","embeddable":true,"href":"https:\/\/antiqua.mx\/en\/wp-json\/wp\/v2\/product_tag?post=14066"}],"curies":[{"name":"wp","href":"https:\/\/api.w.org\/{rel}","templated":true}]}}