{"id":14439,"date":"2022-05-28T23:53:39","date_gmt":"2022-05-28T23:53:39","guid":{"rendered":"https:\/\/antiqua.mx\/?post_type=product&#038;p=14439"},"modified":"2022-06-07T03:13:59","modified_gmt":"2022-06-07T03:13:59","slug":"de-los-reyes-aurelio-los-origenes-del-cine-en-mexico-1896-1900-2","status":"publish","type":"product","link":"https:\/\/antiqua.mx\/en\/product\/de-los-reyes-aurelio-los-origenes-del-cine-en-mexico-1896-1900-2","title":{"rendered":"DE LOS REYES AURELIO. LOS OR\u00cdGENES DEL CINE EN M\u00c9XICO (1896-1900)"},"content":{"rendered":"<p><strong>de los Reyes Aurelio<\/strong><\/p>\n<p>Editorial: Universidad Nacional Aut\u00f3noma de M\u00e9xico<\/p>\n<p>Primera edici\u00f3n<\/p>\n<p>A\u00f1o 1973<\/p>\n<p>R\u00fastico, en buenas condiciones. La parte inferior del empastado est\u00e1 maltratada por clasificaci\u00f3n de biblioteca.<\/p>\n<p>La obra est\u00e1 ilustrada con l\u00e1minas a blanco y negro.<\/p>\n<p><strong>COLECCI\u00d3N CUADERNOS DE CINE, N\u00daMERO 21.<\/strong><\/p>\n<p class=\"p1\">La obra tiene sellos del\u00a0 &#8220;ASPIRANTADO JUAN PONCE DE LE\u00d3N BIBLIOTECA: DR. CARLOS FUENTES GUTI\u00c9RREZ 10 PONIENTE No. 1711, PUEBLA, PUE.&#8221;<\/p>\n<p>Impreso en M\u00e9xico.<\/p>\n<p>196 p\u00e1ginas<\/p>\n<p>&nbsp;<\/p>","protected":false},"excerpt":{"rendered":"<ul>\n<li>Editorial: Universidad Nacional Aut\u00f3noma de M\u00e9xico<\/li>\n<li>Primera edici\u00f3n<\/li>\n<li>A\u00f1o 1973<\/li>\n<li>R\u00fastico, en buenas condiciones. La parte inferior del empastado est\u00e1 maltratada por clasificaci\u00f3n de biblioteca.<\/li>\n<li>La obra est\u00e1 ilustrada con l\u00e1minas a blanco y negro.<\/li>\n<li><strong>COLECCI\u00d3N CUADERNOS DE CINE, N\u00daMERO 21.<\/strong><\/li>\n<li class=\"p1\">La obra tiene sellos del\u00a0 &#8220;ASPIRANTADO JUAN PONCE DE LE\u00d3N BIBLIOTECA: DR. CARLOS FUENTES GUTI\u00c9RREZ 10 PONIENTE No. 1711, PUEBLA, PUE.&#8221;<\/li>\n<li>Impreso en M\u00e9xico.<\/li>\n<li>196 p\u00e1ginas<\/li>\n<\/ul>","protected":false},"featured_media":14609,"comment_status":"open","ping_status":"closed","template":"","meta":{"_joinchat":[]},"product_brand":[],"product_cat":[349,356,358,357],"product_tag":[3431],"class_list":{"0":"post-14439","1":"product","2":"type-product","3":"status-publish","6":"product_cat-arte","7":"product_cat-cine","8":"product_cat-cinmex","9":"product_cat-histcin","10":"product_tag-aurelio-de-los-reyes","12":"first","13":"instock","14":"featured","15":"taxable","16":"shipping-taxable","17":"purchasable","18":"product-type-simple"},"yoast_head":"<!-- This site is optimized with the Yoast SEO plugin v26.1.1 - https:\/\/yoast.com\/wordpress\/plugins\/seo\/ -->\n<title>DE LOS REYES AURELIO. LOS OR\u00cdGENES DEL CINE EN M\u00c9XICO (1896-1900) -<\/title>\n<meta name=\"robots\" content=\"index, follow, max-snippet:-1, max-image-preview:large, max-video-preview:-1\" \/>\n<link rel=\"canonical\" href=\"https:\/\/antiqua.mx\/en\/product\/de-los-reyes-aurelio-los-origenes-del-cine-en-mexico-1896-1900-2\/\" \/>\n<meta property=\"og:locale\" content=\"en_US\" \/>\n<meta property=\"og:type\" content=\"article\" \/>\n<meta property=\"og:title\" content=\"DE LOS REYES AURELIO. LOS OR\u00cdGENES DEL CINE EN M\u00c9XICO (1896-1900) -\" \/>\n<meta property=\"og:description\" content=\"Editorial: Universidad Nacional Aut\u00f3noma de M\u00e9xico  Primera edici\u00f3n  A\u00f1o 1973  R\u00fastico, en buenas condiciones. La parte inferior del empastado est\u00e1 maltratada por clasificaci\u00f3n de biblioteca.  La obra est\u00e1 ilustrada con l\u00e1minas a blanco y negro.  COLECCI\u00d3N CUADERNOS DE CINE, N\u00daMERO 21.  La obra tiene sellos del\u00a0 &quot;ASPIRANTADO JUAN PONCE DE LE\u00d3N BIBLIOTECA: DR. CARLOS FUENTES GUTI\u00c9RREZ 10 PONIENTE No. 1711, PUEBLA, PUE.&quot;  Impreso en M\u00e9xico.  196 p\u00e1ginas\" \/>\n<meta property=\"og:url\" content=\"https:\/\/antiqua.mx\/en\/product\/de-los-reyes-aurelio-los-origenes-del-cine-en-mexico-1896-1900-2\/\" \/>\n<meta property=\"article:modified_time\" content=\"2022-06-07T03:13:59+00:00\" \/>\n<meta property=\"og:image\" content=\"https:\/\/antiqua.mx\/wp-content\/uploads\/2022\/05\/D44B0792-2AC0-40EB-8754-84A26821AC55-scaled.jpeg\" \/>\n\t<meta property=\"og:image:width\" content=\"1920\" \/>\n\t<meta property=\"og:image:height\" content=\"2560\" \/>\n\t<meta property=\"og:image:type\" content=\"image\/jpeg\" \/>\n<meta name=\"twitter:card\" content=\"summary_large_image\" \/>\n<script type=\"application\/ld+json\" class=\"yoast-schema-graph\">{\"@context\":\"https:\/\/schema.org\",\"@graph\":[{\"@type\":\"WebPage\",\"@id\":\"https:\/\/antiqua.mx\/producto\/de-los-reyes-aurelio-los-origenes-del-cine-en-mexico-1896-1900-2\",\"url\":\"https:\/\/antiqua.mx\/producto\/de-los-reyes-aurelio-los-origenes-del-cine-en-mexico-1896-1900-2\",\"name\":\"DE LOS REYES AURELIO. LOS OR\u00cdGENES DEL CINE EN M\u00c9XICO (1896-1900) -\",\"isPartOf\":{\"@id\":\"https:\/\/antiqua.mx\/en\/#website\"},\"primaryImageOfPage\":{\"@id\":\"https:\/\/antiqua.mx\/producto\/de-los-reyes-aurelio-los-origenes-del-cine-en-mexico-1896-1900-2#primaryimage\"},\"image\":{\"@id\":\"https:\/\/antiqua.mx\/producto\/de-los-reyes-aurelio-los-origenes-del-cine-en-mexico-1896-1900-2#primaryimage\"},\"thumbnailUrl\":\"https:\/\/antiqua.mx\/wp-content\/uploads\/2022\/05\/D44B0792-2AC0-40EB-8754-84A26821AC55-scaled.jpeg\",\"datePublished\":\"2022-05-28T23:53:39+00:00\",\"dateModified\":\"2022-06-07T03:13:59+00:00\",\"breadcrumb\":{\"@id\":\"https:\/\/antiqua.mx\/producto\/de-los-reyes-aurelio-los-origenes-del-cine-en-mexico-1896-1900-2#breadcrumb\"},\"inLanguage\":\"en-US\",\"potentialAction\":[{\"@type\":\"ReadAction\",\"target\":[\"https:\/\/antiqua.mx\/producto\/de-los-reyes-aurelio-los-origenes-del-cine-en-mexico-1896-1900-2\"]}]},{\"@type\":\"ImageObject\",\"inLanguage\":\"en-US\",\"@id\":\"https:\/\/antiqua.mx\/producto\/de-los-reyes-aurelio-los-origenes-del-cine-en-mexico-1896-1900-2#primaryimage\",\"url\":\"https:\/\/antiqua.mx\/wp-content\/uploads\/2022\/05\/D44B0792-2AC0-40EB-8754-84A26821AC55-scaled.jpeg\",\"contentUrl\":\"https:\/\/antiqua.mx\/wp-content\/uploads\/2022\/05\/D44B0792-2AC0-40EB-8754-84A26821AC55-scaled.jpeg\",\"width\":1920,\"height\":2560},{\"@type\":\"BreadcrumbList\",\"@id\":\"https:\/\/antiqua.mx\/producto\/de-los-reyes-aurelio-los-origenes-del-cine-en-mexico-1896-1900-2#breadcrumb\",\"itemListElement\":[{\"@type\":\"ListItem\",\"position\":1,\"name\":\"Portada\",\"item\":\"https:\/\/antiqua.mx\/en\/\"},{\"@type\":\"ListItem\",\"position\":2,\"name\":\"Tienda\",\"item\":\"https:\/\/antiqua.mx\/en\/tienda\"},{\"@type\":\"ListItem\",\"position\":3,\"name\":\"DE LOS REYES AURELIO. LOS OR\u00cdGENES DEL CINE EN M\u00c9XICO (1896-1900)\"}]},{\"@type\":\"WebSite\",\"@id\":\"https:\/\/antiqua.mx\/en\/#website\",\"url\":\"https:\/\/antiqua.mx\/en\/\",\"name\":\"\",\"description\":\"\",\"potentialAction\":[{\"@type\":\"SearchAction\",\"target\":{\"@type\":\"EntryPoint\",\"urlTemplate\":\"https:\/\/antiqua.mx\/en\/?s={search_term_string}\"},\"query-input\":{\"@type\":\"PropertyValueSpecification\",\"valueRequired\":true,\"valueName\":\"search_term_string\"}}],\"inLanguage\":\"en-US\"}]}<\/script>\n<!-- \/ Yoast SEO plugin. -->","yoast_head_json":{"title":"DE LOS REYES AURELIO. LOS OR\u00cdGENES DEL CINE EN M\u00c9XICO (1896-1900) -","robots":{"index":"index","follow":"follow","max-snippet":"max-snippet:-1","max-image-preview":"max-image-preview:large","max-video-preview":"max-video-preview:-1"},"canonical":"https:\/\/antiqua.mx\/en\/product\/de-los-reyes-aurelio-los-origenes-del-cine-en-mexico-1896-1900-2\/","og_locale":"en_US","og_type":"article","og_title":"DE LOS REYES AURELIO. LOS OR\u00cdGENES DEL CINE EN M\u00c9XICO (1896-1900) -","og_description":"Editorial: Universidad Nacional Aut\u00f3noma de M\u00e9xico  Primera edici\u00f3n  A\u00f1o 1973  R\u00fastico, en buenas condiciones. La parte inferior del empastado est\u00e1 maltratada por clasificaci\u00f3n de biblioteca.  La obra est\u00e1 ilustrada con l\u00e1minas a blanco y negro.  COLECCI\u00d3N CUADERNOS DE CINE, N\u00daMERO 21.  La obra tiene sellos del\u00a0 \"ASPIRANTADO JUAN PONCE DE LE\u00d3N BIBLIOTECA: DR. CARLOS FUENTES GUTI\u00c9RREZ 10 PONIENTE No. 1711, PUEBLA, PUE.\"  Impreso en M\u00e9xico.  196 p\u00e1ginas","og_url":"https:\/\/antiqua.mx\/en\/product\/de-los-reyes-aurelio-los-origenes-del-cine-en-mexico-1896-1900-2\/","article_modified_time":"2022-06-07T03:13:59+00:00","og_image":[{"width":1920,"height":2560,"url":"https:\/\/antiqua.mx\/wp-content\/uploads\/2022\/05\/D44B0792-2AC0-40EB-8754-84A26821AC55-scaled.jpeg","type":"image\/jpeg"}],"twitter_card":"summary_large_image","schema":{"@context":"https:\/\/schema.org","@graph":[{"@type":"WebPage","@id":"https:\/\/antiqua.mx\/producto\/de-los-reyes-aurelio-los-origenes-del-cine-en-mexico-1896-1900-2","url":"https:\/\/antiqua.mx\/producto\/de-los-reyes-aurelio-los-origenes-del-cine-en-mexico-1896-1900-2","name":"DE LOS REYES AURELIO. LOS OR\u00cdGENES DEL CINE EN M\u00c9XICO (1896-1900) -","isPartOf":{"@id":"https:\/\/antiqua.mx\/en\/#website"},"primaryImageOfPage":{"@id":"https:\/\/antiqua.mx\/producto\/de-los-reyes-aurelio-los-origenes-del-cine-en-mexico-1896-1900-2#primaryimage"},"image":{"@id":"https:\/\/antiqua.mx\/producto\/de-los-reyes-aurelio-los-origenes-del-cine-en-mexico-1896-1900-2#primaryimage"},"thumbnailUrl":"https:\/\/antiqua.mx\/wp-content\/uploads\/2022\/05\/D44B0792-2AC0-40EB-8754-84A26821AC55-scaled.jpeg","datePublished":"2022-05-28T23:53:39+00:00","dateModified":"2022-06-07T03:13:59+00:00","breadcrumb":{"@id":"https:\/\/antiqua.mx\/producto\/de-los-reyes-aurelio-los-origenes-del-cine-en-mexico-1896-1900-2#breadcrumb"},"inLanguage":"en-US","potentialAction":[{"@type":"ReadAction","target":["https:\/\/antiqua.mx\/producto\/de-los-reyes-aurelio-los-origenes-del-cine-en-mexico-1896-1900-2"]}]},{"@type":"ImageObject","inLanguage":"en-US","@id":"https:\/\/antiqua.mx\/producto\/de-los-reyes-aurelio-los-origenes-del-cine-en-mexico-1896-1900-2#primaryimage","url":"https:\/\/antiqua.mx\/wp-content\/uploads\/2022\/05\/D44B0792-2AC0-40EB-8754-84A26821AC55-scaled.jpeg","contentUrl":"https:\/\/antiqua.mx\/wp-content\/uploads\/2022\/05\/D44B0792-2AC0-40EB-8754-84A26821AC55-scaled.jpeg","width":1920,"height":2560},{"@type":"BreadcrumbList","@id":"https:\/\/antiqua.mx\/producto\/de-los-reyes-aurelio-los-origenes-del-cine-en-mexico-1896-1900-2#breadcrumb","itemListElement":[{"@type":"ListItem","position":1,"name":"Portada","item":"https:\/\/antiqua.mx\/en\/"},{"@type":"ListItem","position":2,"name":"Tienda","item":"https:\/\/antiqua.mx\/en\/tienda"},{"@type":"ListItem","position":3,"name":"DE LOS REYES AURELIO. LOS OR\u00cdGENES DEL CINE EN M\u00c9XICO (1896-1900)"}]},{"@type":"WebSite","@id":"https:\/\/antiqua.mx\/en\/#website","url":"https:\/\/antiqua.mx\/en\/","name":"","description":"","potentialAction":[{"@type":"SearchAction","target":{"@type":"EntryPoint","urlTemplate":"https:\/\/antiqua.mx\/en\/?s={search_term_string}"},"query-input":{"@type":"PropertyValueSpecification","valueRequired":true,"valueName":"search_term_string"}}],"inLanguage":"en-US"}]}},"jetpack_sharing_enabled":true,"_links":{"self":[{"href":"https:\/\/antiqua.mx\/en\/wp-json\/wp\/v2\/product\/14439","targetHints":{"allow":["GET"]}}],"collection":[{"href":"https:\/\/antiqua.mx\/en\/wp-json\/wp\/v2\/product"}],"about":[{"href":"https:\/\/antiqua.mx\/en\/wp-json\/wp\/v2\/types\/product"}],"replies":[{"embeddable":true,"href":"https:\/\/antiqua.mx\/en\/wp-json\/wp\/v2\/comments?post=14439"}],"wp:featuredmedia":[{"embeddable":true,"href":"https:\/\/antiqua.mx\/en\/wp-json\/wp\/v2\/media\/14609"}],"wp:attachment":[{"href":"https:\/\/antiqua.mx\/en\/wp-json\/wp\/v2\/media?parent=14439"}],"wp:term":[{"taxonomy":"product_brand","embeddable":true,"href":"https:\/\/antiqua.mx\/en\/wp-json\/wp\/v2\/product_brand?post=14439"},{"taxonomy":"product_cat","embeddable":true,"href":"https:\/\/antiqua.mx\/en\/wp-json\/wp\/v2\/product_cat?post=14439"},{"taxonomy":"product_tag","embeddable":true,"href":"https:\/\/antiqua.mx\/en\/wp-json\/wp\/v2\/product_tag?post=14439"}],"curies":[{"name":"wp","href":"https:\/\/api.w.org\/{rel}","templated":true}]}}