{"id":14690,"date":"2022-06-08T23:38:41","date_gmt":"2022-06-08T23:38:41","guid":{"rendered":"https:\/\/antiqua.mx\/?post_type=product&#038;p=14690"},"modified":"2026-03-21T23:31:41","modified_gmt":"2026-03-21T23:31:41","slug":"sepulvedad-luis-a-la-masoneria-segun-los-masones","status":"publish","type":"product","link":"https:\/\/antiqua.mx\/en\/product\/sepulvedad-luis-a-la-masoneria-segun-los-masones\/","title":{"rendered":"SEP\u00daLVEDAD LUIS A. LA MASONER\u00cdA SEG\u00daN LOS MASONES"},"content":{"rendered":"<p><strong>Sep\u00falveda Luis A.<\/strong><\/p>\n<p>A\u00f1o 1933<\/p>\n<p>Empastado, en muy buenas condiciones. La parte lateral de las primeras 13 p\u00e1ginas est\u00e1n manchadas.<\/p>\n<p>Traducido al castellano por el Obispo de Sonora.<\/p>\n<p><strong>ART\u00cdCULO DE LA &#8220;AMERICAN ENCICLOPEDIA&#8221;.<\/strong><\/p>\n<p>Impreso en El Paso, Texas.<\/p>\n<p>100 p\u00e1ginas<\/p>","protected":false},"excerpt":{"rendered":"<ul>\n<li>A\u00f1o 1933<\/li>\n<li>Empastado, en muy buenas condiciones. La parte lateral de las primeras 13 p\u00e1ginas est\u00e1n manchadas.<\/li>\n<li>Traducido al castellano por el Obispo de Sonora.<\/li>\n<li><strong>ART\u00cdCULO DE LA &#8220;AMERICAN ENCICLOPEDIA&#8221;.<\/strong><\/li>\n<li>Impreso en El Paso, Texas.<\/li>\n<li>100 p\u00e1ginas<\/li>\n<\/ul>","protected":false},"featured_media":25964,"comment_status":"open","ping_status":"closed","template":"","meta":{"_joinchat":[]},"product_brand":[],"product_cat":[466,468],"product_tag":[3474],"class_list":{"0":"post-14690","1":"product","2":"type-product","3":"status-publish","6":"product_cat-esoterismo","7":"product_cat-mason","8":"product_tag-luis-a-sepulveda","10":"first","11":"instock","12":"featured","13":"taxable","14":"shipping-taxable","15":"purchasable","16":"product-type-simple"},"yoast_head":"<!-- This site is optimized with the Yoast SEO plugin v26.1.1 - https:\/\/yoast.com\/wordpress\/plugins\/seo\/ -->\n<title>SEP\u00daLVEDAD LUIS A. LA MASONER\u00cdA SEG\u00daN LOS MASONES -<\/title>\n<meta name=\"robots\" content=\"index, follow, max-snippet:-1, max-image-preview:large, max-video-preview:-1\" \/>\n<link rel=\"canonical\" href=\"https:\/\/antiqua.mx\/en\/product\/sepulvedad-luis-a-la-masoneria-segun-los-masones\/\" \/>\n<meta property=\"og:locale\" content=\"en_US\" \/>\n<meta property=\"og:type\" content=\"article\" \/>\n<meta property=\"og:title\" content=\"SEP\u00daLVEDAD LUIS A. LA MASONER\u00cdA SEG\u00daN LOS MASONES -\" \/>\n<meta property=\"og:description\" content=\"A\u00f1o 1933  Empastado, en muy buenas condiciones. La parte lateral de las primeras 13 p\u00e1ginas est\u00e1n manchadas.  Traducido al castellano por el Obispo de Sonora.  ART\u00cdCULO DE LA &quot;AMERICAN ENCICLOPEDIA&quot;.  Impreso en El Paso, Texas.  100 p\u00e1ginas\" \/>\n<meta property=\"og:url\" content=\"https:\/\/antiqua.mx\/en\/product\/sepulvedad-luis-a-la-masoneria-segun-los-masones\/\" \/>\n<meta property=\"article:modified_time\" content=\"2026-03-21T23:31:41+00:00\" \/>\n<meta property=\"og:image\" content=\"https:\/\/antiqua.mx\/wp-content\/uploads\/2022\/06\/SEPULVEDAD-LUIS-A.-LA-MASONERIA-SEGUN-LOS-MASONES.jpeg\" \/>\n\t<meta property=\"og:image:width\" content=\"2560\" \/>\n\t<meta property=\"og:image:height\" content=\"1920\" \/>\n\t<meta property=\"og:image:type\" content=\"image\/jpeg\" \/>\n<meta name=\"twitter:card\" content=\"summary_large_image\" \/>\n<meta name=\"twitter:label1\" content=\"Est. reading time\" \/>\n\t<meta name=\"twitter:data1\" content=\"1 minute\" \/>\n<script type=\"application\/ld+json\" class=\"yoast-schema-graph\">{\"@context\":\"https:\/\/schema.org\",\"@graph\":[{\"@type\":\"WebPage\",\"@id\":\"https:\/\/antiqua.mx\/producto\/sepulvedad-luis-a-la-masoneria-segun-los-masones\/\",\"url\":\"https:\/\/antiqua.mx\/producto\/sepulvedad-luis-a-la-masoneria-segun-los-masones\/\",\"name\":\"SEP\u00daLVEDAD LUIS A. LA MASONER\u00cdA SEG\u00daN LOS MASONES -\",\"isPartOf\":{\"@id\":\"https:\/\/antiqua.mx\/en\/#website\"},\"primaryImageOfPage\":{\"@id\":\"https:\/\/antiqua.mx\/producto\/sepulvedad-luis-a-la-masoneria-segun-los-masones\/#primaryimage\"},\"image\":{\"@id\":\"https:\/\/antiqua.mx\/producto\/sepulvedad-luis-a-la-masoneria-segun-los-masones\/#primaryimage\"},\"thumbnailUrl\":\"https:\/\/antiqua.mx\/wp-content\/uploads\/2022\/06\/SEPULVEDAD-LUIS-A.-LA-MASONERIA-SEGUN-LOS-MASONES.jpeg\",\"datePublished\":\"2022-06-08T23:38:41+00:00\",\"dateModified\":\"2026-03-21T23:31:41+00:00\",\"breadcrumb\":{\"@id\":\"https:\/\/antiqua.mx\/producto\/sepulvedad-luis-a-la-masoneria-segun-los-masones\/#breadcrumb\"},\"inLanguage\":\"en-US\",\"potentialAction\":[{\"@type\":\"ReadAction\",\"target\":[\"https:\/\/antiqua.mx\/producto\/sepulvedad-luis-a-la-masoneria-segun-los-masones\/\"]}]},{\"@type\":\"ImageObject\",\"inLanguage\":\"en-US\",\"@id\":\"https:\/\/antiqua.mx\/producto\/sepulvedad-luis-a-la-masoneria-segun-los-masones\/#primaryimage\",\"url\":\"https:\/\/antiqua.mx\/wp-content\/uploads\/2022\/06\/SEPULVEDAD-LUIS-A.-LA-MASONERIA-SEGUN-LOS-MASONES.jpeg\",\"contentUrl\":\"https:\/\/antiqua.mx\/wp-content\/uploads\/2022\/06\/SEPULVEDAD-LUIS-A.-LA-MASONERIA-SEGUN-LOS-MASONES.jpeg\",\"width\":2560,\"height\":1920},{\"@type\":\"BreadcrumbList\",\"@id\":\"https:\/\/antiqua.mx\/producto\/sepulvedad-luis-a-la-masoneria-segun-los-masones\/#breadcrumb\",\"itemListElement\":[{\"@type\":\"ListItem\",\"position\":1,\"name\":\"Portada\",\"item\":\"https:\/\/antiqua.mx\/en\/\"},{\"@type\":\"ListItem\",\"position\":2,\"name\":\"Tienda\",\"item\":\"https:\/\/antiqua.mx\/tienda\/\"},{\"@type\":\"ListItem\",\"position\":3,\"name\":\"SEP\u00daLVEDAD LUIS A. LA MASONER\u00cdA SEG\u00daN LOS MASONES\"}]},{\"@type\":\"WebSite\",\"@id\":\"https:\/\/antiqua.mx\/en\/#website\",\"url\":\"https:\/\/antiqua.mx\/en\/\",\"name\":\"\",\"description\":\"\",\"potentialAction\":[{\"@type\":\"SearchAction\",\"target\":{\"@type\":\"EntryPoint\",\"urlTemplate\":\"https:\/\/antiqua.mx\/en\/?s={search_term_string}\"},\"query-input\":{\"@type\":\"PropertyValueSpecification\",\"valueRequired\":true,\"valueName\":\"search_term_string\"}}],\"inLanguage\":\"en-US\"}]}<\/script>\n<!-- \/ Yoast SEO plugin. -->","yoast_head_json":{"title":"SEP\u00daLVEDAD LUIS A. LA MASONER\u00cdA SEG\u00daN LOS MASONES -","robots":{"index":"index","follow":"follow","max-snippet":"max-snippet:-1","max-image-preview":"max-image-preview:large","max-video-preview":"max-video-preview:-1"},"canonical":"https:\/\/antiqua.mx\/en\/product\/sepulvedad-luis-a-la-masoneria-segun-los-masones\/","og_locale":"en_US","og_type":"article","og_title":"SEP\u00daLVEDAD LUIS A. LA MASONER\u00cdA SEG\u00daN LOS MASONES -","og_description":"A\u00f1o 1933  Empastado, en muy buenas condiciones. La parte lateral de las primeras 13 p\u00e1ginas est\u00e1n manchadas.  Traducido al castellano por el Obispo de Sonora.  ART\u00cdCULO DE LA \"AMERICAN ENCICLOPEDIA\".  Impreso en El Paso, Texas.  100 p\u00e1ginas","og_url":"https:\/\/antiqua.mx\/en\/product\/sepulvedad-luis-a-la-masoneria-segun-los-masones\/","article_modified_time":"2026-03-21T23:31:41+00:00","og_image":[{"width":2560,"height":1920,"url":"https:\/\/antiqua.mx\/wp-content\/uploads\/2022\/06\/SEPULVEDAD-LUIS-A.-LA-MASONERIA-SEGUN-LOS-MASONES.jpeg","type":"image\/jpeg"}],"twitter_card":"summary_large_image","twitter_misc":{"Est. reading time":"1 minute"},"schema":{"@context":"https:\/\/schema.org","@graph":[{"@type":"WebPage","@id":"https:\/\/antiqua.mx\/producto\/sepulvedad-luis-a-la-masoneria-segun-los-masones\/","url":"https:\/\/antiqua.mx\/producto\/sepulvedad-luis-a-la-masoneria-segun-los-masones\/","name":"SEP\u00daLVEDAD LUIS A. LA MASONER\u00cdA SEG\u00daN LOS MASONES -","isPartOf":{"@id":"https:\/\/antiqua.mx\/en\/#website"},"primaryImageOfPage":{"@id":"https:\/\/antiqua.mx\/producto\/sepulvedad-luis-a-la-masoneria-segun-los-masones\/#primaryimage"},"image":{"@id":"https:\/\/antiqua.mx\/producto\/sepulvedad-luis-a-la-masoneria-segun-los-masones\/#primaryimage"},"thumbnailUrl":"https:\/\/antiqua.mx\/wp-content\/uploads\/2022\/06\/SEPULVEDAD-LUIS-A.-LA-MASONERIA-SEGUN-LOS-MASONES.jpeg","datePublished":"2022-06-08T23:38:41+00:00","dateModified":"2026-03-21T23:31:41+00:00","breadcrumb":{"@id":"https:\/\/antiqua.mx\/producto\/sepulvedad-luis-a-la-masoneria-segun-los-masones\/#breadcrumb"},"inLanguage":"en-US","potentialAction":[{"@type":"ReadAction","target":["https:\/\/antiqua.mx\/producto\/sepulvedad-luis-a-la-masoneria-segun-los-masones\/"]}]},{"@type":"ImageObject","inLanguage":"en-US","@id":"https:\/\/antiqua.mx\/producto\/sepulvedad-luis-a-la-masoneria-segun-los-masones\/#primaryimage","url":"https:\/\/antiqua.mx\/wp-content\/uploads\/2022\/06\/SEPULVEDAD-LUIS-A.-LA-MASONERIA-SEGUN-LOS-MASONES.jpeg","contentUrl":"https:\/\/antiqua.mx\/wp-content\/uploads\/2022\/06\/SEPULVEDAD-LUIS-A.-LA-MASONERIA-SEGUN-LOS-MASONES.jpeg","width":2560,"height":1920},{"@type":"BreadcrumbList","@id":"https:\/\/antiqua.mx\/producto\/sepulvedad-luis-a-la-masoneria-segun-los-masones\/#breadcrumb","itemListElement":[{"@type":"ListItem","position":1,"name":"Portada","item":"https:\/\/antiqua.mx\/en\/"},{"@type":"ListItem","position":2,"name":"Tienda","item":"https:\/\/antiqua.mx\/tienda\/"},{"@type":"ListItem","position":3,"name":"SEP\u00daLVEDAD LUIS A. LA MASONER\u00cdA SEG\u00daN LOS MASONES"}]},{"@type":"WebSite","@id":"https:\/\/antiqua.mx\/en\/#website","url":"https:\/\/antiqua.mx\/en\/","name":"","description":"","potentialAction":[{"@type":"SearchAction","target":{"@type":"EntryPoint","urlTemplate":"https:\/\/antiqua.mx\/en\/?s={search_term_string}"},"query-input":{"@type":"PropertyValueSpecification","valueRequired":true,"valueName":"search_term_string"}}],"inLanguage":"en-US"}]}},"jetpack_sharing_enabled":true,"_links":{"self":[{"href":"https:\/\/antiqua.mx\/en\/wp-json\/wp\/v2\/product\/14690","targetHints":{"allow":["GET"]}}],"collection":[{"href":"https:\/\/antiqua.mx\/en\/wp-json\/wp\/v2\/product"}],"about":[{"href":"https:\/\/antiqua.mx\/en\/wp-json\/wp\/v2\/types\/product"}],"replies":[{"embeddable":true,"href":"https:\/\/antiqua.mx\/en\/wp-json\/wp\/v2\/comments?post=14690"}],"wp:featuredmedia":[{"embeddable":true,"href":"https:\/\/antiqua.mx\/en\/wp-json\/wp\/v2\/media\/25964"}],"wp:attachment":[{"href":"https:\/\/antiqua.mx\/en\/wp-json\/wp\/v2\/media?parent=14690"}],"wp:term":[{"taxonomy":"product_brand","embeddable":true,"href":"https:\/\/antiqua.mx\/en\/wp-json\/wp\/v2\/product_brand?post=14690"},{"taxonomy":"product_cat","embeddable":true,"href":"https:\/\/antiqua.mx\/en\/wp-json\/wp\/v2\/product_cat?post=14690"},{"taxonomy":"product_tag","embeddable":true,"href":"https:\/\/antiqua.mx\/en\/wp-json\/wp\/v2\/product_tag?post=14690"}],"curies":[{"name":"wp","href":"https:\/\/api.w.org\/{rel}","templated":true}]}}