{"id":14744,"date":"2022-06-15T21:46:24","date_gmt":"2022-06-15T21:46:24","guid":{"rendered":"https:\/\/antiqua.mx\/?post_type=product&#038;p=14744"},"modified":"2026-03-21T22:42:53","modified_gmt":"2026-03-21T22:42:53","slug":"santos-luis-umbert-por-que-soy-mason","status":"publish","type":"product","link":"https:\/\/antiqua.mx\/en\/product\/santos-luis-umbert-por-que-soy-mason\/","title":{"rendered":"SANTOS LUIS UMBERT. \u00bfPOR QU\u00c9 SOY MAS\u00d3N?"},"content":{"rendered":"<p><strong>Santos Luis Umbert<\/strong><\/p>\n<p>Editorial: Pax-M\u00e9xico<\/p>\n<p>Tercera edici\u00f3n<\/p>\n<p>A\u00f1o 1973<\/p>\n<p>R\u00fastico, en buenas condiciones.<\/p>\n<p>Impreso en M\u00e9xico.<\/p>\n<p>137 p\u00e1ginas<\/p>","protected":false},"excerpt":{"rendered":"<ul>\n<li>Editorial: Pax-M\u00e9xico<\/li>\n<li>Tercera edici\u00f3n<\/li>\n<li>A\u00f1o 1973<\/li>\n<li>R\u00fastico, en buenas condiciones.<\/li>\n<li>Impreso en M\u00e9xico.<\/li>\n<li>137 p\u00e1ginas<\/li>\n<\/ul>","protected":false},"featured_media":25957,"comment_status":"open","ping_status":"closed","template":"","meta":{"_joinchat":[]},"product_brand":[],"product_cat":[466,468],"product_tag":[3473],"class_list":{"0":"post-14744","1":"product","2":"type-product","3":"status-publish","6":"product_cat-esoterismo","7":"product_cat-mason","8":"product_tag-luis-umbert-santos","10":"first","11":"instock","12":"featured","13":"taxable","14":"shipping-taxable","15":"purchasable","16":"product-type-simple"},"yoast_head":"<!-- This site is optimized with the Yoast SEO plugin v26.1.1 - https:\/\/yoast.com\/wordpress\/plugins\/seo\/ -->\n<title>SANTOS LUIS UMBERT. \u00bfPOR QU\u00c9 SOY MAS\u00d3N? -<\/title>\n<meta name=\"robots\" content=\"index, follow, max-snippet:-1, max-image-preview:large, max-video-preview:-1\" \/>\n<link rel=\"canonical\" href=\"https:\/\/antiqua.mx\/en\/product\/santos-luis-umbert-por-que-soy-mason\/\" \/>\n<meta property=\"og:locale\" content=\"en_US\" \/>\n<meta property=\"og:type\" content=\"article\" \/>\n<meta property=\"og:title\" content=\"SANTOS LUIS UMBERT. \u00bfPOR QU\u00c9 SOY MAS\u00d3N? -\" \/>\n<meta property=\"og:description\" content=\"Editorial: Pax-M\u00e9xico  Tercera edici\u00f3n  A\u00f1o 1973  R\u00fastico, en buenas condiciones.  Impreso en M\u00e9xico.  137 p\u00e1ginas\" \/>\n<meta property=\"og:url\" content=\"https:\/\/antiqua.mx\/en\/product\/santos-luis-umbert-por-que-soy-mason\/\" \/>\n<meta property=\"article:modified_time\" content=\"2026-03-21T22:42:53+00:00\" \/>\n<meta property=\"og:image\" content=\"https:\/\/antiqua.mx\/wp-content\/uploads\/2022\/06\/SANTOS-LUIS-UMBERT.-POR-QUE-SOY-MASON.jpeg\" \/>\n\t<meta property=\"og:image:width\" content=\"1920\" \/>\n\t<meta property=\"og:image:height\" content=\"2560\" \/>\n\t<meta property=\"og:image:type\" content=\"image\/jpeg\" \/>\n<meta name=\"twitter:card\" content=\"summary_large_image\" \/>\n<meta name=\"twitter:label1\" content=\"Est. reading time\" \/>\n\t<meta name=\"twitter:data1\" content=\"1 minute\" \/>\n<script type=\"application\/ld+json\" class=\"yoast-schema-graph\">{\"@context\":\"https:\/\/schema.org\",\"@graph\":[{\"@type\":\"WebPage\",\"@id\":\"https:\/\/antiqua.mx\/en\/product\/santos-luis-umbert-por-que-soy-mason\/\",\"url\":\"https:\/\/antiqua.mx\/en\/product\/santos-luis-umbert-por-que-soy-mason\/\",\"name\":\"SANTOS LUIS UMBERT. \u00bfPOR QU\u00c9 SOY MAS\u00d3N? -\",\"isPartOf\":{\"@id\":\"https:\/\/antiqua.mx\/en\/#website\"},\"primaryImageOfPage\":{\"@id\":\"https:\/\/antiqua.mx\/en\/product\/santos-luis-umbert-por-que-soy-mason\/#primaryimage\"},\"image\":{\"@id\":\"https:\/\/antiqua.mx\/en\/product\/santos-luis-umbert-por-que-soy-mason\/#primaryimage\"},\"thumbnailUrl\":\"https:\/\/antiqua.mx\/wp-content\/uploads\/2022\/06\/SANTOS-LUIS-UMBERT.-POR-QUE-SOY-MASON.jpeg\",\"datePublished\":\"2022-06-15T21:46:24+00:00\",\"dateModified\":\"2026-03-21T22:42:53+00:00\",\"breadcrumb\":{\"@id\":\"https:\/\/antiqua.mx\/en\/product\/santos-luis-umbert-por-que-soy-mason\/#breadcrumb\"},\"inLanguage\":\"en-US\",\"potentialAction\":[{\"@type\":\"ReadAction\",\"target\":[\"https:\/\/antiqua.mx\/en\/product\/santos-luis-umbert-por-que-soy-mason\/\"]}]},{\"@type\":\"ImageObject\",\"inLanguage\":\"en-US\",\"@id\":\"https:\/\/antiqua.mx\/en\/product\/santos-luis-umbert-por-que-soy-mason\/#primaryimage\",\"url\":\"https:\/\/antiqua.mx\/wp-content\/uploads\/2022\/06\/SANTOS-LUIS-UMBERT.-POR-QUE-SOY-MASON.jpeg\",\"contentUrl\":\"https:\/\/antiqua.mx\/wp-content\/uploads\/2022\/06\/SANTOS-LUIS-UMBERT.-POR-QUE-SOY-MASON.jpeg\",\"width\":1920,\"height\":2560},{\"@type\":\"BreadcrumbList\",\"@id\":\"https:\/\/antiqua.mx\/en\/product\/santos-luis-umbert-por-que-soy-mason\/#breadcrumb\",\"itemListElement\":[{\"@type\":\"ListItem\",\"position\":1,\"name\":\"Portada\",\"item\":\"https:\/\/antiqua.mx\/en\/\"},{\"@type\":\"ListItem\",\"position\":2,\"name\":\"Tienda\",\"item\":\"https:\/\/antiqua.mx\/tienda\/\"},{\"@type\":\"ListItem\",\"position\":3,\"name\":\"SANTOS LUIS UMBERT. \u00bfPOR QU\u00c9 SOY MAS\u00d3N?\"}]},{\"@type\":\"WebSite\",\"@id\":\"https:\/\/antiqua.mx\/en\/#website\",\"url\":\"https:\/\/antiqua.mx\/en\/\",\"name\":\"\",\"description\":\"\",\"potentialAction\":[{\"@type\":\"SearchAction\",\"target\":{\"@type\":\"EntryPoint\",\"urlTemplate\":\"https:\/\/antiqua.mx\/en\/?s={search_term_string}\"},\"query-input\":{\"@type\":\"PropertyValueSpecification\",\"valueRequired\":true,\"valueName\":\"search_term_string\"}}],\"inLanguage\":\"en-US\"}]}<\/script>\n<!-- \/ Yoast SEO plugin. -->","yoast_head_json":{"title":"SANTOS LUIS UMBERT. \u00bfPOR QU\u00c9 SOY MAS\u00d3N? -","robots":{"index":"index","follow":"follow","max-snippet":"max-snippet:-1","max-image-preview":"max-image-preview:large","max-video-preview":"max-video-preview:-1"},"canonical":"https:\/\/antiqua.mx\/en\/product\/santos-luis-umbert-por-que-soy-mason\/","og_locale":"en_US","og_type":"article","og_title":"SANTOS LUIS UMBERT. \u00bfPOR QU\u00c9 SOY MAS\u00d3N? -","og_description":"Editorial: Pax-M\u00e9xico  Tercera edici\u00f3n  A\u00f1o 1973  R\u00fastico, en buenas condiciones.  Impreso en M\u00e9xico.  137 p\u00e1ginas","og_url":"https:\/\/antiqua.mx\/en\/product\/santos-luis-umbert-por-que-soy-mason\/","article_modified_time":"2026-03-21T22:42:53+00:00","og_image":[{"width":1920,"height":2560,"url":"https:\/\/antiqua.mx\/wp-content\/uploads\/2022\/06\/SANTOS-LUIS-UMBERT.-POR-QUE-SOY-MASON.jpeg","type":"image\/jpeg"}],"twitter_card":"summary_large_image","twitter_misc":{"Est. reading time":"1 minute"},"schema":{"@context":"https:\/\/schema.org","@graph":[{"@type":"WebPage","@id":"https:\/\/antiqua.mx\/en\/product\/santos-luis-umbert-por-que-soy-mason\/","url":"https:\/\/antiqua.mx\/en\/product\/santos-luis-umbert-por-que-soy-mason\/","name":"SANTOS LUIS UMBERT. \u00bfPOR QU\u00c9 SOY MAS\u00d3N? -","isPartOf":{"@id":"https:\/\/antiqua.mx\/en\/#website"},"primaryImageOfPage":{"@id":"https:\/\/antiqua.mx\/en\/product\/santos-luis-umbert-por-que-soy-mason\/#primaryimage"},"image":{"@id":"https:\/\/antiqua.mx\/en\/product\/santos-luis-umbert-por-que-soy-mason\/#primaryimage"},"thumbnailUrl":"https:\/\/antiqua.mx\/wp-content\/uploads\/2022\/06\/SANTOS-LUIS-UMBERT.-POR-QUE-SOY-MASON.jpeg","datePublished":"2022-06-15T21:46:24+00:00","dateModified":"2026-03-21T22:42:53+00:00","breadcrumb":{"@id":"https:\/\/antiqua.mx\/en\/product\/santos-luis-umbert-por-que-soy-mason\/#breadcrumb"},"inLanguage":"en-US","potentialAction":[{"@type":"ReadAction","target":["https:\/\/antiqua.mx\/en\/product\/santos-luis-umbert-por-que-soy-mason\/"]}]},{"@type":"ImageObject","inLanguage":"en-US","@id":"https:\/\/antiqua.mx\/en\/product\/santos-luis-umbert-por-que-soy-mason\/#primaryimage","url":"https:\/\/antiqua.mx\/wp-content\/uploads\/2022\/06\/SANTOS-LUIS-UMBERT.-POR-QUE-SOY-MASON.jpeg","contentUrl":"https:\/\/antiqua.mx\/wp-content\/uploads\/2022\/06\/SANTOS-LUIS-UMBERT.-POR-QUE-SOY-MASON.jpeg","width":1920,"height":2560},{"@type":"BreadcrumbList","@id":"https:\/\/antiqua.mx\/en\/product\/santos-luis-umbert-por-que-soy-mason\/#breadcrumb","itemListElement":[{"@type":"ListItem","position":1,"name":"Portada","item":"https:\/\/antiqua.mx\/en\/"},{"@type":"ListItem","position":2,"name":"Tienda","item":"https:\/\/antiqua.mx\/tienda\/"},{"@type":"ListItem","position":3,"name":"SANTOS LUIS UMBERT. \u00bfPOR QU\u00c9 SOY MAS\u00d3N?"}]},{"@type":"WebSite","@id":"https:\/\/antiqua.mx\/en\/#website","url":"https:\/\/antiqua.mx\/en\/","name":"","description":"","potentialAction":[{"@type":"SearchAction","target":{"@type":"EntryPoint","urlTemplate":"https:\/\/antiqua.mx\/en\/?s={search_term_string}"},"query-input":{"@type":"PropertyValueSpecification","valueRequired":true,"valueName":"search_term_string"}}],"inLanguage":"en-US"}]}},"jetpack_sharing_enabled":true,"_links":{"self":[{"href":"https:\/\/antiqua.mx\/en\/wp-json\/wp\/v2\/product\/14744","targetHints":{"allow":["GET"]}}],"collection":[{"href":"https:\/\/antiqua.mx\/en\/wp-json\/wp\/v2\/product"}],"about":[{"href":"https:\/\/antiqua.mx\/en\/wp-json\/wp\/v2\/types\/product"}],"replies":[{"embeddable":true,"href":"https:\/\/antiqua.mx\/en\/wp-json\/wp\/v2\/comments?post=14744"}],"wp:featuredmedia":[{"embeddable":true,"href":"https:\/\/antiqua.mx\/en\/wp-json\/wp\/v2\/media\/25957"}],"wp:attachment":[{"href":"https:\/\/antiqua.mx\/en\/wp-json\/wp\/v2\/media?parent=14744"}],"wp:term":[{"taxonomy":"product_brand","embeddable":true,"href":"https:\/\/antiqua.mx\/en\/wp-json\/wp\/v2\/product_brand?post=14744"},{"taxonomy":"product_cat","embeddable":true,"href":"https:\/\/antiqua.mx\/en\/wp-json\/wp\/v2\/product_cat?post=14744"},{"taxonomy":"product_tag","embeddable":true,"href":"https:\/\/antiqua.mx\/en\/wp-json\/wp\/v2\/product_tag?post=14744"}],"curies":[{"name":"wp","href":"https:\/\/api.w.org\/{rel}","templated":true}]}}