{"id":1489,"date":"2020-04-26T22:28:32","date_gmt":"2020-04-26T22:28:32","guid":{"rendered":"https:\/\/antiqua.mx\/?post_type=product&#038;p=1489"},"modified":"2026-04-02T23:28:52","modified_gmt":"2026-04-02T23:28:52","slug":"cuentos-de-todos-colores-vol-1","status":"publish","type":"product","link":"https:\/\/antiqua.mx\/en\/product\/cuentos-de-todos-colores-vol-1\/","title":{"rendered":"DR. ATL. CUENTOS DE TODOS COLORES. VOL. 1"},"content":{"rendered":"<p><strong>Dr. Atl<\/strong><\/p>\n<p>Editorial: Botas<\/p>\n<p>Primera edici\u00f3n<\/p>\n<p>A\u00f1o 1933<\/p>\n<p>R\u00fastico, en buenas condiciones. El empastado est\u00e1 maltratado.<\/p>\n<p>Al ejemplar le faltan dos cuentos.<\/p>\n<p>La obra tiene sellos del\u00a0 &#8220;ASPIRANTADO JUAN PONCE DE LE\u00d3N BIBLIOTECA: DR. CARLOS FUENTES GUTI\u00c9RREZ 10 PONIENTE No. 1711, PUEBLA, PUE.&#8221;<\/p>\n<p>Impreso en M\u00e9xico.<\/p>\n<p>215 p\u00e1ginas<\/p>\n<p>&nbsp;<\/p>","protected":false},"excerpt":{"rendered":"<ul>\n<li>Editorial: Botas<\/li>\n<li>Primera edici\u00f3n<\/li>\n<li>A\u00f1o 1933<\/li>\n<li>R\u00fastico, en buenas condiciones. El empastado est\u00e1 maltratado.<\/li>\n<li>Al ejemplar le faltan 19 hojas seguidas (2 cuentos).<\/li>\n<li>La obra tiene sellos del\u00a0 &#8220;ASPIRANTADO JUAN PONCE DE LE\u00d3N BIBLIOTECA: DR. CARLOS FUENTES GUTI\u00c9RREZ 10 PONIENTE No. 1711, PUEBLA, PUE.&#8221;<\/li>\n<li>Impreso en M\u00e9xico.<\/li>\n<li>215 p\u00e1ginas<\/li>\n<\/ul>\n<p>&nbsp;<\/p>","protected":false},"featured_media":26731,"comment_status":"open","ping_status":"closed","template":"","meta":{"_joinchat":[]},"product_brand":[],"product_cat":[350,335,336,943],"product_tag":[653,4771],"class_list":{"0":"post-1489","1":"product","2":"type-product","3":"status-publish","6":"product_cat-arte-mexicano","7":"product_cat-literatura","8":"product_cat-litmexicana","9":"product_cat-obra-plastica-mex","10":"product_tag-dr-atl","11":"product_tag-gerardo-murillo","13":"first","14":"instock","15":"featured","16":"taxable","17":"shipping-taxable","18":"purchasable","19":"product-type-simple"},"yoast_head":"<!-- This site is optimized with the Yoast SEO plugin v26.1.1 - https:\/\/yoast.com\/wordpress\/plugins\/seo\/ -->\n<title>DR. ATL. CUENTOS DE TODOS COLORES. VOL. 1 -<\/title>\n<meta name=\"robots\" content=\"index, follow, max-snippet:-1, max-image-preview:large, max-video-preview:-1\" \/>\n<link rel=\"canonical\" href=\"https:\/\/antiqua.mx\/en\/product\/cuentos-de-todos-colores-vol-1\/\" \/>\n<meta property=\"og:locale\" content=\"en_US\" \/>\n<meta property=\"og:type\" content=\"article\" \/>\n<meta property=\"og:title\" content=\"DR. ATL. CUENTOS DE TODOS COLORES. VOL. 1 -\" \/>\n<meta property=\"og:description\" content=\"Editorial: Botas  Primera edici\u00f3n  A\u00f1o 1933  R\u00fastico, en buenas condiciones. El empastado est\u00e1 maltratado.  Al ejemplar le faltan 19 hojas seguidas (2 cuentos).  La obra tiene sellos del\u00a0 &quot;ASPIRANTADO JUAN PONCE DE LE\u00d3N BIBLIOTECA: DR. CARLOS FUENTES GUTI\u00c9RREZ 10 PONIENTE No. 1711, PUEBLA, PUE.&quot;  Impreso en M\u00e9xico.  215 p\u00e1ginas  &nbsp;\" \/>\n<meta property=\"og:url\" content=\"https:\/\/antiqua.mx\/en\/product\/cuentos-de-todos-colores-vol-1\/\" \/>\n<meta property=\"article:modified_time\" content=\"2026-04-02T23:28:52+00:00\" \/>\n<meta property=\"og:image\" content=\"https:\/\/antiqua.mx\/wp-content\/uploads\/2020\/04\/DR.-ATL.-CUENTOS-DE-TODOS-COLORES.-VOL.-1.jpg\" \/>\n\t<meta property=\"og:image:width\" content=\"1828\" \/>\n\t<meta property=\"og:image:height\" content=\"2560\" \/>\n\t<meta property=\"og:image:type\" content=\"image\/jpeg\" \/>\n<meta name=\"twitter:card\" content=\"summary_large_image\" \/>\n<meta name=\"twitter:label1\" content=\"Est. reading time\" \/>\n\t<meta name=\"twitter:data1\" content=\"1 minute\" \/>\n<script type=\"application\/ld+json\" class=\"yoast-schema-graph\">{\"@context\":\"https:\/\/schema.org\",\"@graph\":[{\"@type\":\"WebPage\",\"@id\":\"https:\/\/antiqua.mx\/producto\/cuentos-de-todos-colores-vol-1\/\",\"url\":\"https:\/\/antiqua.mx\/producto\/cuentos-de-todos-colores-vol-1\/\",\"name\":\"DR. ATL. CUENTOS DE TODOS COLORES. VOL. 1 -\",\"isPartOf\":{\"@id\":\"https:\/\/antiqua.mx\/en\/#website\"},\"primaryImageOfPage\":{\"@id\":\"https:\/\/antiqua.mx\/producto\/cuentos-de-todos-colores-vol-1\/#primaryimage\"},\"image\":{\"@id\":\"https:\/\/antiqua.mx\/producto\/cuentos-de-todos-colores-vol-1\/#primaryimage\"},\"thumbnailUrl\":\"https:\/\/antiqua.mx\/wp-content\/uploads\/2020\/04\/DR.-ATL.-CUENTOS-DE-TODOS-COLORES.-VOL.-1.jpg\",\"datePublished\":\"2020-04-26T22:28:32+00:00\",\"dateModified\":\"2026-04-02T23:28:52+00:00\",\"breadcrumb\":{\"@id\":\"https:\/\/antiqua.mx\/producto\/cuentos-de-todos-colores-vol-1\/#breadcrumb\"},\"inLanguage\":\"en-US\",\"potentialAction\":[{\"@type\":\"ReadAction\",\"target\":[\"https:\/\/antiqua.mx\/producto\/cuentos-de-todos-colores-vol-1\/\"]}]},{\"@type\":\"ImageObject\",\"inLanguage\":\"en-US\",\"@id\":\"https:\/\/antiqua.mx\/producto\/cuentos-de-todos-colores-vol-1\/#primaryimage\",\"url\":\"https:\/\/antiqua.mx\/wp-content\/uploads\/2020\/04\/DR.-ATL.-CUENTOS-DE-TODOS-COLORES.-VOL.-1.jpg\",\"contentUrl\":\"https:\/\/antiqua.mx\/wp-content\/uploads\/2020\/04\/DR.-ATL.-CUENTOS-DE-TODOS-COLORES.-VOL.-1.jpg\",\"width\":1828,\"height\":2560},{\"@type\":\"BreadcrumbList\",\"@id\":\"https:\/\/antiqua.mx\/producto\/cuentos-de-todos-colores-vol-1\/#breadcrumb\",\"itemListElement\":[{\"@type\":\"ListItem\",\"position\":1,\"name\":\"Portada\",\"item\":\"https:\/\/antiqua.mx\/en\/\"},{\"@type\":\"ListItem\",\"position\":2,\"name\":\"Tienda\",\"item\":\"https:\/\/antiqua.mx\/tienda\/\"},{\"@type\":\"ListItem\",\"position\":3,\"name\":\"DR. ATL. CUENTOS DE TODOS COLORES. VOL. 1\"}]},{\"@type\":\"WebSite\",\"@id\":\"https:\/\/antiqua.mx\/en\/#website\",\"url\":\"https:\/\/antiqua.mx\/en\/\",\"name\":\"\",\"description\":\"\",\"potentialAction\":[{\"@type\":\"SearchAction\",\"target\":{\"@type\":\"EntryPoint\",\"urlTemplate\":\"https:\/\/antiqua.mx\/en\/?s={search_term_string}\"},\"query-input\":{\"@type\":\"PropertyValueSpecification\",\"valueRequired\":true,\"valueName\":\"search_term_string\"}}],\"inLanguage\":\"en-US\"}]}<\/script>\n<!-- \/ Yoast SEO plugin. -->","yoast_head_json":{"title":"DR. ATL. CUENTOS DE TODOS COLORES. VOL. 1 -","robots":{"index":"index","follow":"follow","max-snippet":"max-snippet:-1","max-image-preview":"max-image-preview:large","max-video-preview":"max-video-preview:-1"},"canonical":"https:\/\/antiqua.mx\/en\/product\/cuentos-de-todos-colores-vol-1\/","og_locale":"en_US","og_type":"article","og_title":"DR. ATL. CUENTOS DE TODOS COLORES. VOL. 1 -","og_description":"Editorial: Botas  Primera edici\u00f3n  A\u00f1o 1933  R\u00fastico, en buenas condiciones. El empastado est\u00e1 maltratado.  Al ejemplar le faltan 19 hojas seguidas (2 cuentos).  La obra tiene sellos del\u00a0 \"ASPIRANTADO JUAN PONCE DE LE\u00d3N BIBLIOTECA: DR. CARLOS FUENTES GUTI\u00c9RREZ 10 PONIENTE No. 1711, PUEBLA, PUE.\"  Impreso en M\u00e9xico.  215 p\u00e1ginas  &nbsp;","og_url":"https:\/\/antiqua.mx\/en\/product\/cuentos-de-todos-colores-vol-1\/","article_modified_time":"2026-04-02T23:28:52+00:00","og_image":[{"width":1828,"height":2560,"url":"https:\/\/antiqua.mx\/wp-content\/uploads\/2020\/04\/DR.-ATL.-CUENTOS-DE-TODOS-COLORES.-VOL.-1.jpg","type":"image\/jpeg"}],"twitter_card":"summary_large_image","twitter_misc":{"Est. reading time":"1 minute"},"schema":{"@context":"https:\/\/schema.org","@graph":[{"@type":"WebPage","@id":"https:\/\/antiqua.mx\/producto\/cuentos-de-todos-colores-vol-1\/","url":"https:\/\/antiqua.mx\/producto\/cuentos-de-todos-colores-vol-1\/","name":"DR. ATL. CUENTOS DE TODOS COLORES. VOL. 1 -","isPartOf":{"@id":"https:\/\/antiqua.mx\/en\/#website"},"primaryImageOfPage":{"@id":"https:\/\/antiqua.mx\/producto\/cuentos-de-todos-colores-vol-1\/#primaryimage"},"image":{"@id":"https:\/\/antiqua.mx\/producto\/cuentos-de-todos-colores-vol-1\/#primaryimage"},"thumbnailUrl":"https:\/\/antiqua.mx\/wp-content\/uploads\/2020\/04\/DR.-ATL.-CUENTOS-DE-TODOS-COLORES.-VOL.-1.jpg","datePublished":"2020-04-26T22:28:32+00:00","dateModified":"2026-04-02T23:28:52+00:00","breadcrumb":{"@id":"https:\/\/antiqua.mx\/producto\/cuentos-de-todos-colores-vol-1\/#breadcrumb"},"inLanguage":"en-US","potentialAction":[{"@type":"ReadAction","target":["https:\/\/antiqua.mx\/producto\/cuentos-de-todos-colores-vol-1\/"]}]},{"@type":"ImageObject","inLanguage":"en-US","@id":"https:\/\/antiqua.mx\/producto\/cuentos-de-todos-colores-vol-1\/#primaryimage","url":"https:\/\/antiqua.mx\/wp-content\/uploads\/2020\/04\/DR.-ATL.-CUENTOS-DE-TODOS-COLORES.-VOL.-1.jpg","contentUrl":"https:\/\/antiqua.mx\/wp-content\/uploads\/2020\/04\/DR.-ATL.-CUENTOS-DE-TODOS-COLORES.-VOL.-1.jpg","width":1828,"height":2560},{"@type":"BreadcrumbList","@id":"https:\/\/antiqua.mx\/producto\/cuentos-de-todos-colores-vol-1\/#breadcrumb","itemListElement":[{"@type":"ListItem","position":1,"name":"Portada","item":"https:\/\/antiqua.mx\/en\/"},{"@type":"ListItem","position":2,"name":"Tienda","item":"https:\/\/antiqua.mx\/tienda\/"},{"@type":"ListItem","position":3,"name":"DR. ATL. CUENTOS DE TODOS COLORES. VOL. 1"}]},{"@type":"WebSite","@id":"https:\/\/antiqua.mx\/en\/#website","url":"https:\/\/antiqua.mx\/en\/","name":"","description":"","potentialAction":[{"@type":"SearchAction","target":{"@type":"EntryPoint","urlTemplate":"https:\/\/antiqua.mx\/en\/?s={search_term_string}"},"query-input":{"@type":"PropertyValueSpecification","valueRequired":true,"valueName":"search_term_string"}}],"inLanguage":"en-US"}]}},"jetpack_sharing_enabled":true,"_links":{"self":[{"href":"https:\/\/antiqua.mx\/en\/wp-json\/wp\/v2\/product\/1489","targetHints":{"allow":["GET"]}}],"collection":[{"href":"https:\/\/antiqua.mx\/en\/wp-json\/wp\/v2\/product"}],"about":[{"href":"https:\/\/antiqua.mx\/en\/wp-json\/wp\/v2\/types\/product"}],"replies":[{"embeddable":true,"href":"https:\/\/antiqua.mx\/en\/wp-json\/wp\/v2\/comments?post=1489"}],"wp:featuredmedia":[{"embeddable":true,"href":"https:\/\/antiqua.mx\/en\/wp-json\/wp\/v2\/media\/26731"}],"wp:attachment":[{"href":"https:\/\/antiqua.mx\/en\/wp-json\/wp\/v2\/media?parent=1489"}],"wp:term":[{"taxonomy":"product_brand","embeddable":true,"href":"https:\/\/antiqua.mx\/en\/wp-json\/wp\/v2\/product_brand?post=1489"},{"taxonomy":"product_cat","embeddable":true,"href":"https:\/\/antiqua.mx\/en\/wp-json\/wp\/v2\/product_cat?post=1489"},{"taxonomy":"product_tag","embeddable":true,"href":"https:\/\/antiqua.mx\/en\/wp-json\/wp\/v2\/product_tag?post=1489"}],"curies":[{"name":"wp","href":"https:\/\/api.w.org\/{rel}","templated":true}]}}