{"id":1525,"date":"2020-04-29T01:13:29","date_gmt":"2020-04-29T01:13:29","guid":{"rendered":"https:\/\/antiqua.mx\/?post_type=product&#038;p=1525"},"modified":"2026-03-30T23:02:59","modified_gmt":"2026-03-30T23:02:59","slug":"las-puberes-caneforas","status":"publish","type":"product","link":"https:\/\/antiqua.mx\/en\/product\/las-puberes-caneforas\/","title":{"rendered":"BLANCO JOS\u00c9 JOAQU\u00cdN. LAS P\u00daBERES CAN\u00c9FORAS"},"content":{"rendered":"<p><strong>Blanco Jos\u00e9 Joaqu\u00edn<\/strong><\/p>\n<p>Editorial: Oc\u00e9ano<\/p>\n<p>S\u00e9ptima edici\u00f3n<\/p>\n<p>A\u00f1o 1987<\/p>\n<p>R\u00fastico, en muy buenas condiciones.<\/p>\n<p>Foto de la portada por Lola \u00c1lvarez Bravo.<\/p>\n<p>148 p\u00e1ginas<\/p>\n<p>&nbsp;<\/p>","protected":false},"excerpt":{"rendered":"<ul>\n<li>Editorial: Oc\u00e9ano<\/li>\n<li>S\u00e9ptima edici\u00f3n<\/li>\n<li>A\u00f1o 1987<\/li>\n<li>R\u00fastico, en muy buenas condiciones.<\/li>\n<li>Foto de la portada por Lola \u00c1lvarez Bravo.<\/li>\n<li>148 p\u00e1ginas<\/li>\n<\/ul>","protected":false},"featured_media":26646,"comment_status":"open","ping_status":"closed","template":"","meta":{"_joinchat":[]},"product_brand":[],"product_cat":[335,336],"product_tag":[606],"class_list":{"0":"post-1525","1":"product","2":"type-product","3":"status-publish","6":"product_cat-literatura","7":"product_cat-litmexicana","8":"product_tag-jose-joaquin-blanco","10":"first","11":"outofstock","12":"featured","13":"sold-individually","14":"taxable","15":"shipping-taxable","16":"purchasable","17":"product-type-simple"},"yoast_head":"<!-- This site is optimized with the Yoast SEO plugin v26.1.1 - https:\/\/yoast.com\/wordpress\/plugins\/seo\/ -->\n<title>BLANCO JOS\u00c9 JOAQU\u00cdN. LAS P\u00daBERES CAN\u00c9FORAS -<\/title>\n<meta name=\"robots\" content=\"index, follow, max-snippet:-1, max-image-preview:large, max-video-preview:-1\" \/>\n<link rel=\"canonical\" href=\"https:\/\/antiqua.mx\/en\/product\/las-puberes-caneforas\/\" \/>\n<meta property=\"og:locale\" content=\"en_US\" \/>\n<meta property=\"og:type\" content=\"article\" \/>\n<meta property=\"og:title\" content=\"BLANCO JOS\u00c9 JOAQU\u00cdN. LAS P\u00daBERES CAN\u00c9FORAS -\" \/>\n<meta property=\"og:description\" content=\"Editorial: Oc\u00e9ano  S\u00e9ptima edici\u00f3n  A\u00f1o 1987  R\u00fastico, en muy buenas condiciones.  Foto de la portada por Lola \u00c1lvarez Bravo.  148 p\u00e1ginas\" \/>\n<meta property=\"og:url\" content=\"https:\/\/antiqua.mx\/en\/product\/las-puberes-caneforas\/\" \/>\n<meta property=\"article:modified_time\" content=\"2026-03-30T23:02:59+00:00\" \/>\n<meta property=\"og:image\" content=\"https:\/\/antiqua.mx\/wp-content\/uploads\/2020\/04\/BLANCO-JOSE-JOAQUIN.-LAS-PUBERES-CANEFORAS.jpeg\" \/>\n\t<meta property=\"og:image:width\" content=\"1920\" \/>\n\t<meta property=\"og:image:height\" content=\"2560\" \/>\n\t<meta property=\"og:image:type\" content=\"image\/jpeg\" \/>\n<meta name=\"twitter:card\" content=\"summary_large_image\" \/>\n<meta name=\"twitter:label1\" content=\"Est. reading time\" \/>\n\t<meta name=\"twitter:data1\" content=\"1 minute\" \/>\n<script type=\"application\/ld+json\" class=\"yoast-schema-graph\">{\"@context\":\"https:\/\/schema.org\",\"@graph\":[{\"@type\":\"WebPage\",\"@id\":\"https:\/\/antiqua.mx\/producto\/las-puberes-caneforas\/\",\"url\":\"https:\/\/antiqua.mx\/producto\/las-puberes-caneforas\/\",\"name\":\"BLANCO JOS\u00c9 JOAQU\u00cdN. LAS P\u00daBERES CAN\u00c9FORAS -\",\"isPartOf\":{\"@id\":\"https:\/\/antiqua.mx\/en\/#website\"},\"primaryImageOfPage\":{\"@id\":\"https:\/\/antiqua.mx\/producto\/las-puberes-caneforas\/#primaryimage\"},\"image\":{\"@id\":\"https:\/\/antiqua.mx\/producto\/las-puberes-caneforas\/#primaryimage\"},\"thumbnailUrl\":\"https:\/\/antiqua.mx\/wp-content\/uploads\/2020\/04\/BLANCO-JOSE-JOAQUIN.-LAS-PUBERES-CANEFORAS.jpeg\",\"datePublished\":\"2020-04-29T01:13:29+00:00\",\"dateModified\":\"2026-03-30T23:02:59+00:00\",\"breadcrumb\":{\"@id\":\"https:\/\/antiqua.mx\/producto\/las-puberes-caneforas\/#breadcrumb\"},\"inLanguage\":\"en-US\",\"potentialAction\":[{\"@type\":\"ReadAction\",\"target\":[\"https:\/\/antiqua.mx\/producto\/las-puberes-caneforas\/\"]}]},{\"@type\":\"ImageObject\",\"inLanguage\":\"en-US\",\"@id\":\"https:\/\/antiqua.mx\/producto\/las-puberes-caneforas\/#primaryimage\",\"url\":\"https:\/\/antiqua.mx\/wp-content\/uploads\/2020\/04\/BLANCO-JOSE-JOAQUIN.-LAS-PUBERES-CANEFORAS.jpeg\",\"contentUrl\":\"https:\/\/antiqua.mx\/wp-content\/uploads\/2020\/04\/BLANCO-JOSE-JOAQUIN.-LAS-PUBERES-CANEFORAS.jpeg\",\"width\":1920,\"height\":2560},{\"@type\":\"BreadcrumbList\",\"@id\":\"https:\/\/antiqua.mx\/producto\/las-puberes-caneforas\/#breadcrumb\",\"itemListElement\":[{\"@type\":\"ListItem\",\"position\":1,\"name\":\"Portada\",\"item\":\"https:\/\/antiqua.mx\/en\/\"},{\"@type\":\"ListItem\",\"position\":2,\"name\":\"Tienda\",\"item\":\"https:\/\/antiqua.mx\/tienda\/\"},{\"@type\":\"ListItem\",\"position\":3,\"name\":\"BLANCO JOS\u00c9 JOAQU\u00cdN. LAS P\u00daBERES CAN\u00c9FORAS\"}]},{\"@type\":\"WebSite\",\"@id\":\"https:\/\/antiqua.mx\/en\/#website\",\"url\":\"https:\/\/antiqua.mx\/en\/\",\"name\":\"\",\"description\":\"\",\"potentialAction\":[{\"@type\":\"SearchAction\",\"target\":{\"@type\":\"EntryPoint\",\"urlTemplate\":\"https:\/\/antiqua.mx\/en\/?s={search_term_string}\"},\"query-input\":{\"@type\":\"PropertyValueSpecification\",\"valueRequired\":true,\"valueName\":\"search_term_string\"}}],\"inLanguage\":\"en-US\"}]}<\/script>\n<!-- \/ Yoast SEO plugin. -->","yoast_head_json":{"title":"BLANCO JOS\u00c9 JOAQU\u00cdN. LAS P\u00daBERES CAN\u00c9FORAS -","robots":{"index":"index","follow":"follow","max-snippet":"max-snippet:-1","max-image-preview":"max-image-preview:large","max-video-preview":"max-video-preview:-1"},"canonical":"https:\/\/antiqua.mx\/en\/product\/las-puberes-caneforas\/","og_locale":"en_US","og_type":"article","og_title":"BLANCO JOS\u00c9 JOAQU\u00cdN. LAS P\u00daBERES CAN\u00c9FORAS -","og_description":"Editorial: Oc\u00e9ano  S\u00e9ptima edici\u00f3n  A\u00f1o 1987  R\u00fastico, en muy buenas condiciones.  Foto de la portada por Lola \u00c1lvarez Bravo.  148 p\u00e1ginas","og_url":"https:\/\/antiqua.mx\/en\/product\/las-puberes-caneforas\/","article_modified_time":"2026-03-30T23:02:59+00:00","og_image":[{"width":1920,"height":2560,"url":"https:\/\/antiqua.mx\/wp-content\/uploads\/2020\/04\/BLANCO-JOSE-JOAQUIN.-LAS-PUBERES-CANEFORAS.jpeg","type":"image\/jpeg"}],"twitter_card":"summary_large_image","twitter_misc":{"Est. reading time":"1 minute"},"schema":{"@context":"https:\/\/schema.org","@graph":[{"@type":"WebPage","@id":"https:\/\/antiqua.mx\/producto\/las-puberes-caneforas\/","url":"https:\/\/antiqua.mx\/producto\/las-puberes-caneforas\/","name":"BLANCO JOS\u00c9 JOAQU\u00cdN. LAS P\u00daBERES CAN\u00c9FORAS -","isPartOf":{"@id":"https:\/\/antiqua.mx\/en\/#website"},"primaryImageOfPage":{"@id":"https:\/\/antiqua.mx\/producto\/las-puberes-caneforas\/#primaryimage"},"image":{"@id":"https:\/\/antiqua.mx\/producto\/las-puberes-caneforas\/#primaryimage"},"thumbnailUrl":"https:\/\/antiqua.mx\/wp-content\/uploads\/2020\/04\/BLANCO-JOSE-JOAQUIN.-LAS-PUBERES-CANEFORAS.jpeg","datePublished":"2020-04-29T01:13:29+00:00","dateModified":"2026-03-30T23:02:59+00:00","breadcrumb":{"@id":"https:\/\/antiqua.mx\/producto\/las-puberes-caneforas\/#breadcrumb"},"inLanguage":"en-US","potentialAction":[{"@type":"ReadAction","target":["https:\/\/antiqua.mx\/producto\/las-puberes-caneforas\/"]}]},{"@type":"ImageObject","inLanguage":"en-US","@id":"https:\/\/antiqua.mx\/producto\/las-puberes-caneforas\/#primaryimage","url":"https:\/\/antiqua.mx\/wp-content\/uploads\/2020\/04\/BLANCO-JOSE-JOAQUIN.-LAS-PUBERES-CANEFORAS.jpeg","contentUrl":"https:\/\/antiqua.mx\/wp-content\/uploads\/2020\/04\/BLANCO-JOSE-JOAQUIN.-LAS-PUBERES-CANEFORAS.jpeg","width":1920,"height":2560},{"@type":"BreadcrumbList","@id":"https:\/\/antiqua.mx\/producto\/las-puberes-caneforas\/#breadcrumb","itemListElement":[{"@type":"ListItem","position":1,"name":"Portada","item":"https:\/\/antiqua.mx\/en\/"},{"@type":"ListItem","position":2,"name":"Tienda","item":"https:\/\/antiqua.mx\/tienda\/"},{"@type":"ListItem","position":3,"name":"BLANCO JOS\u00c9 JOAQU\u00cdN. LAS P\u00daBERES CAN\u00c9FORAS"}]},{"@type":"WebSite","@id":"https:\/\/antiqua.mx\/en\/#website","url":"https:\/\/antiqua.mx\/en\/","name":"","description":"","potentialAction":[{"@type":"SearchAction","target":{"@type":"EntryPoint","urlTemplate":"https:\/\/antiqua.mx\/en\/?s={search_term_string}"},"query-input":{"@type":"PropertyValueSpecification","valueRequired":true,"valueName":"search_term_string"}}],"inLanguage":"en-US"}]}},"jetpack_sharing_enabled":true,"_links":{"self":[{"href":"https:\/\/antiqua.mx\/en\/wp-json\/wp\/v2\/product\/1525","targetHints":{"allow":["GET"]}}],"collection":[{"href":"https:\/\/antiqua.mx\/en\/wp-json\/wp\/v2\/product"}],"about":[{"href":"https:\/\/antiqua.mx\/en\/wp-json\/wp\/v2\/types\/product"}],"replies":[{"embeddable":true,"href":"https:\/\/antiqua.mx\/en\/wp-json\/wp\/v2\/comments?post=1525"}],"wp:featuredmedia":[{"embeddable":true,"href":"https:\/\/antiqua.mx\/en\/wp-json\/wp\/v2\/media\/26646"}],"wp:attachment":[{"href":"https:\/\/antiqua.mx\/en\/wp-json\/wp\/v2\/media?parent=1525"}],"wp:term":[{"taxonomy":"product_brand","embeddable":true,"href":"https:\/\/antiqua.mx\/en\/wp-json\/wp\/v2\/product_brand?post=1525"},{"taxonomy":"product_cat","embeddable":true,"href":"https:\/\/antiqua.mx\/en\/wp-json\/wp\/v2\/product_cat?post=1525"},{"taxonomy":"product_tag","embeddable":true,"href":"https:\/\/antiqua.mx\/en\/wp-json\/wp\/v2\/product_tag?post=1525"}],"curies":[{"name":"wp","href":"https:\/\/api.w.org\/{rel}","templated":true}]}}