{"id":15735,"date":"2022-08-17T21:41:35","date_gmt":"2022-08-17T21:41:35","guid":{"rendered":"https:\/\/antiqua.mx\/?post_type=product&#038;p=15735"},"modified":"2025-05-09T01:19:54","modified_gmt":"2025-05-09T01:19:54","slug":"porras-munoz-guillermo-reflexiones-sobre-la-traza-de-la-ciudad-de-mexico","status":"publish","type":"product","link":"https:\/\/antiqua.mx\/en\/product\/porras-munoz-guillermo-reflexiones-sobre-la-traza-de-la-ciudad-de-mexico","title":{"rendered":"PORRAS MU\u00d1OZ GUILLERMO. REFLEXIONES SOBRE LA TRAZA DE LA CIUDAD DE M\u00c9XICO"},"content":{"rendered":"<p><strong>Porras Mu\u00f1oz Guillermo<\/strong><\/p>\n<p>Editorial: DEPARTAMENTO DEL DISTRITO FEDERAL<\/p>\n<p>A\u00f1o 1987<\/p>\n<p>Folleto, en buenas condiciones.<\/p>\n<p><strong>CIUDAD Y CULTURA 1.<\/strong><\/p>\n<p>Impreso en M\u00e9xico.<\/p>\n<p>21 p\u00e1ginas<\/p>","protected":false},"excerpt":{"rendered":"<ul>\n<li>Editorial: DEPARTAMENTO DEL DISTRITO FEDERAL<\/li>\n<li>A\u00f1o 1987<\/li>\n<li>Folleto, en buenas condiciones.<\/li>\n<li><strong>CIUDAD Y CULTURA 1.<\/strong><\/li>\n<li>Impreso en M\u00e9xico.<\/li>\n<li>21 p\u00e1ginas<\/li>\n<\/ul>","protected":false},"featured_media":16095,"comment_status":"open","ping_status":"closed","template":"","meta":{"_joinchat":[]},"product_brand":[],"product_cat":[388,375],"product_tag":[1014,4008],"class_list":{"0":"post-15735","1":"product","2":"type-product","3":"status-publish","6":"product_cat-geomex","7":"product_cat-mex","8":"product_tag-ciudad-de-mexico","9":"product_tag-guillermo-porras-munoz","11":"first","12":"outofstock","13":"featured","14":"taxable","15":"shipping-taxable","16":"purchasable","17":"product-type-simple"},"yoast_head":"<!-- This site is optimized with the Yoast SEO plugin v26.1.1 - https:\/\/yoast.com\/wordpress\/plugins\/seo\/ -->\n<title>PORRAS MU\u00d1OZ GUILLERMO. REFLEXIONES SOBRE LA TRAZA DE LA CIUDAD DE M\u00c9XICO -<\/title>\n<meta name=\"robots\" content=\"index, follow, max-snippet:-1, max-image-preview:large, max-video-preview:-1\" \/>\n<link rel=\"canonical\" href=\"https:\/\/antiqua.mx\/en\/product\/porras-munoz-guillermo-reflexiones-sobre-la-traza-de-la-ciudad-de-mexico\" \/>\n<meta property=\"og:locale\" content=\"en_US\" \/>\n<meta property=\"og:type\" content=\"article\" \/>\n<meta property=\"og:title\" content=\"PORRAS MU\u00d1OZ GUILLERMO. REFLEXIONES SOBRE LA TRAZA DE LA CIUDAD DE M\u00c9XICO -\" \/>\n<meta property=\"og:description\" content=\"Editorial: DEPARTAMENTO DEL DISTRITO FEDERAL  A\u00f1o 1987  Folleto, en buenas condiciones.  CIUDAD Y CULTURA 1.  Impreso en M\u00e9xico.  21 p\u00e1ginas\" \/>\n<meta property=\"og:url\" content=\"https:\/\/antiqua.mx\/en\/product\/porras-munoz-guillermo-reflexiones-sobre-la-traza-de-la-ciudad-de-mexico\" \/>\n<meta property=\"article:modified_time\" content=\"2025-05-09T01:19:54+00:00\" \/>\n<meta property=\"og:image\" content=\"https:\/\/antiqua.mx\/wp-content\/uploads\/2022\/08\/982F64DE-B59A-45F1-B1D6-A0763E2D2A32-scaled.jpeg\" \/>\n\t<meta property=\"og:image:width\" content=\"2060\" \/>\n\t<meta property=\"og:image:height\" content=\"2560\" \/>\n\t<meta property=\"og:image:type\" content=\"image\/jpeg\" \/>\n<meta name=\"twitter:card\" content=\"summary_large_image\" \/>\n<script type=\"application\/ld+json\" class=\"yoast-schema-graph\">{\"@context\":\"https:\/\/schema.org\",\"@graph\":[{\"@type\":\"WebPage\",\"@id\":\"https:\/\/antiqua.mx\/en\/product\/porras-munoz-guillermo-reflexiones-sobre-la-traza-de-la-ciudad-de-mexico\",\"url\":\"https:\/\/antiqua.mx\/en\/product\/porras-munoz-guillermo-reflexiones-sobre-la-traza-de-la-ciudad-de-mexico\",\"name\":\"PORRAS MU\u00d1OZ GUILLERMO. REFLEXIONES SOBRE LA TRAZA DE LA CIUDAD DE M\u00c9XICO -\",\"isPartOf\":{\"@id\":\"https:\/\/antiqua.mx\/en\/#website\"},\"primaryImageOfPage\":{\"@id\":\"https:\/\/antiqua.mx\/en\/product\/porras-munoz-guillermo-reflexiones-sobre-la-traza-de-la-ciudad-de-mexico#primaryimage\"},\"image\":{\"@id\":\"https:\/\/antiqua.mx\/en\/product\/porras-munoz-guillermo-reflexiones-sobre-la-traza-de-la-ciudad-de-mexico#primaryimage\"},\"thumbnailUrl\":\"https:\/\/antiqua.mx\/wp-content\/uploads\/2022\/08\/982F64DE-B59A-45F1-B1D6-A0763E2D2A32-scaled.jpeg\",\"datePublished\":\"2022-08-17T21:41:35+00:00\",\"dateModified\":\"2025-05-09T01:19:54+00:00\",\"breadcrumb\":{\"@id\":\"https:\/\/antiqua.mx\/en\/product\/porras-munoz-guillermo-reflexiones-sobre-la-traza-de-la-ciudad-de-mexico#breadcrumb\"},\"inLanguage\":\"en-US\",\"potentialAction\":[{\"@type\":\"ReadAction\",\"target\":[\"https:\/\/antiqua.mx\/en\/product\/porras-munoz-guillermo-reflexiones-sobre-la-traza-de-la-ciudad-de-mexico\"]}]},{\"@type\":\"ImageObject\",\"inLanguage\":\"en-US\",\"@id\":\"https:\/\/antiqua.mx\/en\/product\/porras-munoz-guillermo-reflexiones-sobre-la-traza-de-la-ciudad-de-mexico#primaryimage\",\"url\":\"https:\/\/antiqua.mx\/wp-content\/uploads\/2022\/08\/982F64DE-B59A-45F1-B1D6-A0763E2D2A32-scaled.jpeg\",\"contentUrl\":\"https:\/\/antiqua.mx\/wp-content\/uploads\/2022\/08\/982F64DE-B59A-45F1-B1D6-A0763E2D2A32-scaled.jpeg\",\"width\":2060,\"height\":2560},{\"@type\":\"BreadcrumbList\",\"@id\":\"https:\/\/antiqua.mx\/en\/product\/porras-munoz-guillermo-reflexiones-sobre-la-traza-de-la-ciudad-de-mexico#breadcrumb\",\"itemListElement\":[{\"@type\":\"ListItem\",\"position\":1,\"name\":\"Portada\",\"item\":\"https:\/\/antiqua.mx\/en\/\"},{\"@type\":\"ListItem\",\"position\":2,\"name\":\"Tienda\",\"item\":\"https:\/\/antiqua.mx\/en\/tienda\"},{\"@type\":\"ListItem\",\"position\":3,\"name\":\"PORRAS MU\u00d1OZ GUILLERMO. REFLEXIONES SOBRE LA TRAZA DE LA CIUDAD DE M\u00c9XICO\"}]},{\"@type\":\"WebSite\",\"@id\":\"https:\/\/antiqua.mx\/en\/#website\",\"url\":\"https:\/\/antiqua.mx\/en\/\",\"name\":\"\",\"description\":\"\",\"potentialAction\":[{\"@type\":\"SearchAction\",\"target\":{\"@type\":\"EntryPoint\",\"urlTemplate\":\"https:\/\/antiqua.mx\/en\/?s={search_term_string}\"},\"query-input\":{\"@type\":\"PropertyValueSpecification\",\"valueRequired\":true,\"valueName\":\"search_term_string\"}}],\"inLanguage\":\"en-US\"}]}<\/script>\n<!-- \/ Yoast SEO plugin. -->","yoast_head_json":{"title":"PORRAS MU\u00d1OZ GUILLERMO. REFLEXIONES SOBRE LA TRAZA DE LA CIUDAD DE M\u00c9XICO -","robots":{"index":"index","follow":"follow","max-snippet":"max-snippet:-1","max-image-preview":"max-image-preview:large","max-video-preview":"max-video-preview:-1"},"canonical":"https:\/\/antiqua.mx\/en\/product\/porras-munoz-guillermo-reflexiones-sobre-la-traza-de-la-ciudad-de-mexico","og_locale":"en_US","og_type":"article","og_title":"PORRAS MU\u00d1OZ GUILLERMO. REFLEXIONES SOBRE LA TRAZA DE LA CIUDAD DE M\u00c9XICO -","og_description":"Editorial: DEPARTAMENTO DEL DISTRITO FEDERAL  A\u00f1o 1987  Folleto, en buenas condiciones.  CIUDAD Y CULTURA 1.  Impreso en M\u00e9xico.  21 p\u00e1ginas","og_url":"https:\/\/antiqua.mx\/en\/product\/porras-munoz-guillermo-reflexiones-sobre-la-traza-de-la-ciudad-de-mexico","article_modified_time":"2025-05-09T01:19:54+00:00","og_image":[{"width":2060,"height":2560,"url":"https:\/\/antiqua.mx\/wp-content\/uploads\/2022\/08\/982F64DE-B59A-45F1-B1D6-A0763E2D2A32-scaled.jpeg","type":"image\/jpeg"}],"twitter_card":"summary_large_image","schema":{"@context":"https:\/\/schema.org","@graph":[{"@type":"WebPage","@id":"https:\/\/antiqua.mx\/en\/product\/porras-munoz-guillermo-reflexiones-sobre-la-traza-de-la-ciudad-de-mexico","url":"https:\/\/antiqua.mx\/en\/product\/porras-munoz-guillermo-reflexiones-sobre-la-traza-de-la-ciudad-de-mexico","name":"PORRAS MU\u00d1OZ GUILLERMO. REFLEXIONES SOBRE LA TRAZA DE LA CIUDAD DE M\u00c9XICO -","isPartOf":{"@id":"https:\/\/antiqua.mx\/en\/#website"},"primaryImageOfPage":{"@id":"https:\/\/antiqua.mx\/en\/product\/porras-munoz-guillermo-reflexiones-sobre-la-traza-de-la-ciudad-de-mexico#primaryimage"},"image":{"@id":"https:\/\/antiqua.mx\/en\/product\/porras-munoz-guillermo-reflexiones-sobre-la-traza-de-la-ciudad-de-mexico#primaryimage"},"thumbnailUrl":"https:\/\/antiqua.mx\/wp-content\/uploads\/2022\/08\/982F64DE-B59A-45F1-B1D6-A0763E2D2A32-scaled.jpeg","datePublished":"2022-08-17T21:41:35+00:00","dateModified":"2025-05-09T01:19:54+00:00","breadcrumb":{"@id":"https:\/\/antiqua.mx\/en\/product\/porras-munoz-guillermo-reflexiones-sobre-la-traza-de-la-ciudad-de-mexico#breadcrumb"},"inLanguage":"en-US","potentialAction":[{"@type":"ReadAction","target":["https:\/\/antiqua.mx\/en\/product\/porras-munoz-guillermo-reflexiones-sobre-la-traza-de-la-ciudad-de-mexico"]}]},{"@type":"ImageObject","inLanguage":"en-US","@id":"https:\/\/antiqua.mx\/en\/product\/porras-munoz-guillermo-reflexiones-sobre-la-traza-de-la-ciudad-de-mexico#primaryimage","url":"https:\/\/antiqua.mx\/wp-content\/uploads\/2022\/08\/982F64DE-B59A-45F1-B1D6-A0763E2D2A32-scaled.jpeg","contentUrl":"https:\/\/antiqua.mx\/wp-content\/uploads\/2022\/08\/982F64DE-B59A-45F1-B1D6-A0763E2D2A32-scaled.jpeg","width":2060,"height":2560},{"@type":"BreadcrumbList","@id":"https:\/\/antiqua.mx\/en\/product\/porras-munoz-guillermo-reflexiones-sobre-la-traza-de-la-ciudad-de-mexico#breadcrumb","itemListElement":[{"@type":"ListItem","position":1,"name":"Portada","item":"https:\/\/antiqua.mx\/en\/"},{"@type":"ListItem","position":2,"name":"Tienda","item":"https:\/\/antiqua.mx\/en\/tienda"},{"@type":"ListItem","position":3,"name":"PORRAS MU\u00d1OZ GUILLERMO. REFLEXIONES SOBRE LA TRAZA DE LA CIUDAD DE M\u00c9XICO"}]},{"@type":"WebSite","@id":"https:\/\/antiqua.mx\/en\/#website","url":"https:\/\/antiqua.mx\/en\/","name":"","description":"","potentialAction":[{"@type":"SearchAction","target":{"@type":"EntryPoint","urlTemplate":"https:\/\/antiqua.mx\/en\/?s={search_term_string}"},"query-input":{"@type":"PropertyValueSpecification","valueRequired":true,"valueName":"search_term_string"}}],"inLanguage":"en-US"}]}},"jetpack_sharing_enabled":true,"_links":{"self":[{"href":"https:\/\/antiqua.mx\/en\/wp-json\/wp\/v2\/product\/15735","targetHints":{"allow":["GET"]}}],"collection":[{"href":"https:\/\/antiqua.mx\/en\/wp-json\/wp\/v2\/product"}],"about":[{"href":"https:\/\/antiqua.mx\/en\/wp-json\/wp\/v2\/types\/product"}],"replies":[{"embeddable":true,"href":"https:\/\/antiqua.mx\/en\/wp-json\/wp\/v2\/comments?post=15735"}],"wp:featuredmedia":[{"embeddable":true,"href":"https:\/\/antiqua.mx\/en\/wp-json\/wp\/v2\/media\/16095"}],"wp:attachment":[{"href":"https:\/\/antiqua.mx\/en\/wp-json\/wp\/v2\/media?parent=15735"}],"wp:term":[{"taxonomy":"product_brand","embeddable":true,"href":"https:\/\/antiqua.mx\/en\/wp-json\/wp\/v2\/product_brand?post=15735"},{"taxonomy":"product_cat","embeddable":true,"href":"https:\/\/antiqua.mx\/en\/wp-json\/wp\/v2\/product_cat?post=15735"},{"taxonomy":"product_tag","embeddable":true,"href":"https:\/\/antiqua.mx\/en\/wp-json\/wp\/v2\/product_tag?post=15735"}],"curies":[{"name":"wp","href":"https:\/\/api.w.org\/{rel}","templated":true}]}}