{"id":15776,"date":"2022-08-25T22:33:06","date_gmt":"2022-08-25T22:33:06","guid":{"rendered":"https:\/\/antiqua.mx\/?post_type=product&#038;p=15776"},"modified":"2026-03-26T21:40:56","modified_gmt":"2026-03-26T21:40:56","slug":"recetario-chinanteco-de-oaxaca","status":"publish","type":"product","link":"https:\/\/antiqua.mx\/en\/product\/recetario-chinanteco-de-oaxaca\/","title":{"rendered":"RECETARIO CHINANTECO DE OAXACA"},"content":{"rendered":"<p><strong>Josefina Hern\u00e1ndez L\u00f3pez y Roger Merl\u00edn Arango<\/strong><\/p>\n<p>Editorial: CONACULTA<\/p>\n<p>Primera edici\u00f3n<\/p>\n<p>A\u00f1o 2000<\/p>\n<p>R\u00fastico, en buenas condiciones.<\/p>\n<p><strong>Colecci\u00f3n Cocina Ind\u00edgena y Popular.<\/strong><\/p>\n<p>Impreso en M\u00e9xico.<\/p>\n<p>123 p\u00e1ginas<\/p>","protected":false},"excerpt":{"rendered":"<ul>\n<li>Editorial: CONACULTA<\/li>\n<li>Primera edici\u00f3n<\/li>\n<li>A\u00f1o 2000<\/li>\n<li>R\u00fastico, en buenas condiciones.<\/li>\n<li><strong>Colecci\u00f3n Cocina Ind\u00edgena y Popular.<\/strong><\/li>\n<li>Impreso en M\u00e9xico.<\/li>\n<li>123 p\u00e1ginas<\/li>\n<\/ul>","protected":false},"featured_media":26414,"comment_status":"open","ping_status":"closed","template":"","meta":{"_joinchat":[]},"product_brand":[],"product_cat":[415,416,388,375,418],"product_tag":[1173,6267,1053,6268],"class_list":{"0":"post-15776","1":"product","2":"type-product","3":"status-publish","6":"product_cat-cocina","7":"product_cat-cocinamex","8":"product_cat-geomex","9":"product_cat-mex","10":"product_cat-recetarios","11":"product_tag-chinantecos","12":"product_tag-josefina-hernandez-lopez","13":"product_tag-oaxaca","14":"product_tag-roger-merlin-arango","16":"first","17":"instock","18":"featured","19":"taxable","20":"shipping-taxable","21":"purchasable","22":"product-type-simple"},"yoast_head":"<!-- This site is optimized with the Yoast SEO plugin v26.1.1 - https:\/\/yoast.com\/wordpress\/plugins\/seo\/ -->\n<title>RECETARIO CHINANTECO DE OAXACA -<\/title>\n<meta name=\"robots\" content=\"index, follow, max-snippet:-1, max-image-preview:large, max-video-preview:-1\" \/>\n<link rel=\"canonical\" href=\"https:\/\/antiqua.mx\/en\/product\/recetario-chinanteco-de-oaxaca\/\" \/>\n<meta property=\"og:locale\" content=\"en_US\" \/>\n<meta property=\"og:type\" content=\"article\" \/>\n<meta property=\"og:title\" content=\"RECETARIO CHINANTECO DE OAXACA -\" \/>\n<meta property=\"og:description\" content=\"Editorial: CONACULTA  Primera edici\u00f3n  A\u00f1o 2000  R\u00fastico, en buenas condiciones.  Colecci\u00f3n Cocina Ind\u00edgena y Popular.  Impreso en M\u00e9xico.  123 p\u00e1ginas\" \/>\n<meta property=\"og:url\" content=\"https:\/\/antiqua.mx\/en\/product\/recetario-chinanteco-de-oaxaca\/\" \/>\n<meta property=\"article:modified_time\" content=\"2026-03-26T21:40:56+00:00\" \/>\n<meta property=\"og:image\" content=\"https:\/\/antiqua.mx\/wp-content\/uploads\/2022\/08\/RECETARIO-CHINANTECO-DE-OAXACA.jpeg\" \/>\n\t<meta property=\"og:image:width\" content=\"1897\" \/>\n\t<meta property=\"og:image:height\" content=\"2560\" \/>\n\t<meta property=\"og:image:type\" content=\"image\/jpeg\" \/>\n<meta name=\"twitter:card\" content=\"summary_large_image\" \/>\n<meta name=\"twitter:label1\" content=\"Est. reading time\" \/>\n\t<meta name=\"twitter:data1\" content=\"1 minute\" \/>\n<script type=\"application\/ld+json\" class=\"yoast-schema-graph\">{\"@context\":\"https:\/\/schema.org\",\"@graph\":[{\"@type\":\"WebPage\",\"@id\":\"https:\/\/antiqua.mx\/producto\/recetario-chinanteco-de-oaxaca\/\",\"url\":\"https:\/\/antiqua.mx\/producto\/recetario-chinanteco-de-oaxaca\/\",\"name\":\"RECETARIO CHINANTECO DE OAXACA -\",\"isPartOf\":{\"@id\":\"https:\/\/antiqua.mx\/en\/#website\"},\"primaryImageOfPage\":{\"@id\":\"https:\/\/antiqua.mx\/producto\/recetario-chinanteco-de-oaxaca\/#primaryimage\"},\"image\":{\"@id\":\"https:\/\/antiqua.mx\/producto\/recetario-chinanteco-de-oaxaca\/#primaryimage\"},\"thumbnailUrl\":\"https:\/\/antiqua.mx\/wp-content\/uploads\/2022\/08\/RECETARIO-CHINANTECO-DE-OAXACA.jpeg\",\"datePublished\":\"2022-08-25T22:33:06+00:00\",\"dateModified\":\"2026-03-26T21:40:56+00:00\",\"breadcrumb\":{\"@id\":\"https:\/\/antiqua.mx\/producto\/recetario-chinanteco-de-oaxaca\/#breadcrumb\"},\"inLanguage\":\"en-US\",\"potentialAction\":[{\"@type\":\"ReadAction\",\"target\":[\"https:\/\/antiqua.mx\/producto\/recetario-chinanteco-de-oaxaca\/\"]}]},{\"@type\":\"ImageObject\",\"inLanguage\":\"en-US\",\"@id\":\"https:\/\/antiqua.mx\/producto\/recetario-chinanteco-de-oaxaca\/#primaryimage\",\"url\":\"https:\/\/antiqua.mx\/wp-content\/uploads\/2022\/08\/RECETARIO-CHINANTECO-DE-OAXACA.jpeg\",\"contentUrl\":\"https:\/\/antiqua.mx\/wp-content\/uploads\/2022\/08\/RECETARIO-CHINANTECO-DE-OAXACA.jpeg\",\"width\":1897,\"height\":2560},{\"@type\":\"BreadcrumbList\",\"@id\":\"https:\/\/antiqua.mx\/producto\/recetario-chinanteco-de-oaxaca\/#breadcrumb\",\"itemListElement\":[{\"@type\":\"ListItem\",\"position\":1,\"name\":\"Portada\",\"item\":\"https:\/\/antiqua.mx\/en\/\"},{\"@type\":\"ListItem\",\"position\":2,\"name\":\"Tienda\",\"item\":\"https:\/\/antiqua.mx\/tienda\/\"},{\"@type\":\"ListItem\",\"position\":3,\"name\":\"RECETARIO CHINANTECO DE OAXACA\"}]},{\"@type\":\"WebSite\",\"@id\":\"https:\/\/antiqua.mx\/en\/#website\",\"url\":\"https:\/\/antiqua.mx\/en\/\",\"name\":\"\",\"description\":\"\",\"potentialAction\":[{\"@type\":\"SearchAction\",\"target\":{\"@type\":\"EntryPoint\",\"urlTemplate\":\"https:\/\/antiqua.mx\/en\/?s={search_term_string}\"},\"query-input\":{\"@type\":\"PropertyValueSpecification\",\"valueRequired\":true,\"valueName\":\"search_term_string\"}}],\"inLanguage\":\"en-US\"}]}<\/script>\n<!-- \/ Yoast SEO plugin. -->","yoast_head_json":{"title":"RECETARIO CHINANTECO DE OAXACA -","robots":{"index":"index","follow":"follow","max-snippet":"max-snippet:-1","max-image-preview":"max-image-preview:large","max-video-preview":"max-video-preview:-1"},"canonical":"https:\/\/antiqua.mx\/en\/product\/recetario-chinanteco-de-oaxaca\/","og_locale":"en_US","og_type":"article","og_title":"RECETARIO CHINANTECO DE OAXACA -","og_description":"Editorial: CONACULTA  Primera edici\u00f3n  A\u00f1o 2000  R\u00fastico, en buenas condiciones.  Colecci\u00f3n Cocina Ind\u00edgena y Popular.  Impreso en M\u00e9xico.  123 p\u00e1ginas","og_url":"https:\/\/antiqua.mx\/en\/product\/recetario-chinanteco-de-oaxaca\/","article_modified_time":"2026-03-26T21:40:56+00:00","og_image":[{"width":1897,"height":2560,"url":"https:\/\/antiqua.mx\/wp-content\/uploads\/2022\/08\/RECETARIO-CHINANTECO-DE-OAXACA.jpeg","type":"image\/jpeg"}],"twitter_card":"summary_large_image","twitter_misc":{"Est. reading time":"1 minute"},"schema":{"@context":"https:\/\/schema.org","@graph":[{"@type":"WebPage","@id":"https:\/\/antiqua.mx\/producto\/recetario-chinanteco-de-oaxaca\/","url":"https:\/\/antiqua.mx\/producto\/recetario-chinanteco-de-oaxaca\/","name":"RECETARIO CHINANTECO DE OAXACA -","isPartOf":{"@id":"https:\/\/antiqua.mx\/en\/#website"},"primaryImageOfPage":{"@id":"https:\/\/antiqua.mx\/producto\/recetario-chinanteco-de-oaxaca\/#primaryimage"},"image":{"@id":"https:\/\/antiqua.mx\/producto\/recetario-chinanteco-de-oaxaca\/#primaryimage"},"thumbnailUrl":"https:\/\/antiqua.mx\/wp-content\/uploads\/2022\/08\/RECETARIO-CHINANTECO-DE-OAXACA.jpeg","datePublished":"2022-08-25T22:33:06+00:00","dateModified":"2026-03-26T21:40:56+00:00","breadcrumb":{"@id":"https:\/\/antiqua.mx\/producto\/recetario-chinanteco-de-oaxaca\/#breadcrumb"},"inLanguage":"en-US","potentialAction":[{"@type":"ReadAction","target":["https:\/\/antiqua.mx\/producto\/recetario-chinanteco-de-oaxaca\/"]}]},{"@type":"ImageObject","inLanguage":"en-US","@id":"https:\/\/antiqua.mx\/producto\/recetario-chinanteco-de-oaxaca\/#primaryimage","url":"https:\/\/antiqua.mx\/wp-content\/uploads\/2022\/08\/RECETARIO-CHINANTECO-DE-OAXACA.jpeg","contentUrl":"https:\/\/antiqua.mx\/wp-content\/uploads\/2022\/08\/RECETARIO-CHINANTECO-DE-OAXACA.jpeg","width":1897,"height":2560},{"@type":"BreadcrumbList","@id":"https:\/\/antiqua.mx\/producto\/recetario-chinanteco-de-oaxaca\/#breadcrumb","itemListElement":[{"@type":"ListItem","position":1,"name":"Portada","item":"https:\/\/antiqua.mx\/en\/"},{"@type":"ListItem","position":2,"name":"Tienda","item":"https:\/\/antiqua.mx\/tienda\/"},{"@type":"ListItem","position":3,"name":"RECETARIO CHINANTECO DE OAXACA"}]},{"@type":"WebSite","@id":"https:\/\/antiqua.mx\/en\/#website","url":"https:\/\/antiqua.mx\/en\/","name":"","description":"","potentialAction":[{"@type":"SearchAction","target":{"@type":"EntryPoint","urlTemplate":"https:\/\/antiqua.mx\/en\/?s={search_term_string}"},"query-input":{"@type":"PropertyValueSpecification","valueRequired":true,"valueName":"search_term_string"}}],"inLanguage":"en-US"}]}},"jetpack_sharing_enabled":true,"_links":{"self":[{"href":"https:\/\/antiqua.mx\/en\/wp-json\/wp\/v2\/product\/15776","targetHints":{"allow":["GET"]}}],"collection":[{"href":"https:\/\/antiqua.mx\/en\/wp-json\/wp\/v2\/product"}],"about":[{"href":"https:\/\/antiqua.mx\/en\/wp-json\/wp\/v2\/types\/product"}],"replies":[{"embeddable":true,"href":"https:\/\/antiqua.mx\/en\/wp-json\/wp\/v2\/comments?post=15776"}],"wp:featuredmedia":[{"embeddable":true,"href":"https:\/\/antiqua.mx\/en\/wp-json\/wp\/v2\/media\/26414"}],"wp:attachment":[{"href":"https:\/\/antiqua.mx\/en\/wp-json\/wp\/v2\/media?parent=15776"}],"wp:term":[{"taxonomy":"product_brand","embeddable":true,"href":"https:\/\/antiqua.mx\/en\/wp-json\/wp\/v2\/product_brand?post=15776"},{"taxonomy":"product_cat","embeddable":true,"href":"https:\/\/antiqua.mx\/en\/wp-json\/wp\/v2\/product_cat?post=15776"},{"taxonomy":"product_tag","embeddable":true,"href":"https:\/\/antiqua.mx\/en\/wp-json\/wp\/v2\/product_tag?post=15776"}],"curies":[{"name":"wp","href":"https:\/\/api.w.org\/{rel}","templated":true}]}}