{"id":15777,"date":"2022-08-25T23:12:41","date_gmt":"2022-08-25T23:12:41","guid":{"rendered":"https:\/\/antiqua.mx\/?post_type=product&#038;p=15777"},"modified":"2024-08-08T01:08:55","modified_gmt":"2024-08-08T01:08:55","slug":"carroll-lewis-los-libros-de-alicia-la-caza-del-snark-la-avispa-con-peluca-cartas-fotografias","status":"publish","type":"product","link":"https:\/\/antiqua.mx\/en\/product\/carroll-lewis-los-libros-de-alicia-la-caza-del-snark-la-avispa-con-peluca-cartas-fotografias","title":{"rendered":"CARROLL LEWIS. LOS LIBROS DE ALICIA. LA CAZA DEL SNARK. LA AVISPA CON PELUCA. CARTAS. FOTOGRAF\u00cdAS"},"content":{"rendered":"<p><strong>Carroll Lewis<\/strong><\/p>\n<p>Editorial: EDICIONES DE LA FLOR \/ BEST EDICIONES<\/p>\n<p>Segunda edici\u00f3n<\/p>\n<p>A\u00f1o 2000<\/p>\n<p>R\u00fastico, en buenas condiciones. La primera hoja fue arrancada y la parte superior de las cuatro primeras hojas presentan una rotura pero no interfiere en su lectura.<\/p>\n<p>Las ilustraciones del ejemplar son de John Tenniel, Henry Holiday, Lewis Carroll y Hermenegildo S\u00e1bat.<\/p>\n<p>Traducci\u00f3n anotada de Eduardo Stilman.<\/p>\n<p>Pr\u00f3logo de Jorge Luis Borges.<\/p>\n<p>Impreso en Argentina.<\/p>\n<p>637 p\u00e1ginas<\/p>\n<p>&nbsp;<\/p>","protected":false},"excerpt":{"rendered":"<ul>\n<li>Editorial: EDICIONES DE LA FLOR \/ BEST EDICIONES<\/li>\n<li>Segunda edici\u00f3n<\/li>\n<li>A\u00f1o 2000<\/li>\n<li>R\u00fastico, en buenas condiciones. La primera hoja fue arrancada y la parte superior de las cuatro primeras hojas presentan una rotura pero no interfiere en su lectura.<\/li>\n<li>Las ilustraciones del ejemplar son de John Tenniel, Henry Holiday, Lewis Carroll y Hermenegildo S\u00e1bat.<\/li>\n<li>Traducci\u00f3n anotada de Eduardo Stilman.<\/li>\n<li>Pr\u00f3logo de Jorge Luis Borges.<\/li>\n<li>Impreso en Argentina.<\/li>\n<li>637 p\u00e1ginas<\/li>\n<\/ul>","protected":false},"featured_media":15945,"comment_status":"open","ping_status":"closed","template":"","meta":{"_joinchat":[]},"product_brand":[],"product_cat":[335,337],"product_tag":[3279],"class_list":{"0":"post-15777","1":"product","2":"type-product","3":"status-publish","6":"product_cat-literatura","7":"product_cat-lituniversal","8":"product_tag-lewis-carroll","10":"first","11":"instock","12":"featured","13":"taxable","14":"shipping-taxable","15":"purchasable","16":"product-type-simple"},"yoast_head":"<!-- This site is optimized with the Yoast SEO plugin v26.1.1 - https:\/\/yoast.com\/wordpress\/plugins\/seo\/ -->\n<title>CARROLL LEWIS. LOS LIBROS DE ALICIA. LA CAZA DEL SNARK. LA AVISPA CON PELUCA. CARTAS. FOTOGRAF\u00cdAS -<\/title>\n<meta name=\"robots\" content=\"index, follow, max-snippet:-1, max-image-preview:large, max-video-preview:-1\" \/>\n<link rel=\"canonical\" href=\"https:\/\/antiqua.mx\/en\/product\/carroll-lewis-los-libros-de-alicia-la-caza-del-snark-la-avispa-con-peluca-cartas-fotografias\" \/>\n<meta property=\"og:locale\" content=\"en_US\" \/>\n<meta property=\"og:type\" content=\"article\" \/>\n<meta property=\"og:title\" content=\"CARROLL LEWIS. LOS LIBROS DE ALICIA. LA CAZA DEL SNARK. LA AVISPA CON PELUCA. CARTAS. FOTOGRAF\u00cdAS -\" \/>\n<meta property=\"og:description\" content=\"Editorial: EDICIONES DE LA FLOR \/ BEST EDICIONES  Segunda edici\u00f3n  A\u00f1o 2000  R\u00fastico, en buenas condiciones. La primera hoja fue arrancada y la parte superior de las cuatro primeras hojas presentan una rotura pero no interfiere en su lectura.  Las ilustraciones del ejemplar son de John Tenniel, Henry Holiday, Lewis Carroll y Hermenegildo S\u00e1bat.  Traducci\u00f3n anotada de Eduardo Stilman.  Pr\u00f3logo de Jorge Luis Borges.  Impreso en Argentina.  637 p\u00e1ginas\" \/>\n<meta property=\"og:url\" content=\"https:\/\/antiqua.mx\/en\/product\/carroll-lewis-los-libros-de-alicia-la-caza-del-snark-la-avispa-con-peluca-cartas-fotografias\" \/>\n<meta property=\"article:modified_time\" content=\"2024-08-08T01:08:55+00:00\" \/>\n<meta property=\"og:image\" content=\"https:\/\/antiqua.mx\/wp-content\/uploads\/2022\/08\/267DD56C-51B5-4E07-8498-C19A3889CBDA-scaled.jpeg\" \/>\n\t<meta property=\"og:image:width\" content=\"2071\" \/>\n\t<meta property=\"og:image:height\" content=\"2560\" \/>\n\t<meta property=\"og:image:type\" content=\"image\/jpeg\" \/>\n<meta name=\"twitter:card\" content=\"summary_large_image\" \/>\n<script type=\"application\/ld+json\" class=\"yoast-schema-graph\">{\"@context\":\"https:\/\/schema.org\",\"@graph\":[{\"@type\":\"WebPage\",\"@id\":\"https:\/\/antiqua.mx\/en\/product\/carroll-lewis-los-libros-de-alicia-la-caza-del-snark-la-avispa-con-peluca-cartas-fotografias\",\"url\":\"https:\/\/antiqua.mx\/en\/product\/carroll-lewis-los-libros-de-alicia-la-caza-del-snark-la-avispa-con-peluca-cartas-fotografias\",\"name\":\"CARROLL LEWIS. LOS LIBROS DE ALICIA. LA CAZA DEL SNARK. LA AVISPA CON PELUCA. CARTAS. FOTOGRAF\u00cdAS -\",\"isPartOf\":{\"@id\":\"https:\/\/antiqua.mx\/en\/#website\"},\"primaryImageOfPage\":{\"@id\":\"https:\/\/antiqua.mx\/en\/product\/carroll-lewis-los-libros-de-alicia-la-caza-del-snark-la-avispa-con-peluca-cartas-fotografias#primaryimage\"},\"image\":{\"@id\":\"https:\/\/antiqua.mx\/en\/product\/carroll-lewis-los-libros-de-alicia-la-caza-del-snark-la-avispa-con-peluca-cartas-fotografias#primaryimage\"},\"thumbnailUrl\":\"https:\/\/antiqua.mx\/wp-content\/uploads\/2022\/08\/267DD56C-51B5-4E07-8498-C19A3889CBDA-scaled.jpeg\",\"datePublished\":\"2022-08-25T23:12:41+00:00\",\"dateModified\":\"2024-08-08T01:08:55+00:00\",\"breadcrumb\":{\"@id\":\"https:\/\/antiqua.mx\/en\/product\/carroll-lewis-los-libros-de-alicia-la-caza-del-snark-la-avispa-con-peluca-cartas-fotografias#breadcrumb\"},\"inLanguage\":\"en-US\",\"potentialAction\":[{\"@type\":\"ReadAction\",\"target\":[\"https:\/\/antiqua.mx\/en\/product\/carroll-lewis-los-libros-de-alicia-la-caza-del-snark-la-avispa-con-peluca-cartas-fotografias\"]}]},{\"@type\":\"ImageObject\",\"inLanguage\":\"en-US\",\"@id\":\"https:\/\/antiqua.mx\/en\/product\/carroll-lewis-los-libros-de-alicia-la-caza-del-snark-la-avispa-con-peluca-cartas-fotografias#primaryimage\",\"url\":\"https:\/\/antiqua.mx\/wp-content\/uploads\/2022\/08\/267DD56C-51B5-4E07-8498-C19A3889CBDA-scaled.jpeg\",\"contentUrl\":\"https:\/\/antiqua.mx\/wp-content\/uploads\/2022\/08\/267DD56C-51B5-4E07-8498-C19A3889CBDA-scaled.jpeg\",\"width\":2071,\"height\":2560},{\"@type\":\"BreadcrumbList\",\"@id\":\"https:\/\/antiqua.mx\/en\/product\/carroll-lewis-los-libros-de-alicia-la-caza-del-snark-la-avispa-con-peluca-cartas-fotografias#breadcrumb\",\"itemListElement\":[{\"@type\":\"ListItem\",\"position\":1,\"name\":\"Portada\",\"item\":\"https:\/\/antiqua.mx\/en\/\"},{\"@type\":\"ListItem\",\"position\":2,\"name\":\"Tienda\",\"item\":\"https:\/\/antiqua.mx\/en\/tienda\"},{\"@type\":\"ListItem\",\"position\":3,\"name\":\"CARROLL LEWIS. LOS LIBROS DE ALICIA. LA CAZA DEL SNARK. LA AVISPA CON PELUCA. CARTAS. FOTOGRAF\u00cdAS\"}]},{\"@type\":\"WebSite\",\"@id\":\"https:\/\/antiqua.mx\/en\/#website\",\"url\":\"https:\/\/antiqua.mx\/en\/\",\"name\":\"\",\"description\":\"\",\"potentialAction\":[{\"@type\":\"SearchAction\",\"target\":{\"@type\":\"EntryPoint\",\"urlTemplate\":\"https:\/\/antiqua.mx\/en\/?s={search_term_string}\"},\"query-input\":{\"@type\":\"PropertyValueSpecification\",\"valueRequired\":true,\"valueName\":\"search_term_string\"}}],\"inLanguage\":\"en-US\"}]}<\/script>\n<!-- \/ Yoast SEO plugin. -->","yoast_head_json":{"title":"CARROLL LEWIS. LOS LIBROS DE ALICIA. LA CAZA DEL SNARK. LA AVISPA CON PELUCA. CARTAS. FOTOGRAF\u00cdAS -","robots":{"index":"index","follow":"follow","max-snippet":"max-snippet:-1","max-image-preview":"max-image-preview:large","max-video-preview":"max-video-preview:-1"},"canonical":"https:\/\/antiqua.mx\/en\/product\/carroll-lewis-los-libros-de-alicia-la-caza-del-snark-la-avispa-con-peluca-cartas-fotografias","og_locale":"en_US","og_type":"article","og_title":"CARROLL LEWIS. LOS LIBROS DE ALICIA. LA CAZA DEL SNARK. LA AVISPA CON PELUCA. CARTAS. FOTOGRAF\u00cdAS -","og_description":"Editorial: EDICIONES DE LA FLOR \/ BEST EDICIONES  Segunda edici\u00f3n  A\u00f1o 2000  R\u00fastico, en buenas condiciones. La primera hoja fue arrancada y la parte superior de las cuatro primeras hojas presentan una rotura pero no interfiere en su lectura.  Las ilustraciones del ejemplar son de John Tenniel, Henry Holiday, Lewis Carroll y Hermenegildo S\u00e1bat.  Traducci\u00f3n anotada de Eduardo Stilman.  Pr\u00f3logo de Jorge Luis Borges.  Impreso en Argentina.  637 p\u00e1ginas","og_url":"https:\/\/antiqua.mx\/en\/product\/carroll-lewis-los-libros-de-alicia-la-caza-del-snark-la-avispa-con-peluca-cartas-fotografias","article_modified_time":"2024-08-08T01:08:55+00:00","og_image":[{"width":2071,"height":2560,"url":"https:\/\/antiqua.mx\/wp-content\/uploads\/2022\/08\/267DD56C-51B5-4E07-8498-C19A3889CBDA-scaled.jpeg","type":"image\/jpeg"}],"twitter_card":"summary_large_image","schema":{"@context":"https:\/\/schema.org","@graph":[{"@type":"WebPage","@id":"https:\/\/antiqua.mx\/en\/product\/carroll-lewis-los-libros-de-alicia-la-caza-del-snark-la-avispa-con-peluca-cartas-fotografias","url":"https:\/\/antiqua.mx\/en\/product\/carroll-lewis-los-libros-de-alicia-la-caza-del-snark-la-avispa-con-peluca-cartas-fotografias","name":"CARROLL LEWIS. LOS LIBROS DE ALICIA. LA CAZA DEL SNARK. LA AVISPA CON PELUCA. CARTAS. FOTOGRAF\u00cdAS -","isPartOf":{"@id":"https:\/\/antiqua.mx\/en\/#website"},"primaryImageOfPage":{"@id":"https:\/\/antiqua.mx\/en\/product\/carroll-lewis-los-libros-de-alicia-la-caza-del-snark-la-avispa-con-peluca-cartas-fotografias#primaryimage"},"image":{"@id":"https:\/\/antiqua.mx\/en\/product\/carroll-lewis-los-libros-de-alicia-la-caza-del-snark-la-avispa-con-peluca-cartas-fotografias#primaryimage"},"thumbnailUrl":"https:\/\/antiqua.mx\/wp-content\/uploads\/2022\/08\/267DD56C-51B5-4E07-8498-C19A3889CBDA-scaled.jpeg","datePublished":"2022-08-25T23:12:41+00:00","dateModified":"2024-08-08T01:08:55+00:00","breadcrumb":{"@id":"https:\/\/antiqua.mx\/en\/product\/carroll-lewis-los-libros-de-alicia-la-caza-del-snark-la-avispa-con-peluca-cartas-fotografias#breadcrumb"},"inLanguage":"en-US","potentialAction":[{"@type":"ReadAction","target":["https:\/\/antiqua.mx\/en\/product\/carroll-lewis-los-libros-de-alicia-la-caza-del-snark-la-avispa-con-peluca-cartas-fotografias"]}]},{"@type":"ImageObject","inLanguage":"en-US","@id":"https:\/\/antiqua.mx\/en\/product\/carroll-lewis-los-libros-de-alicia-la-caza-del-snark-la-avispa-con-peluca-cartas-fotografias#primaryimage","url":"https:\/\/antiqua.mx\/wp-content\/uploads\/2022\/08\/267DD56C-51B5-4E07-8498-C19A3889CBDA-scaled.jpeg","contentUrl":"https:\/\/antiqua.mx\/wp-content\/uploads\/2022\/08\/267DD56C-51B5-4E07-8498-C19A3889CBDA-scaled.jpeg","width":2071,"height":2560},{"@type":"BreadcrumbList","@id":"https:\/\/antiqua.mx\/en\/product\/carroll-lewis-los-libros-de-alicia-la-caza-del-snark-la-avispa-con-peluca-cartas-fotografias#breadcrumb","itemListElement":[{"@type":"ListItem","position":1,"name":"Portada","item":"https:\/\/antiqua.mx\/en\/"},{"@type":"ListItem","position":2,"name":"Tienda","item":"https:\/\/antiqua.mx\/en\/tienda"},{"@type":"ListItem","position":3,"name":"CARROLL LEWIS. LOS LIBROS DE ALICIA. LA CAZA DEL SNARK. LA AVISPA CON PELUCA. CARTAS. FOTOGRAF\u00cdAS"}]},{"@type":"WebSite","@id":"https:\/\/antiqua.mx\/en\/#website","url":"https:\/\/antiqua.mx\/en\/","name":"","description":"","potentialAction":[{"@type":"SearchAction","target":{"@type":"EntryPoint","urlTemplate":"https:\/\/antiqua.mx\/en\/?s={search_term_string}"},"query-input":{"@type":"PropertyValueSpecification","valueRequired":true,"valueName":"search_term_string"}}],"inLanguage":"en-US"}]}},"jetpack_sharing_enabled":true,"_links":{"self":[{"href":"https:\/\/antiqua.mx\/en\/wp-json\/wp\/v2\/product\/15777","targetHints":{"allow":["GET"]}}],"collection":[{"href":"https:\/\/antiqua.mx\/en\/wp-json\/wp\/v2\/product"}],"about":[{"href":"https:\/\/antiqua.mx\/en\/wp-json\/wp\/v2\/types\/product"}],"replies":[{"embeddable":true,"href":"https:\/\/antiqua.mx\/en\/wp-json\/wp\/v2\/comments?post=15777"}],"wp:featuredmedia":[{"embeddable":true,"href":"https:\/\/antiqua.mx\/en\/wp-json\/wp\/v2\/media\/15945"}],"wp:attachment":[{"href":"https:\/\/antiqua.mx\/en\/wp-json\/wp\/v2\/media?parent=15777"}],"wp:term":[{"taxonomy":"product_brand","embeddable":true,"href":"https:\/\/antiqua.mx\/en\/wp-json\/wp\/v2\/product_brand?post=15777"},{"taxonomy":"product_cat","embeddable":true,"href":"https:\/\/antiqua.mx\/en\/wp-json\/wp\/v2\/product_cat?post=15777"},{"taxonomy":"product_tag","embeddable":true,"href":"https:\/\/antiqua.mx\/en\/wp-json\/wp\/v2\/product_tag?post=15777"}],"curies":[{"name":"wp","href":"https:\/\/api.w.org\/{rel}","templated":true}]}}