{"id":1595,"date":"2020-04-29T04:17:13","date_gmt":"2020-04-29T04:17:13","guid":{"rendered":"https:\/\/antiqua.mx\/?post_type=product&#038;p=1595"},"modified":"2025-03-10T21:21:14","modified_gmt":"2025-03-10T21:21:14","slug":"hombre-dios-religion-y-politica-en-el-mundo-nahuatl","status":"publish","type":"product","link":"https:\/\/antiqua.mx\/en\/product\/hombre-dios-religion-y-politica-en-el-mundo-nahuatl","title":{"rendered":"L\u00d3PEZ AUSTIN ALFREDO. HOMBRE-DIOS. RELIGI\u00d3N Y POL\u00cdTICA EN EL MUNDO N\u00c1HUATL"},"content":{"rendered":"<p><strong>L\u00f3pez Austin Alfredo<\/strong><\/p>\n<p>Editorial: Universidad Nacional Aut\u00f3noma de M\u00e9xico<\/p>\n<p>Tercera edici\u00f3n<\/p>\n<p>A\u00f1o 1998<\/p>\n<p>R\u00fastico, en buenas condiciones. El empastado est\u00e1 maltratado.<\/p>\n<p><strong>INSTITUTO DE INVESTIGACIONES HIST\u00d3RICAS. Serie de Cultura N\u00e1huatl. Monograf\u00edas: 15<\/strong><\/p>\n<p>Impreso en M\u00e9xico.<\/p>\n<p>209 p\u00e1ginas<\/p>\n<p>&nbsp;<\/p>","protected":false},"excerpt":{"rendered":"<ul>\n<li>Editorial: Universidad Nacional Aut\u00f3noma de M\u00e9xico<\/li>\n<li>Tercera edici\u00f3n<\/li>\n<li>A\u00f1o 1998<\/li>\n<li>R\u00fastico, en buenas condiciones. El empastado est\u00e1 maltratado.<\/li>\n<li><strong style=\"font-family: -apple-system, BlinkMacSystemFont, 'Segoe UI', Roboto, Oxygen-Sans, Ubuntu, Cantarell, 'Helvetica Neue', sans-serif;\">INSTITUTO DE INVESTIGACIONES HIST\u00d3RICAS. Serie de Cultura N\u00e1huatl. Monograf\u00edas: 15<\/strong><\/li>\n<li>Impreso en M\u00e9xico.<\/li>\n<li>209 p\u00e1ginas<\/li>\n<\/ul>","protected":false},"featured_media":1596,"comment_status":"open","ping_status":"closed","template":"","meta":{"_joinchat":[]},"product_brand":[],"product_cat":[569,375,376],"product_tag":[487,519],"class_list":{"0":"post-1595","1":"product","2":"type-product","3":"status-publish","6":"product_cat-azt-may-nah-olm","7":"product_cat-mex","8":"product_cat-mexpre","9":"product_tag-lopez-austin","10":"product_tag-nahuatl","12":"first","13":"instock","14":"featured","15":"sold-individually","16":"taxable","17":"shipping-taxable","18":"purchasable","19":"product-type-simple"},"yoast_head":"<!-- This site is optimized with the Yoast SEO plugin v26.1.1 - https:\/\/yoast.com\/wordpress\/plugins\/seo\/ -->\n<title>L\u00d3PEZ AUSTIN ALFREDO. HOMBRE-DIOS. RELIGI\u00d3N Y POL\u00cdTICA EN EL MUNDO N\u00c1HUATL -<\/title>\n<meta name=\"robots\" content=\"index, follow, max-snippet:-1, max-image-preview:large, max-video-preview:-1\" \/>\n<link rel=\"canonical\" href=\"https:\/\/antiqua.mx\/en\/product\/hombre-dios-religion-y-politica-en-el-mundo-nahuatl\/\" \/>\n<meta property=\"og:locale\" content=\"en_US\" \/>\n<meta property=\"og:type\" content=\"article\" \/>\n<meta property=\"og:title\" content=\"L\u00d3PEZ AUSTIN ALFREDO. HOMBRE-DIOS. RELIGI\u00d3N Y POL\u00cdTICA EN EL MUNDO N\u00c1HUATL -\" \/>\n<meta property=\"og:description\" content=\"Editorial: Universidad Nacional Aut\u00f3noma de M\u00e9xico  Tercera edici\u00f3n  A\u00f1o 1998  R\u00fastico, en buenas condiciones. El empastado est\u00e1 maltratado.  INSTITUTO DE INVESTIGACIONES HIST\u00d3RICAS. Serie de Cultura N\u00e1huatl. Monograf\u00edas: 15  Impreso en M\u00e9xico.  209 p\u00e1ginas\" \/>\n<meta property=\"og:url\" content=\"https:\/\/antiqua.mx\/en\/product\/hombre-dios-religion-y-politica-en-el-mundo-nahuatl\/\" \/>\n<meta property=\"article:modified_time\" content=\"2025-03-10T21:21:14+00:00\" \/>\n<meta property=\"og:image\" content=\"https:\/\/antiqua.mx\/wp-content\/uploads\/2020\/04\/HOMBRE-DIOS.-RELIGI\u00d3N-Y-POL\u00cdTICA-EN-EL-MUNDO-N\u00c1HUATL.-ALFREDO-L\u00d3PEZ-AUSTIN--scaled.jpg\" \/>\n\t<meta property=\"og:image:width\" content=\"1829\" \/>\n\t<meta property=\"og:image:height\" content=\"2560\" \/>\n\t<meta property=\"og:image:type\" content=\"image\/jpeg\" \/>\n<meta name=\"twitter:card\" content=\"summary_large_image\" \/>\n<script type=\"application\/ld+json\" class=\"yoast-schema-graph\">{\"@context\":\"https:\/\/schema.org\",\"@graph\":[{\"@type\":\"WebPage\",\"@id\":\"https:\/\/antiqua.mx\/producto\/hombre-dios-religion-y-politica-en-el-mundo-nahuatl\",\"url\":\"https:\/\/antiqua.mx\/producto\/hombre-dios-religion-y-politica-en-el-mundo-nahuatl\",\"name\":\"L\u00d3PEZ AUSTIN ALFREDO. HOMBRE-DIOS. RELIGI\u00d3N Y POL\u00cdTICA EN EL MUNDO N\u00c1HUATL -\",\"isPartOf\":{\"@id\":\"https:\/\/antiqua.mx\/en\/#website\"},\"primaryImageOfPage\":{\"@id\":\"https:\/\/antiqua.mx\/producto\/hombre-dios-religion-y-politica-en-el-mundo-nahuatl#primaryimage\"},\"image\":{\"@id\":\"https:\/\/antiqua.mx\/producto\/hombre-dios-religion-y-politica-en-el-mundo-nahuatl#primaryimage\"},\"thumbnailUrl\":\"https:\/\/antiqua.mx\/wp-content\/uploads\/2020\/04\/HOMBRE-DIOS.-RELIGI\u00d3N-Y-POL\u00cdTICA-EN-EL-MUNDO-N\u00c1HUATL.-ALFREDO-L\u00d3PEZ-AUSTIN--scaled.jpg\",\"datePublished\":\"2020-04-29T04:17:13+00:00\",\"dateModified\":\"2025-03-10T21:21:14+00:00\",\"breadcrumb\":{\"@id\":\"https:\/\/antiqua.mx\/producto\/hombre-dios-religion-y-politica-en-el-mundo-nahuatl#breadcrumb\"},\"inLanguage\":\"en-US\",\"potentialAction\":[{\"@type\":\"ReadAction\",\"target\":[\"https:\/\/antiqua.mx\/producto\/hombre-dios-religion-y-politica-en-el-mundo-nahuatl\"]}]},{\"@type\":\"ImageObject\",\"inLanguage\":\"en-US\",\"@id\":\"https:\/\/antiqua.mx\/producto\/hombre-dios-religion-y-politica-en-el-mundo-nahuatl#primaryimage\",\"url\":\"https:\/\/antiqua.mx\/wp-content\/uploads\/2020\/04\/HOMBRE-DIOS.-RELIGI\u00d3N-Y-POL\u00cdTICA-EN-EL-MUNDO-N\u00c1HUATL.-ALFREDO-L\u00d3PEZ-AUSTIN--scaled.jpg\",\"contentUrl\":\"https:\/\/antiqua.mx\/wp-content\/uploads\/2020\/04\/HOMBRE-DIOS.-RELIGI\u00d3N-Y-POL\u00cdTICA-EN-EL-MUNDO-N\u00c1HUATL.-ALFREDO-L\u00d3PEZ-AUSTIN--scaled.jpg\",\"width\":1829,\"height\":2560},{\"@type\":\"BreadcrumbList\",\"@id\":\"https:\/\/antiqua.mx\/producto\/hombre-dios-religion-y-politica-en-el-mundo-nahuatl#breadcrumb\",\"itemListElement\":[{\"@type\":\"ListItem\",\"position\":1,\"name\":\"Portada\",\"item\":\"https:\/\/antiqua.mx\/en\/\"},{\"@type\":\"ListItem\",\"position\":2,\"name\":\"Tienda\",\"item\":\"https:\/\/antiqua.mx\/en\/tienda\"},{\"@type\":\"ListItem\",\"position\":3,\"name\":\"L\u00d3PEZ AUSTIN ALFREDO. HOMBRE-DIOS. RELIGI\u00d3N Y POL\u00cdTICA EN EL MUNDO N\u00c1HUATL\"}]},{\"@type\":\"WebSite\",\"@id\":\"https:\/\/antiqua.mx\/en\/#website\",\"url\":\"https:\/\/antiqua.mx\/en\/\",\"name\":\"\",\"description\":\"\",\"potentialAction\":[{\"@type\":\"SearchAction\",\"target\":{\"@type\":\"EntryPoint\",\"urlTemplate\":\"https:\/\/antiqua.mx\/en\/?s={search_term_string}\"},\"query-input\":{\"@type\":\"PropertyValueSpecification\",\"valueRequired\":true,\"valueName\":\"search_term_string\"}}],\"inLanguage\":\"en-US\"}]}<\/script>\n<!-- \/ Yoast SEO plugin. -->","yoast_head_json":{"title":"L\u00d3PEZ AUSTIN ALFREDO. HOMBRE-DIOS. RELIGI\u00d3N Y POL\u00cdTICA EN EL MUNDO N\u00c1HUATL -","robots":{"index":"index","follow":"follow","max-snippet":"max-snippet:-1","max-image-preview":"max-image-preview:large","max-video-preview":"max-video-preview:-1"},"canonical":"https:\/\/antiqua.mx\/en\/product\/hombre-dios-religion-y-politica-en-el-mundo-nahuatl\/","og_locale":"en_US","og_type":"article","og_title":"L\u00d3PEZ AUSTIN ALFREDO. HOMBRE-DIOS. RELIGI\u00d3N Y POL\u00cdTICA EN EL MUNDO N\u00c1HUATL -","og_description":"Editorial: Universidad Nacional Aut\u00f3noma de M\u00e9xico  Tercera edici\u00f3n  A\u00f1o 1998  R\u00fastico, en buenas condiciones. El empastado est\u00e1 maltratado.  INSTITUTO DE INVESTIGACIONES HIST\u00d3RICAS. Serie de Cultura N\u00e1huatl. Monograf\u00edas: 15  Impreso en M\u00e9xico.  209 p\u00e1ginas","og_url":"https:\/\/antiqua.mx\/en\/product\/hombre-dios-religion-y-politica-en-el-mundo-nahuatl\/","article_modified_time":"2025-03-10T21:21:14+00:00","og_image":[{"width":1829,"height":2560,"url":"https:\/\/antiqua.mx\/wp-content\/uploads\/2020\/04\/HOMBRE-DIOS.-RELIGI\u00d3N-Y-POL\u00cdTICA-EN-EL-MUNDO-N\u00c1HUATL.-ALFREDO-L\u00d3PEZ-AUSTIN--scaled.jpg","type":"image\/jpeg"}],"twitter_card":"summary_large_image","schema":{"@context":"https:\/\/schema.org","@graph":[{"@type":"WebPage","@id":"https:\/\/antiqua.mx\/producto\/hombre-dios-religion-y-politica-en-el-mundo-nahuatl","url":"https:\/\/antiqua.mx\/producto\/hombre-dios-religion-y-politica-en-el-mundo-nahuatl","name":"L\u00d3PEZ AUSTIN ALFREDO. HOMBRE-DIOS. RELIGI\u00d3N Y POL\u00cdTICA EN EL MUNDO N\u00c1HUATL -","isPartOf":{"@id":"https:\/\/antiqua.mx\/en\/#website"},"primaryImageOfPage":{"@id":"https:\/\/antiqua.mx\/producto\/hombre-dios-religion-y-politica-en-el-mundo-nahuatl#primaryimage"},"image":{"@id":"https:\/\/antiqua.mx\/producto\/hombre-dios-religion-y-politica-en-el-mundo-nahuatl#primaryimage"},"thumbnailUrl":"https:\/\/antiqua.mx\/wp-content\/uploads\/2020\/04\/HOMBRE-DIOS.-RELIGI\u00d3N-Y-POL\u00cdTICA-EN-EL-MUNDO-N\u00c1HUATL.-ALFREDO-L\u00d3PEZ-AUSTIN--scaled.jpg","datePublished":"2020-04-29T04:17:13+00:00","dateModified":"2025-03-10T21:21:14+00:00","breadcrumb":{"@id":"https:\/\/antiqua.mx\/producto\/hombre-dios-religion-y-politica-en-el-mundo-nahuatl#breadcrumb"},"inLanguage":"en-US","potentialAction":[{"@type":"ReadAction","target":["https:\/\/antiqua.mx\/producto\/hombre-dios-religion-y-politica-en-el-mundo-nahuatl"]}]},{"@type":"ImageObject","inLanguage":"en-US","@id":"https:\/\/antiqua.mx\/producto\/hombre-dios-religion-y-politica-en-el-mundo-nahuatl#primaryimage","url":"https:\/\/antiqua.mx\/wp-content\/uploads\/2020\/04\/HOMBRE-DIOS.-RELIGI\u00d3N-Y-POL\u00cdTICA-EN-EL-MUNDO-N\u00c1HUATL.-ALFREDO-L\u00d3PEZ-AUSTIN--scaled.jpg","contentUrl":"https:\/\/antiqua.mx\/wp-content\/uploads\/2020\/04\/HOMBRE-DIOS.-RELIGI\u00d3N-Y-POL\u00cdTICA-EN-EL-MUNDO-N\u00c1HUATL.-ALFREDO-L\u00d3PEZ-AUSTIN--scaled.jpg","width":1829,"height":2560},{"@type":"BreadcrumbList","@id":"https:\/\/antiqua.mx\/producto\/hombre-dios-religion-y-politica-en-el-mundo-nahuatl#breadcrumb","itemListElement":[{"@type":"ListItem","position":1,"name":"Portada","item":"https:\/\/antiqua.mx\/en\/"},{"@type":"ListItem","position":2,"name":"Tienda","item":"https:\/\/antiqua.mx\/en\/tienda"},{"@type":"ListItem","position":3,"name":"L\u00d3PEZ AUSTIN ALFREDO. HOMBRE-DIOS. RELIGI\u00d3N Y POL\u00cdTICA EN EL MUNDO N\u00c1HUATL"}]},{"@type":"WebSite","@id":"https:\/\/antiqua.mx\/en\/#website","url":"https:\/\/antiqua.mx\/en\/","name":"","description":"","potentialAction":[{"@type":"SearchAction","target":{"@type":"EntryPoint","urlTemplate":"https:\/\/antiqua.mx\/en\/?s={search_term_string}"},"query-input":{"@type":"PropertyValueSpecification","valueRequired":true,"valueName":"search_term_string"}}],"inLanguage":"en-US"}]}},"jetpack_sharing_enabled":true,"_links":{"self":[{"href":"https:\/\/antiqua.mx\/en\/wp-json\/wp\/v2\/product\/1595","targetHints":{"allow":["GET"]}}],"collection":[{"href":"https:\/\/antiqua.mx\/en\/wp-json\/wp\/v2\/product"}],"about":[{"href":"https:\/\/antiqua.mx\/en\/wp-json\/wp\/v2\/types\/product"}],"replies":[{"embeddable":true,"href":"https:\/\/antiqua.mx\/en\/wp-json\/wp\/v2\/comments?post=1595"}],"wp:featuredmedia":[{"embeddable":true,"href":"https:\/\/antiqua.mx\/en\/wp-json\/wp\/v2\/media\/1596"}],"wp:attachment":[{"href":"https:\/\/antiqua.mx\/en\/wp-json\/wp\/v2\/media?parent=1595"}],"wp:term":[{"taxonomy":"product_brand","embeddable":true,"href":"https:\/\/antiqua.mx\/en\/wp-json\/wp\/v2\/product_brand?post=1595"},{"taxonomy":"product_cat","embeddable":true,"href":"https:\/\/antiqua.mx\/en\/wp-json\/wp\/v2\/product_cat?post=1595"},{"taxonomy":"product_tag","embeddable":true,"href":"https:\/\/antiqua.mx\/en\/wp-json\/wp\/v2\/product_tag?post=1595"}],"curies":[{"name":"wp","href":"https:\/\/api.w.org\/{rel}","templated":true}]}}