{"id":15961,"date":"2022-08-31T23:29:14","date_gmt":"2022-08-31T23:29:14","guid":{"rendered":"https:\/\/antiqua.mx\/?post_type=product&#038;p=15961"},"modified":"2024-11-27T00:08:28","modified_gmt":"2024-11-27T00:08:28","slug":"carrera-stampa-manuel-el-escudo-nacional","status":"publish","type":"product","link":"https:\/\/antiqua.mx\/en\/product\/carrera-stampa-manuel-el-escudo-nacional","title":{"rendered":"CARRERA STAMPA MANUEL. EL ESCUDO NACIONAL"},"content":{"rendered":"<p><strong>Carrera Stampa Manuel<\/strong><\/p>\n<p>Editorial: Talleres de Impresi\u00f3n de Estampillas y Valores de la Secretar\u00eda de Hacienda y Cr\u00e9dito P\u00fablico<\/p>\n<p>A\u00f1o 1960<\/p>\n<p>Empastado con camisa, en buenas condiciones. La camisa est\u00e1 muy maltratada.<\/p>\n<p><strong><em>Obra conmemorativa del Sesquicentenario de la iniciaci\u00f3n de la Independencia y del Quincuag\u00e9simo Aniversario de la Revoluci\u00f3n.<\/em><\/strong><\/p>\n<p>La edici\u00f3n est\u00e1 dedicada por el autor.<\/p>\n<p>La obra est\u00e1 ilustrada con im\u00e1genes a blanco y negro y con dibujos del autor.<\/p>\n<p>Ejemplar No. 72.<\/p>\n<p>Impreso en M\u00e9xico.<\/p>\n<p>539 p\u00e1ginas<\/p>","protected":false},"excerpt":{"rendered":"<ul>\n<li>Editorial: Talleres de Impresi\u00f3n de Estampillas y Valores de la Secretar\u00eda de Hacienda y Cr\u00e9dito P\u00fablico<\/li>\n<li>A\u00f1o 1960<\/li>\n<li>Empastado con camisa, en buenas condiciones. La camisa est\u00e1 muy maltratada.<\/li>\n<li><strong><em>Obra conmemorativa del Sesquicentenario de la iniciaci\u00f3n de la Independencia y del Quincuag\u00e9simo Aniversario de la Revoluci\u00f3n.<\/em><\/strong><\/li>\n<li>La edici\u00f3n est\u00e1 dedicada por el autor.<\/li>\n<li>La obra est\u00e1 ilustrada con im\u00e1genes a blanco y negro y con dibujos del autor.<\/li>\n<li>Ejemplar No. 72.<\/li>\n<li>Impreso en M\u00e9xico.<\/li>\n<li>539 p\u00e1ginas<\/li>\n<\/ul>","protected":false},"featured_media":16374,"comment_status":"open","ping_status":"closed","template":"","meta":{"_joinchat":[]},"product_brand":[],"product_cat":[387,378,2593,375,451],"product_tag":[4129,4128],"class_list":{"0":"post-15961","1":"product","2":"type-product","3":"status-publish","6":"product_cat-cultmex","7":"product_cat-histmex-mex","8":"product_cat-dedi","9":"product_cat-mex","10":"product_cat-otros","11":"product_tag-labaros-patrios","12":"product_tag-manuel-carrera-stampa","14":"first","15":"instock","16":"featured","17":"taxable","18":"shipping-taxable","19":"purchasable","20":"product-type-simple"},"yoast_head":"<!-- This site is optimized with the Yoast SEO plugin v26.1.1 - https:\/\/yoast.com\/wordpress\/plugins\/seo\/ -->\n<title>CARRERA STAMPA MANUEL. EL ESCUDO NACIONAL -<\/title>\n<meta name=\"robots\" content=\"index, follow, max-snippet:-1, max-image-preview:large, max-video-preview:-1\" \/>\n<link rel=\"canonical\" href=\"https:\/\/antiqua.mx\/en\/product\/carrera-stampa-manuel-el-escudo-nacional\/\" \/>\n<meta property=\"og:locale\" content=\"en_US\" \/>\n<meta property=\"og:type\" content=\"article\" \/>\n<meta property=\"og:title\" content=\"CARRERA STAMPA MANUEL. EL ESCUDO NACIONAL -\" \/>\n<meta property=\"og:description\" content=\"Editorial: Talleres de Impresi\u00f3n de Estampillas y Valores de la Secretar\u00eda de Hacienda y Cr\u00e9dito P\u00fablico  A\u00f1o 1960  Empastado con camisa, en buenas condiciones. La camisa est\u00e1 muy maltratada.  Obra conmemorativa del Sesquicentenario de la iniciaci\u00f3n de la Independencia y del Quincuag\u00e9simo Aniversario de la Revoluci\u00f3n.  La edici\u00f3n est\u00e1 dedicada por el autor.  La obra est\u00e1 ilustrada con im\u00e1genes a blanco y negro y con dibujos del autor.  Ejemplar No. 72.  Impreso en M\u00e9xico.  539 p\u00e1ginas\" \/>\n<meta property=\"og:url\" content=\"https:\/\/antiqua.mx\/en\/product\/carrera-stampa-manuel-el-escudo-nacional\/\" \/>\n<meta property=\"article:modified_time\" content=\"2024-11-27T00:08:28+00:00\" \/>\n<meta property=\"og:image\" content=\"https:\/\/antiqua.mx\/wp-content\/uploads\/2022\/08\/399A6F20-0C2E-410C-BB73-A35145BE70DB-scaled.jpeg\" \/>\n\t<meta property=\"og:image:width\" content=\"2029\" \/>\n\t<meta property=\"og:image:height\" content=\"2560\" \/>\n\t<meta property=\"og:image:type\" content=\"image\/jpeg\" \/>\n<meta name=\"twitter:card\" content=\"summary_large_image\" \/>\n<script type=\"application\/ld+json\" class=\"yoast-schema-graph\">{\"@context\":\"https:\/\/schema.org\",\"@graph\":[{\"@type\":\"WebPage\",\"@id\":\"https:\/\/antiqua.mx\/producto\/carrera-stampa-manuel-el-escudo-nacional\",\"url\":\"https:\/\/antiqua.mx\/producto\/carrera-stampa-manuel-el-escudo-nacional\",\"name\":\"CARRERA STAMPA MANUEL. EL ESCUDO NACIONAL -\",\"isPartOf\":{\"@id\":\"https:\/\/antiqua.mx\/en\/#website\"},\"primaryImageOfPage\":{\"@id\":\"https:\/\/antiqua.mx\/producto\/carrera-stampa-manuel-el-escudo-nacional#primaryimage\"},\"image\":{\"@id\":\"https:\/\/antiqua.mx\/producto\/carrera-stampa-manuel-el-escudo-nacional#primaryimage\"},\"thumbnailUrl\":\"https:\/\/antiqua.mx\/wp-content\/uploads\/2022\/08\/399A6F20-0C2E-410C-BB73-A35145BE70DB-scaled.jpeg\",\"datePublished\":\"2022-08-31T23:29:14+00:00\",\"dateModified\":\"2024-11-27T00:08:28+00:00\",\"breadcrumb\":{\"@id\":\"https:\/\/antiqua.mx\/producto\/carrera-stampa-manuel-el-escudo-nacional#breadcrumb\"},\"inLanguage\":\"en-US\",\"potentialAction\":[{\"@type\":\"ReadAction\",\"target\":[\"https:\/\/antiqua.mx\/producto\/carrera-stampa-manuel-el-escudo-nacional\"]}]},{\"@type\":\"ImageObject\",\"inLanguage\":\"en-US\",\"@id\":\"https:\/\/antiqua.mx\/producto\/carrera-stampa-manuel-el-escudo-nacional#primaryimage\",\"url\":\"https:\/\/antiqua.mx\/wp-content\/uploads\/2022\/08\/399A6F20-0C2E-410C-BB73-A35145BE70DB-scaled.jpeg\",\"contentUrl\":\"https:\/\/antiqua.mx\/wp-content\/uploads\/2022\/08\/399A6F20-0C2E-410C-BB73-A35145BE70DB-scaled.jpeg\",\"width\":2029,\"height\":2560},{\"@type\":\"BreadcrumbList\",\"@id\":\"https:\/\/antiqua.mx\/producto\/carrera-stampa-manuel-el-escudo-nacional#breadcrumb\",\"itemListElement\":[{\"@type\":\"ListItem\",\"position\":1,\"name\":\"Portada\",\"item\":\"https:\/\/antiqua.mx\/en\/\"},{\"@type\":\"ListItem\",\"position\":2,\"name\":\"Tienda\",\"item\":\"https:\/\/antiqua.mx\/en\/tienda\"},{\"@type\":\"ListItem\",\"position\":3,\"name\":\"CARRERA STAMPA MANUEL. EL ESCUDO NACIONAL\"}]},{\"@type\":\"WebSite\",\"@id\":\"https:\/\/antiqua.mx\/en\/#website\",\"url\":\"https:\/\/antiqua.mx\/en\/\",\"name\":\"\",\"description\":\"\",\"potentialAction\":[{\"@type\":\"SearchAction\",\"target\":{\"@type\":\"EntryPoint\",\"urlTemplate\":\"https:\/\/antiqua.mx\/en\/?s={search_term_string}\"},\"query-input\":{\"@type\":\"PropertyValueSpecification\",\"valueRequired\":true,\"valueName\":\"search_term_string\"}}],\"inLanguage\":\"en-US\"}]}<\/script>\n<!-- \/ Yoast SEO plugin. -->","yoast_head_json":{"title":"CARRERA STAMPA MANUEL. EL ESCUDO NACIONAL -","robots":{"index":"index","follow":"follow","max-snippet":"max-snippet:-1","max-image-preview":"max-image-preview:large","max-video-preview":"max-video-preview:-1"},"canonical":"https:\/\/antiqua.mx\/en\/product\/carrera-stampa-manuel-el-escudo-nacional\/","og_locale":"en_US","og_type":"article","og_title":"CARRERA STAMPA MANUEL. EL ESCUDO NACIONAL -","og_description":"Editorial: Talleres de Impresi\u00f3n de Estampillas y Valores de la Secretar\u00eda de Hacienda y Cr\u00e9dito P\u00fablico  A\u00f1o 1960  Empastado con camisa, en buenas condiciones. La camisa est\u00e1 muy maltratada.  Obra conmemorativa del Sesquicentenario de la iniciaci\u00f3n de la Independencia y del Quincuag\u00e9simo Aniversario de la Revoluci\u00f3n.  La edici\u00f3n est\u00e1 dedicada por el autor.  La obra est\u00e1 ilustrada con im\u00e1genes a blanco y negro y con dibujos del autor.  Ejemplar No. 72.  Impreso en M\u00e9xico.  539 p\u00e1ginas","og_url":"https:\/\/antiqua.mx\/en\/product\/carrera-stampa-manuel-el-escudo-nacional\/","article_modified_time":"2024-11-27T00:08:28+00:00","og_image":[{"width":2029,"height":2560,"url":"https:\/\/antiqua.mx\/wp-content\/uploads\/2022\/08\/399A6F20-0C2E-410C-BB73-A35145BE70DB-scaled.jpeg","type":"image\/jpeg"}],"twitter_card":"summary_large_image","schema":{"@context":"https:\/\/schema.org","@graph":[{"@type":"WebPage","@id":"https:\/\/antiqua.mx\/producto\/carrera-stampa-manuel-el-escudo-nacional","url":"https:\/\/antiqua.mx\/producto\/carrera-stampa-manuel-el-escudo-nacional","name":"CARRERA STAMPA MANUEL. EL ESCUDO NACIONAL -","isPartOf":{"@id":"https:\/\/antiqua.mx\/en\/#website"},"primaryImageOfPage":{"@id":"https:\/\/antiqua.mx\/producto\/carrera-stampa-manuel-el-escudo-nacional#primaryimage"},"image":{"@id":"https:\/\/antiqua.mx\/producto\/carrera-stampa-manuel-el-escudo-nacional#primaryimage"},"thumbnailUrl":"https:\/\/antiqua.mx\/wp-content\/uploads\/2022\/08\/399A6F20-0C2E-410C-BB73-A35145BE70DB-scaled.jpeg","datePublished":"2022-08-31T23:29:14+00:00","dateModified":"2024-11-27T00:08:28+00:00","breadcrumb":{"@id":"https:\/\/antiqua.mx\/producto\/carrera-stampa-manuel-el-escudo-nacional#breadcrumb"},"inLanguage":"en-US","potentialAction":[{"@type":"ReadAction","target":["https:\/\/antiqua.mx\/producto\/carrera-stampa-manuel-el-escudo-nacional"]}]},{"@type":"ImageObject","inLanguage":"en-US","@id":"https:\/\/antiqua.mx\/producto\/carrera-stampa-manuel-el-escudo-nacional#primaryimage","url":"https:\/\/antiqua.mx\/wp-content\/uploads\/2022\/08\/399A6F20-0C2E-410C-BB73-A35145BE70DB-scaled.jpeg","contentUrl":"https:\/\/antiqua.mx\/wp-content\/uploads\/2022\/08\/399A6F20-0C2E-410C-BB73-A35145BE70DB-scaled.jpeg","width":2029,"height":2560},{"@type":"BreadcrumbList","@id":"https:\/\/antiqua.mx\/producto\/carrera-stampa-manuel-el-escudo-nacional#breadcrumb","itemListElement":[{"@type":"ListItem","position":1,"name":"Portada","item":"https:\/\/antiqua.mx\/en\/"},{"@type":"ListItem","position":2,"name":"Tienda","item":"https:\/\/antiqua.mx\/en\/tienda"},{"@type":"ListItem","position":3,"name":"CARRERA STAMPA MANUEL. EL ESCUDO NACIONAL"}]},{"@type":"WebSite","@id":"https:\/\/antiqua.mx\/en\/#website","url":"https:\/\/antiqua.mx\/en\/","name":"","description":"","potentialAction":[{"@type":"SearchAction","target":{"@type":"EntryPoint","urlTemplate":"https:\/\/antiqua.mx\/en\/?s={search_term_string}"},"query-input":{"@type":"PropertyValueSpecification","valueRequired":true,"valueName":"search_term_string"}}],"inLanguage":"en-US"}]}},"jetpack_sharing_enabled":true,"_links":{"self":[{"href":"https:\/\/antiqua.mx\/en\/wp-json\/wp\/v2\/product\/15961","targetHints":{"allow":["GET"]}}],"collection":[{"href":"https:\/\/antiqua.mx\/en\/wp-json\/wp\/v2\/product"}],"about":[{"href":"https:\/\/antiqua.mx\/en\/wp-json\/wp\/v2\/types\/product"}],"replies":[{"embeddable":true,"href":"https:\/\/antiqua.mx\/en\/wp-json\/wp\/v2\/comments?post=15961"}],"wp:featuredmedia":[{"embeddable":true,"href":"https:\/\/antiqua.mx\/en\/wp-json\/wp\/v2\/media\/16374"}],"wp:attachment":[{"href":"https:\/\/antiqua.mx\/en\/wp-json\/wp\/v2\/media?parent=15961"}],"wp:term":[{"taxonomy":"product_brand","embeddable":true,"href":"https:\/\/antiqua.mx\/en\/wp-json\/wp\/v2\/product_brand?post=15961"},{"taxonomy":"product_cat","embeddable":true,"href":"https:\/\/antiqua.mx\/en\/wp-json\/wp\/v2\/product_cat?post=15961"},{"taxonomy":"product_tag","embeddable":true,"href":"https:\/\/antiqua.mx\/en\/wp-json\/wp\/v2\/product_tag?post=15961"}],"curies":[{"name":"wp","href":"https:\/\/api.w.org\/{rel}","templated":true}]}}