{"id":16673,"date":"2022-09-21T22:20:58","date_gmt":"2022-09-21T22:20:58","guid":{"rendered":"https:\/\/antiqua.mx\/?post_type=product&#038;p=16673"},"modified":"2022-10-10T18:59:09","modified_gmt":"2022-10-10T18:59:09","slug":"luna-arroyo-antonio-el-dr-atl-sinopsis-de-su-vida-y-su-pintura","status":"publish","type":"product","link":"https:\/\/antiqua.mx\/en\/product\/luna-arroyo-antonio-el-dr-atl-sinopsis-de-su-vida-y-su-pintura\/","title":{"rendered":"LUNA ARROYO ANTONIO. EL DR. ATL. SINOPSIS DE SU VIDA Y SU PINTURA"},"content":{"rendered":"<p><strong>Luna Arroyo Antonio<\/strong><\/p>\n<p>Editorial: CVLTVRA, T. G., S. A.<\/p>\n<p>A\u00f1o 1952<\/p>\n<p>R\u00fastico, en buenas condiciones. El empastado est\u00e1 maltratado.<\/p>\n<p>Con una opini\u00f3n de Fernando Gamboa y juicios cr\u00edticos de Diego Rivera, Jos\u00e9 Clemente Orozco y David Alfaro Siqueiros.<\/p>\n<p>La obra est\u00e1 ilustrada con l\u00e1minas a color y a blanco y negro.<\/p>\n<p>La edici\u00f3n est\u00e1 dedicada por el autor.<\/p>\n<p><strong>CUADERNOS POPULARES DE PINTURA MEXICANA MODERNA.<\/strong><\/p>\n<p>Impreso en M\u00e9xico.<\/p>\n<p>247 p\u00e1ginas<\/p>","protected":false},"excerpt":{"rendered":"<ul>\n<li>Editorial: CVLTVRA, T. G., S. A.<\/li>\n<li>A\u00f1o 1952<\/li>\n<li>R\u00fastico, en buenas condiciones. El empastado est\u00e1 maltratado.<\/li>\n<li>Con una opini\u00f3n de Fernando Gamboa y juicios cr\u00edticos de Diego Rivera, Jos\u00e9 Clemente Orozco y David Alfaro Siqueiros.<\/li>\n<li>La obra est\u00e1 ilustrada con l\u00e1minas a color y a blanco y negro.<\/li>\n<li>La edici\u00f3n est\u00e1 dedicada por el autor.<\/li>\n<li><strong>CUADERNOS POPULARES DE PINTURA MEXICANA MODERNA.<\/strong><\/li>\n<li>Impreso en M\u00e9xico.<\/li>\n<li>247 p\u00e1ginas<\/li>\n<\/ul>","protected":false},"featured_media":16975,"comment_status":"open","ping_status":"closed","template":"","meta":{"_joinchat":[]},"product_brand":[],"product_cat":[349,350,944,2593,943,451],"product_tag":[1474,653],"class_list":{"0":"post-16673","1":"product","2":"type-product","3":"status-publish","6":"product_cat-arte","7":"product_cat-arte-mexicano","8":"product_cat-biografias-artmex","9":"product_cat-dedi","10":"product_cat-obra-plastica-mex","11":"product_cat-otros","12":"product_tag-antonio-luna-arroyo","13":"product_tag-dr-atl","15":"first","16":"instock","17":"featured","18":"taxable","19":"shipping-taxable","20":"purchasable","21":"product-type-simple"},"yoast_head":"<!-- This site is optimized with the Yoast SEO plugin v26.1.1 - https:\/\/yoast.com\/wordpress\/plugins\/seo\/ -->\n<title>LUNA ARROYO ANTONIO. EL DR. ATL. SINOPSIS DE SU VIDA Y SU PINTURA -<\/title>\n<meta name=\"robots\" content=\"index, follow, max-snippet:-1, max-image-preview:large, max-video-preview:-1\" \/>\n<link rel=\"canonical\" href=\"https:\/\/antiqua.mx\/en\/product\/luna-arroyo-antonio-el-dr-atl-sinopsis-de-su-vida-y-su-pintura\/\" \/>\n<meta property=\"og:locale\" content=\"en_US\" \/>\n<meta property=\"og:type\" content=\"article\" \/>\n<meta property=\"og:title\" content=\"LUNA ARROYO ANTONIO. EL DR. ATL. SINOPSIS DE SU VIDA Y SU PINTURA -\" \/>\n<meta property=\"og:description\" content=\"Editorial: CVLTVRA, T. G., S. A.  A\u00f1o 1952  R\u00fastico, en buenas condiciones. El empastado est\u00e1 maltratado.  Con una opini\u00f3n de Fernando Gamboa y juicios cr\u00edticos de Diego Rivera, Jos\u00e9 Clemente Orozco y David Alfaro Siqueiros.  La obra est\u00e1 ilustrada con l\u00e1minas a color y a blanco y negro.  La edici\u00f3n est\u00e1 dedicada por el autor.  CUADERNOS POPULARES DE PINTURA MEXICANA MODERNA.  Impreso en M\u00e9xico.  247 p\u00e1ginas\" \/>\n<meta property=\"og:url\" content=\"https:\/\/antiqua.mx\/en\/product\/luna-arroyo-antonio-el-dr-atl-sinopsis-de-su-vida-y-su-pintura\/\" \/>\n<meta property=\"article:modified_time\" content=\"2022-10-10T18:59:09+00:00\" \/>\n<meta property=\"og:image\" content=\"https:\/\/antiqua.mx\/wp-content\/uploads\/2022\/09\/94BC6D36-D147-4799-9455-98F9088B1CB8-scaled.jpeg\" \/>\n\t<meta property=\"og:image:width\" content=\"2029\" \/>\n\t<meta property=\"og:image:height\" content=\"2560\" \/>\n\t<meta property=\"og:image:type\" content=\"image\/jpeg\" \/>\n<meta name=\"twitter:card\" content=\"summary_large_image\" \/>\n<script type=\"application\/ld+json\" class=\"yoast-schema-graph\">{\"@context\":\"https:\/\/schema.org\",\"@graph\":[{\"@type\":\"WebPage\",\"@id\":\"https:\/\/antiqua.mx\/producto\/luna-arroyo-antonio-el-dr-atl-sinopsis-de-su-vida-y-su-pintura\/\",\"url\":\"https:\/\/antiqua.mx\/producto\/luna-arroyo-antonio-el-dr-atl-sinopsis-de-su-vida-y-su-pintura\/\",\"name\":\"LUNA ARROYO ANTONIO. EL DR. ATL. SINOPSIS DE SU VIDA Y SU PINTURA -\",\"isPartOf\":{\"@id\":\"https:\/\/antiqua.mx\/en\/#website\"},\"primaryImageOfPage\":{\"@id\":\"https:\/\/antiqua.mx\/producto\/luna-arroyo-antonio-el-dr-atl-sinopsis-de-su-vida-y-su-pintura\/#primaryimage\"},\"image\":{\"@id\":\"https:\/\/antiqua.mx\/producto\/luna-arroyo-antonio-el-dr-atl-sinopsis-de-su-vida-y-su-pintura\/#primaryimage\"},\"thumbnailUrl\":\"https:\/\/antiqua.mx\/wp-content\/uploads\/2022\/09\/94BC6D36-D147-4799-9455-98F9088B1CB8-scaled.jpeg\",\"datePublished\":\"2022-09-21T22:20:58+00:00\",\"dateModified\":\"2022-10-10T18:59:09+00:00\",\"breadcrumb\":{\"@id\":\"https:\/\/antiqua.mx\/producto\/luna-arroyo-antonio-el-dr-atl-sinopsis-de-su-vida-y-su-pintura\/#breadcrumb\"},\"inLanguage\":\"en-US\",\"potentialAction\":[{\"@type\":\"ReadAction\",\"target\":[\"https:\/\/antiqua.mx\/producto\/luna-arroyo-antonio-el-dr-atl-sinopsis-de-su-vida-y-su-pintura\/\"]}]},{\"@type\":\"ImageObject\",\"inLanguage\":\"en-US\",\"@id\":\"https:\/\/antiqua.mx\/producto\/luna-arroyo-antonio-el-dr-atl-sinopsis-de-su-vida-y-su-pintura\/#primaryimage\",\"url\":\"https:\/\/antiqua.mx\/wp-content\/uploads\/2022\/09\/94BC6D36-D147-4799-9455-98F9088B1CB8-scaled.jpeg\",\"contentUrl\":\"https:\/\/antiqua.mx\/wp-content\/uploads\/2022\/09\/94BC6D36-D147-4799-9455-98F9088B1CB8-scaled.jpeg\",\"width\":2029,\"height\":2560},{\"@type\":\"BreadcrumbList\",\"@id\":\"https:\/\/antiqua.mx\/producto\/luna-arroyo-antonio-el-dr-atl-sinopsis-de-su-vida-y-su-pintura\/#breadcrumb\",\"itemListElement\":[{\"@type\":\"ListItem\",\"position\":1,\"name\":\"Portada\",\"item\":\"https:\/\/antiqua.mx\/en\/\"},{\"@type\":\"ListItem\",\"position\":2,\"name\":\"Tienda\",\"item\":\"https:\/\/antiqua.mx\/tienda\/\"},{\"@type\":\"ListItem\",\"position\":3,\"name\":\"LUNA ARROYO ANTONIO. EL DR. ATL. SINOPSIS DE SU VIDA Y SU PINTURA\"}]},{\"@type\":\"WebSite\",\"@id\":\"https:\/\/antiqua.mx\/en\/#website\",\"url\":\"https:\/\/antiqua.mx\/en\/\",\"name\":\"\",\"description\":\"\",\"potentialAction\":[{\"@type\":\"SearchAction\",\"target\":{\"@type\":\"EntryPoint\",\"urlTemplate\":\"https:\/\/antiqua.mx\/en\/?s={search_term_string}\"},\"query-input\":{\"@type\":\"PropertyValueSpecification\",\"valueRequired\":true,\"valueName\":\"search_term_string\"}}],\"inLanguage\":\"en-US\"}]}<\/script>\n<!-- \/ Yoast SEO plugin. -->","yoast_head_json":{"title":"LUNA ARROYO ANTONIO. EL DR. ATL. SINOPSIS DE SU VIDA Y SU PINTURA -","robots":{"index":"index","follow":"follow","max-snippet":"max-snippet:-1","max-image-preview":"max-image-preview:large","max-video-preview":"max-video-preview:-1"},"canonical":"https:\/\/antiqua.mx\/en\/product\/luna-arroyo-antonio-el-dr-atl-sinopsis-de-su-vida-y-su-pintura\/","og_locale":"en_US","og_type":"article","og_title":"LUNA ARROYO ANTONIO. EL DR. ATL. SINOPSIS DE SU VIDA Y SU PINTURA -","og_description":"Editorial: CVLTVRA, T. G., S. A.  A\u00f1o 1952  R\u00fastico, en buenas condiciones. El empastado est\u00e1 maltratado.  Con una opini\u00f3n de Fernando Gamboa y juicios cr\u00edticos de Diego Rivera, Jos\u00e9 Clemente Orozco y David Alfaro Siqueiros.  La obra est\u00e1 ilustrada con l\u00e1minas a color y a blanco y negro.  La edici\u00f3n est\u00e1 dedicada por el autor.  CUADERNOS POPULARES DE PINTURA MEXICANA MODERNA.  Impreso en M\u00e9xico.  247 p\u00e1ginas","og_url":"https:\/\/antiqua.mx\/en\/product\/luna-arroyo-antonio-el-dr-atl-sinopsis-de-su-vida-y-su-pintura\/","article_modified_time":"2022-10-10T18:59:09+00:00","og_image":[{"width":2029,"height":2560,"url":"https:\/\/antiqua.mx\/wp-content\/uploads\/2022\/09\/94BC6D36-D147-4799-9455-98F9088B1CB8-scaled.jpeg","type":"image\/jpeg"}],"twitter_card":"summary_large_image","schema":{"@context":"https:\/\/schema.org","@graph":[{"@type":"WebPage","@id":"https:\/\/antiqua.mx\/producto\/luna-arroyo-antonio-el-dr-atl-sinopsis-de-su-vida-y-su-pintura\/","url":"https:\/\/antiqua.mx\/producto\/luna-arroyo-antonio-el-dr-atl-sinopsis-de-su-vida-y-su-pintura\/","name":"LUNA ARROYO ANTONIO. EL DR. ATL. SINOPSIS DE SU VIDA Y SU PINTURA -","isPartOf":{"@id":"https:\/\/antiqua.mx\/en\/#website"},"primaryImageOfPage":{"@id":"https:\/\/antiqua.mx\/producto\/luna-arroyo-antonio-el-dr-atl-sinopsis-de-su-vida-y-su-pintura\/#primaryimage"},"image":{"@id":"https:\/\/antiqua.mx\/producto\/luna-arroyo-antonio-el-dr-atl-sinopsis-de-su-vida-y-su-pintura\/#primaryimage"},"thumbnailUrl":"https:\/\/antiqua.mx\/wp-content\/uploads\/2022\/09\/94BC6D36-D147-4799-9455-98F9088B1CB8-scaled.jpeg","datePublished":"2022-09-21T22:20:58+00:00","dateModified":"2022-10-10T18:59:09+00:00","breadcrumb":{"@id":"https:\/\/antiqua.mx\/producto\/luna-arroyo-antonio-el-dr-atl-sinopsis-de-su-vida-y-su-pintura\/#breadcrumb"},"inLanguage":"en-US","potentialAction":[{"@type":"ReadAction","target":["https:\/\/antiqua.mx\/producto\/luna-arroyo-antonio-el-dr-atl-sinopsis-de-su-vida-y-su-pintura\/"]}]},{"@type":"ImageObject","inLanguage":"en-US","@id":"https:\/\/antiqua.mx\/producto\/luna-arroyo-antonio-el-dr-atl-sinopsis-de-su-vida-y-su-pintura\/#primaryimage","url":"https:\/\/antiqua.mx\/wp-content\/uploads\/2022\/09\/94BC6D36-D147-4799-9455-98F9088B1CB8-scaled.jpeg","contentUrl":"https:\/\/antiqua.mx\/wp-content\/uploads\/2022\/09\/94BC6D36-D147-4799-9455-98F9088B1CB8-scaled.jpeg","width":2029,"height":2560},{"@type":"BreadcrumbList","@id":"https:\/\/antiqua.mx\/producto\/luna-arroyo-antonio-el-dr-atl-sinopsis-de-su-vida-y-su-pintura\/#breadcrumb","itemListElement":[{"@type":"ListItem","position":1,"name":"Portada","item":"https:\/\/antiqua.mx\/en\/"},{"@type":"ListItem","position":2,"name":"Tienda","item":"https:\/\/antiqua.mx\/tienda\/"},{"@type":"ListItem","position":3,"name":"LUNA ARROYO ANTONIO. EL DR. ATL. SINOPSIS DE SU VIDA Y SU PINTURA"}]},{"@type":"WebSite","@id":"https:\/\/antiqua.mx\/en\/#website","url":"https:\/\/antiqua.mx\/en\/","name":"","description":"","potentialAction":[{"@type":"SearchAction","target":{"@type":"EntryPoint","urlTemplate":"https:\/\/antiqua.mx\/en\/?s={search_term_string}"},"query-input":{"@type":"PropertyValueSpecification","valueRequired":true,"valueName":"search_term_string"}}],"inLanguage":"en-US"}]}},"jetpack_sharing_enabled":true,"_links":{"self":[{"href":"https:\/\/antiqua.mx\/en\/wp-json\/wp\/v2\/product\/16673","targetHints":{"allow":["GET"]}}],"collection":[{"href":"https:\/\/antiqua.mx\/en\/wp-json\/wp\/v2\/product"}],"about":[{"href":"https:\/\/antiqua.mx\/en\/wp-json\/wp\/v2\/types\/product"}],"replies":[{"embeddable":true,"href":"https:\/\/antiqua.mx\/en\/wp-json\/wp\/v2\/comments?post=16673"}],"wp:featuredmedia":[{"embeddable":true,"href":"https:\/\/antiqua.mx\/en\/wp-json\/wp\/v2\/media\/16975"}],"wp:attachment":[{"href":"https:\/\/antiqua.mx\/en\/wp-json\/wp\/v2\/media?parent=16673"}],"wp:term":[{"taxonomy":"product_brand","embeddable":true,"href":"https:\/\/antiqua.mx\/en\/wp-json\/wp\/v2\/product_brand?post=16673"},{"taxonomy":"product_cat","embeddable":true,"href":"https:\/\/antiqua.mx\/en\/wp-json\/wp\/v2\/product_cat?post=16673"},{"taxonomy":"product_tag","embeddable":true,"href":"https:\/\/antiqua.mx\/en\/wp-json\/wp\/v2\/product_tag?post=16673"}],"curies":[{"name":"wp","href":"https:\/\/api.w.org\/{rel}","templated":true}]}}