{"id":16695,"date":"2022-09-24T21:20:32","date_gmt":"2022-09-24T21:20:32","guid":{"rendered":"https:\/\/antiqua.mx\/?post_type=product&#038;p=16695"},"modified":"2022-10-06T04:55:10","modified_gmt":"2022-10-06T04:55:10","slug":"lopez-chavez-juan-y-arjona-iglesias-marina-lexicometria-y-fonometria-del-primer-sueno-de-sor-juan-ines-de-la-cruz","status":"publish","type":"product","link":"https:\/\/antiqua.mx\/en\/product\/lopez-chavez-juan-y-arjona-iglesias-marina-lexicometria-y-fonometria-del-primer-sueno-de-sor-juan-ines-de-la-cruz","title":{"rendered":"L\u00d3PEZ CH\u00c1VEZ JUAN Y ARJONA IGLESIAS MARINA. LEXICOMETR\u00cdA Y FONOMETR\u00cdA DEL PRIMER SUE\u00d1O DE SOR JUAN IN\u00c9S DE LA CRUZ"},"content":{"rendered":"<p><strong>L\u00f3pez Ch\u00e1vez Juan y Arjona Iglesias Marina<\/strong><\/p>\n<p>Editorial: Universidad Nacional Aut\u00f3noma de M\u00e9xico<\/p>\n<p>Primera edici\u00f3n<\/p>\n<p>A\u00f1o 1994<\/p>\n<p>R\u00fastico, en buenas condiciones. Las orillas del empastado est\u00e1n ligeramente maltratadas.<\/p>\n<p>Impreso en M\u00e9xico.<\/p>\n<p>146 p\u00e1ginas<\/p>","protected":false},"excerpt":{"rendered":"<ul>\n<li>Editorial: Universidad Nacional Aut\u00f3noma de M\u00e9xico<\/li>\n<li>Primera edici\u00f3n<\/li>\n<li>A\u00f1o 1994<\/li>\n<li>R\u00fastico, en buenas condiciones. Las orillas del empastado est\u00e1n ligeramente maltratadas.<\/li>\n<li>Impreso en M\u00e9xico.<\/li>\n<li>146 p\u00e1ginas<\/li>\n<\/ul>","protected":false},"featured_media":16716,"comment_status":"open","ping_status":"closed","template":"","meta":{"_joinchat":[]},"product_brand":[],"product_cat":[343,335,340],"product_tag":[4413,4414,926],"class_list":{"0":"post-16695","1":"product","2":"type-product","3":"status-publish","6":"product_cat-ensayo","7":"product_cat-literatura","8":"product_cat-poesia","9":"product_tag-juan-lopez-chavez","10":"product_tag-marina-arjona-iglesias","11":"product_tag-sor-juana-ines-de-la-cruz","13":"first","14":"instock","15":"featured","16":"taxable","17":"shipping-taxable","18":"purchasable","19":"product-type-simple"},"yoast_head":"<!-- This site is optimized with the Yoast SEO plugin v26.1.1 - https:\/\/yoast.com\/wordpress\/plugins\/seo\/ -->\n<title>L\u00d3PEZ CH\u00c1VEZ JUAN Y ARJONA IGLESIAS MARINA. LEXICOMETR\u00cdA Y FONOMETR\u00cdA DEL PRIMER SUE\u00d1O DE SOR JUAN IN\u00c9S DE LA CRUZ -<\/title>\n<meta name=\"robots\" content=\"index, follow, max-snippet:-1, max-image-preview:large, max-video-preview:-1\" \/>\n<link rel=\"canonical\" href=\"https:\/\/antiqua.mx\/en\/product\/lopez-chavez-juan-y-arjona-iglesias-marina-lexicometria-y-fonometria-del-primer-sueno-de-sor-juan-ines-de-la-cruz\" \/>\n<meta property=\"og:locale\" content=\"en_US\" \/>\n<meta property=\"og:type\" content=\"article\" \/>\n<meta property=\"og:title\" content=\"L\u00d3PEZ CH\u00c1VEZ JUAN Y ARJONA IGLESIAS MARINA. LEXICOMETR\u00cdA Y FONOMETR\u00cdA DEL PRIMER SUE\u00d1O DE SOR JUAN IN\u00c9S DE LA CRUZ -\" \/>\n<meta property=\"og:description\" content=\"Editorial: Universidad Nacional Aut\u00f3noma de M\u00e9xico  Primera edici\u00f3n  A\u00f1o 1994  R\u00fastico, en buenas condiciones. Las orillas del empastado est\u00e1n ligeramente maltratadas.  Impreso en M\u00e9xico.  146 p\u00e1ginas\" \/>\n<meta property=\"og:url\" content=\"https:\/\/antiqua.mx\/en\/product\/lopez-chavez-juan-y-arjona-iglesias-marina-lexicometria-y-fonometria-del-primer-sueno-de-sor-juan-ines-de-la-cruz\" \/>\n<meta property=\"article:modified_time\" content=\"2022-10-06T04:55:10+00:00\" \/>\n<meta property=\"og:image\" content=\"https:\/\/antiqua.mx\/wp-content\/uploads\/2022\/09\/E0B17324-2339-43D5-8A0F-C80F71F32C44-scaled.jpeg\" \/>\n\t<meta property=\"og:image:width\" content=\"1983\" \/>\n\t<meta property=\"og:image:height\" content=\"2560\" \/>\n\t<meta property=\"og:image:type\" content=\"image\/jpeg\" \/>\n<meta name=\"twitter:card\" content=\"summary_large_image\" \/>\n<script type=\"application\/ld+json\" class=\"yoast-schema-graph\">{\"@context\":\"https:\/\/schema.org\",\"@graph\":[{\"@type\":\"WebPage\",\"@id\":\"https:\/\/antiqua.mx\/en\/product\/lopez-chavez-juan-y-arjona-iglesias-marina-lexicometria-y-fonometria-del-primer-sueno-de-sor-juan-ines-de-la-cruz\",\"url\":\"https:\/\/antiqua.mx\/en\/product\/lopez-chavez-juan-y-arjona-iglesias-marina-lexicometria-y-fonometria-del-primer-sueno-de-sor-juan-ines-de-la-cruz\",\"name\":\"L\u00d3PEZ CH\u00c1VEZ JUAN Y ARJONA IGLESIAS MARINA. LEXICOMETR\u00cdA Y FONOMETR\u00cdA DEL PRIMER SUE\u00d1O DE SOR JUAN IN\u00c9S DE LA CRUZ -\",\"isPartOf\":{\"@id\":\"https:\/\/antiqua.mx\/en\/#website\"},\"primaryImageOfPage\":{\"@id\":\"https:\/\/antiqua.mx\/en\/product\/lopez-chavez-juan-y-arjona-iglesias-marina-lexicometria-y-fonometria-del-primer-sueno-de-sor-juan-ines-de-la-cruz#primaryimage\"},\"image\":{\"@id\":\"https:\/\/antiqua.mx\/en\/product\/lopez-chavez-juan-y-arjona-iglesias-marina-lexicometria-y-fonometria-del-primer-sueno-de-sor-juan-ines-de-la-cruz#primaryimage\"},\"thumbnailUrl\":\"https:\/\/antiqua.mx\/wp-content\/uploads\/2022\/09\/E0B17324-2339-43D5-8A0F-C80F71F32C44-scaled.jpeg\",\"datePublished\":\"2022-09-24T21:20:32+00:00\",\"dateModified\":\"2022-10-06T04:55:10+00:00\",\"breadcrumb\":{\"@id\":\"https:\/\/antiqua.mx\/en\/product\/lopez-chavez-juan-y-arjona-iglesias-marina-lexicometria-y-fonometria-del-primer-sueno-de-sor-juan-ines-de-la-cruz#breadcrumb\"},\"inLanguage\":\"en-US\",\"potentialAction\":[{\"@type\":\"ReadAction\",\"target\":[\"https:\/\/antiqua.mx\/en\/product\/lopez-chavez-juan-y-arjona-iglesias-marina-lexicometria-y-fonometria-del-primer-sueno-de-sor-juan-ines-de-la-cruz\"]}]},{\"@type\":\"ImageObject\",\"inLanguage\":\"en-US\",\"@id\":\"https:\/\/antiqua.mx\/en\/product\/lopez-chavez-juan-y-arjona-iglesias-marina-lexicometria-y-fonometria-del-primer-sueno-de-sor-juan-ines-de-la-cruz#primaryimage\",\"url\":\"https:\/\/antiqua.mx\/wp-content\/uploads\/2022\/09\/E0B17324-2339-43D5-8A0F-C80F71F32C44-scaled.jpeg\",\"contentUrl\":\"https:\/\/antiqua.mx\/wp-content\/uploads\/2022\/09\/E0B17324-2339-43D5-8A0F-C80F71F32C44-scaled.jpeg\",\"width\":1983,\"height\":2560},{\"@type\":\"BreadcrumbList\",\"@id\":\"https:\/\/antiqua.mx\/en\/product\/lopez-chavez-juan-y-arjona-iglesias-marina-lexicometria-y-fonometria-del-primer-sueno-de-sor-juan-ines-de-la-cruz#breadcrumb\",\"itemListElement\":[{\"@type\":\"ListItem\",\"position\":1,\"name\":\"Portada\",\"item\":\"https:\/\/antiqua.mx\/en\/\"},{\"@type\":\"ListItem\",\"position\":2,\"name\":\"Tienda\",\"item\":\"https:\/\/antiqua.mx\/en\/tienda\"},{\"@type\":\"ListItem\",\"position\":3,\"name\":\"L\u00d3PEZ CH\u00c1VEZ JUAN Y ARJONA IGLESIAS MARINA. LEXICOMETR\u00cdA Y FONOMETR\u00cdA DEL PRIMER SUE\u00d1O DE SOR JUAN IN\u00c9S DE LA CRUZ\"}]},{\"@type\":\"WebSite\",\"@id\":\"https:\/\/antiqua.mx\/en\/#website\",\"url\":\"https:\/\/antiqua.mx\/en\/\",\"name\":\"\",\"description\":\"\",\"potentialAction\":[{\"@type\":\"SearchAction\",\"target\":{\"@type\":\"EntryPoint\",\"urlTemplate\":\"https:\/\/antiqua.mx\/en\/?s={search_term_string}\"},\"query-input\":{\"@type\":\"PropertyValueSpecification\",\"valueRequired\":true,\"valueName\":\"search_term_string\"}}],\"inLanguage\":\"en-US\"}]}<\/script>\n<!-- \/ Yoast SEO plugin. -->","yoast_head_json":{"title":"L\u00d3PEZ CH\u00c1VEZ JUAN Y ARJONA IGLESIAS MARINA. LEXICOMETR\u00cdA Y FONOMETR\u00cdA DEL PRIMER SUE\u00d1O DE SOR JUAN IN\u00c9S DE LA CRUZ -","robots":{"index":"index","follow":"follow","max-snippet":"max-snippet:-1","max-image-preview":"max-image-preview:large","max-video-preview":"max-video-preview:-1"},"canonical":"https:\/\/antiqua.mx\/en\/product\/lopez-chavez-juan-y-arjona-iglesias-marina-lexicometria-y-fonometria-del-primer-sueno-de-sor-juan-ines-de-la-cruz","og_locale":"en_US","og_type":"article","og_title":"L\u00d3PEZ CH\u00c1VEZ JUAN Y ARJONA IGLESIAS MARINA. LEXICOMETR\u00cdA Y FONOMETR\u00cdA DEL PRIMER SUE\u00d1O DE SOR JUAN IN\u00c9S DE LA CRUZ -","og_description":"Editorial: Universidad Nacional Aut\u00f3noma de M\u00e9xico  Primera edici\u00f3n  A\u00f1o 1994  R\u00fastico, en buenas condiciones. Las orillas del empastado est\u00e1n ligeramente maltratadas.  Impreso en M\u00e9xico.  146 p\u00e1ginas","og_url":"https:\/\/antiqua.mx\/en\/product\/lopez-chavez-juan-y-arjona-iglesias-marina-lexicometria-y-fonometria-del-primer-sueno-de-sor-juan-ines-de-la-cruz","article_modified_time":"2022-10-06T04:55:10+00:00","og_image":[{"width":1983,"height":2560,"url":"https:\/\/antiqua.mx\/wp-content\/uploads\/2022\/09\/E0B17324-2339-43D5-8A0F-C80F71F32C44-scaled.jpeg","type":"image\/jpeg"}],"twitter_card":"summary_large_image","schema":{"@context":"https:\/\/schema.org","@graph":[{"@type":"WebPage","@id":"https:\/\/antiqua.mx\/en\/product\/lopez-chavez-juan-y-arjona-iglesias-marina-lexicometria-y-fonometria-del-primer-sueno-de-sor-juan-ines-de-la-cruz","url":"https:\/\/antiqua.mx\/en\/product\/lopez-chavez-juan-y-arjona-iglesias-marina-lexicometria-y-fonometria-del-primer-sueno-de-sor-juan-ines-de-la-cruz","name":"L\u00d3PEZ CH\u00c1VEZ JUAN Y ARJONA IGLESIAS MARINA. LEXICOMETR\u00cdA Y FONOMETR\u00cdA DEL PRIMER SUE\u00d1O DE SOR JUAN IN\u00c9S DE LA CRUZ -","isPartOf":{"@id":"https:\/\/antiqua.mx\/en\/#website"},"primaryImageOfPage":{"@id":"https:\/\/antiqua.mx\/en\/product\/lopez-chavez-juan-y-arjona-iglesias-marina-lexicometria-y-fonometria-del-primer-sueno-de-sor-juan-ines-de-la-cruz#primaryimage"},"image":{"@id":"https:\/\/antiqua.mx\/en\/product\/lopez-chavez-juan-y-arjona-iglesias-marina-lexicometria-y-fonometria-del-primer-sueno-de-sor-juan-ines-de-la-cruz#primaryimage"},"thumbnailUrl":"https:\/\/antiqua.mx\/wp-content\/uploads\/2022\/09\/E0B17324-2339-43D5-8A0F-C80F71F32C44-scaled.jpeg","datePublished":"2022-09-24T21:20:32+00:00","dateModified":"2022-10-06T04:55:10+00:00","breadcrumb":{"@id":"https:\/\/antiqua.mx\/en\/product\/lopez-chavez-juan-y-arjona-iglesias-marina-lexicometria-y-fonometria-del-primer-sueno-de-sor-juan-ines-de-la-cruz#breadcrumb"},"inLanguage":"en-US","potentialAction":[{"@type":"ReadAction","target":["https:\/\/antiqua.mx\/en\/product\/lopez-chavez-juan-y-arjona-iglesias-marina-lexicometria-y-fonometria-del-primer-sueno-de-sor-juan-ines-de-la-cruz"]}]},{"@type":"ImageObject","inLanguage":"en-US","@id":"https:\/\/antiqua.mx\/en\/product\/lopez-chavez-juan-y-arjona-iglesias-marina-lexicometria-y-fonometria-del-primer-sueno-de-sor-juan-ines-de-la-cruz#primaryimage","url":"https:\/\/antiqua.mx\/wp-content\/uploads\/2022\/09\/E0B17324-2339-43D5-8A0F-C80F71F32C44-scaled.jpeg","contentUrl":"https:\/\/antiqua.mx\/wp-content\/uploads\/2022\/09\/E0B17324-2339-43D5-8A0F-C80F71F32C44-scaled.jpeg","width":1983,"height":2560},{"@type":"BreadcrumbList","@id":"https:\/\/antiqua.mx\/en\/product\/lopez-chavez-juan-y-arjona-iglesias-marina-lexicometria-y-fonometria-del-primer-sueno-de-sor-juan-ines-de-la-cruz#breadcrumb","itemListElement":[{"@type":"ListItem","position":1,"name":"Portada","item":"https:\/\/antiqua.mx\/en\/"},{"@type":"ListItem","position":2,"name":"Tienda","item":"https:\/\/antiqua.mx\/en\/tienda"},{"@type":"ListItem","position":3,"name":"L\u00d3PEZ CH\u00c1VEZ JUAN Y ARJONA IGLESIAS MARINA. LEXICOMETR\u00cdA Y FONOMETR\u00cdA DEL PRIMER SUE\u00d1O DE SOR JUAN IN\u00c9S DE LA CRUZ"}]},{"@type":"WebSite","@id":"https:\/\/antiqua.mx\/en\/#website","url":"https:\/\/antiqua.mx\/en\/","name":"","description":"","potentialAction":[{"@type":"SearchAction","target":{"@type":"EntryPoint","urlTemplate":"https:\/\/antiqua.mx\/en\/?s={search_term_string}"},"query-input":{"@type":"PropertyValueSpecification","valueRequired":true,"valueName":"search_term_string"}}],"inLanguage":"en-US"}]}},"jetpack_sharing_enabled":true,"_links":{"self":[{"href":"https:\/\/antiqua.mx\/en\/wp-json\/wp\/v2\/product\/16695","targetHints":{"allow":["GET"]}}],"collection":[{"href":"https:\/\/antiqua.mx\/en\/wp-json\/wp\/v2\/product"}],"about":[{"href":"https:\/\/antiqua.mx\/en\/wp-json\/wp\/v2\/types\/product"}],"replies":[{"embeddable":true,"href":"https:\/\/antiqua.mx\/en\/wp-json\/wp\/v2\/comments?post=16695"}],"wp:featuredmedia":[{"embeddable":true,"href":"https:\/\/antiqua.mx\/en\/wp-json\/wp\/v2\/media\/16716"}],"wp:attachment":[{"href":"https:\/\/antiqua.mx\/en\/wp-json\/wp\/v2\/media?parent=16695"}],"wp:term":[{"taxonomy":"product_brand","embeddable":true,"href":"https:\/\/antiqua.mx\/en\/wp-json\/wp\/v2\/product_brand?post=16695"},{"taxonomy":"product_cat","embeddable":true,"href":"https:\/\/antiqua.mx\/en\/wp-json\/wp\/v2\/product_cat?post=16695"},{"taxonomy":"product_tag","embeddable":true,"href":"https:\/\/antiqua.mx\/en\/wp-json\/wp\/v2\/product_tag?post=16695"}],"curies":[{"name":"wp","href":"https:\/\/api.w.org\/{rel}","templated":true}]}}