{"id":16699,"date":"2022-09-28T19:56:45","date_gmt":"2022-09-28T19:56:45","guid":{"rendered":"https:\/\/antiqua.mx\/?post_type=product&#038;p=16699"},"modified":"2024-10-12T22:31:56","modified_gmt":"2024-10-12T22:31:56","slug":"villaurrutia-xavier-nostalgia-de-la-muerte-poemas-y-teatro","status":"publish","type":"product","link":"https:\/\/antiqua.mx\/en\/product\/villaurrutia-xavier-nostalgia-de-la-muerte-poemas-y-teatro\/","title":{"rendered":"VILLAURRUTIA XAVIER. NOSTALGIA DE LA MUERTE. POEMAS Y TEATRO"},"content":{"rendered":"<p><strong>Villaurrutia Xavier<\/strong><\/p>\n<p>Editorial: Fondo de Cultura Econ\u00f3mica \/ Lecturas Mexicanas<\/p>\n<p>Primera edici\u00f3n el Lecturas Mexicanas<\/p>\n<p>A\u00f1o 1984<\/p>\n<p>R\u00fastico, en buenas condiciones. El empastado est\u00e1 maltratado.<\/p>\n<p>Impreso en M\u00e9xico.<\/p>\n<p>195 p\u00e1ginas<\/p>","protected":false},"excerpt":{"rendered":"<ul>\n<li>Editorial: Fondo de Cultura Econ\u00f3mica \/ Lecturas Mexicanas<\/li>\n<li>Primera edici\u00f3n el Lecturas Mexicanas<\/li>\n<li>A\u00f1o 1984<\/li>\n<li>R\u00fastico, en buenas condiciones. El empastado est\u00e1 maltratado.<\/li>\n<li>Impreso en M\u00e9xico.<\/li>\n<li>195 p\u00e1ginas<\/li>\n<\/ul>","protected":false},"featured_media":17304,"comment_status":"open","ping_status":"closed","template":"","meta":{"_joinchat":[]},"product_brand":[],"product_cat":[335,340,341],"product_tag":[820],"class_list":{"0":"post-16699","1":"product","2":"type-product","3":"status-publish","6":"product_cat-literatura","7":"product_cat-poesia","8":"product_cat-teatro","9":"product_tag-xavier-villaurrutia","11":"first","12":"outofstock","13":"featured","14":"taxable","15":"shipping-taxable","16":"purchasable","17":"product-type-simple"},"yoast_head":"<!-- This site is optimized with the Yoast SEO plugin v26.1.1 - https:\/\/yoast.com\/wordpress\/plugins\/seo\/ -->\n<title>VILLAURRUTIA XAVIER. NOSTALGIA DE LA MUERTE. POEMAS Y TEATRO -<\/title>\n<meta name=\"robots\" content=\"index, follow, max-snippet:-1, max-image-preview:large, max-video-preview:-1\" \/>\n<link rel=\"canonical\" href=\"https:\/\/antiqua.mx\/en\/product\/villaurrutia-xavier-nostalgia-de-la-muerte-poemas-y-teatro\/\" \/>\n<meta property=\"og:locale\" content=\"en_US\" \/>\n<meta property=\"og:type\" content=\"article\" \/>\n<meta property=\"og:title\" content=\"VILLAURRUTIA XAVIER. NOSTALGIA DE LA MUERTE. POEMAS Y TEATRO -\" \/>\n<meta property=\"og:description\" content=\"Editorial: Fondo de Cultura Econ\u00f3mica \/ Lecturas Mexicanas  Primera edici\u00f3n el Lecturas Mexicanas  A\u00f1o 1984  R\u00fastico, en buenas condiciones. El empastado est\u00e1 maltratado.  Impreso en M\u00e9xico.  195 p\u00e1ginas\" \/>\n<meta property=\"og:url\" content=\"https:\/\/antiqua.mx\/en\/product\/villaurrutia-xavier-nostalgia-de-la-muerte-poemas-y-teatro\/\" \/>\n<meta property=\"article:modified_time\" content=\"2024-10-12T22:31:56+00:00\" \/>\n<meta property=\"og:image\" content=\"https:\/\/antiqua.mx\/wp-content\/uploads\/2022\/09\/02F3504D-C90D-4029-B63F-211887C49E8B-scaled.jpeg\" \/>\n\t<meta property=\"og:image:width\" content=\"1919\" \/>\n\t<meta property=\"og:image:height\" content=\"2560\" \/>\n\t<meta property=\"og:image:type\" content=\"image\/jpeg\" \/>\n<meta name=\"twitter:card\" content=\"summary_large_image\" \/>\n<script type=\"application\/ld+json\" class=\"yoast-schema-graph\">{\"@context\":\"https:\/\/schema.org\",\"@graph\":[{\"@type\":\"WebPage\",\"@id\":\"https:\/\/antiqua.mx\/producto\/villaurrutia-xavier-nostalgia-de-la-muerte-poemas-y-teatro\/\",\"url\":\"https:\/\/antiqua.mx\/producto\/villaurrutia-xavier-nostalgia-de-la-muerte-poemas-y-teatro\/\",\"name\":\"VILLAURRUTIA XAVIER. NOSTALGIA DE LA MUERTE. POEMAS Y TEATRO -\",\"isPartOf\":{\"@id\":\"https:\/\/antiqua.mx\/en\/#website\"},\"primaryImageOfPage\":{\"@id\":\"https:\/\/antiqua.mx\/producto\/villaurrutia-xavier-nostalgia-de-la-muerte-poemas-y-teatro\/#primaryimage\"},\"image\":{\"@id\":\"https:\/\/antiqua.mx\/producto\/villaurrutia-xavier-nostalgia-de-la-muerte-poemas-y-teatro\/#primaryimage\"},\"thumbnailUrl\":\"https:\/\/antiqua.mx\/wp-content\/uploads\/2022\/09\/02F3504D-C90D-4029-B63F-211887C49E8B-scaled.jpeg\",\"datePublished\":\"2022-09-28T19:56:45+00:00\",\"dateModified\":\"2024-10-12T22:31:56+00:00\",\"breadcrumb\":{\"@id\":\"https:\/\/antiqua.mx\/producto\/villaurrutia-xavier-nostalgia-de-la-muerte-poemas-y-teatro\/#breadcrumb\"},\"inLanguage\":\"en-US\",\"potentialAction\":[{\"@type\":\"ReadAction\",\"target\":[\"https:\/\/antiqua.mx\/producto\/villaurrutia-xavier-nostalgia-de-la-muerte-poemas-y-teatro\/\"]}]},{\"@type\":\"ImageObject\",\"inLanguage\":\"en-US\",\"@id\":\"https:\/\/antiqua.mx\/producto\/villaurrutia-xavier-nostalgia-de-la-muerte-poemas-y-teatro\/#primaryimage\",\"url\":\"https:\/\/antiqua.mx\/wp-content\/uploads\/2022\/09\/02F3504D-C90D-4029-B63F-211887C49E8B-scaled.jpeg\",\"contentUrl\":\"https:\/\/antiqua.mx\/wp-content\/uploads\/2022\/09\/02F3504D-C90D-4029-B63F-211887C49E8B-scaled.jpeg\",\"width\":1919,\"height\":2560},{\"@type\":\"BreadcrumbList\",\"@id\":\"https:\/\/antiqua.mx\/producto\/villaurrutia-xavier-nostalgia-de-la-muerte-poemas-y-teatro\/#breadcrumb\",\"itemListElement\":[{\"@type\":\"ListItem\",\"position\":1,\"name\":\"Portada\",\"item\":\"https:\/\/antiqua.mx\/en\/\"},{\"@type\":\"ListItem\",\"position\":2,\"name\":\"Tienda\",\"item\":\"https:\/\/antiqua.mx\/tienda\/\"},{\"@type\":\"ListItem\",\"position\":3,\"name\":\"VILLAURRUTIA XAVIER. NOSTALGIA DE LA MUERTE. POEMAS Y TEATRO\"}]},{\"@type\":\"WebSite\",\"@id\":\"https:\/\/antiqua.mx\/en\/#website\",\"url\":\"https:\/\/antiqua.mx\/en\/\",\"name\":\"\",\"description\":\"\",\"potentialAction\":[{\"@type\":\"SearchAction\",\"target\":{\"@type\":\"EntryPoint\",\"urlTemplate\":\"https:\/\/antiqua.mx\/en\/?s={search_term_string}\"},\"query-input\":{\"@type\":\"PropertyValueSpecification\",\"valueRequired\":true,\"valueName\":\"search_term_string\"}}],\"inLanguage\":\"en-US\"}]}<\/script>\n<!-- \/ Yoast SEO plugin. -->","yoast_head_json":{"title":"VILLAURRUTIA XAVIER. NOSTALGIA DE LA MUERTE. POEMAS Y TEATRO -","robots":{"index":"index","follow":"follow","max-snippet":"max-snippet:-1","max-image-preview":"max-image-preview:large","max-video-preview":"max-video-preview:-1"},"canonical":"https:\/\/antiqua.mx\/en\/product\/villaurrutia-xavier-nostalgia-de-la-muerte-poemas-y-teatro\/","og_locale":"en_US","og_type":"article","og_title":"VILLAURRUTIA XAVIER. NOSTALGIA DE LA MUERTE. POEMAS Y TEATRO -","og_description":"Editorial: Fondo de Cultura Econ\u00f3mica \/ Lecturas Mexicanas  Primera edici\u00f3n el Lecturas Mexicanas  A\u00f1o 1984  R\u00fastico, en buenas condiciones. El empastado est\u00e1 maltratado.  Impreso en M\u00e9xico.  195 p\u00e1ginas","og_url":"https:\/\/antiqua.mx\/en\/product\/villaurrutia-xavier-nostalgia-de-la-muerte-poemas-y-teatro\/","article_modified_time":"2024-10-12T22:31:56+00:00","og_image":[{"width":1919,"height":2560,"url":"https:\/\/antiqua.mx\/wp-content\/uploads\/2022\/09\/02F3504D-C90D-4029-B63F-211887C49E8B-scaled.jpeg","type":"image\/jpeg"}],"twitter_card":"summary_large_image","schema":{"@context":"https:\/\/schema.org","@graph":[{"@type":"WebPage","@id":"https:\/\/antiqua.mx\/producto\/villaurrutia-xavier-nostalgia-de-la-muerte-poemas-y-teatro\/","url":"https:\/\/antiqua.mx\/producto\/villaurrutia-xavier-nostalgia-de-la-muerte-poemas-y-teatro\/","name":"VILLAURRUTIA XAVIER. NOSTALGIA DE LA MUERTE. POEMAS Y TEATRO -","isPartOf":{"@id":"https:\/\/antiqua.mx\/en\/#website"},"primaryImageOfPage":{"@id":"https:\/\/antiqua.mx\/producto\/villaurrutia-xavier-nostalgia-de-la-muerte-poemas-y-teatro\/#primaryimage"},"image":{"@id":"https:\/\/antiqua.mx\/producto\/villaurrutia-xavier-nostalgia-de-la-muerte-poemas-y-teatro\/#primaryimage"},"thumbnailUrl":"https:\/\/antiqua.mx\/wp-content\/uploads\/2022\/09\/02F3504D-C90D-4029-B63F-211887C49E8B-scaled.jpeg","datePublished":"2022-09-28T19:56:45+00:00","dateModified":"2024-10-12T22:31:56+00:00","breadcrumb":{"@id":"https:\/\/antiqua.mx\/producto\/villaurrutia-xavier-nostalgia-de-la-muerte-poemas-y-teatro\/#breadcrumb"},"inLanguage":"en-US","potentialAction":[{"@type":"ReadAction","target":["https:\/\/antiqua.mx\/producto\/villaurrutia-xavier-nostalgia-de-la-muerte-poemas-y-teatro\/"]}]},{"@type":"ImageObject","inLanguage":"en-US","@id":"https:\/\/antiqua.mx\/producto\/villaurrutia-xavier-nostalgia-de-la-muerte-poemas-y-teatro\/#primaryimage","url":"https:\/\/antiqua.mx\/wp-content\/uploads\/2022\/09\/02F3504D-C90D-4029-B63F-211887C49E8B-scaled.jpeg","contentUrl":"https:\/\/antiqua.mx\/wp-content\/uploads\/2022\/09\/02F3504D-C90D-4029-B63F-211887C49E8B-scaled.jpeg","width":1919,"height":2560},{"@type":"BreadcrumbList","@id":"https:\/\/antiqua.mx\/producto\/villaurrutia-xavier-nostalgia-de-la-muerte-poemas-y-teatro\/#breadcrumb","itemListElement":[{"@type":"ListItem","position":1,"name":"Portada","item":"https:\/\/antiqua.mx\/en\/"},{"@type":"ListItem","position":2,"name":"Tienda","item":"https:\/\/antiqua.mx\/tienda\/"},{"@type":"ListItem","position":3,"name":"VILLAURRUTIA XAVIER. NOSTALGIA DE LA MUERTE. POEMAS Y TEATRO"}]},{"@type":"WebSite","@id":"https:\/\/antiqua.mx\/en\/#website","url":"https:\/\/antiqua.mx\/en\/","name":"","description":"","potentialAction":[{"@type":"SearchAction","target":{"@type":"EntryPoint","urlTemplate":"https:\/\/antiqua.mx\/en\/?s={search_term_string}"},"query-input":{"@type":"PropertyValueSpecification","valueRequired":true,"valueName":"search_term_string"}}],"inLanguage":"en-US"}]}},"jetpack_sharing_enabled":true,"_links":{"self":[{"href":"https:\/\/antiqua.mx\/en\/wp-json\/wp\/v2\/product\/16699","targetHints":{"allow":["GET"]}}],"collection":[{"href":"https:\/\/antiqua.mx\/en\/wp-json\/wp\/v2\/product"}],"about":[{"href":"https:\/\/antiqua.mx\/en\/wp-json\/wp\/v2\/types\/product"}],"replies":[{"embeddable":true,"href":"https:\/\/antiqua.mx\/en\/wp-json\/wp\/v2\/comments?post=16699"}],"wp:featuredmedia":[{"embeddable":true,"href":"https:\/\/antiqua.mx\/en\/wp-json\/wp\/v2\/media\/17304"}],"wp:attachment":[{"href":"https:\/\/antiqua.mx\/en\/wp-json\/wp\/v2\/media?parent=16699"}],"wp:term":[{"taxonomy":"product_brand","embeddable":true,"href":"https:\/\/antiqua.mx\/en\/wp-json\/wp\/v2\/product_brand?post=16699"},{"taxonomy":"product_cat","embeddable":true,"href":"https:\/\/antiqua.mx\/en\/wp-json\/wp\/v2\/product_cat?post=16699"},{"taxonomy":"product_tag","embeddable":true,"href":"https:\/\/antiqua.mx\/en\/wp-json\/wp\/v2\/product_tag?post=16699"}],"curies":[{"name":"wp","href":"https:\/\/api.w.org\/{rel}","templated":true}]}}