{"id":16713,"date":"2022-10-01T00:12:41","date_gmt":"2022-10-01T00:12:41","guid":{"rendered":"https:\/\/antiqua.mx\/?post_type=product&#038;p=16713"},"modified":"2026-03-31T01:07:14","modified_gmt":"2026-03-31T01:07:14","slug":"cortina-martin-maravillas-de-altepepam-leyendas-mexicanas","status":"publish","type":"product","link":"https:\/\/antiqua.mx\/en\/product\/cortina-martin-maravillas-de-altepepam-leyendas-mexicanas\/","title":{"rendered":"CORTINA MART\u00cdN. MARAVILLAS DE ALTEPEPAM. LEYENDAS MEXICANAS"},"content":{"rendered":"<p><strong>Cortina Mart\u00edn<\/strong><\/p>\n<p>Editorial: IMPRENTA DEL MUSEO NACIONAL DE M\u00c9XICO<\/p>\n<p>A\u00f1o 1935<\/p>\n<p>R\u00fastico sin tapas, en buenas condiciones. Las orillas de las siete primeras hojas y de las \u00faltimas cuatro, est\u00e1n maltratadas y manchadas.<\/p>\n<p>Impreso en M\u00e9xico.<\/p>\n<p>162 p\u00e1ginas<\/p>","protected":false},"excerpt":{"rendered":"<ul>\n<li>Editorial: IMPRENTA DEL MUSEO NACIONAL DE M\u00c9XICO<\/li>\n<li>A\u00f1o 1935<\/li>\n<li>R\u00fastico sin tapas, en buenas condiciones. Las orillas de las siete primeras hojas y de las \u00faltimas cuatro, est\u00e1n maltratadas y manchadas.<\/li>\n<li>Impreso en M\u00e9xico.<\/li>\n<li>162 p\u00e1ginas<\/li>\n<\/ul>","protected":false},"featured_media":26680,"comment_status":"open","ping_status":"closed","template":"","meta":{"_joinchat":[]},"product_brand":[],"product_cat":[387,388,335,336,375,376],"product_tag":[4486,1192],"class_list":{"0":"post-16713","1":"product","2":"type-product","3":"status-publish","6":"product_cat-cultmex","7":"product_cat-geomex","8":"product_cat-literatura","9":"product_cat-litmexicana","10":"product_cat-mex","11":"product_cat-mexpre","12":"product_tag-martin-cortina","13":"product_tag-veracruz","15":"first","16":"instock","17":"featured","18":"taxable","19":"shipping-taxable","20":"purchasable","21":"product-type-simple"},"yoast_head":"<!-- This site is optimized with the Yoast SEO plugin v26.1.1 - https:\/\/yoast.com\/wordpress\/plugins\/seo\/ -->\n<title>CORTINA MART\u00cdN. MARAVILLAS DE ALTEPEPAM. LEYENDAS MEXICANAS -<\/title>\n<meta name=\"robots\" content=\"index, follow, max-snippet:-1, max-image-preview:large, max-video-preview:-1\" \/>\n<link rel=\"canonical\" href=\"https:\/\/antiqua.mx\/en\/product\/cortina-martin-maravillas-de-altepepam-leyendas-mexicanas\/\" \/>\n<meta property=\"og:locale\" content=\"en_US\" \/>\n<meta property=\"og:type\" content=\"article\" \/>\n<meta property=\"og:title\" content=\"CORTINA MART\u00cdN. MARAVILLAS DE ALTEPEPAM. LEYENDAS MEXICANAS -\" \/>\n<meta property=\"og:description\" content=\"Editorial: IMPRENTA DEL MUSEO NACIONAL DE M\u00c9XICO  A\u00f1o 1935  R\u00fastico sin tapas, en buenas condiciones. Las orillas de las siete primeras hojas y de las \u00faltimas cuatro, est\u00e1n maltratadas y manchadas.  Impreso en M\u00e9xico.  162 p\u00e1ginas\" \/>\n<meta property=\"og:url\" content=\"https:\/\/antiqua.mx\/en\/product\/cortina-martin-maravillas-de-altepepam-leyendas-mexicanas\/\" \/>\n<meta property=\"article:modified_time\" content=\"2026-03-31T01:07:14+00:00\" \/>\n<meta property=\"og:image\" content=\"https:\/\/antiqua.mx\/wp-content\/uploads\/2022\/10\/CORTINA-MARTIN.-MARAVILLAS-DE-ALTEPEPAM.-LEYENDAS-MEXICANAS.jpeg\" \/>\n\t<meta property=\"og:image:width\" content=\"1956\" \/>\n\t<meta property=\"og:image:height\" content=\"2560\" \/>\n\t<meta property=\"og:image:type\" content=\"image\/jpeg\" \/>\n<meta name=\"twitter:card\" content=\"summary_large_image\" \/>\n<meta name=\"twitter:label1\" content=\"Est. reading time\" \/>\n\t<meta name=\"twitter:data1\" content=\"1 minute\" \/>\n<script type=\"application\/ld+json\" class=\"yoast-schema-graph\">{\"@context\":\"https:\/\/schema.org\",\"@graph\":[{\"@type\":\"WebPage\",\"@id\":\"https:\/\/antiqua.mx\/en\/product\/cortina-martin-maravillas-de-altepepam-leyendas-mexicanas\/\",\"url\":\"https:\/\/antiqua.mx\/en\/product\/cortina-martin-maravillas-de-altepepam-leyendas-mexicanas\/\",\"name\":\"CORTINA MART\u00cdN. MARAVILLAS DE ALTEPEPAM. LEYENDAS MEXICANAS -\",\"isPartOf\":{\"@id\":\"https:\/\/antiqua.mx\/en\/#website\"},\"primaryImageOfPage\":{\"@id\":\"https:\/\/antiqua.mx\/en\/product\/cortina-martin-maravillas-de-altepepam-leyendas-mexicanas\/#primaryimage\"},\"image\":{\"@id\":\"https:\/\/antiqua.mx\/en\/product\/cortina-martin-maravillas-de-altepepam-leyendas-mexicanas\/#primaryimage\"},\"thumbnailUrl\":\"https:\/\/antiqua.mx\/wp-content\/uploads\/2022\/10\/CORTINA-MARTIN.-MARAVILLAS-DE-ALTEPEPAM.-LEYENDAS-MEXICANAS.jpeg\",\"datePublished\":\"2022-10-01T00:12:41+00:00\",\"dateModified\":\"2026-03-31T01:07:14+00:00\",\"breadcrumb\":{\"@id\":\"https:\/\/antiqua.mx\/en\/product\/cortina-martin-maravillas-de-altepepam-leyendas-mexicanas\/#breadcrumb\"},\"inLanguage\":\"en-US\",\"potentialAction\":[{\"@type\":\"ReadAction\",\"target\":[\"https:\/\/antiqua.mx\/en\/product\/cortina-martin-maravillas-de-altepepam-leyendas-mexicanas\/\"]}]},{\"@type\":\"ImageObject\",\"inLanguage\":\"en-US\",\"@id\":\"https:\/\/antiqua.mx\/en\/product\/cortina-martin-maravillas-de-altepepam-leyendas-mexicanas\/#primaryimage\",\"url\":\"https:\/\/antiqua.mx\/wp-content\/uploads\/2022\/10\/CORTINA-MARTIN.-MARAVILLAS-DE-ALTEPEPAM.-LEYENDAS-MEXICANAS.jpeg\",\"contentUrl\":\"https:\/\/antiqua.mx\/wp-content\/uploads\/2022\/10\/CORTINA-MARTIN.-MARAVILLAS-DE-ALTEPEPAM.-LEYENDAS-MEXICANAS.jpeg\",\"width\":1956,\"height\":2560},{\"@type\":\"BreadcrumbList\",\"@id\":\"https:\/\/antiqua.mx\/en\/product\/cortina-martin-maravillas-de-altepepam-leyendas-mexicanas\/#breadcrumb\",\"itemListElement\":[{\"@type\":\"ListItem\",\"position\":1,\"name\":\"Portada\",\"item\":\"https:\/\/antiqua.mx\/en\/\"},{\"@type\":\"ListItem\",\"position\":2,\"name\":\"Tienda\",\"item\":\"https:\/\/antiqua.mx\/tienda\/\"},{\"@type\":\"ListItem\",\"position\":3,\"name\":\"CORTINA MART\u00cdN. MARAVILLAS DE ALTEPEPAM. LEYENDAS MEXICANAS\"}]},{\"@type\":\"WebSite\",\"@id\":\"https:\/\/antiqua.mx\/en\/#website\",\"url\":\"https:\/\/antiqua.mx\/en\/\",\"name\":\"\",\"description\":\"\",\"potentialAction\":[{\"@type\":\"SearchAction\",\"target\":{\"@type\":\"EntryPoint\",\"urlTemplate\":\"https:\/\/antiqua.mx\/en\/?s={search_term_string}\"},\"query-input\":{\"@type\":\"PropertyValueSpecification\",\"valueRequired\":true,\"valueName\":\"search_term_string\"}}],\"inLanguage\":\"en-US\"}]}<\/script>\n<!-- \/ Yoast SEO plugin. -->","yoast_head_json":{"title":"CORTINA MART\u00cdN. MARAVILLAS DE ALTEPEPAM. LEYENDAS MEXICANAS -","robots":{"index":"index","follow":"follow","max-snippet":"max-snippet:-1","max-image-preview":"max-image-preview:large","max-video-preview":"max-video-preview:-1"},"canonical":"https:\/\/antiqua.mx\/en\/product\/cortina-martin-maravillas-de-altepepam-leyendas-mexicanas\/","og_locale":"en_US","og_type":"article","og_title":"CORTINA MART\u00cdN. MARAVILLAS DE ALTEPEPAM. LEYENDAS MEXICANAS -","og_description":"Editorial: IMPRENTA DEL MUSEO NACIONAL DE M\u00c9XICO  A\u00f1o 1935  R\u00fastico sin tapas, en buenas condiciones. Las orillas de las siete primeras hojas y de las \u00faltimas cuatro, est\u00e1n maltratadas y manchadas.  Impreso en M\u00e9xico.  162 p\u00e1ginas","og_url":"https:\/\/antiqua.mx\/en\/product\/cortina-martin-maravillas-de-altepepam-leyendas-mexicanas\/","article_modified_time":"2026-03-31T01:07:14+00:00","og_image":[{"width":1956,"height":2560,"url":"https:\/\/antiqua.mx\/wp-content\/uploads\/2022\/10\/CORTINA-MARTIN.-MARAVILLAS-DE-ALTEPEPAM.-LEYENDAS-MEXICANAS.jpeg","type":"image\/jpeg"}],"twitter_card":"summary_large_image","twitter_misc":{"Est. reading time":"1 minute"},"schema":{"@context":"https:\/\/schema.org","@graph":[{"@type":"WebPage","@id":"https:\/\/antiqua.mx\/en\/product\/cortina-martin-maravillas-de-altepepam-leyendas-mexicanas\/","url":"https:\/\/antiqua.mx\/en\/product\/cortina-martin-maravillas-de-altepepam-leyendas-mexicanas\/","name":"CORTINA MART\u00cdN. MARAVILLAS DE ALTEPEPAM. LEYENDAS MEXICANAS -","isPartOf":{"@id":"https:\/\/antiqua.mx\/en\/#website"},"primaryImageOfPage":{"@id":"https:\/\/antiqua.mx\/en\/product\/cortina-martin-maravillas-de-altepepam-leyendas-mexicanas\/#primaryimage"},"image":{"@id":"https:\/\/antiqua.mx\/en\/product\/cortina-martin-maravillas-de-altepepam-leyendas-mexicanas\/#primaryimage"},"thumbnailUrl":"https:\/\/antiqua.mx\/wp-content\/uploads\/2022\/10\/CORTINA-MARTIN.-MARAVILLAS-DE-ALTEPEPAM.-LEYENDAS-MEXICANAS.jpeg","datePublished":"2022-10-01T00:12:41+00:00","dateModified":"2026-03-31T01:07:14+00:00","breadcrumb":{"@id":"https:\/\/antiqua.mx\/en\/product\/cortina-martin-maravillas-de-altepepam-leyendas-mexicanas\/#breadcrumb"},"inLanguage":"en-US","potentialAction":[{"@type":"ReadAction","target":["https:\/\/antiqua.mx\/en\/product\/cortina-martin-maravillas-de-altepepam-leyendas-mexicanas\/"]}]},{"@type":"ImageObject","inLanguage":"en-US","@id":"https:\/\/antiqua.mx\/en\/product\/cortina-martin-maravillas-de-altepepam-leyendas-mexicanas\/#primaryimage","url":"https:\/\/antiqua.mx\/wp-content\/uploads\/2022\/10\/CORTINA-MARTIN.-MARAVILLAS-DE-ALTEPEPAM.-LEYENDAS-MEXICANAS.jpeg","contentUrl":"https:\/\/antiqua.mx\/wp-content\/uploads\/2022\/10\/CORTINA-MARTIN.-MARAVILLAS-DE-ALTEPEPAM.-LEYENDAS-MEXICANAS.jpeg","width":1956,"height":2560},{"@type":"BreadcrumbList","@id":"https:\/\/antiqua.mx\/en\/product\/cortina-martin-maravillas-de-altepepam-leyendas-mexicanas\/#breadcrumb","itemListElement":[{"@type":"ListItem","position":1,"name":"Portada","item":"https:\/\/antiqua.mx\/en\/"},{"@type":"ListItem","position":2,"name":"Tienda","item":"https:\/\/antiqua.mx\/tienda\/"},{"@type":"ListItem","position":3,"name":"CORTINA MART\u00cdN. MARAVILLAS DE ALTEPEPAM. LEYENDAS MEXICANAS"}]},{"@type":"WebSite","@id":"https:\/\/antiqua.mx\/en\/#website","url":"https:\/\/antiqua.mx\/en\/","name":"","description":"","potentialAction":[{"@type":"SearchAction","target":{"@type":"EntryPoint","urlTemplate":"https:\/\/antiqua.mx\/en\/?s={search_term_string}"},"query-input":{"@type":"PropertyValueSpecification","valueRequired":true,"valueName":"search_term_string"}}],"inLanguage":"en-US"}]}},"jetpack_sharing_enabled":true,"_links":{"self":[{"href":"https:\/\/antiqua.mx\/en\/wp-json\/wp\/v2\/product\/16713","targetHints":{"allow":["GET"]}}],"collection":[{"href":"https:\/\/antiqua.mx\/en\/wp-json\/wp\/v2\/product"}],"about":[{"href":"https:\/\/antiqua.mx\/en\/wp-json\/wp\/v2\/types\/product"}],"replies":[{"embeddable":true,"href":"https:\/\/antiqua.mx\/en\/wp-json\/wp\/v2\/comments?post=16713"}],"wp:featuredmedia":[{"embeddable":true,"href":"https:\/\/antiqua.mx\/en\/wp-json\/wp\/v2\/media\/26680"}],"wp:attachment":[{"href":"https:\/\/antiqua.mx\/en\/wp-json\/wp\/v2\/media?parent=16713"}],"wp:term":[{"taxonomy":"product_brand","embeddable":true,"href":"https:\/\/antiqua.mx\/en\/wp-json\/wp\/v2\/product_brand?post=16713"},{"taxonomy":"product_cat","embeddable":true,"href":"https:\/\/antiqua.mx\/en\/wp-json\/wp\/v2\/product_cat?post=16713"},{"taxonomy":"product_tag","embeddable":true,"href":"https:\/\/antiqua.mx\/en\/wp-json\/wp\/v2\/product_tag?post=16713"}],"curies":[{"name":"wp","href":"https:\/\/api.w.org\/{rel}","templated":true}]}}