{"id":17069,"date":"2022-10-20T20:50:42","date_gmt":"2022-10-20T20:50:42","guid":{"rendered":"https:\/\/antiqua.mx\/?post_type=product&#038;p=17069"},"modified":"2025-06-20T01:51:25","modified_gmt":"2025-06-20T01:51:25","slug":"rios-bustamante-antonio-los-angeles-pueblo-y-region-1781-1850-continuidad-y-adaptacion-en-la-periferia-del-norte-mexicano","status":"publish","type":"product","link":"https:\/\/antiqua.mx\/en\/product\/rios-bustamante-antonio-los-angeles-pueblo-y-region-1781-1850-continuidad-y-adaptacion-en-la-periferia-del-norte-mexicano","title":{"rendered":"R\u00cdOS-BUSTAMANTE ANTONIO. LOS \u00c1NGELES, PUEBLO Y REGI\u00d3N, 1781-1850. CONTINUIDAD Y ADAPTACI\u00d3N EN LA PERIFERIA DEL NORTE MEXICANO"},"content":{"rendered":"<p><strong>R\u00edo-Bustamante Antonio<\/strong><\/p>\n<p>Editorial: Instituto Nacional de Antropolog\u00eda e Historia<\/p>\n<p>Primera edici\u00f3n<\/p>\n<p>A\u00f1o 1991<\/p>\n<p>R\u00fastico, en buenas condiciones.<\/p>\n<p>El ejemplar est\u00e1 ilustrado con fotograf\u00edas a blanco y negro.<\/p>\n<p>Traducci\u00f3n de Paloma Bonfil.<\/p>\n<p><strong>SERIE: HISTORIA.<\/strong><\/p>\n<p>Impreso en M\u00e9xico.<\/p>\n<p>384 p\u00e1ginas<\/p>","protected":false},"excerpt":{"rendered":"<ul>\n<li>Editorial: Instituto Nacional de Antropolog\u00eda e Historia<\/li>\n<li>Primera edici\u00f3n<\/li>\n<li>A\u00f1o 1991<\/li>\n<li>R\u00fastico, en buenas condiciones.<\/li>\n<li>El ejemplar est\u00e1 ilustrado con fotograf\u00edas a blanco y negro.<\/li>\n<li>Traducci\u00f3n de Paloma Bonfil.<\/li>\n<li><strong>SERIE: HISTORIA.<\/strong><\/li>\n<li>Impreso en M\u00e9xico.<\/li>\n<li>384 p\u00e1ginas<\/li>\n<\/ul>","protected":false},"featured_media":17446,"comment_status":"open","ping_status":"closed","template":"","meta":{"_joinchat":[]},"product_brand":[],"product_cat":[388,398,375,377,1340],"product_tag":[4514,4512,1562,4513,1188,1190],"class_list":{"0":"post-17069","1":"product","2":"type-product","3":"status-publish","6":"product_cat-geomex","7":"product_cat-histguerr","8":"product_cat-mex","9":"product_cat-nuevaesp","10":"product_cat-pais","11":"product_tag-alta-california","12":"product_tag-antonio-rios-bustamante","13":"product_tag-estados-unidos-de-america","14":"product_tag-los-angeles-california","15":"product_tag-sinaloa","16":"product_tag-sonora","18":"first","19":"outofstock","20":"featured","21":"taxable","22":"shipping-taxable","23":"purchasable","24":"product-type-simple"},"yoast_head":"<!-- This site is optimized with the Yoast SEO plugin v26.1.1 - https:\/\/yoast.com\/wordpress\/plugins\/seo\/ -->\n<title>R\u00cdOS-BUSTAMANTE ANTONIO. LOS \u00c1NGELES, PUEBLO Y REGI\u00d3N, 1781-1850. CONTINUIDAD Y ADAPTACI\u00d3N EN LA PERIFERIA DEL NORTE MEXICANO -<\/title>\n<meta name=\"robots\" content=\"index, follow, max-snippet:-1, max-image-preview:large, max-video-preview:-1\" \/>\n<link rel=\"canonical\" href=\"https:\/\/antiqua.mx\/en\/product\/rios-bustamante-antonio-los-angeles-pueblo-y-region-1781-1850-continuidad-y-adaptacion-en-la-periferia-del-norte-mexicano\" \/>\n<meta property=\"og:locale\" content=\"en_US\" \/>\n<meta property=\"og:type\" content=\"article\" \/>\n<meta property=\"og:title\" content=\"R\u00cdOS-BUSTAMANTE ANTONIO. LOS \u00c1NGELES, PUEBLO Y REGI\u00d3N, 1781-1850. CONTINUIDAD Y ADAPTACI\u00d3N EN LA PERIFERIA DEL NORTE MEXICANO -\" \/>\n<meta property=\"og:description\" content=\"Editorial: Instituto Nacional de Antropolog\u00eda e Historia  Primera edici\u00f3n  A\u00f1o 1991  R\u00fastico, en buenas condiciones.  El ejemplar est\u00e1 ilustrado con fotograf\u00edas a blanco y negro.  Traducci\u00f3n de Paloma Bonfil.  SERIE: HISTORIA.  Impreso en M\u00e9xico.  384 p\u00e1ginas\" \/>\n<meta property=\"og:url\" content=\"https:\/\/antiqua.mx\/en\/product\/rios-bustamante-antonio-los-angeles-pueblo-y-region-1781-1850-continuidad-y-adaptacion-en-la-periferia-del-norte-mexicano\" \/>\n<meta property=\"article:modified_time\" content=\"2025-06-20T01:51:25+00:00\" \/>\n<meta property=\"og:image\" content=\"https:\/\/antiqua.mx\/wp-content\/uploads\/2022\/10\/8BDD89B0-F8DB-4824-A851-C2CB75D8E871-scaled.jpeg\" \/>\n\t<meta property=\"og:image:width\" content=\"1977\" \/>\n\t<meta property=\"og:image:height\" content=\"2560\" \/>\n\t<meta property=\"og:image:type\" content=\"image\/jpeg\" \/>\n<meta name=\"twitter:card\" content=\"summary_large_image\" \/>\n<script type=\"application\/ld+json\" class=\"yoast-schema-graph\">{\"@context\":\"https:\/\/schema.org\",\"@graph\":[{\"@type\":\"WebPage\",\"@id\":\"https:\/\/antiqua.mx\/en\/product\/rios-bustamante-antonio-los-angeles-pueblo-y-region-1781-1850-continuidad-y-adaptacion-en-la-periferia-del-norte-mexicano\",\"url\":\"https:\/\/antiqua.mx\/en\/product\/rios-bustamante-antonio-los-angeles-pueblo-y-region-1781-1850-continuidad-y-adaptacion-en-la-periferia-del-norte-mexicano\",\"name\":\"R\u00cdOS-BUSTAMANTE ANTONIO. LOS \u00c1NGELES, PUEBLO Y REGI\u00d3N, 1781-1850. CONTINUIDAD Y ADAPTACI\u00d3N EN LA PERIFERIA DEL NORTE MEXICANO -\",\"isPartOf\":{\"@id\":\"https:\/\/antiqua.mx\/en\/#website\"},\"primaryImageOfPage\":{\"@id\":\"https:\/\/antiqua.mx\/en\/product\/rios-bustamante-antonio-los-angeles-pueblo-y-region-1781-1850-continuidad-y-adaptacion-en-la-periferia-del-norte-mexicano#primaryimage\"},\"image\":{\"@id\":\"https:\/\/antiqua.mx\/en\/product\/rios-bustamante-antonio-los-angeles-pueblo-y-region-1781-1850-continuidad-y-adaptacion-en-la-periferia-del-norte-mexicano#primaryimage\"},\"thumbnailUrl\":\"https:\/\/antiqua.mx\/wp-content\/uploads\/2022\/10\/8BDD89B0-F8DB-4824-A851-C2CB75D8E871-scaled.jpeg\",\"datePublished\":\"2022-10-20T20:50:42+00:00\",\"dateModified\":\"2025-06-20T01:51:25+00:00\",\"breadcrumb\":{\"@id\":\"https:\/\/antiqua.mx\/en\/product\/rios-bustamante-antonio-los-angeles-pueblo-y-region-1781-1850-continuidad-y-adaptacion-en-la-periferia-del-norte-mexicano#breadcrumb\"},\"inLanguage\":\"en-US\",\"potentialAction\":[{\"@type\":\"ReadAction\",\"target\":[\"https:\/\/antiqua.mx\/en\/product\/rios-bustamante-antonio-los-angeles-pueblo-y-region-1781-1850-continuidad-y-adaptacion-en-la-periferia-del-norte-mexicano\"]}]},{\"@type\":\"ImageObject\",\"inLanguage\":\"en-US\",\"@id\":\"https:\/\/antiqua.mx\/en\/product\/rios-bustamante-antonio-los-angeles-pueblo-y-region-1781-1850-continuidad-y-adaptacion-en-la-periferia-del-norte-mexicano#primaryimage\",\"url\":\"https:\/\/antiqua.mx\/wp-content\/uploads\/2022\/10\/8BDD89B0-F8DB-4824-A851-C2CB75D8E871-scaled.jpeg\",\"contentUrl\":\"https:\/\/antiqua.mx\/wp-content\/uploads\/2022\/10\/8BDD89B0-F8DB-4824-A851-C2CB75D8E871-scaled.jpeg\",\"width\":1977,\"height\":2560},{\"@type\":\"BreadcrumbList\",\"@id\":\"https:\/\/antiqua.mx\/en\/product\/rios-bustamante-antonio-los-angeles-pueblo-y-region-1781-1850-continuidad-y-adaptacion-en-la-periferia-del-norte-mexicano#breadcrumb\",\"itemListElement\":[{\"@type\":\"ListItem\",\"position\":1,\"name\":\"Portada\",\"item\":\"https:\/\/antiqua.mx\/en\/\"},{\"@type\":\"ListItem\",\"position\":2,\"name\":\"Tienda\",\"item\":\"https:\/\/antiqua.mx\/en\/tienda\"},{\"@type\":\"ListItem\",\"position\":3,\"name\":\"R\u00cdOS-BUSTAMANTE ANTONIO. LOS \u00c1NGELES, PUEBLO Y REGI\u00d3N, 1781-1850. CONTINUIDAD Y ADAPTACI\u00d3N EN LA PERIFERIA DEL NORTE MEXICANO\"}]},{\"@type\":\"WebSite\",\"@id\":\"https:\/\/antiqua.mx\/en\/#website\",\"url\":\"https:\/\/antiqua.mx\/en\/\",\"name\":\"\",\"description\":\"\",\"potentialAction\":[{\"@type\":\"SearchAction\",\"target\":{\"@type\":\"EntryPoint\",\"urlTemplate\":\"https:\/\/antiqua.mx\/en\/?s={search_term_string}\"},\"query-input\":{\"@type\":\"PropertyValueSpecification\",\"valueRequired\":true,\"valueName\":\"search_term_string\"}}],\"inLanguage\":\"en-US\"}]}<\/script>\n<!-- \/ Yoast SEO plugin. -->","yoast_head_json":{"title":"R\u00cdOS-BUSTAMANTE ANTONIO. LOS \u00c1NGELES, PUEBLO Y REGI\u00d3N, 1781-1850. CONTINUIDAD Y ADAPTACI\u00d3N EN LA PERIFERIA DEL NORTE MEXICANO -","robots":{"index":"index","follow":"follow","max-snippet":"max-snippet:-1","max-image-preview":"max-image-preview:large","max-video-preview":"max-video-preview:-1"},"canonical":"https:\/\/antiqua.mx\/en\/product\/rios-bustamante-antonio-los-angeles-pueblo-y-region-1781-1850-continuidad-y-adaptacion-en-la-periferia-del-norte-mexicano","og_locale":"en_US","og_type":"article","og_title":"R\u00cdOS-BUSTAMANTE ANTONIO. LOS \u00c1NGELES, PUEBLO Y REGI\u00d3N, 1781-1850. CONTINUIDAD Y ADAPTACI\u00d3N EN LA PERIFERIA DEL NORTE MEXICANO -","og_description":"Editorial: Instituto Nacional de Antropolog\u00eda e Historia  Primera edici\u00f3n  A\u00f1o 1991  R\u00fastico, en buenas condiciones.  El ejemplar est\u00e1 ilustrado con fotograf\u00edas a blanco y negro.  Traducci\u00f3n de Paloma Bonfil.  SERIE: HISTORIA.  Impreso en M\u00e9xico.  384 p\u00e1ginas","og_url":"https:\/\/antiqua.mx\/en\/product\/rios-bustamante-antonio-los-angeles-pueblo-y-region-1781-1850-continuidad-y-adaptacion-en-la-periferia-del-norte-mexicano","article_modified_time":"2025-06-20T01:51:25+00:00","og_image":[{"width":1977,"height":2560,"url":"https:\/\/antiqua.mx\/wp-content\/uploads\/2022\/10\/8BDD89B0-F8DB-4824-A851-C2CB75D8E871-scaled.jpeg","type":"image\/jpeg"}],"twitter_card":"summary_large_image","schema":{"@context":"https:\/\/schema.org","@graph":[{"@type":"WebPage","@id":"https:\/\/antiqua.mx\/en\/product\/rios-bustamante-antonio-los-angeles-pueblo-y-region-1781-1850-continuidad-y-adaptacion-en-la-periferia-del-norte-mexicano","url":"https:\/\/antiqua.mx\/en\/product\/rios-bustamante-antonio-los-angeles-pueblo-y-region-1781-1850-continuidad-y-adaptacion-en-la-periferia-del-norte-mexicano","name":"R\u00cdOS-BUSTAMANTE ANTONIO. LOS \u00c1NGELES, PUEBLO Y REGI\u00d3N, 1781-1850. CONTINUIDAD Y ADAPTACI\u00d3N EN LA PERIFERIA DEL NORTE MEXICANO -","isPartOf":{"@id":"https:\/\/antiqua.mx\/en\/#website"},"primaryImageOfPage":{"@id":"https:\/\/antiqua.mx\/en\/product\/rios-bustamante-antonio-los-angeles-pueblo-y-region-1781-1850-continuidad-y-adaptacion-en-la-periferia-del-norte-mexicano#primaryimage"},"image":{"@id":"https:\/\/antiqua.mx\/en\/product\/rios-bustamante-antonio-los-angeles-pueblo-y-region-1781-1850-continuidad-y-adaptacion-en-la-periferia-del-norte-mexicano#primaryimage"},"thumbnailUrl":"https:\/\/antiqua.mx\/wp-content\/uploads\/2022\/10\/8BDD89B0-F8DB-4824-A851-C2CB75D8E871-scaled.jpeg","datePublished":"2022-10-20T20:50:42+00:00","dateModified":"2025-06-20T01:51:25+00:00","breadcrumb":{"@id":"https:\/\/antiqua.mx\/en\/product\/rios-bustamante-antonio-los-angeles-pueblo-y-region-1781-1850-continuidad-y-adaptacion-en-la-periferia-del-norte-mexicano#breadcrumb"},"inLanguage":"en-US","potentialAction":[{"@type":"ReadAction","target":["https:\/\/antiqua.mx\/en\/product\/rios-bustamante-antonio-los-angeles-pueblo-y-region-1781-1850-continuidad-y-adaptacion-en-la-periferia-del-norte-mexicano"]}]},{"@type":"ImageObject","inLanguage":"en-US","@id":"https:\/\/antiqua.mx\/en\/product\/rios-bustamante-antonio-los-angeles-pueblo-y-region-1781-1850-continuidad-y-adaptacion-en-la-periferia-del-norte-mexicano#primaryimage","url":"https:\/\/antiqua.mx\/wp-content\/uploads\/2022\/10\/8BDD89B0-F8DB-4824-A851-C2CB75D8E871-scaled.jpeg","contentUrl":"https:\/\/antiqua.mx\/wp-content\/uploads\/2022\/10\/8BDD89B0-F8DB-4824-A851-C2CB75D8E871-scaled.jpeg","width":1977,"height":2560},{"@type":"BreadcrumbList","@id":"https:\/\/antiqua.mx\/en\/product\/rios-bustamante-antonio-los-angeles-pueblo-y-region-1781-1850-continuidad-y-adaptacion-en-la-periferia-del-norte-mexicano#breadcrumb","itemListElement":[{"@type":"ListItem","position":1,"name":"Portada","item":"https:\/\/antiqua.mx\/en\/"},{"@type":"ListItem","position":2,"name":"Tienda","item":"https:\/\/antiqua.mx\/en\/tienda"},{"@type":"ListItem","position":3,"name":"R\u00cdOS-BUSTAMANTE ANTONIO. LOS \u00c1NGELES, PUEBLO Y REGI\u00d3N, 1781-1850. CONTINUIDAD Y ADAPTACI\u00d3N EN LA PERIFERIA DEL NORTE MEXICANO"}]},{"@type":"WebSite","@id":"https:\/\/antiqua.mx\/en\/#website","url":"https:\/\/antiqua.mx\/en\/","name":"","description":"","potentialAction":[{"@type":"SearchAction","target":{"@type":"EntryPoint","urlTemplate":"https:\/\/antiqua.mx\/en\/?s={search_term_string}"},"query-input":{"@type":"PropertyValueSpecification","valueRequired":true,"valueName":"search_term_string"}}],"inLanguage":"en-US"}]}},"jetpack_sharing_enabled":true,"_links":{"self":[{"href":"https:\/\/antiqua.mx\/en\/wp-json\/wp\/v2\/product\/17069","targetHints":{"allow":["GET"]}}],"collection":[{"href":"https:\/\/antiqua.mx\/en\/wp-json\/wp\/v2\/product"}],"about":[{"href":"https:\/\/antiqua.mx\/en\/wp-json\/wp\/v2\/types\/product"}],"replies":[{"embeddable":true,"href":"https:\/\/antiqua.mx\/en\/wp-json\/wp\/v2\/comments?post=17069"}],"wp:featuredmedia":[{"embeddable":true,"href":"https:\/\/antiqua.mx\/en\/wp-json\/wp\/v2\/media\/17446"}],"wp:attachment":[{"href":"https:\/\/antiqua.mx\/en\/wp-json\/wp\/v2\/media?parent=17069"}],"wp:term":[{"taxonomy":"product_brand","embeddable":true,"href":"https:\/\/antiqua.mx\/en\/wp-json\/wp\/v2\/product_brand?post=17069"},{"taxonomy":"product_cat","embeddable":true,"href":"https:\/\/antiqua.mx\/en\/wp-json\/wp\/v2\/product_cat?post=17069"},{"taxonomy":"product_tag","embeddable":true,"href":"https:\/\/antiqua.mx\/en\/wp-json\/wp\/v2\/product_tag?post=17069"}],"curies":[{"name":"wp","href":"https:\/\/api.w.org\/{rel}","templated":true}]}}