{"id":17107,"date":"2022-10-22T23:20:51","date_gmt":"2022-10-22T23:20:51","guid":{"rendered":"https:\/\/antiqua.mx\/?post_type=product&#038;p=17107"},"modified":"2026-03-26T22:23:06","modified_gmt":"2026-03-26T22:23:06","slug":"arias-carbajal-pio-plantas-que-curan-y-plantas-que-matan","status":"publish","type":"product","link":"https:\/\/antiqua.mx\/en\/product\/arias-carbajal-pio-plantas-que-curan-y-plantas-que-matan\/","title":{"rendered":"ARIAS-CARBAJAL P\u00cdO. PLANTAS QUE CURAN Y PLANTAS QUE MATAN"},"content":{"rendered":"<p><strong>Arias-Carbajal P\u00edo<\/strong><\/p>\n<p>Editorial: EDICIONES DEL CARIBE<\/p>\n<p>A\u00f1o 1952<\/p>\n<p>R\u00fastico, en buenas condiciones. El empastado est\u00e1 maltratado.<\/p>\n<p>La obra est\u00e1 ilustrada.<\/p>\n<p><em><strong>TRATADO TE\u00d3RICO PR\u00c1CTICO DE BOT\u00c1NICA MEDICINAL PARA LA CURACI\u00d3N DE TODAS LAS ENFERMEDADES.<\/strong><\/em><\/p>\n<p>Impreso en M\u00e9xico.<\/p>\n<p>292 p\u00e1ginas<\/p>","protected":false},"excerpt":{"rendered":"<ul>\n<li>Editorial: EDICIONES DEL CARIBE<\/li>\n<li>A\u00f1o 1952<\/li>\n<li>R\u00fastico, en buenas condiciones. El empastado est\u00e1 maltratado.<\/li>\n<li>La obra est\u00e1 ilustrada.<\/li>\n<li><em><strong>TRATADO TE\u00d3RICO PR\u00c1CTICO DE BOT\u00c1NICA MEDICINAL PARA LA CURACI\u00d3N DE TODAS LAS ENFERMEDADES.<\/strong><\/em><\/li>\n<li>Impreso en M\u00e9xico.<\/li>\n<li>292 p\u00e1ginas<\/li>\n<\/ul>","protected":false},"featured_media":26419,"comment_status":"open","ping_status":"closed","template":"","meta":{"_joinchat":[]},"product_brand":[],"product_cat":[451,459],"product_tag":[4547],"class_list":{"0":"post-17107","1":"product","2":"type-product","3":"status-publish","6":"product_cat-otros","7":"product_cat-plantmed","8":"product_tag-pio-arias-carbajal","10":"first","11":"instock","12":"featured","13":"taxable","14":"shipping-taxable","15":"purchasable","16":"product-type-simple"},"yoast_head":"<!-- This site is optimized with the Yoast SEO plugin v26.1.1 - https:\/\/yoast.com\/wordpress\/plugins\/seo\/ -->\n<title>ARIAS-CARBAJAL P\u00cdO. PLANTAS QUE CURAN Y PLANTAS QUE MATAN -<\/title>\n<meta name=\"robots\" content=\"index, follow, max-snippet:-1, max-image-preview:large, max-video-preview:-1\" \/>\n<link rel=\"canonical\" href=\"https:\/\/antiqua.mx\/en\/product\/arias-carbajal-pio-plantas-que-curan-y-plantas-que-matan\/\" \/>\n<meta property=\"og:locale\" content=\"en_US\" \/>\n<meta property=\"og:type\" content=\"article\" \/>\n<meta property=\"og:title\" content=\"ARIAS-CARBAJAL P\u00cdO. PLANTAS QUE CURAN Y PLANTAS QUE MATAN -\" \/>\n<meta property=\"og:description\" content=\"Editorial: EDICIONES DEL CARIBE  A\u00f1o 1952  R\u00fastico, en buenas condiciones. El empastado est\u00e1 maltratado.  La obra est\u00e1 ilustrada.  TRATADO TE\u00d3RICO PR\u00c1CTICO DE BOT\u00c1NICA MEDICINAL PARA LA CURACI\u00d3N DE TODAS LAS ENFERMEDADES.  Impreso en M\u00e9xico.  292 p\u00e1ginas\" \/>\n<meta property=\"og:url\" content=\"https:\/\/antiqua.mx\/en\/product\/arias-carbajal-pio-plantas-que-curan-y-plantas-que-matan\/\" \/>\n<meta property=\"article:modified_time\" content=\"2026-03-26T22:23:06+00:00\" \/>\n<meta property=\"og:image\" content=\"https:\/\/antiqua.mx\/wp-content\/uploads\/2022\/10\/ARIAS-CARBAJAL-PIO.-PLANTAS-QUE-CURAN-Y-PLANTAS-QUE-MATAN.jpeg\" \/>\n\t<meta property=\"og:image:width\" content=\"2029\" \/>\n\t<meta property=\"og:image:height\" content=\"2560\" \/>\n\t<meta property=\"og:image:type\" content=\"image\/jpeg\" \/>\n<meta name=\"twitter:card\" content=\"summary_large_image\" \/>\n<meta name=\"twitter:label1\" content=\"Est. reading time\" \/>\n\t<meta name=\"twitter:data1\" content=\"1 minute\" \/>\n<script type=\"application\/ld+json\" class=\"yoast-schema-graph\">{\"@context\":\"https:\/\/schema.org\",\"@graph\":[{\"@type\":\"WebPage\",\"@id\":\"https:\/\/antiqua.mx\/producto\/arias-carbajal-pio-plantas-que-curan-y-plantas-que-matan\/\",\"url\":\"https:\/\/antiqua.mx\/producto\/arias-carbajal-pio-plantas-que-curan-y-plantas-que-matan\/\",\"name\":\"ARIAS-CARBAJAL P\u00cdO. PLANTAS QUE CURAN Y PLANTAS QUE MATAN -\",\"isPartOf\":{\"@id\":\"https:\/\/antiqua.mx\/en\/#website\"},\"primaryImageOfPage\":{\"@id\":\"https:\/\/antiqua.mx\/producto\/arias-carbajal-pio-plantas-que-curan-y-plantas-que-matan\/#primaryimage\"},\"image\":{\"@id\":\"https:\/\/antiqua.mx\/producto\/arias-carbajal-pio-plantas-que-curan-y-plantas-que-matan\/#primaryimage\"},\"thumbnailUrl\":\"https:\/\/antiqua.mx\/wp-content\/uploads\/2022\/10\/ARIAS-CARBAJAL-PIO.-PLANTAS-QUE-CURAN-Y-PLANTAS-QUE-MATAN.jpeg\",\"datePublished\":\"2022-10-22T23:20:51+00:00\",\"dateModified\":\"2026-03-26T22:23:06+00:00\",\"breadcrumb\":{\"@id\":\"https:\/\/antiqua.mx\/producto\/arias-carbajal-pio-plantas-que-curan-y-plantas-que-matan\/#breadcrumb\"},\"inLanguage\":\"en-US\",\"potentialAction\":[{\"@type\":\"ReadAction\",\"target\":[\"https:\/\/antiqua.mx\/producto\/arias-carbajal-pio-plantas-que-curan-y-plantas-que-matan\/\"]}]},{\"@type\":\"ImageObject\",\"inLanguage\":\"en-US\",\"@id\":\"https:\/\/antiqua.mx\/producto\/arias-carbajal-pio-plantas-que-curan-y-plantas-que-matan\/#primaryimage\",\"url\":\"https:\/\/antiqua.mx\/wp-content\/uploads\/2022\/10\/ARIAS-CARBAJAL-PIO.-PLANTAS-QUE-CURAN-Y-PLANTAS-QUE-MATAN.jpeg\",\"contentUrl\":\"https:\/\/antiqua.mx\/wp-content\/uploads\/2022\/10\/ARIAS-CARBAJAL-PIO.-PLANTAS-QUE-CURAN-Y-PLANTAS-QUE-MATAN.jpeg\",\"width\":2029,\"height\":2560},{\"@type\":\"BreadcrumbList\",\"@id\":\"https:\/\/antiqua.mx\/producto\/arias-carbajal-pio-plantas-que-curan-y-plantas-que-matan\/#breadcrumb\",\"itemListElement\":[{\"@type\":\"ListItem\",\"position\":1,\"name\":\"Portada\",\"item\":\"https:\/\/antiqua.mx\/en\/\"},{\"@type\":\"ListItem\",\"position\":2,\"name\":\"Tienda\",\"item\":\"https:\/\/antiqua.mx\/tienda\/\"},{\"@type\":\"ListItem\",\"position\":3,\"name\":\"ARIAS-CARBAJAL P\u00cdO. PLANTAS QUE CURAN Y PLANTAS QUE MATAN\"}]},{\"@type\":\"WebSite\",\"@id\":\"https:\/\/antiqua.mx\/en\/#website\",\"url\":\"https:\/\/antiqua.mx\/en\/\",\"name\":\"\",\"description\":\"\",\"potentialAction\":[{\"@type\":\"SearchAction\",\"target\":{\"@type\":\"EntryPoint\",\"urlTemplate\":\"https:\/\/antiqua.mx\/en\/?s={search_term_string}\"},\"query-input\":{\"@type\":\"PropertyValueSpecification\",\"valueRequired\":true,\"valueName\":\"search_term_string\"}}],\"inLanguage\":\"en-US\"}]}<\/script>\n<!-- \/ Yoast SEO plugin. -->","yoast_head_json":{"title":"ARIAS-CARBAJAL P\u00cdO. PLANTAS QUE CURAN Y PLANTAS QUE MATAN -","robots":{"index":"index","follow":"follow","max-snippet":"max-snippet:-1","max-image-preview":"max-image-preview:large","max-video-preview":"max-video-preview:-1"},"canonical":"https:\/\/antiqua.mx\/en\/product\/arias-carbajal-pio-plantas-que-curan-y-plantas-que-matan\/","og_locale":"en_US","og_type":"article","og_title":"ARIAS-CARBAJAL P\u00cdO. PLANTAS QUE CURAN Y PLANTAS QUE MATAN -","og_description":"Editorial: EDICIONES DEL CARIBE  A\u00f1o 1952  R\u00fastico, en buenas condiciones. El empastado est\u00e1 maltratado.  La obra est\u00e1 ilustrada.  TRATADO TE\u00d3RICO PR\u00c1CTICO DE BOT\u00c1NICA MEDICINAL PARA LA CURACI\u00d3N DE TODAS LAS ENFERMEDADES.  Impreso en M\u00e9xico.  292 p\u00e1ginas","og_url":"https:\/\/antiqua.mx\/en\/product\/arias-carbajal-pio-plantas-que-curan-y-plantas-que-matan\/","article_modified_time":"2026-03-26T22:23:06+00:00","og_image":[{"width":2029,"height":2560,"url":"https:\/\/antiqua.mx\/wp-content\/uploads\/2022\/10\/ARIAS-CARBAJAL-PIO.-PLANTAS-QUE-CURAN-Y-PLANTAS-QUE-MATAN.jpeg","type":"image\/jpeg"}],"twitter_card":"summary_large_image","twitter_misc":{"Est. reading time":"1 minute"},"schema":{"@context":"https:\/\/schema.org","@graph":[{"@type":"WebPage","@id":"https:\/\/antiqua.mx\/producto\/arias-carbajal-pio-plantas-que-curan-y-plantas-que-matan\/","url":"https:\/\/antiqua.mx\/producto\/arias-carbajal-pio-plantas-que-curan-y-plantas-que-matan\/","name":"ARIAS-CARBAJAL P\u00cdO. PLANTAS QUE CURAN Y PLANTAS QUE MATAN -","isPartOf":{"@id":"https:\/\/antiqua.mx\/en\/#website"},"primaryImageOfPage":{"@id":"https:\/\/antiqua.mx\/producto\/arias-carbajal-pio-plantas-que-curan-y-plantas-que-matan\/#primaryimage"},"image":{"@id":"https:\/\/antiqua.mx\/producto\/arias-carbajal-pio-plantas-que-curan-y-plantas-que-matan\/#primaryimage"},"thumbnailUrl":"https:\/\/antiqua.mx\/wp-content\/uploads\/2022\/10\/ARIAS-CARBAJAL-PIO.-PLANTAS-QUE-CURAN-Y-PLANTAS-QUE-MATAN.jpeg","datePublished":"2022-10-22T23:20:51+00:00","dateModified":"2026-03-26T22:23:06+00:00","breadcrumb":{"@id":"https:\/\/antiqua.mx\/producto\/arias-carbajal-pio-plantas-que-curan-y-plantas-que-matan\/#breadcrumb"},"inLanguage":"en-US","potentialAction":[{"@type":"ReadAction","target":["https:\/\/antiqua.mx\/producto\/arias-carbajal-pio-plantas-que-curan-y-plantas-que-matan\/"]}]},{"@type":"ImageObject","inLanguage":"en-US","@id":"https:\/\/antiqua.mx\/producto\/arias-carbajal-pio-plantas-que-curan-y-plantas-que-matan\/#primaryimage","url":"https:\/\/antiqua.mx\/wp-content\/uploads\/2022\/10\/ARIAS-CARBAJAL-PIO.-PLANTAS-QUE-CURAN-Y-PLANTAS-QUE-MATAN.jpeg","contentUrl":"https:\/\/antiqua.mx\/wp-content\/uploads\/2022\/10\/ARIAS-CARBAJAL-PIO.-PLANTAS-QUE-CURAN-Y-PLANTAS-QUE-MATAN.jpeg","width":2029,"height":2560},{"@type":"BreadcrumbList","@id":"https:\/\/antiqua.mx\/producto\/arias-carbajal-pio-plantas-que-curan-y-plantas-que-matan\/#breadcrumb","itemListElement":[{"@type":"ListItem","position":1,"name":"Portada","item":"https:\/\/antiqua.mx\/en\/"},{"@type":"ListItem","position":2,"name":"Tienda","item":"https:\/\/antiqua.mx\/tienda\/"},{"@type":"ListItem","position":3,"name":"ARIAS-CARBAJAL P\u00cdO. PLANTAS QUE CURAN Y PLANTAS QUE MATAN"}]},{"@type":"WebSite","@id":"https:\/\/antiqua.mx\/en\/#website","url":"https:\/\/antiqua.mx\/en\/","name":"","description":"","potentialAction":[{"@type":"SearchAction","target":{"@type":"EntryPoint","urlTemplate":"https:\/\/antiqua.mx\/en\/?s={search_term_string}"},"query-input":{"@type":"PropertyValueSpecification","valueRequired":true,"valueName":"search_term_string"}}],"inLanguage":"en-US"}]}},"jetpack_sharing_enabled":true,"_links":{"self":[{"href":"https:\/\/antiqua.mx\/en\/wp-json\/wp\/v2\/product\/17107","targetHints":{"allow":["GET"]}}],"collection":[{"href":"https:\/\/antiqua.mx\/en\/wp-json\/wp\/v2\/product"}],"about":[{"href":"https:\/\/antiqua.mx\/en\/wp-json\/wp\/v2\/types\/product"}],"replies":[{"embeddable":true,"href":"https:\/\/antiqua.mx\/en\/wp-json\/wp\/v2\/comments?post=17107"}],"wp:featuredmedia":[{"embeddable":true,"href":"https:\/\/antiqua.mx\/en\/wp-json\/wp\/v2\/media\/26419"}],"wp:attachment":[{"href":"https:\/\/antiqua.mx\/en\/wp-json\/wp\/v2\/media?parent=17107"}],"wp:term":[{"taxonomy":"product_brand","embeddable":true,"href":"https:\/\/antiqua.mx\/en\/wp-json\/wp\/v2\/product_brand?post=17107"},{"taxonomy":"product_cat","embeddable":true,"href":"https:\/\/antiqua.mx\/en\/wp-json\/wp\/v2\/product_cat?post=17107"},{"taxonomy":"product_tag","embeddable":true,"href":"https:\/\/antiqua.mx\/en\/wp-json\/wp\/v2\/product_tag?post=17107"}],"curies":[{"name":"wp","href":"https:\/\/api.w.org\/{rel}","templated":true}]}}