{"id":1733,"date":"2020-05-05T02:45:26","date_gmt":"2020-05-05T02:45:26","guid":{"rendered":"https:\/\/antiqua.mx\/?post_type=product&#038;p=1733"},"modified":"2025-03-08T21:49:43","modified_gmt":"2025-03-08T21:49:43","slug":"mayas-leon-portilla-tiempo-y-realidad-en-el-pensamiento-maya-ensayo-de-acercamiento","status":"publish","type":"product","link":"https:\/\/antiqua.mx\/en\/product\/mayas-leon-portilla-tiempo-y-realidad-en-el-pensamiento-maya-ensayo-de-acercamiento\/","title":{"rendered":"LE\u00d3N-PORTILLA. TIEMPO Y REALIDAD EN EL PENSAMIENTO MAYA. ENSAYO DE ACERCAMIENTO"},"content":{"rendered":"<p><strong>Le\u00f3n-Portilla Miguel<\/strong><\/p>\n<p>Editorial: Universidad Nacional Aut\u00f3noma de M\u00e9xico<\/p>\n<p>Tercera edici\u00f3n<\/p>\n<p>A\u00f1o 1994<\/p>\n<p>R\u00fastico, en buenas condiciones. El empastado est\u00e1 maltratado.<\/p>\n<p>Impreso en M\u00e9xico.<\/p>","protected":false},"excerpt":{"rendered":"<ul>\n<li>Editorial: Universidad Nacional Aut\u00f3noma de M\u00e9xico<\/li>\n<li>Tercera edici\u00f3n<\/li>\n<li>A\u00f1o 1994<\/li>\n<li>R\u00fastico, en buenas condiciones. El empastado est\u00e1 maltratado.<\/li>\n<li>Edici\u00f3n aumentada con nuevo ap\u00e9ndice acerca de recientes aportaciones sobre el tema de este libro.<\/li>\n<li>Tiraje de 2000 ejemplares.<\/li>\n<li>Impreso en M\u00e9xico.<\/li>\n<\/ul>","protected":false},"featured_media":1734,"comment_status":"open","ping_status":"closed","template":"","meta":{"_joinchat":[]},"product_brand":[],"product_cat":[569,375],"product_tag":[836,526,475],"class_list":{"0":"post-1733","1":"product","2":"type-product","3":"status-publish","6":"product_cat-azt-may-nah-olm","7":"product_cat-mex","8":"product_tag-alfonso-villa-rojas","9":"product_tag-mayas","10":"product_tag-miguel-leon-portilla","12":"first","13":"instock","14":"featured","15":"sold-individually","16":"taxable","17":"shipping-taxable","18":"purchasable","19":"product-type-simple"},"yoast_head":"<!-- This site is optimized with the Yoast SEO plugin v26.1.1 - https:\/\/yoast.com\/wordpress\/plugins\/seo\/ -->\n<title>LE\u00d3N-PORTILLA. TIEMPO Y REALIDAD EN EL PENSAMIENTO MAYA. ENSAYO DE ACERCAMIENTO -<\/title>\n<meta name=\"robots\" content=\"index, follow, max-snippet:-1, max-image-preview:large, max-video-preview:-1\" \/>\n<link rel=\"canonical\" href=\"https:\/\/antiqua.mx\/en\/product\/mayas-leon-portilla-tiempo-y-realidad-en-el-pensamiento-maya-ensayo-de-acercamiento\/\" \/>\n<meta property=\"og:locale\" content=\"en_US\" \/>\n<meta property=\"og:type\" content=\"article\" \/>\n<meta property=\"og:title\" content=\"LE\u00d3N-PORTILLA. TIEMPO Y REALIDAD EN EL PENSAMIENTO MAYA. ENSAYO DE ACERCAMIENTO -\" \/>\n<meta property=\"og:description\" content=\"Editorial: Universidad Nacional Aut\u00f3noma de M\u00e9xico  Tercera edici\u00f3n  A\u00f1o 1994  R\u00fastico, en buenas condiciones. El empastado est\u00e1 maltratado.  Edici\u00f3n aumentada con nuevo ap\u00e9ndice acerca de recientes aportaciones sobre el tema de este libro.  Tiraje de 2000 ejemplares.  Impreso en M\u00e9xico.\" \/>\n<meta property=\"og:url\" content=\"https:\/\/antiqua.mx\/en\/product\/mayas-leon-portilla-tiempo-y-realidad-en-el-pensamiento-maya-ensayo-de-acercamiento\/\" \/>\n<meta property=\"article:modified_time\" content=\"2025-03-08T21:49:43+00:00\" \/>\n<meta property=\"og:image\" content=\"https:\/\/antiqua.mx\/wp-content\/uploads\/2020\/05\/TIEMPO-Y-REALIDAD-EN-EL-PENSAMIENTO-MAYA.-ENSAYO-DE-ACERCAMIENTO.-MIGUEL-LE\u00d3N-PORTILLA-scaled.jpg\" \/>\n\t<meta property=\"og:image:width\" content=\"1829\" \/>\n\t<meta property=\"og:image:height\" content=\"2560\" \/>\n\t<meta property=\"og:image:type\" content=\"image\/jpeg\" \/>\n<meta name=\"twitter:card\" content=\"summary_large_image\" \/>\n<script type=\"application\/ld+json\" class=\"yoast-schema-graph\">{\"@context\":\"https:\/\/schema.org\",\"@graph\":[{\"@type\":\"WebPage\",\"@id\":\"https:\/\/antiqua.mx\/producto\/mayas-leon-portilla-tiempo-y-realidad-en-el-pensamiento-maya-ensayo-de-acercamiento\/\",\"url\":\"https:\/\/antiqua.mx\/producto\/mayas-leon-portilla-tiempo-y-realidad-en-el-pensamiento-maya-ensayo-de-acercamiento\/\",\"name\":\"LE\u00d3N-PORTILLA. TIEMPO Y REALIDAD EN EL PENSAMIENTO MAYA. ENSAYO DE ACERCAMIENTO -\",\"isPartOf\":{\"@id\":\"https:\/\/antiqua.mx\/en\/#website\"},\"primaryImageOfPage\":{\"@id\":\"https:\/\/antiqua.mx\/producto\/mayas-leon-portilla-tiempo-y-realidad-en-el-pensamiento-maya-ensayo-de-acercamiento\/#primaryimage\"},\"image\":{\"@id\":\"https:\/\/antiqua.mx\/producto\/mayas-leon-portilla-tiempo-y-realidad-en-el-pensamiento-maya-ensayo-de-acercamiento\/#primaryimage\"},\"thumbnailUrl\":\"https:\/\/antiqua.mx\/wp-content\/uploads\/2020\/05\/TIEMPO-Y-REALIDAD-EN-EL-PENSAMIENTO-MAYA.-ENSAYO-DE-ACERCAMIENTO.-MIGUEL-LE\u00d3N-PORTILLA-scaled.jpg\",\"datePublished\":\"2020-05-05T02:45:26+00:00\",\"dateModified\":\"2025-03-08T21:49:43+00:00\",\"breadcrumb\":{\"@id\":\"https:\/\/antiqua.mx\/producto\/mayas-leon-portilla-tiempo-y-realidad-en-el-pensamiento-maya-ensayo-de-acercamiento\/#breadcrumb\"},\"inLanguage\":\"en-US\",\"potentialAction\":[{\"@type\":\"ReadAction\",\"target\":[\"https:\/\/antiqua.mx\/producto\/mayas-leon-portilla-tiempo-y-realidad-en-el-pensamiento-maya-ensayo-de-acercamiento\/\"]}]},{\"@type\":\"ImageObject\",\"inLanguage\":\"en-US\",\"@id\":\"https:\/\/antiqua.mx\/producto\/mayas-leon-portilla-tiempo-y-realidad-en-el-pensamiento-maya-ensayo-de-acercamiento\/#primaryimage\",\"url\":\"https:\/\/antiqua.mx\/wp-content\/uploads\/2020\/05\/TIEMPO-Y-REALIDAD-EN-EL-PENSAMIENTO-MAYA.-ENSAYO-DE-ACERCAMIENTO.-MIGUEL-LE\u00d3N-PORTILLA-scaled.jpg\",\"contentUrl\":\"https:\/\/antiqua.mx\/wp-content\/uploads\/2020\/05\/TIEMPO-Y-REALIDAD-EN-EL-PENSAMIENTO-MAYA.-ENSAYO-DE-ACERCAMIENTO.-MIGUEL-LE\u00d3N-PORTILLA-scaled.jpg\",\"width\":1829,\"height\":2560},{\"@type\":\"BreadcrumbList\",\"@id\":\"https:\/\/antiqua.mx\/producto\/mayas-leon-portilla-tiempo-y-realidad-en-el-pensamiento-maya-ensayo-de-acercamiento\/#breadcrumb\",\"itemListElement\":[{\"@type\":\"ListItem\",\"position\":1,\"name\":\"Portada\",\"item\":\"https:\/\/antiqua.mx\/en\/\"},{\"@type\":\"ListItem\",\"position\":2,\"name\":\"Tienda\",\"item\":\"https:\/\/antiqua.mx\/tienda\/\"},{\"@type\":\"ListItem\",\"position\":3,\"name\":\"LE\u00d3N-PORTILLA. TIEMPO Y REALIDAD EN EL PENSAMIENTO MAYA. ENSAYO DE ACERCAMIENTO\"}]},{\"@type\":\"WebSite\",\"@id\":\"https:\/\/antiqua.mx\/en\/#website\",\"url\":\"https:\/\/antiqua.mx\/en\/\",\"name\":\"\",\"description\":\"\",\"potentialAction\":[{\"@type\":\"SearchAction\",\"target\":{\"@type\":\"EntryPoint\",\"urlTemplate\":\"https:\/\/antiqua.mx\/en\/?s={search_term_string}\"},\"query-input\":{\"@type\":\"PropertyValueSpecification\",\"valueRequired\":true,\"valueName\":\"search_term_string\"}}],\"inLanguage\":\"en-US\"}]}<\/script>\n<!-- \/ Yoast SEO plugin. -->","yoast_head_json":{"title":"LE\u00d3N-PORTILLA. TIEMPO Y REALIDAD EN EL PENSAMIENTO MAYA. ENSAYO DE ACERCAMIENTO -","robots":{"index":"index","follow":"follow","max-snippet":"max-snippet:-1","max-image-preview":"max-image-preview:large","max-video-preview":"max-video-preview:-1"},"canonical":"https:\/\/antiqua.mx\/en\/product\/mayas-leon-portilla-tiempo-y-realidad-en-el-pensamiento-maya-ensayo-de-acercamiento\/","og_locale":"en_US","og_type":"article","og_title":"LE\u00d3N-PORTILLA. TIEMPO Y REALIDAD EN EL PENSAMIENTO MAYA. ENSAYO DE ACERCAMIENTO -","og_description":"Editorial: Universidad Nacional Aut\u00f3noma de M\u00e9xico  Tercera edici\u00f3n  A\u00f1o 1994  R\u00fastico, en buenas condiciones. El empastado est\u00e1 maltratado.  Edici\u00f3n aumentada con nuevo ap\u00e9ndice acerca de recientes aportaciones sobre el tema de este libro.  Tiraje de 2000 ejemplares.  Impreso en M\u00e9xico.","og_url":"https:\/\/antiqua.mx\/en\/product\/mayas-leon-portilla-tiempo-y-realidad-en-el-pensamiento-maya-ensayo-de-acercamiento\/","article_modified_time":"2025-03-08T21:49:43+00:00","og_image":[{"width":1829,"height":2560,"url":"https:\/\/antiqua.mx\/wp-content\/uploads\/2020\/05\/TIEMPO-Y-REALIDAD-EN-EL-PENSAMIENTO-MAYA.-ENSAYO-DE-ACERCAMIENTO.-MIGUEL-LE\u00d3N-PORTILLA-scaled.jpg","type":"image\/jpeg"}],"twitter_card":"summary_large_image","schema":{"@context":"https:\/\/schema.org","@graph":[{"@type":"WebPage","@id":"https:\/\/antiqua.mx\/producto\/mayas-leon-portilla-tiempo-y-realidad-en-el-pensamiento-maya-ensayo-de-acercamiento\/","url":"https:\/\/antiqua.mx\/producto\/mayas-leon-portilla-tiempo-y-realidad-en-el-pensamiento-maya-ensayo-de-acercamiento\/","name":"LE\u00d3N-PORTILLA. TIEMPO Y REALIDAD EN EL PENSAMIENTO MAYA. ENSAYO DE ACERCAMIENTO -","isPartOf":{"@id":"https:\/\/antiqua.mx\/en\/#website"},"primaryImageOfPage":{"@id":"https:\/\/antiqua.mx\/producto\/mayas-leon-portilla-tiempo-y-realidad-en-el-pensamiento-maya-ensayo-de-acercamiento\/#primaryimage"},"image":{"@id":"https:\/\/antiqua.mx\/producto\/mayas-leon-portilla-tiempo-y-realidad-en-el-pensamiento-maya-ensayo-de-acercamiento\/#primaryimage"},"thumbnailUrl":"https:\/\/antiqua.mx\/wp-content\/uploads\/2020\/05\/TIEMPO-Y-REALIDAD-EN-EL-PENSAMIENTO-MAYA.-ENSAYO-DE-ACERCAMIENTO.-MIGUEL-LE\u00d3N-PORTILLA-scaled.jpg","datePublished":"2020-05-05T02:45:26+00:00","dateModified":"2025-03-08T21:49:43+00:00","breadcrumb":{"@id":"https:\/\/antiqua.mx\/producto\/mayas-leon-portilla-tiempo-y-realidad-en-el-pensamiento-maya-ensayo-de-acercamiento\/#breadcrumb"},"inLanguage":"en-US","potentialAction":[{"@type":"ReadAction","target":["https:\/\/antiqua.mx\/producto\/mayas-leon-portilla-tiempo-y-realidad-en-el-pensamiento-maya-ensayo-de-acercamiento\/"]}]},{"@type":"ImageObject","inLanguage":"en-US","@id":"https:\/\/antiqua.mx\/producto\/mayas-leon-portilla-tiempo-y-realidad-en-el-pensamiento-maya-ensayo-de-acercamiento\/#primaryimage","url":"https:\/\/antiqua.mx\/wp-content\/uploads\/2020\/05\/TIEMPO-Y-REALIDAD-EN-EL-PENSAMIENTO-MAYA.-ENSAYO-DE-ACERCAMIENTO.-MIGUEL-LE\u00d3N-PORTILLA-scaled.jpg","contentUrl":"https:\/\/antiqua.mx\/wp-content\/uploads\/2020\/05\/TIEMPO-Y-REALIDAD-EN-EL-PENSAMIENTO-MAYA.-ENSAYO-DE-ACERCAMIENTO.-MIGUEL-LE\u00d3N-PORTILLA-scaled.jpg","width":1829,"height":2560},{"@type":"BreadcrumbList","@id":"https:\/\/antiqua.mx\/producto\/mayas-leon-portilla-tiempo-y-realidad-en-el-pensamiento-maya-ensayo-de-acercamiento\/#breadcrumb","itemListElement":[{"@type":"ListItem","position":1,"name":"Portada","item":"https:\/\/antiqua.mx\/en\/"},{"@type":"ListItem","position":2,"name":"Tienda","item":"https:\/\/antiqua.mx\/tienda\/"},{"@type":"ListItem","position":3,"name":"LE\u00d3N-PORTILLA. TIEMPO Y REALIDAD EN EL PENSAMIENTO MAYA. ENSAYO DE ACERCAMIENTO"}]},{"@type":"WebSite","@id":"https:\/\/antiqua.mx\/en\/#website","url":"https:\/\/antiqua.mx\/en\/","name":"","description":"","potentialAction":[{"@type":"SearchAction","target":{"@type":"EntryPoint","urlTemplate":"https:\/\/antiqua.mx\/en\/?s={search_term_string}"},"query-input":{"@type":"PropertyValueSpecification","valueRequired":true,"valueName":"search_term_string"}}],"inLanguage":"en-US"}]}},"jetpack_sharing_enabled":true,"_links":{"self":[{"href":"https:\/\/antiqua.mx\/en\/wp-json\/wp\/v2\/product\/1733","targetHints":{"allow":["GET"]}}],"collection":[{"href":"https:\/\/antiqua.mx\/en\/wp-json\/wp\/v2\/product"}],"about":[{"href":"https:\/\/antiqua.mx\/en\/wp-json\/wp\/v2\/types\/product"}],"replies":[{"embeddable":true,"href":"https:\/\/antiqua.mx\/en\/wp-json\/wp\/v2\/comments?post=1733"}],"wp:featuredmedia":[{"embeddable":true,"href":"https:\/\/antiqua.mx\/en\/wp-json\/wp\/v2\/media\/1734"}],"wp:attachment":[{"href":"https:\/\/antiqua.mx\/en\/wp-json\/wp\/v2\/media?parent=1733"}],"wp:term":[{"taxonomy":"product_brand","embeddable":true,"href":"https:\/\/antiqua.mx\/en\/wp-json\/wp\/v2\/product_brand?post=1733"},{"taxonomy":"product_cat","embeddable":true,"href":"https:\/\/antiqua.mx\/en\/wp-json\/wp\/v2\/product_cat?post=1733"},{"taxonomy":"product_tag","embeddable":true,"href":"https:\/\/antiqua.mx\/en\/wp-json\/wp\/v2\/product_tag?post=1733"}],"curies":[{"name":"wp","href":"https:\/\/api.w.org\/{rel}","templated":true}]}}