{"id":1754,"date":"2020-05-05T03:43:57","date_gmt":"2020-05-05T03:43:57","guid":{"rendered":"https:\/\/antiqua.mx\/?post_type=product&#038;p=1754"},"modified":"2025-07-05T19:54:44","modified_gmt":"2025-07-05T19:54:44","slug":"mayas-villa-rojas-estudios-etnologicos-los-mayas","status":"publish","type":"product","link":"https:\/\/antiqua.mx\/en\/product\/mayas-villa-rojas-estudios-etnologicos-los-mayas\/","title":{"rendered":"VILLA ROJAS ALFONSO. ESTUDIOS ETNOL\u00d3GICOS. LOS MAYAS"},"content":{"rendered":"<p><strong>Villa Rojas Alfonso<\/strong><\/p>\n<p>Editorial: Universidad Nacional Aut\u00f3noma de M\u00e9xico<\/p>\n<p>Primera edici\u00f3n<\/p>\n<p>A\u00f1o 1985<\/p>\n<p>R\u00fastico, en buenas condiciones. El empastado est\u00e1 maltratado.<\/p>\n<p>Impreso en M\u00e9xico.<\/p>","protected":false},"excerpt":{"rendered":"<ul>\n<li>Editorial: Universidad Nacional Aut\u00f3noma de M\u00e9xico<\/li>\n<li>Primera edici\u00f3n<\/li>\n<li>A\u00f1o 1985<\/li>\n<li>R\u00fastico, en buenas condiciones. El empastado est\u00e1 maltratado.<\/li>\n<li>Tiraje de 3000 ejemplares.<\/li>\n<li>Impreso en M\u00e9xico.<\/li>\n<\/ul>","protected":false},"featured_media":1755,"comment_status":"open","ping_status":"closed","template":"","meta":{"_joinchat":[]},"product_brand":[],"product_cat":[396,569,375],"product_tag":[836,526],"class_list":{"0":"post-1754","1":"product","2":"type-product","3":"status-publish","6":"product_cat-antarque","7":"product_cat-azt-may-nah-olm","8":"product_cat-mex","9":"product_tag-alfonso-villa-rojas","10":"product_tag-mayas","12":"first","13":"instock","14":"featured","15":"sold-individually","16":"taxable","17":"shipping-taxable","18":"purchasable","19":"product-type-simple"},"yoast_head":"<!-- This site is optimized with the Yoast SEO plugin v26.1.1 - https:\/\/yoast.com\/wordpress\/plugins\/seo\/ -->\n<title>VILLA ROJAS ALFONSO. ESTUDIOS ETNOL\u00d3GICOS. LOS MAYAS -<\/title>\n<meta name=\"robots\" content=\"index, follow, max-snippet:-1, max-image-preview:large, max-video-preview:-1\" \/>\n<link rel=\"canonical\" href=\"https:\/\/antiqua.mx\/en\/product\/mayas-villa-rojas-estudios-etnologicos-los-mayas\/\" \/>\n<meta property=\"og:locale\" content=\"en_US\" \/>\n<meta property=\"og:type\" content=\"article\" \/>\n<meta property=\"og:title\" content=\"VILLA ROJAS ALFONSO. ESTUDIOS ETNOL\u00d3GICOS. LOS MAYAS -\" \/>\n<meta property=\"og:description\" content=\"Editorial: Universidad Nacional Aut\u00f3noma de M\u00e9xico  Primera edici\u00f3n  A\u00f1o 1985  R\u00fastico, en buenas condiciones. El empastado est\u00e1 maltratado.  Tiraje de 3000 ejemplares.  Impreso en M\u00e9xico.\" \/>\n<meta property=\"og:url\" content=\"https:\/\/antiqua.mx\/en\/product\/mayas-villa-rojas-estudios-etnologicos-los-mayas\/\" \/>\n<meta property=\"article:modified_time\" content=\"2025-07-05T19:54:44+00:00\" \/>\n<meta property=\"og:image\" content=\"https:\/\/antiqua.mx\/wp-content\/uploads\/2020\/05\/ESTUDIOS-ETNOL\u00d3GICOS.-LOS-MAYAS.-ALFONSO-VILLA-ROJAS-scaled.jpg\" \/>\n\t<meta property=\"og:image:width\" content=\"1829\" \/>\n\t<meta property=\"og:image:height\" content=\"2560\" \/>\n\t<meta property=\"og:image:type\" content=\"image\/jpeg\" \/>\n<meta name=\"twitter:card\" content=\"summary_large_image\" \/>\n<script type=\"application\/ld+json\" class=\"yoast-schema-graph\">{\"@context\":\"https:\/\/schema.org\",\"@graph\":[{\"@type\":\"WebPage\",\"@id\":\"https:\/\/antiqua.mx\/producto\/mayas-villa-rojas-estudios-etnologicos-los-mayas\/\",\"url\":\"https:\/\/antiqua.mx\/producto\/mayas-villa-rojas-estudios-etnologicos-los-mayas\/\",\"name\":\"VILLA ROJAS ALFONSO. ESTUDIOS ETNOL\u00d3GICOS. LOS MAYAS -\",\"isPartOf\":{\"@id\":\"https:\/\/antiqua.mx\/en\/#website\"},\"primaryImageOfPage\":{\"@id\":\"https:\/\/antiqua.mx\/producto\/mayas-villa-rojas-estudios-etnologicos-los-mayas\/#primaryimage\"},\"image\":{\"@id\":\"https:\/\/antiqua.mx\/producto\/mayas-villa-rojas-estudios-etnologicos-los-mayas\/#primaryimage\"},\"thumbnailUrl\":\"https:\/\/antiqua.mx\/wp-content\/uploads\/2020\/05\/ESTUDIOS-ETNOL\u00d3GICOS.-LOS-MAYAS.-ALFONSO-VILLA-ROJAS-scaled.jpg\",\"datePublished\":\"2020-05-05T03:43:57+00:00\",\"dateModified\":\"2025-07-05T19:54:44+00:00\",\"breadcrumb\":{\"@id\":\"https:\/\/antiqua.mx\/producto\/mayas-villa-rojas-estudios-etnologicos-los-mayas\/#breadcrumb\"},\"inLanguage\":\"en-US\",\"potentialAction\":[{\"@type\":\"ReadAction\",\"target\":[\"https:\/\/antiqua.mx\/producto\/mayas-villa-rojas-estudios-etnologicos-los-mayas\/\"]}]},{\"@type\":\"ImageObject\",\"inLanguage\":\"en-US\",\"@id\":\"https:\/\/antiqua.mx\/producto\/mayas-villa-rojas-estudios-etnologicos-los-mayas\/#primaryimage\",\"url\":\"https:\/\/antiqua.mx\/wp-content\/uploads\/2020\/05\/ESTUDIOS-ETNOL\u00d3GICOS.-LOS-MAYAS.-ALFONSO-VILLA-ROJAS-scaled.jpg\",\"contentUrl\":\"https:\/\/antiqua.mx\/wp-content\/uploads\/2020\/05\/ESTUDIOS-ETNOL\u00d3GICOS.-LOS-MAYAS.-ALFONSO-VILLA-ROJAS-scaled.jpg\",\"width\":1829,\"height\":2560},{\"@type\":\"BreadcrumbList\",\"@id\":\"https:\/\/antiqua.mx\/producto\/mayas-villa-rojas-estudios-etnologicos-los-mayas\/#breadcrumb\",\"itemListElement\":[{\"@type\":\"ListItem\",\"position\":1,\"name\":\"Portada\",\"item\":\"https:\/\/antiqua.mx\/en\/\"},{\"@type\":\"ListItem\",\"position\":2,\"name\":\"Tienda\",\"item\":\"https:\/\/antiqua.mx\/tienda\/\"},{\"@type\":\"ListItem\",\"position\":3,\"name\":\"VILLA ROJAS ALFONSO. ESTUDIOS ETNOL\u00d3GICOS. LOS MAYAS\"}]},{\"@type\":\"WebSite\",\"@id\":\"https:\/\/antiqua.mx\/en\/#website\",\"url\":\"https:\/\/antiqua.mx\/en\/\",\"name\":\"\",\"description\":\"\",\"potentialAction\":[{\"@type\":\"SearchAction\",\"target\":{\"@type\":\"EntryPoint\",\"urlTemplate\":\"https:\/\/antiqua.mx\/en\/?s={search_term_string}\"},\"query-input\":{\"@type\":\"PropertyValueSpecification\",\"valueRequired\":true,\"valueName\":\"search_term_string\"}}],\"inLanguage\":\"en-US\"}]}<\/script>\n<!-- \/ Yoast SEO plugin. -->","yoast_head_json":{"title":"VILLA ROJAS ALFONSO. ESTUDIOS ETNOL\u00d3GICOS. LOS MAYAS -","robots":{"index":"index","follow":"follow","max-snippet":"max-snippet:-1","max-image-preview":"max-image-preview:large","max-video-preview":"max-video-preview:-1"},"canonical":"https:\/\/antiqua.mx\/en\/product\/mayas-villa-rojas-estudios-etnologicos-los-mayas\/","og_locale":"en_US","og_type":"article","og_title":"VILLA ROJAS ALFONSO. ESTUDIOS ETNOL\u00d3GICOS. LOS MAYAS -","og_description":"Editorial: Universidad Nacional Aut\u00f3noma de M\u00e9xico  Primera edici\u00f3n  A\u00f1o 1985  R\u00fastico, en buenas condiciones. El empastado est\u00e1 maltratado.  Tiraje de 3000 ejemplares.  Impreso en M\u00e9xico.","og_url":"https:\/\/antiqua.mx\/en\/product\/mayas-villa-rojas-estudios-etnologicos-los-mayas\/","article_modified_time":"2025-07-05T19:54:44+00:00","og_image":[{"width":1829,"height":2560,"url":"https:\/\/antiqua.mx\/wp-content\/uploads\/2020\/05\/ESTUDIOS-ETNOL\u00d3GICOS.-LOS-MAYAS.-ALFONSO-VILLA-ROJAS-scaled.jpg","type":"image\/jpeg"}],"twitter_card":"summary_large_image","schema":{"@context":"https:\/\/schema.org","@graph":[{"@type":"WebPage","@id":"https:\/\/antiqua.mx\/producto\/mayas-villa-rojas-estudios-etnologicos-los-mayas\/","url":"https:\/\/antiqua.mx\/producto\/mayas-villa-rojas-estudios-etnologicos-los-mayas\/","name":"VILLA ROJAS ALFONSO. ESTUDIOS ETNOL\u00d3GICOS. LOS MAYAS -","isPartOf":{"@id":"https:\/\/antiqua.mx\/en\/#website"},"primaryImageOfPage":{"@id":"https:\/\/antiqua.mx\/producto\/mayas-villa-rojas-estudios-etnologicos-los-mayas\/#primaryimage"},"image":{"@id":"https:\/\/antiqua.mx\/producto\/mayas-villa-rojas-estudios-etnologicos-los-mayas\/#primaryimage"},"thumbnailUrl":"https:\/\/antiqua.mx\/wp-content\/uploads\/2020\/05\/ESTUDIOS-ETNOL\u00d3GICOS.-LOS-MAYAS.-ALFONSO-VILLA-ROJAS-scaled.jpg","datePublished":"2020-05-05T03:43:57+00:00","dateModified":"2025-07-05T19:54:44+00:00","breadcrumb":{"@id":"https:\/\/antiqua.mx\/producto\/mayas-villa-rojas-estudios-etnologicos-los-mayas\/#breadcrumb"},"inLanguage":"en-US","potentialAction":[{"@type":"ReadAction","target":["https:\/\/antiqua.mx\/producto\/mayas-villa-rojas-estudios-etnologicos-los-mayas\/"]}]},{"@type":"ImageObject","inLanguage":"en-US","@id":"https:\/\/antiqua.mx\/producto\/mayas-villa-rojas-estudios-etnologicos-los-mayas\/#primaryimage","url":"https:\/\/antiqua.mx\/wp-content\/uploads\/2020\/05\/ESTUDIOS-ETNOL\u00d3GICOS.-LOS-MAYAS.-ALFONSO-VILLA-ROJAS-scaled.jpg","contentUrl":"https:\/\/antiqua.mx\/wp-content\/uploads\/2020\/05\/ESTUDIOS-ETNOL\u00d3GICOS.-LOS-MAYAS.-ALFONSO-VILLA-ROJAS-scaled.jpg","width":1829,"height":2560},{"@type":"BreadcrumbList","@id":"https:\/\/antiqua.mx\/producto\/mayas-villa-rojas-estudios-etnologicos-los-mayas\/#breadcrumb","itemListElement":[{"@type":"ListItem","position":1,"name":"Portada","item":"https:\/\/antiqua.mx\/en\/"},{"@type":"ListItem","position":2,"name":"Tienda","item":"https:\/\/antiqua.mx\/tienda\/"},{"@type":"ListItem","position":3,"name":"VILLA ROJAS ALFONSO. ESTUDIOS ETNOL\u00d3GICOS. LOS MAYAS"}]},{"@type":"WebSite","@id":"https:\/\/antiqua.mx\/en\/#website","url":"https:\/\/antiqua.mx\/en\/","name":"","description":"","potentialAction":[{"@type":"SearchAction","target":{"@type":"EntryPoint","urlTemplate":"https:\/\/antiqua.mx\/en\/?s={search_term_string}"},"query-input":{"@type":"PropertyValueSpecification","valueRequired":true,"valueName":"search_term_string"}}],"inLanguage":"en-US"}]}},"jetpack_sharing_enabled":true,"_links":{"self":[{"href":"https:\/\/antiqua.mx\/en\/wp-json\/wp\/v2\/product\/1754","targetHints":{"allow":["GET"]}}],"collection":[{"href":"https:\/\/antiqua.mx\/en\/wp-json\/wp\/v2\/product"}],"about":[{"href":"https:\/\/antiqua.mx\/en\/wp-json\/wp\/v2\/types\/product"}],"replies":[{"embeddable":true,"href":"https:\/\/antiqua.mx\/en\/wp-json\/wp\/v2\/comments?post=1754"}],"wp:featuredmedia":[{"embeddable":true,"href":"https:\/\/antiqua.mx\/en\/wp-json\/wp\/v2\/media\/1755"}],"wp:attachment":[{"href":"https:\/\/antiqua.mx\/en\/wp-json\/wp\/v2\/media?parent=1754"}],"wp:term":[{"taxonomy":"product_brand","embeddable":true,"href":"https:\/\/antiqua.mx\/en\/wp-json\/wp\/v2\/product_brand?post=1754"},{"taxonomy":"product_cat","embeddable":true,"href":"https:\/\/antiqua.mx\/en\/wp-json\/wp\/v2\/product_cat?post=1754"},{"taxonomy":"product_tag","embeddable":true,"href":"https:\/\/antiqua.mx\/en\/wp-json\/wp\/v2\/product_tag?post=1754"}],"curies":[{"name":"wp","href":"https:\/\/api.w.org\/{rel}","templated":true}]}}