{"id":17802,"date":"2022-11-23T00:34:39","date_gmt":"2022-11-23T00:34:39","guid":{"rendered":"https:\/\/antiqua.mx\/?post_type=product&#038;p=17802"},"modified":"2026-03-24T00:37:11","modified_gmt":"2026-03-24T00:37:11","slug":"hesiodo-teogonia","status":"publish","type":"product","link":"https:\/\/antiqua.mx\/en\/product\/hesiodo-teogonia\/","title":{"rendered":"HES\u00cdODO. TEOGON\u00cdA"},"content":{"rendered":"<p><strong>Hes\u00edodo<\/strong><\/p>\n<p>Editorial: BIBLIOTECA GREDOS<\/p>\n<p>A\u00f1o 2015<\/p>\n<p>Empastado con camisa, en buenas condiciones. Las orillas de la camisa est\u00e1n maltratadas.<\/p>\n<p>Introducci\u00f3n, traducci\u00f3n y notas de A. P\u00e9rez Jim\u00e9nez y A. Mart\u00ednez D\u00edaz.<\/p>\n<p><strong>BIBLIOTECA CL\u00c1SICA.<\/strong><\/p>\n<p>Impreso en Espa\u00f1a.<\/p>\n<p>326 p\u00e1ginas<\/p>","protected":false},"excerpt":{"rendered":"<ul>\n<li>Editorial: BIBLIOTECA GREDOS<\/li>\n<li>A\u00f1o 2015<\/li>\n<li>Empastado con camisa, en buenas condiciones. Las orillas de la camisa est\u00e1n maltratadas.<\/li>\n<li>Introducci\u00f3n, traducci\u00f3n y notas de A. P\u00e9rez Jim\u00e9nez y A. Mart\u00ednez D\u00edaz.<\/li>\n<li><strong>BIBLIOTECA CL\u00c1SICA.<\/strong><\/li>\n<li>Impreso en Espa\u00f1a.<\/li>\n<li>326 p\u00e1ginas<\/li>\n<\/ul>","protected":false},"featured_media":26111,"comment_status":"open","ping_status":"closed","template":"","meta":{"_joinchat":[]},"product_brand":[],"product_cat":[445,438],"product_tag":[4594],"class_list":{"0":"post-17802","1":"product","2":"type-product","3":"status-publish","6":"product_cat-autgrec","7":"product_cat-filogrec","8":"product_tag-hesiodo","10":"first","11":"outofstock","12":"featured","13":"taxable","14":"shipping-taxable","15":"purchasable","16":"product-type-simple"},"yoast_head":"<!-- This site is optimized with the Yoast SEO plugin v26.1.1 - https:\/\/yoast.com\/wordpress\/plugins\/seo\/ -->\n<title>HES\u00cdODO. TEOGON\u00cdA -<\/title>\n<meta name=\"robots\" content=\"index, follow, max-snippet:-1, max-image-preview:large, max-video-preview:-1\" \/>\n<link rel=\"canonical\" href=\"https:\/\/antiqua.mx\/en\/product\/hesiodo-teogonia\/\" \/>\n<meta property=\"og:locale\" content=\"en_US\" \/>\n<meta property=\"og:type\" content=\"article\" \/>\n<meta property=\"og:title\" content=\"HES\u00cdODO. TEOGON\u00cdA -\" \/>\n<meta property=\"og:description\" content=\"Editorial: BIBLIOTECA GREDOS  A\u00f1o 2015  Empastado con camisa, en buenas condiciones. Las orillas de la camisa est\u00e1n maltratadas.  Introducci\u00f3n, traducci\u00f3n y notas de A. P\u00e9rez Jim\u00e9nez y A. Mart\u00ednez D\u00edaz.  BIBLIOTECA CL\u00c1SICA.  Impreso en Espa\u00f1a.  326 p\u00e1ginas\" \/>\n<meta property=\"og:url\" content=\"https:\/\/antiqua.mx\/en\/product\/hesiodo-teogonia\/\" \/>\n<meta property=\"article:modified_time\" content=\"2026-03-24T00:37:11+00:00\" \/>\n<meta property=\"og:image\" content=\"https:\/\/antiqua.mx\/wp-content\/uploads\/2022\/11\/HESIODO.-TEOGONIA.-org.jpeg\" \/>\n\t<meta property=\"og:image:width\" content=\"1970\" \/>\n\t<meta property=\"og:image:height\" content=\"2560\" \/>\n\t<meta property=\"og:image:type\" content=\"image\/jpeg\" \/>\n<meta name=\"twitter:card\" content=\"summary_large_image\" \/>\n<meta name=\"twitter:label1\" content=\"Est. reading time\" \/>\n\t<meta name=\"twitter:data1\" content=\"1 minute\" \/>\n<script type=\"application\/ld+json\" class=\"yoast-schema-graph\">{\"@context\":\"https:\/\/schema.org\",\"@graph\":[{\"@type\":\"WebPage\",\"@id\":\"https:\/\/antiqua.mx\/en\/product\/hesiodo-teogonia\/\",\"url\":\"https:\/\/antiqua.mx\/en\/product\/hesiodo-teogonia\/\",\"name\":\"HES\u00cdODO. TEOGON\u00cdA -\",\"isPartOf\":{\"@id\":\"https:\/\/antiqua.mx\/en\/#website\"},\"primaryImageOfPage\":{\"@id\":\"https:\/\/antiqua.mx\/en\/product\/hesiodo-teogonia\/#primaryimage\"},\"image\":{\"@id\":\"https:\/\/antiqua.mx\/en\/product\/hesiodo-teogonia\/#primaryimage\"},\"thumbnailUrl\":\"https:\/\/antiqua.mx\/wp-content\/uploads\/2022\/11\/HESIODO.-TEOGONIA.-org.jpeg\",\"datePublished\":\"2022-11-23T00:34:39+00:00\",\"dateModified\":\"2026-03-24T00:37:11+00:00\",\"breadcrumb\":{\"@id\":\"https:\/\/antiqua.mx\/en\/product\/hesiodo-teogonia\/#breadcrumb\"},\"inLanguage\":\"en-US\",\"potentialAction\":[{\"@type\":\"ReadAction\",\"target\":[\"https:\/\/antiqua.mx\/en\/product\/hesiodo-teogonia\/\"]}]},{\"@type\":\"ImageObject\",\"inLanguage\":\"en-US\",\"@id\":\"https:\/\/antiqua.mx\/en\/product\/hesiodo-teogonia\/#primaryimage\",\"url\":\"https:\/\/antiqua.mx\/wp-content\/uploads\/2022\/11\/HESIODO.-TEOGONIA.-org.jpeg\",\"contentUrl\":\"https:\/\/antiqua.mx\/wp-content\/uploads\/2022\/11\/HESIODO.-TEOGONIA.-org.jpeg\",\"width\":1970,\"height\":2560},{\"@type\":\"BreadcrumbList\",\"@id\":\"https:\/\/antiqua.mx\/en\/product\/hesiodo-teogonia\/#breadcrumb\",\"itemListElement\":[{\"@type\":\"ListItem\",\"position\":1,\"name\":\"Portada\",\"item\":\"https:\/\/antiqua.mx\/en\/\"},{\"@type\":\"ListItem\",\"position\":2,\"name\":\"Tienda\",\"item\":\"https:\/\/antiqua.mx\/tienda\/\"},{\"@type\":\"ListItem\",\"position\":3,\"name\":\"HES\u00cdODO. TEOGON\u00cdA\"}]},{\"@type\":\"WebSite\",\"@id\":\"https:\/\/antiqua.mx\/en\/#website\",\"url\":\"https:\/\/antiqua.mx\/en\/\",\"name\":\"\",\"description\":\"\",\"potentialAction\":[{\"@type\":\"SearchAction\",\"target\":{\"@type\":\"EntryPoint\",\"urlTemplate\":\"https:\/\/antiqua.mx\/en\/?s={search_term_string}\"},\"query-input\":{\"@type\":\"PropertyValueSpecification\",\"valueRequired\":true,\"valueName\":\"search_term_string\"}}],\"inLanguage\":\"en-US\"}]}<\/script>\n<!-- \/ Yoast SEO plugin. -->","yoast_head_json":{"title":"HES\u00cdODO. TEOGON\u00cdA -","robots":{"index":"index","follow":"follow","max-snippet":"max-snippet:-1","max-image-preview":"max-image-preview:large","max-video-preview":"max-video-preview:-1"},"canonical":"https:\/\/antiqua.mx\/en\/product\/hesiodo-teogonia\/","og_locale":"en_US","og_type":"article","og_title":"HES\u00cdODO. TEOGON\u00cdA -","og_description":"Editorial: BIBLIOTECA GREDOS  A\u00f1o 2015  Empastado con camisa, en buenas condiciones. Las orillas de la camisa est\u00e1n maltratadas.  Introducci\u00f3n, traducci\u00f3n y notas de A. P\u00e9rez Jim\u00e9nez y A. Mart\u00ednez D\u00edaz.  BIBLIOTECA CL\u00c1SICA.  Impreso en Espa\u00f1a.  326 p\u00e1ginas","og_url":"https:\/\/antiqua.mx\/en\/product\/hesiodo-teogonia\/","article_modified_time":"2026-03-24T00:37:11+00:00","og_image":[{"width":1970,"height":2560,"url":"https:\/\/antiqua.mx\/wp-content\/uploads\/2022\/11\/HESIODO.-TEOGONIA.-org.jpeg","type":"image\/jpeg"}],"twitter_card":"summary_large_image","twitter_misc":{"Est. reading time":"1 minute"},"schema":{"@context":"https:\/\/schema.org","@graph":[{"@type":"WebPage","@id":"https:\/\/antiqua.mx\/en\/product\/hesiodo-teogonia\/","url":"https:\/\/antiqua.mx\/en\/product\/hesiodo-teogonia\/","name":"HES\u00cdODO. TEOGON\u00cdA -","isPartOf":{"@id":"https:\/\/antiqua.mx\/en\/#website"},"primaryImageOfPage":{"@id":"https:\/\/antiqua.mx\/en\/product\/hesiodo-teogonia\/#primaryimage"},"image":{"@id":"https:\/\/antiqua.mx\/en\/product\/hesiodo-teogonia\/#primaryimage"},"thumbnailUrl":"https:\/\/antiqua.mx\/wp-content\/uploads\/2022\/11\/HESIODO.-TEOGONIA.-org.jpeg","datePublished":"2022-11-23T00:34:39+00:00","dateModified":"2026-03-24T00:37:11+00:00","breadcrumb":{"@id":"https:\/\/antiqua.mx\/en\/product\/hesiodo-teogonia\/#breadcrumb"},"inLanguage":"en-US","potentialAction":[{"@type":"ReadAction","target":["https:\/\/antiqua.mx\/en\/product\/hesiodo-teogonia\/"]}]},{"@type":"ImageObject","inLanguage":"en-US","@id":"https:\/\/antiqua.mx\/en\/product\/hesiodo-teogonia\/#primaryimage","url":"https:\/\/antiqua.mx\/wp-content\/uploads\/2022\/11\/HESIODO.-TEOGONIA.-org.jpeg","contentUrl":"https:\/\/antiqua.mx\/wp-content\/uploads\/2022\/11\/HESIODO.-TEOGONIA.-org.jpeg","width":1970,"height":2560},{"@type":"BreadcrumbList","@id":"https:\/\/antiqua.mx\/en\/product\/hesiodo-teogonia\/#breadcrumb","itemListElement":[{"@type":"ListItem","position":1,"name":"Portada","item":"https:\/\/antiqua.mx\/en\/"},{"@type":"ListItem","position":2,"name":"Tienda","item":"https:\/\/antiqua.mx\/tienda\/"},{"@type":"ListItem","position":3,"name":"HES\u00cdODO. TEOGON\u00cdA"}]},{"@type":"WebSite","@id":"https:\/\/antiqua.mx\/en\/#website","url":"https:\/\/antiqua.mx\/en\/","name":"","description":"","potentialAction":[{"@type":"SearchAction","target":{"@type":"EntryPoint","urlTemplate":"https:\/\/antiqua.mx\/en\/?s={search_term_string}"},"query-input":{"@type":"PropertyValueSpecification","valueRequired":true,"valueName":"search_term_string"}}],"inLanguage":"en-US"}]}},"jetpack_sharing_enabled":true,"_links":{"self":[{"href":"https:\/\/antiqua.mx\/en\/wp-json\/wp\/v2\/product\/17802","targetHints":{"allow":["GET"]}}],"collection":[{"href":"https:\/\/antiqua.mx\/en\/wp-json\/wp\/v2\/product"}],"about":[{"href":"https:\/\/antiqua.mx\/en\/wp-json\/wp\/v2\/types\/product"}],"replies":[{"embeddable":true,"href":"https:\/\/antiqua.mx\/en\/wp-json\/wp\/v2\/comments?post=17802"}],"wp:featuredmedia":[{"embeddable":true,"href":"https:\/\/antiqua.mx\/en\/wp-json\/wp\/v2\/media\/26111"}],"wp:attachment":[{"href":"https:\/\/antiqua.mx\/en\/wp-json\/wp\/v2\/media?parent=17802"}],"wp:term":[{"taxonomy":"product_brand","embeddable":true,"href":"https:\/\/antiqua.mx\/en\/wp-json\/wp\/v2\/product_brand?post=17802"},{"taxonomy":"product_cat","embeddable":true,"href":"https:\/\/antiqua.mx\/en\/wp-json\/wp\/v2\/product_cat?post=17802"},{"taxonomy":"product_tag","embeddable":true,"href":"https:\/\/antiqua.mx\/en\/wp-json\/wp\/v2\/product_tag?post=17802"}],"curies":[{"name":"wp","href":"https:\/\/api.w.org\/{rel}","templated":true}]}}