{"id":17936,"date":"2022-12-01T01:36:57","date_gmt":"2022-12-01T01:36:57","guid":{"rendered":"https:\/\/antiqua.mx\/?post_type=product&#038;p=17936"},"modified":"2025-08-21T00:01:59","modified_gmt":"2025-08-21T00:01:59","slug":"vela-arqueles-cuentos-del-dia-y-de-la-noche","status":"publish","type":"product","link":"https:\/\/antiqua.mx\/en\/product\/vela-arqueles-cuentos-del-dia-y-de-la-noche","title":{"rendered":"VELA ARQUELES. CUENTOS DEL D\u00cdA Y DE LA NOCHE"},"content":{"rendered":"<p><strong>Vela Arqueles<\/strong><\/p>\n<p>Editorial: EDICIONES BOTAS-M\u00c9XICO<\/p>\n<p>Segunda edici\u00f3n<\/p>\n<p>A\u00f1o 1962<\/p>\n<p>R\u00fastico, en buenas condiciones. El empastado est\u00e1 maltratado.<\/p>\n<p>El ejemplar est\u00e1 intonso.<\/p>\n<p>Tiraje de mil ejemplares.<\/p>\n<p>Impreso en M\u00e9xico.<\/p>\n<p>322 p\u00e1ginas<\/p>","protected":false},"excerpt":{"rendered":"<ul>\n<li>Editorial: EDICIONES BOTAS-M\u00c9XICO<\/li>\n<li>Segunda edici\u00f3n<\/li>\n<li>A\u00f1o 1962<\/li>\n<li>R\u00fastico, en buenas condiciones. El empastado est\u00e1 maltratado.<\/li>\n<li>El ejemplar est\u00e1 intonso.<\/li>\n<li>Tiraje de mil ejemplares.<\/li>\n<li>Impreso en M\u00e9xico.<\/li>\n<li>322 p\u00e1ginas<\/li>\n<\/ul>","protected":false},"featured_media":18042,"comment_status":"open","ping_status":"closed","template":"","meta":{"_joinchat":[]},"product_brand":[],"product_cat":[349,353,335,336],"product_tag":[4621],"class_list":{"0":"post-17936","1":"product","2":"type-product","3":"status-publish","6":"product_cat-arte","7":"product_cat-estri","8":"product_cat-literatura","9":"product_cat-litmexicana","10":"product_tag-arqueles-vela","12":"first","13":"outofstock","14":"featured","15":"taxable","16":"shipping-taxable","17":"purchasable","18":"product-type-simple"},"yoast_head":"<!-- This site is optimized with the Yoast SEO plugin v26.1.1 - https:\/\/yoast.com\/wordpress\/plugins\/seo\/ -->\n<title>VELA ARQUELES. CUENTOS DEL D\u00cdA Y DE LA NOCHE -<\/title>\n<meta name=\"robots\" content=\"index, follow, max-snippet:-1, max-image-preview:large, max-video-preview:-1\" \/>\n<link rel=\"canonical\" href=\"https:\/\/antiqua.mx\/en\/product\/vela-arqueles-cuentos-del-dia-y-de-la-noche\" \/>\n<meta property=\"og:locale\" content=\"en_US\" \/>\n<meta property=\"og:type\" content=\"article\" \/>\n<meta property=\"og:title\" content=\"VELA ARQUELES. CUENTOS DEL D\u00cdA Y DE LA NOCHE -\" \/>\n<meta property=\"og:description\" content=\"Editorial: EDICIONES BOTAS-M\u00c9XICO  Segunda edici\u00f3n  A\u00f1o 1962  R\u00fastico, en buenas condiciones. El empastado est\u00e1 maltratado.  El ejemplar est\u00e1 intonso.  Tiraje de mil ejemplares.  Impreso en M\u00e9xico.  322 p\u00e1ginas\" \/>\n<meta property=\"og:url\" content=\"https:\/\/antiqua.mx\/en\/product\/vela-arqueles-cuentos-del-dia-y-de-la-noche\" \/>\n<meta property=\"article:modified_time\" content=\"2025-08-21T00:01:59+00:00\" \/>\n<meta property=\"og:image\" content=\"https:\/\/antiqua.mx\/wp-content\/uploads\/2022\/12\/A912F490-3EB1-4639-92E7-F26BB6C107D4-scaled.jpeg\" \/>\n\t<meta property=\"og:image:width\" content=\"2129\" \/>\n\t<meta property=\"og:image:height\" content=\"2560\" \/>\n\t<meta property=\"og:image:type\" content=\"image\/jpeg\" \/>\n<meta name=\"twitter:card\" content=\"summary_large_image\" \/>\n<script type=\"application\/ld+json\" class=\"yoast-schema-graph\">{\"@context\":\"https:\/\/schema.org\",\"@graph\":[{\"@type\":\"WebPage\",\"@id\":\"https:\/\/antiqua.mx\/en\/product\/vela-arqueles-cuentos-del-dia-y-de-la-noche\",\"url\":\"https:\/\/antiqua.mx\/en\/product\/vela-arqueles-cuentos-del-dia-y-de-la-noche\",\"name\":\"VELA ARQUELES. CUENTOS DEL D\u00cdA Y DE LA NOCHE -\",\"isPartOf\":{\"@id\":\"https:\/\/antiqua.mx\/en\/#website\"},\"primaryImageOfPage\":{\"@id\":\"https:\/\/antiqua.mx\/en\/product\/vela-arqueles-cuentos-del-dia-y-de-la-noche#primaryimage\"},\"image\":{\"@id\":\"https:\/\/antiqua.mx\/en\/product\/vela-arqueles-cuentos-del-dia-y-de-la-noche#primaryimage\"},\"thumbnailUrl\":\"https:\/\/antiqua.mx\/wp-content\/uploads\/2022\/12\/A912F490-3EB1-4639-92E7-F26BB6C107D4-scaled.jpeg\",\"datePublished\":\"2022-12-01T01:36:57+00:00\",\"dateModified\":\"2025-08-21T00:01:59+00:00\",\"breadcrumb\":{\"@id\":\"https:\/\/antiqua.mx\/en\/product\/vela-arqueles-cuentos-del-dia-y-de-la-noche#breadcrumb\"},\"inLanguage\":\"en-US\",\"potentialAction\":[{\"@type\":\"ReadAction\",\"target\":[\"https:\/\/antiqua.mx\/en\/product\/vela-arqueles-cuentos-del-dia-y-de-la-noche\"]}]},{\"@type\":\"ImageObject\",\"inLanguage\":\"en-US\",\"@id\":\"https:\/\/antiqua.mx\/en\/product\/vela-arqueles-cuentos-del-dia-y-de-la-noche#primaryimage\",\"url\":\"https:\/\/antiqua.mx\/wp-content\/uploads\/2022\/12\/A912F490-3EB1-4639-92E7-F26BB6C107D4-scaled.jpeg\",\"contentUrl\":\"https:\/\/antiqua.mx\/wp-content\/uploads\/2022\/12\/A912F490-3EB1-4639-92E7-F26BB6C107D4-scaled.jpeg\",\"width\":2129,\"height\":2560},{\"@type\":\"BreadcrumbList\",\"@id\":\"https:\/\/antiqua.mx\/en\/product\/vela-arqueles-cuentos-del-dia-y-de-la-noche#breadcrumb\",\"itemListElement\":[{\"@type\":\"ListItem\",\"position\":1,\"name\":\"Portada\",\"item\":\"https:\/\/antiqua.mx\/en\/\"},{\"@type\":\"ListItem\",\"position\":2,\"name\":\"Tienda\",\"item\":\"https:\/\/antiqua.mx\/en\/tienda\"},{\"@type\":\"ListItem\",\"position\":3,\"name\":\"VELA ARQUELES. CUENTOS DEL D\u00cdA Y DE LA NOCHE\"}]},{\"@type\":\"WebSite\",\"@id\":\"https:\/\/antiqua.mx\/en\/#website\",\"url\":\"https:\/\/antiqua.mx\/en\/\",\"name\":\"\",\"description\":\"\",\"potentialAction\":[{\"@type\":\"SearchAction\",\"target\":{\"@type\":\"EntryPoint\",\"urlTemplate\":\"https:\/\/antiqua.mx\/en\/?s={search_term_string}\"},\"query-input\":{\"@type\":\"PropertyValueSpecification\",\"valueRequired\":true,\"valueName\":\"search_term_string\"}}],\"inLanguage\":\"en-US\"}]}<\/script>\n<!-- \/ Yoast SEO plugin. -->","yoast_head_json":{"title":"VELA ARQUELES. CUENTOS DEL D\u00cdA Y DE LA NOCHE -","robots":{"index":"index","follow":"follow","max-snippet":"max-snippet:-1","max-image-preview":"max-image-preview:large","max-video-preview":"max-video-preview:-1"},"canonical":"https:\/\/antiqua.mx\/en\/product\/vela-arqueles-cuentos-del-dia-y-de-la-noche","og_locale":"en_US","og_type":"article","og_title":"VELA ARQUELES. CUENTOS DEL D\u00cdA Y DE LA NOCHE -","og_description":"Editorial: EDICIONES BOTAS-M\u00c9XICO  Segunda edici\u00f3n  A\u00f1o 1962  R\u00fastico, en buenas condiciones. El empastado est\u00e1 maltratado.  El ejemplar est\u00e1 intonso.  Tiraje de mil ejemplares.  Impreso en M\u00e9xico.  322 p\u00e1ginas","og_url":"https:\/\/antiqua.mx\/en\/product\/vela-arqueles-cuentos-del-dia-y-de-la-noche","article_modified_time":"2025-08-21T00:01:59+00:00","og_image":[{"width":2129,"height":2560,"url":"https:\/\/antiqua.mx\/wp-content\/uploads\/2022\/12\/A912F490-3EB1-4639-92E7-F26BB6C107D4-scaled.jpeg","type":"image\/jpeg"}],"twitter_card":"summary_large_image","schema":{"@context":"https:\/\/schema.org","@graph":[{"@type":"WebPage","@id":"https:\/\/antiqua.mx\/en\/product\/vela-arqueles-cuentos-del-dia-y-de-la-noche","url":"https:\/\/antiqua.mx\/en\/product\/vela-arqueles-cuentos-del-dia-y-de-la-noche","name":"VELA ARQUELES. CUENTOS DEL D\u00cdA Y DE LA NOCHE -","isPartOf":{"@id":"https:\/\/antiqua.mx\/en\/#website"},"primaryImageOfPage":{"@id":"https:\/\/antiqua.mx\/en\/product\/vela-arqueles-cuentos-del-dia-y-de-la-noche#primaryimage"},"image":{"@id":"https:\/\/antiqua.mx\/en\/product\/vela-arqueles-cuentos-del-dia-y-de-la-noche#primaryimage"},"thumbnailUrl":"https:\/\/antiqua.mx\/wp-content\/uploads\/2022\/12\/A912F490-3EB1-4639-92E7-F26BB6C107D4-scaled.jpeg","datePublished":"2022-12-01T01:36:57+00:00","dateModified":"2025-08-21T00:01:59+00:00","breadcrumb":{"@id":"https:\/\/antiqua.mx\/en\/product\/vela-arqueles-cuentos-del-dia-y-de-la-noche#breadcrumb"},"inLanguage":"en-US","potentialAction":[{"@type":"ReadAction","target":["https:\/\/antiqua.mx\/en\/product\/vela-arqueles-cuentos-del-dia-y-de-la-noche"]}]},{"@type":"ImageObject","inLanguage":"en-US","@id":"https:\/\/antiqua.mx\/en\/product\/vela-arqueles-cuentos-del-dia-y-de-la-noche#primaryimage","url":"https:\/\/antiqua.mx\/wp-content\/uploads\/2022\/12\/A912F490-3EB1-4639-92E7-F26BB6C107D4-scaled.jpeg","contentUrl":"https:\/\/antiqua.mx\/wp-content\/uploads\/2022\/12\/A912F490-3EB1-4639-92E7-F26BB6C107D4-scaled.jpeg","width":2129,"height":2560},{"@type":"BreadcrumbList","@id":"https:\/\/antiqua.mx\/en\/product\/vela-arqueles-cuentos-del-dia-y-de-la-noche#breadcrumb","itemListElement":[{"@type":"ListItem","position":1,"name":"Portada","item":"https:\/\/antiqua.mx\/en\/"},{"@type":"ListItem","position":2,"name":"Tienda","item":"https:\/\/antiqua.mx\/en\/tienda"},{"@type":"ListItem","position":3,"name":"VELA ARQUELES. CUENTOS DEL D\u00cdA Y DE LA NOCHE"}]},{"@type":"WebSite","@id":"https:\/\/antiqua.mx\/en\/#website","url":"https:\/\/antiqua.mx\/en\/","name":"","description":"","potentialAction":[{"@type":"SearchAction","target":{"@type":"EntryPoint","urlTemplate":"https:\/\/antiqua.mx\/en\/?s={search_term_string}"},"query-input":{"@type":"PropertyValueSpecification","valueRequired":true,"valueName":"search_term_string"}}],"inLanguage":"en-US"}]}},"jetpack_sharing_enabled":true,"_links":{"self":[{"href":"https:\/\/antiqua.mx\/en\/wp-json\/wp\/v2\/product\/17936","targetHints":{"allow":["GET"]}}],"collection":[{"href":"https:\/\/antiqua.mx\/en\/wp-json\/wp\/v2\/product"}],"about":[{"href":"https:\/\/antiqua.mx\/en\/wp-json\/wp\/v2\/types\/product"}],"replies":[{"embeddable":true,"href":"https:\/\/antiqua.mx\/en\/wp-json\/wp\/v2\/comments?post=17936"}],"wp:featuredmedia":[{"embeddable":true,"href":"https:\/\/antiqua.mx\/en\/wp-json\/wp\/v2\/media\/18042"}],"wp:attachment":[{"href":"https:\/\/antiqua.mx\/en\/wp-json\/wp\/v2\/media?parent=17936"}],"wp:term":[{"taxonomy":"product_brand","embeddable":true,"href":"https:\/\/antiqua.mx\/en\/wp-json\/wp\/v2\/product_brand?post=17936"},{"taxonomy":"product_cat","embeddable":true,"href":"https:\/\/antiqua.mx\/en\/wp-json\/wp\/v2\/product_cat?post=17936"},{"taxonomy":"product_tag","embeddable":true,"href":"https:\/\/antiqua.mx\/en\/wp-json\/wp\/v2\/product_tag?post=17936"}],"curies":[{"name":"wp","href":"https:\/\/api.w.org\/{rel}","templated":true}]}}