{"id":17952,"date":"2022-12-17T20:41:49","date_gmt":"2022-12-17T20:41:49","guid":{"rendered":"https:\/\/antiqua.mx\/?post_type=product&#038;p=17952"},"modified":"2026-03-23T21:47:01","modified_gmt":"2026-03-23T21:47:01","slug":"abel-quezada-obras","status":"publish","type":"product","link":"https:\/\/antiqua.mx\/en\/product\/abel-quezada-obras\/","title":{"rendered":"ABEL QUEZADA OBRAS"},"content":{"rendered":"<p>Editorial: Pemex \/ Abel Quezada Asociaci\u00f3n Civil \/ Am\u00e9rica Natural Floresta Ediciones \/ Museo de la Ciudad de M\u00e9xico<\/p>\n<p>A\u00f1o 2011<\/p>\n<p>Empastado, en buenas condiciones.<\/p>\n<p>El ejemplar est\u00e1 ilustrado con l\u00e1minas a color y a blanco y negro.<\/p>\n<p>Impreso en M\u00e9xico.<\/p>\n<p>518 p\u00e1ginas<\/p>","protected":false},"excerpt":{"rendered":"<ul>\n<li>Editorial: Pemex \/ Abel Quezada Asociaci\u00f3n Civil \/ Am\u00e9rica Natural Floresta Ediciones \/ Museo de la Ciudad de M\u00e9xico<\/li>\n<li>A\u00f1o 2011<\/li>\n<li>Empastado, en buenas condiciones.<\/li>\n<li>El ejemplar est\u00e1 ilustrado con l\u00e1minas a color y a blanco y negro.<\/li>\n<li>Impreso en M\u00e9xico.<\/li>\n<li>518 p\u00e1ginas<\/li>\n<\/ul>","protected":false},"featured_media":26023,"comment_status":"open","ping_status":"closed","template":"","meta":{"_joinchat":[]},"product_brand":[],"product_cat":[349,350,1332,387,375,943],"product_tag":[758],"class_list":{"0":"post-17952","1":"product","2":"type-product","3":"status-publish","6":"product_cat-arte","7":"product_cat-arte-mexicano","8":"product_cat-caricmex","9":"product_cat-cultmex","10":"product_cat-mex","11":"product_cat-obra-plastica-mex","12":"product_tag-abel-quezada","14":"first","15":"instock","16":"featured","17":"taxable","18":"shipping-taxable","19":"purchasable","20":"product-type-simple"},"yoast_head":"<!-- This site is optimized with the Yoast SEO plugin v26.1.1 - https:\/\/yoast.com\/wordpress\/plugins\/seo\/ -->\n<title>ABEL QUEZADA OBRAS -<\/title>\n<meta name=\"robots\" content=\"index, follow, max-snippet:-1, max-image-preview:large, max-video-preview:-1\" \/>\n<link rel=\"canonical\" href=\"https:\/\/antiqua.mx\/en\/product\/abel-quezada-obras\/\" \/>\n<meta property=\"og:locale\" content=\"en_US\" \/>\n<meta property=\"og:type\" content=\"article\" \/>\n<meta property=\"og:title\" content=\"ABEL QUEZADA OBRAS -\" \/>\n<meta property=\"og:description\" content=\"Editorial: Pemex \/ Abel Quezada Asociaci\u00f3n Civil \/ Am\u00e9rica Natural Floresta Ediciones \/ Museo de la Ciudad de M\u00e9xico  A\u00f1o 2011  Empastado, en buenas condiciones.  El ejemplar est\u00e1 ilustrado con l\u00e1minas a color y a blanco y negro.  Impreso en M\u00e9xico.  518 p\u00e1ginas\" \/>\n<meta property=\"og:url\" content=\"https:\/\/antiqua.mx\/en\/product\/abel-quezada-obras\/\" \/>\n<meta property=\"article:modified_time\" content=\"2026-03-23T21:47:01+00:00\" \/>\n<meta property=\"og:image\" content=\"https:\/\/antiqua.mx\/wp-content\/uploads\/2022\/12\/ABEL-QUEZADA-OBRAS.jpeg\" \/>\n\t<meta property=\"og:image:width\" content=\"1996\" \/>\n\t<meta property=\"og:image:height\" content=\"2560\" \/>\n\t<meta property=\"og:image:type\" content=\"image\/jpeg\" \/>\n<meta name=\"twitter:card\" content=\"summary_large_image\" \/>\n<meta name=\"twitter:label1\" content=\"Est. reading time\" \/>\n\t<meta name=\"twitter:data1\" content=\"1 minute\" \/>\n<script type=\"application\/ld+json\" class=\"yoast-schema-graph\">{\"@context\":\"https:\/\/schema.org\",\"@graph\":[{\"@type\":\"WebPage\",\"@id\":\"https:\/\/antiqua.mx\/producto\/abel-quezada-obras\/\",\"url\":\"https:\/\/antiqua.mx\/producto\/abel-quezada-obras\/\",\"name\":\"ABEL QUEZADA OBRAS -\",\"isPartOf\":{\"@id\":\"https:\/\/antiqua.mx\/en\/#website\"},\"primaryImageOfPage\":{\"@id\":\"https:\/\/antiqua.mx\/producto\/abel-quezada-obras\/#primaryimage\"},\"image\":{\"@id\":\"https:\/\/antiqua.mx\/producto\/abel-quezada-obras\/#primaryimage\"},\"thumbnailUrl\":\"https:\/\/antiqua.mx\/wp-content\/uploads\/2022\/12\/ABEL-QUEZADA-OBRAS.jpeg\",\"datePublished\":\"2022-12-17T20:41:49+00:00\",\"dateModified\":\"2026-03-23T21:47:01+00:00\",\"breadcrumb\":{\"@id\":\"https:\/\/antiqua.mx\/producto\/abel-quezada-obras\/#breadcrumb\"},\"inLanguage\":\"en-US\",\"potentialAction\":[{\"@type\":\"ReadAction\",\"target\":[\"https:\/\/antiqua.mx\/producto\/abel-quezada-obras\/\"]}]},{\"@type\":\"ImageObject\",\"inLanguage\":\"en-US\",\"@id\":\"https:\/\/antiqua.mx\/producto\/abel-quezada-obras\/#primaryimage\",\"url\":\"https:\/\/antiqua.mx\/wp-content\/uploads\/2022\/12\/ABEL-QUEZADA-OBRAS.jpeg\",\"contentUrl\":\"https:\/\/antiqua.mx\/wp-content\/uploads\/2022\/12\/ABEL-QUEZADA-OBRAS.jpeg\",\"width\":1996,\"height\":2560},{\"@type\":\"BreadcrumbList\",\"@id\":\"https:\/\/antiqua.mx\/producto\/abel-quezada-obras\/#breadcrumb\",\"itemListElement\":[{\"@type\":\"ListItem\",\"position\":1,\"name\":\"Portada\",\"item\":\"https:\/\/antiqua.mx\/en\/\"},{\"@type\":\"ListItem\",\"position\":2,\"name\":\"Tienda\",\"item\":\"https:\/\/antiqua.mx\/tienda\/\"},{\"@type\":\"ListItem\",\"position\":3,\"name\":\"ABEL QUEZADA OBRAS\"}]},{\"@type\":\"WebSite\",\"@id\":\"https:\/\/antiqua.mx\/en\/#website\",\"url\":\"https:\/\/antiqua.mx\/en\/\",\"name\":\"\",\"description\":\"\",\"potentialAction\":[{\"@type\":\"SearchAction\",\"target\":{\"@type\":\"EntryPoint\",\"urlTemplate\":\"https:\/\/antiqua.mx\/en\/?s={search_term_string}\"},\"query-input\":{\"@type\":\"PropertyValueSpecification\",\"valueRequired\":true,\"valueName\":\"search_term_string\"}}],\"inLanguage\":\"en-US\"}]}<\/script>\n<!-- \/ Yoast SEO plugin. -->","yoast_head_json":{"title":"ABEL QUEZADA OBRAS -","robots":{"index":"index","follow":"follow","max-snippet":"max-snippet:-1","max-image-preview":"max-image-preview:large","max-video-preview":"max-video-preview:-1"},"canonical":"https:\/\/antiqua.mx\/en\/product\/abel-quezada-obras\/","og_locale":"en_US","og_type":"article","og_title":"ABEL QUEZADA OBRAS -","og_description":"Editorial: Pemex \/ Abel Quezada Asociaci\u00f3n Civil \/ Am\u00e9rica Natural Floresta Ediciones \/ Museo de la Ciudad de M\u00e9xico  A\u00f1o 2011  Empastado, en buenas condiciones.  El ejemplar est\u00e1 ilustrado con l\u00e1minas a color y a blanco y negro.  Impreso en M\u00e9xico.  518 p\u00e1ginas","og_url":"https:\/\/antiqua.mx\/en\/product\/abel-quezada-obras\/","article_modified_time":"2026-03-23T21:47:01+00:00","og_image":[{"width":1996,"height":2560,"url":"https:\/\/antiqua.mx\/wp-content\/uploads\/2022\/12\/ABEL-QUEZADA-OBRAS.jpeg","type":"image\/jpeg"}],"twitter_card":"summary_large_image","twitter_misc":{"Est. reading time":"1 minute"},"schema":{"@context":"https:\/\/schema.org","@graph":[{"@type":"WebPage","@id":"https:\/\/antiqua.mx\/producto\/abel-quezada-obras\/","url":"https:\/\/antiqua.mx\/producto\/abel-quezada-obras\/","name":"ABEL QUEZADA OBRAS -","isPartOf":{"@id":"https:\/\/antiqua.mx\/en\/#website"},"primaryImageOfPage":{"@id":"https:\/\/antiqua.mx\/producto\/abel-quezada-obras\/#primaryimage"},"image":{"@id":"https:\/\/antiqua.mx\/producto\/abel-quezada-obras\/#primaryimage"},"thumbnailUrl":"https:\/\/antiqua.mx\/wp-content\/uploads\/2022\/12\/ABEL-QUEZADA-OBRAS.jpeg","datePublished":"2022-12-17T20:41:49+00:00","dateModified":"2026-03-23T21:47:01+00:00","breadcrumb":{"@id":"https:\/\/antiqua.mx\/producto\/abel-quezada-obras\/#breadcrumb"},"inLanguage":"en-US","potentialAction":[{"@type":"ReadAction","target":["https:\/\/antiqua.mx\/producto\/abel-quezada-obras\/"]}]},{"@type":"ImageObject","inLanguage":"en-US","@id":"https:\/\/antiqua.mx\/producto\/abel-quezada-obras\/#primaryimage","url":"https:\/\/antiqua.mx\/wp-content\/uploads\/2022\/12\/ABEL-QUEZADA-OBRAS.jpeg","contentUrl":"https:\/\/antiqua.mx\/wp-content\/uploads\/2022\/12\/ABEL-QUEZADA-OBRAS.jpeg","width":1996,"height":2560},{"@type":"BreadcrumbList","@id":"https:\/\/antiqua.mx\/producto\/abel-quezada-obras\/#breadcrumb","itemListElement":[{"@type":"ListItem","position":1,"name":"Portada","item":"https:\/\/antiqua.mx\/en\/"},{"@type":"ListItem","position":2,"name":"Tienda","item":"https:\/\/antiqua.mx\/tienda\/"},{"@type":"ListItem","position":3,"name":"ABEL QUEZADA OBRAS"}]},{"@type":"WebSite","@id":"https:\/\/antiqua.mx\/en\/#website","url":"https:\/\/antiqua.mx\/en\/","name":"","description":"","potentialAction":[{"@type":"SearchAction","target":{"@type":"EntryPoint","urlTemplate":"https:\/\/antiqua.mx\/en\/?s={search_term_string}"},"query-input":{"@type":"PropertyValueSpecification","valueRequired":true,"valueName":"search_term_string"}}],"inLanguage":"en-US"}]}},"jetpack_sharing_enabled":true,"_links":{"self":[{"href":"https:\/\/antiqua.mx\/en\/wp-json\/wp\/v2\/product\/17952","targetHints":{"allow":["GET"]}}],"collection":[{"href":"https:\/\/antiqua.mx\/en\/wp-json\/wp\/v2\/product"}],"about":[{"href":"https:\/\/antiqua.mx\/en\/wp-json\/wp\/v2\/types\/product"}],"replies":[{"embeddable":true,"href":"https:\/\/antiqua.mx\/en\/wp-json\/wp\/v2\/comments?post=17952"}],"wp:featuredmedia":[{"embeddable":true,"href":"https:\/\/antiqua.mx\/en\/wp-json\/wp\/v2\/media\/26023"}],"wp:attachment":[{"href":"https:\/\/antiqua.mx\/en\/wp-json\/wp\/v2\/media?parent=17952"}],"wp:term":[{"taxonomy":"product_brand","embeddable":true,"href":"https:\/\/antiqua.mx\/en\/wp-json\/wp\/v2\/product_brand?post=17952"},{"taxonomy":"product_cat","embeddable":true,"href":"https:\/\/antiqua.mx\/en\/wp-json\/wp\/v2\/product_cat?post=17952"},{"taxonomy":"product_tag","embeddable":true,"href":"https:\/\/antiqua.mx\/en\/wp-json\/wp\/v2\/product_tag?post=17952"}],"curies":[{"name":"wp","href":"https:\/\/api.w.org\/{rel}","templated":true}]}}