{"id":17953,"date":"2022-12-28T01:01:05","date_gmt":"2022-12-28T01:01:05","guid":{"rendered":"https:\/\/antiqua.mx\/?post_type=product&#038;p=17953"},"modified":"2026-02-25T20:39:23","modified_gmt":"2026-02-25T20:39:23","slug":"tenorio-martha-lilia-poesia-novohispana-antologia","status":"publish","type":"product","link":"https:\/\/antiqua.mx\/en\/product\/tenorio-martha-lilia-poesia-novohispana-antologia","title":{"rendered":"TENORIO MARTHA LILIA. POES\u00cdA NOVOHISPANA. ANTOLOG\u00cdA"},"content":{"rendered":"<p><strong>Tenorio Martha Lilia<\/strong><\/p>\n<p>Editorial: EL COLEGIO DE M\u00c9XICO \/ FUNDACI\u00d3N PARA LAS LETRAS MEXICANAS<\/p>\n<p>Primera edici\u00f3n<\/p>\n<p>A\u00f1o 2010<\/p>\n<p>R\u00fastico, en buenas condiciones. La obra consta de dos vol\u00famenes.<\/p>\n<p>Presentaci\u00f3n de Antonio Alatorre.<\/p>\n<p>Impreso en M\u00e9xico.<\/p>\n<p>1352 p\u00e1ginas<\/p>","protected":false},"excerpt":{"rendered":"<ul>\n<li>Editorial: EL COLEGIO DE M\u00c9XICO \/ FUNDACI\u00d3N PARA LAS LETRAS MEXICANAS<\/li>\n<li>Primera edici\u00f3n<\/li>\n<li>A\u00f1o 2010<\/li>\n<li>R\u00fastico, en buenas condiciones. La obra consta de dos vol\u00famenes.<\/li>\n<li>Presentaci\u00f3n de Antonio Alatorre.<\/li>\n<li>Impreso en M\u00e9xico.<\/li>\n<li>1352 p\u00e1ginas<\/li>\n<\/ul>","protected":false},"featured_media":18341,"comment_status":"open","ping_status":"closed","template":"","meta":{"_joinchat":[]},"product_brand":[],"product_cat":[335,340],"product_tag":[5977],"class_list":{"0":"post-17953","1":"product","2":"type-product","3":"status-publish","6":"product_cat-literatura","7":"product_cat-poesia","8":"product_tag-martha-lilia-tenorio","10":"first","11":"instock","12":"featured","13":"taxable","14":"shipping-taxable","15":"purchasable","16":"product-type-simple"},"yoast_head":"<!-- This site is optimized with the Yoast SEO plugin v26.1.1 - https:\/\/yoast.com\/wordpress\/plugins\/seo\/ -->\n<title>TENORIO MARTHA LILIA. POES\u00cdA NOVOHISPANA. ANTOLOG\u00cdA -<\/title>\n<meta name=\"robots\" content=\"index, follow, max-snippet:-1, max-image-preview:large, max-video-preview:-1\" \/>\n<link rel=\"canonical\" href=\"https:\/\/antiqua.mx\/en\/product\/tenorio-martha-lilia-poesia-novohispana-antologia\/\" \/>\n<meta property=\"og:locale\" content=\"en_US\" \/>\n<meta property=\"og:type\" content=\"article\" \/>\n<meta property=\"og:title\" content=\"TENORIO MARTHA LILIA. POES\u00cdA NOVOHISPANA. ANTOLOG\u00cdA -\" \/>\n<meta property=\"og:description\" content=\"Editorial: EL COLEGIO DE M\u00c9XICO \/ FUNDACI\u00d3N PARA LAS LETRAS MEXICANAS  Primera edici\u00f3n  A\u00f1o 2010  R\u00fastico, en buenas condiciones. La obra consta de dos vol\u00famenes.  Presentaci\u00f3n de Antonio Alatorre.  Impreso en M\u00e9xico.  1352 p\u00e1ginas\" \/>\n<meta property=\"og:url\" content=\"https:\/\/antiqua.mx\/en\/product\/tenorio-martha-lilia-poesia-novohispana-antologia\/\" \/>\n<meta property=\"article:modified_time\" content=\"2026-02-25T20:39:23+00:00\" \/>\n<meta property=\"og:image\" content=\"https:\/\/antiqua.mx\/wp-content\/uploads\/2022\/12\/B826C890-9E72-4734-B4A0-9A96C18F9576-scaled.jpeg\" \/>\n\t<meta property=\"og:image:width\" content=\"2560\" \/>\n\t<meta property=\"og:image:height\" content=\"1954\" \/>\n\t<meta property=\"og:image:type\" content=\"image\/jpeg\" \/>\n<meta name=\"twitter:card\" content=\"summary_large_image\" \/>\n<meta name=\"twitter:label1\" content=\"Est. reading time\" \/>\n\t<meta name=\"twitter:data1\" content=\"1 minute\" \/>\n<script type=\"application\/ld+json\" class=\"yoast-schema-graph\">{\"@context\":\"https:\/\/schema.org\",\"@graph\":[{\"@type\":\"WebPage\",\"@id\":\"https:\/\/antiqua.mx\/producto\/tenorio-martha-lilia-poesia-novohispana-antologia\",\"url\":\"https:\/\/antiqua.mx\/producto\/tenorio-martha-lilia-poesia-novohispana-antologia\",\"name\":\"TENORIO MARTHA LILIA. POES\u00cdA NOVOHISPANA. ANTOLOG\u00cdA -\",\"isPartOf\":{\"@id\":\"https:\/\/antiqua.mx\/en\/#website\"},\"primaryImageOfPage\":{\"@id\":\"https:\/\/antiqua.mx\/producto\/tenorio-martha-lilia-poesia-novohispana-antologia#primaryimage\"},\"image\":{\"@id\":\"https:\/\/antiqua.mx\/producto\/tenorio-martha-lilia-poesia-novohispana-antologia#primaryimage\"},\"thumbnailUrl\":\"https:\/\/antiqua.mx\/wp-content\/uploads\/2022\/12\/B826C890-9E72-4734-B4A0-9A96C18F9576-scaled.jpeg\",\"datePublished\":\"2022-12-28T01:01:05+00:00\",\"dateModified\":\"2026-02-25T20:39:23+00:00\",\"breadcrumb\":{\"@id\":\"https:\/\/antiqua.mx\/producto\/tenorio-martha-lilia-poesia-novohispana-antologia#breadcrumb\"},\"inLanguage\":\"en-US\",\"potentialAction\":[{\"@type\":\"ReadAction\",\"target\":[\"https:\/\/antiqua.mx\/producto\/tenorio-martha-lilia-poesia-novohispana-antologia\"]}]},{\"@type\":\"ImageObject\",\"inLanguage\":\"en-US\",\"@id\":\"https:\/\/antiqua.mx\/producto\/tenorio-martha-lilia-poesia-novohispana-antologia#primaryimage\",\"url\":\"https:\/\/antiqua.mx\/wp-content\/uploads\/2022\/12\/B826C890-9E72-4734-B4A0-9A96C18F9576-scaled.jpeg\",\"contentUrl\":\"https:\/\/antiqua.mx\/wp-content\/uploads\/2022\/12\/B826C890-9E72-4734-B4A0-9A96C18F9576-scaled.jpeg\",\"width\":2560,\"height\":1954},{\"@type\":\"BreadcrumbList\",\"@id\":\"https:\/\/antiqua.mx\/producto\/tenorio-martha-lilia-poesia-novohispana-antologia#breadcrumb\",\"itemListElement\":[{\"@type\":\"ListItem\",\"position\":1,\"name\":\"Portada\",\"item\":\"https:\/\/antiqua.mx\/en\/\"},{\"@type\":\"ListItem\",\"position\":2,\"name\":\"Tienda\",\"item\":\"https:\/\/antiqua.mx\/en\/tienda\"},{\"@type\":\"ListItem\",\"position\":3,\"name\":\"TENORIO MARTHA LILIA. POES\u00cdA NOVOHISPANA. ANTOLOG\u00cdA\"}]},{\"@type\":\"WebSite\",\"@id\":\"https:\/\/antiqua.mx\/en\/#website\",\"url\":\"https:\/\/antiqua.mx\/en\/\",\"name\":\"\",\"description\":\"\",\"potentialAction\":[{\"@type\":\"SearchAction\",\"target\":{\"@type\":\"EntryPoint\",\"urlTemplate\":\"https:\/\/antiqua.mx\/en\/?s={search_term_string}\"},\"query-input\":{\"@type\":\"PropertyValueSpecification\",\"valueRequired\":true,\"valueName\":\"search_term_string\"}}],\"inLanguage\":\"en-US\"}]}<\/script>\n<!-- \/ Yoast SEO plugin. -->","yoast_head_json":{"title":"TENORIO MARTHA LILIA. POES\u00cdA NOVOHISPANA. ANTOLOG\u00cdA -","robots":{"index":"index","follow":"follow","max-snippet":"max-snippet:-1","max-image-preview":"max-image-preview:large","max-video-preview":"max-video-preview:-1"},"canonical":"https:\/\/antiqua.mx\/en\/product\/tenorio-martha-lilia-poesia-novohispana-antologia\/","og_locale":"en_US","og_type":"article","og_title":"TENORIO MARTHA LILIA. POES\u00cdA NOVOHISPANA. ANTOLOG\u00cdA -","og_description":"Editorial: EL COLEGIO DE M\u00c9XICO \/ FUNDACI\u00d3N PARA LAS LETRAS MEXICANAS  Primera edici\u00f3n  A\u00f1o 2010  R\u00fastico, en buenas condiciones. La obra consta de dos vol\u00famenes.  Presentaci\u00f3n de Antonio Alatorre.  Impreso en M\u00e9xico.  1352 p\u00e1ginas","og_url":"https:\/\/antiqua.mx\/en\/product\/tenorio-martha-lilia-poesia-novohispana-antologia\/","article_modified_time":"2026-02-25T20:39:23+00:00","og_image":[{"width":2560,"height":1954,"url":"https:\/\/antiqua.mx\/wp-content\/uploads\/2022\/12\/B826C890-9E72-4734-B4A0-9A96C18F9576-scaled.jpeg","type":"image\/jpeg"}],"twitter_card":"summary_large_image","twitter_misc":{"Est. reading time":"1 minute"},"schema":{"@context":"https:\/\/schema.org","@graph":[{"@type":"WebPage","@id":"https:\/\/antiqua.mx\/producto\/tenorio-martha-lilia-poesia-novohispana-antologia","url":"https:\/\/antiqua.mx\/producto\/tenorio-martha-lilia-poesia-novohispana-antologia","name":"TENORIO MARTHA LILIA. POES\u00cdA NOVOHISPANA. ANTOLOG\u00cdA -","isPartOf":{"@id":"https:\/\/antiqua.mx\/en\/#website"},"primaryImageOfPage":{"@id":"https:\/\/antiqua.mx\/producto\/tenorio-martha-lilia-poesia-novohispana-antologia#primaryimage"},"image":{"@id":"https:\/\/antiqua.mx\/producto\/tenorio-martha-lilia-poesia-novohispana-antologia#primaryimage"},"thumbnailUrl":"https:\/\/antiqua.mx\/wp-content\/uploads\/2022\/12\/B826C890-9E72-4734-B4A0-9A96C18F9576-scaled.jpeg","datePublished":"2022-12-28T01:01:05+00:00","dateModified":"2026-02-25T20:39:23+00:00","breadcrumb":{"@id":"https:\/\/antiqua.mx\/producto\/tenorio-martha-lilia-poesia-novohispana-antologia#breadcrumb"},"inLanguage":"en-US","potentialAction":[{"@type":"ReadAction","target":["https:\/\/antiqua.mx\/producto\/tenorio-martha-lilia-poesia-novohispana-antologia"]}]},{"@type":"ImageObject","inLanguage":"en-US","@id":"https:\/\/antiqua.mx\/producto\/tenorio-martha-lilia-poesia-novohispana-antologia#primaryimage","url":"https:\/\/antiqua.mx\/wp-content\/uploads\/2022\/12\/B826C890-9E72-4734-B4A0-9A96C18F9576-scaled.jpeg","contentUrl":"https:\/\/antiqua.mx\/wp-content\/uploads\/2022\/12\/B826C890-9E72-4734-B4A0-9A96C18F9576-scaled.jpeg","width":2560,"height":1954},{"@type":"BreadcrumbList","@id":"https:\/\/antiqua.mx\/producto\/tenorio-martha-lilia-poesia-novohispana-antologia#breadcrumb","itemListElement":[{"@type":"ListItem","position":1,"name":"Portada","item":"https:\/\/antiqua.mx\/en\/"},{"@type":"ListItem","position":2,"name":"Tienda","item":"https:\/\/antiqua.mx\/en\/tienda"},{"@type":"ListItem","position":3,"name":"TENORIO MARTHA LILIA. POES\u00cdA NOVOHISPANA. ANTOLOG\u00cdA"}]},{"@type":"WebSite","@id":"https:\/\/antiqua.mx\/en\/#website","url":"https:\/\/antiqua.mx\/en\/","name":"","description":"","potentialAction":[{"@type":"SearchAction","target":{"@type":"EntryPoint","urlTemplate":"https:\/\/antiqua.mx\/en\/?s={search_term_string}"},"query-input":{"@type":"PropertyValueSpecification","valueRequired":true,"valueName":"search_term_string"}}],"inLanguage":"en-US"}]}},"jetpack_sharing_enabled":true,"_links":{"self":[{"href":"https:\/\/antiqua.mx\/en\/wp-json\/wp\/v2\/product\/17953","targetHints":{"allow":["GET"]}}],"collection":[{"href":"https:\/\/antiqua.mx\/en\/wp-json\/wp\/v2\/product"}],"about":[{"href":"https:\/\/antiqua.mx\/en\/wp-json\/wp\/v2\/types\/product"}],"replies":[{"embeddable":true,"href":"https:\/\/antiqua.mx\/en\/wp-json\/wp\/v2\/comments?post=17953"}],"wp:featuredmedia":[{"embeddable":true,"href":"https:\/\/antiqua.mx\/en\/wp-json\/wp\/v2\/media\/18341"}],"wp:attachment":[{"href":"https:\/\/antiqua.mx\/en\/wp-json\/wp\/v2\/media?parent=17953"}],"wp:term":[{"taxonomy":"product_brand","embeddable":true,"href":"https:\/\/antiqua.mx\/en\/wp-json\/wp\/v2\/product_brand?post=17953"},{"taxonomy":"product_cat","embeddable":true,"href":"https:\/\/antiqua.mx\/en\/wp-json\/wp\/v2\/product_cat?post=17953"},{"taxonomy":"product_tag","embeddable":true,"href":"https:\/\/antiqua.mx\/en\/wp-json\/wp\/v2\/product_tag?post=17953"}],"curies":[{"name":"wp","href":"https:\/\/api.w.org\/{rel}","templated":true}]}}