{"id":17955,"date":"2022-12-21T23:55:44","date_gmt":"2022-12-21T23:55:44","guid":{"rendered":"https:\/\/antiqua.mx\/?post_type=product&#038;p=17955"},"modified":"2025-05-15T10:34:08","modified_gmt":"2025-05-15T10:34:08","slug":"gruzinski-serge-la-colonizacion-de-lo-imaginario-sociedades-indigenas-y-occidentalizacion-en-el-mexico-espanol-siglos-xvi-xviii","status":"publish","type":"product","link":"https:\/\/antiqua.mx\/en\/product\/gruzinski-serge-la-colonizacion-de-lo-imaginario-sociedades-indigenas-y-occidentalizacion-en-el-mexico-espanol-siglos-xvi-xviii","title":{"rendered":"GRUZINSKI SERGE. LA COLONIZACI\u00d3N DE LO IMAGINARIO. SOCIEDADES IND\u00cdGENAS Y OCCIDENTALIZACI\u00d3N EN EL M\u00c9XICO ESPA\u00d1OL. SIGLOS XVI-XVIII"},"content":{"rendered":"<p><strong>Gruzinski Serge<\/strong><\/p>\n<p>Editorial: Fondo de Cultura Econ\u00f3mica<\/p>\n<p>Segunda reimpresi\u00f3n<\/p>\n<p>A\u00f1o 1995<\/p>\n<p>R\u00fastico, en buenas condiciones.<\/p>\n<p>La edici\u00f3n est\u00e1 ilustrada con l\u00e1minas a blanco y negro.<\/p>\n<p>Traducci\u00f3n de Jorge Ferreiro.<\/p>\n<p>Impreso en M\u00e9xico.<\/p>\n<p>311 p\u00e1ginas<\/p>","protected":false},"excerpt":{"rendered":"<ul>\n<li>Editorial: Fondo de Cultura Econ\u00f3mica<\/li>\n<li>Segunda reimpresi\u00f3n<\/li>\n<li>A\u00f1o 1995<\/li>\n<li>R\u00fastico, en buenas condiciones.<\/li>\n<li>La edici\u00f3n est\u00e1 ilustrada con l\u00e1minas a blanco y negro.<\/li>\n<li>Traducci\u00f3n de Jorge Ferreiro.<\/li>\n<li>Impreso en M\u00e9xico.<\/li>\n<li>311 p\u00e1ginas<\/li>\n<\/ul>","protected":false},"featured_media":18093,"comment_status":"open","ping_status":"closed","template":"","meta":{"_joinchat":[]},"product_brand":[],"product_cat":[375,377],"product_tag":[1209,1203,1352,4653],"class_list":{"0":"post-17955","1":"product","2":"type-product","3":"status-publish","6":"product_cat-mex","7":"product_cat-nuevaesp","8":"product_tag-mexico-en-el-siglo-xvi","9":"product_tag-mexico-en-el-siglo-xvii","10":"product_tag-mexico-en-el-siglo-xviii","11":"product_tag-serge-gruzinski","13":"first","14":"instock","15":"featured","16":"taxable","17":"shipping-taxable","18":"purchasable","19":"product-type-simple"},"yoast_head":"<!-- This site is optimized with the Yoast SEO plugin v26.1.1 - https:\/\/yoast.com\/wordpress\/plugins\/seo\/ -->\n<title>GRUZINSKI SERGE. LA COLONIZACI\u00d3N DE LO IMAGINARIO. SOCIEDADES IND\u00cdGENAS Y OCCIDENTALIZACI\u00d3N EN EL M\u00c9XICO ESPA\u00d1OL. SIGLOS XVI-XVIII -<\/title>\n<meta name=\"robots\" content=\"index, follow, max-snippet:-1, max-image-preview:large, max-video-preview:-1\" \/>\n<link rel=\"canonical\" href=\"https:\/\/antiqua.mx\/en\/product\/gruzinski-serge-la-colonizacion-de-lo-imaginario-sociedades-indigenas-y-occidentalizacion-en-el-mexico-espanol-siglos-xvi-xviii\" \/>\n<meta property=\"og:locale\" content=\"en_US\" \/>\n<meta property=\"og:type\" content=\"article\" \/>\n<meta property=\"og:title\" content=\"GRUZINSKI SERGE. LA COLONIZACI\u00d3N DE LO IMAGINARIO. SOCIEDADES IND\u00cdGENAS Y OCCIDENTALIZACI\u00d3N EN EL M\u00c9XICO ESPA\u00d1OL. SIGLOS XVI-XVIII -\" \/>\n<meta property=\"og:description\" content=\"Editorial: Fondo de Cultura Econ\u00f3mica  Segunda reimpresi\u00f3n  A\u00f1o 1995  R\u00fastico, en buenas condiciones.  La edici\u00f3n est\u00e1 ilustrada con l\u00e1minas a blanco y negro.  Traducci\u00f3n de Jorge Ferreiro.  Impreso en M\u00e9xico.  311 p\u00e1ginas\" \/>\n<meta property=\"og:url\" content=\"https:\/\/antiqua.mx\/en\/product\/gruzinski-serge-la-colonizacion-de-lo-imaginario-sociedades-indigenas-y-occidentalizacion-en-el-mexico-espanol-siglos-xvi-xviii\" \/>\n<meta property=\"article:modified_time\" content=\"2025-05-15T10:34:08+00:00\" \/>\n<meta property=\"og:image\" content=\"https:\/\/antiqua.mx\/wp-content\/uploads\/2022\/12\/DF10774E-46C5-42D0-A38F-E1D3327A9920-scaled.jpeg\" \/>\n\t<meta property=\"og:image:width\" content=\"1998\" \/>\n\t<meta property=\"og:image:height\" content=\"2560\" \/>\n\t<meta property=\"og:image:type\" content=\"image\/jpeg\" \/>\n<meta name=\"twitter:card\" content=\"summary_large_image\" \/>\n<script type=\"application\/ld+json\" class=\"yoast-schema-graph\">{\"@context\":\"https:\/\/schema.org\",\"@graph\":[{\"@type\":\"WebPage\",\"@id\":\"https:\/\/antiqua.mx\/en\/product\/gruzinski-serge-la-colonizacion-de-lo-imaginario-sociedades-indigenas-y-occidentalizacion-en-el-mexico-espanol-siglos-xvi-xviii\",\"url\":\"https:\/\/antiqua.mx\/en\/product\/gruzinski-serge-la-colonizacion-de-lo-imaginario-sociedades-indigenas-y-occidentalizacion-en-el-mexico-espanol-siglos-xvi-xviii\",\"name\":\"GRUZINSKI SERGE. LA COLONIZACI\u00d3N DE LO IMAGINARIO. SOCIEDADES IND\u00cdGENAS Y OCCIDENTALIZACI\u00d3N EN EL M\u00c9XICO ESPA\u00d1OL. SIGLOS XVI-XVIII -\",\"isPartOf\":{\"@id\":\"https:\/\/antiqua.mx\/en\/#website\"},\"primaryImageOfPage\":{\"@id\":\"https:\/\/antiqua.mx\/en\/product\/gruzinski-serge-la-colonizacion-de-lo-imaginario-sociedades-indigenas-y-occidentalizacion-en-el-mexico-espanol-siglos-xvi-xviii#primaryimage\"},\"image\":{\"@id\":\"https:\/\/antiqua.mx\/en\/product\/gruzinski-serge-la-colonizacion-de-lo-imaginario-sociedades-indigenas-y-occidentalizacion-en-el-mexico-espanol-siglos-xvi-xviii#primaryimage\"},\"thumbnailUrl\":\"https:\/\/antiqua.mx\/wp-content\/uploads\/2022\/12\/DF10774E-46C5-42D0-A38F-E1D3327A9920-scaled.jpeg\",\"datePublished\":\"2022-12-21T23:55:44+00:00\",\"dateModified\":\"2025-05-15T10:34:08+00:00\",\"breadcrumb\":{\"@id\":\"https:\/\/antiqua.mx\/en\/product\/gruzinski-serge-la-colonizacion-de-lo-imaginario-sociedades-indigenas-y-occidentalizacion-en-el-mexico-espanol-siglos-xvi-xviii#breadcrumb\"},\"inLanguage\":\"en-US\",\"potentialAction\":[{\"@type\":\"ReadAction\",\"target\":[\"https:\/\/antiqua.mx\/en\/product\/gruzinski-serge-la-colonizacion-de-lo-imaginario-sociedades-indigenas-y-occidentalizacion-en-el-mexico-espanol-siglos-xvi-xviii\"]}]},{\"@type\":\"ImageObject\",\"inLanguage\":\"en-US\",\"@id\":\"https:\/\/antiqua.mx\/en\/product\/gruzinski-serge-la-colonizacion-de-lo-imaginario-sociedades-indigenas-y-occidentalizacion-en-el-mexico-espanol-siglos-xvi-xviii#primaryimage\",\"url\":\"https:\/\/antiqua.mx\/wp-content\/uploads\/2022\/12\/DF10774E-46C5-42D0-A38F-E1D3327A9920-scaled.jpeg\",\"contentUrl\":\"https:\/\/antiqua.mx\/wp-content\/uploads\/2022\/12\/DF10774E-46C5-42D0-A38F-E1D3327A9920-scaled.jpeg\",\"width\":1998,\"height\":2560},{\"@type\":\"BreadcrumbList\",\"@id\":\"https:\/\/antiqua.mx\/en\/product\/gruzinski-serge-la-colonizacion-de-lo-imaginario-sociedades-indigenas-y-occidentalizacion-en-el-mexico-espanol-siglos-xvi-xviii#breadcrumb\",\"itemListElement\":[{\"@type\":\"ListItem\",\"position\":1,\"name\":\"Portada\",\"item\":\"https:\/\/antiqua.mx\/en\/\"},{\"@type\":\"ListItem\",\"position\":2,\"name\":\"Tienda\",\"item\":\"https:\/\/antiqua.mx\/en\/tienda\"},{\"@type\":\"ListItem\",\"position\":3,\"name\":\"GRUZINSKI SERGE. LA COLONIZACI\u00d3N DE LO IMAGINARIO. SOCIEDADES IND\u00cdGENAS Y OCCIDENTALIZACI\u00d3N EN EL M\u00c9XICO ESPA\u00d1OL. SIGLOS XVI-XVIII\"}]},{\"@type\":\"WebSite\",\"@id\":\"https:\/\/antiqua.mx\/en\/#website\",\"url\":\"https:\/\/antiqua.mx\/en\/\",\"name\":\"\",\"description\":\"\",\"potentialAction\":[{\"@type\":\"SearchAction\",\"target\":{\"@type\":\"EntryPoint\",\"urlTemplate\":\"https:\/\/antiqua.mx\/en\/?s={search_term_string}\"},\"query-input\":{\"@type\":\"PropertyValueSpecification\",\"valueRequired\":true,\"valueName\":\"search_term_string\"}}],\"inLanguage\":\"en-US\"}]}<\/script>\n<!-- \/ Yoast SEO plugin. -->","yoast_head_json":{"title":"GRUZINSKI SERGE. LA COLONIZACI\u00d3N DE LO IMAGINARIO. SOCIEDADES IND\u00cdGENAS Y OCCIDENTALIZACI\u00d3N EN EL M\u00c9XICO ESPA\u00d1OL. SIGLOS XVI-XVIII -","robots":{"index":"index","follow":"follow","max-snippet":"max-snippet:-1","max-image-preview":"max-image-preview:large","max-video-preview":"max-video-preview:-1"},"canonical":"https:\/\/antiqua.mx\/en\/product\/gruzinski-serge-la-colonizacion-de-lo-imaginario-sociedades-indigenas-y-occidentalizacion-en-el-mexico-espanol-siglos-xvi-xviii","og_locale":"en_US","og_type":"article","og_title":"GRUZINSKI SERGE. LA COLONIZACI\u00d3N DE LO IMAGINARIO. SOCIEDADES IND\u00cdGENAS Y OCCIDENTALIZACI\u00d3N EN EL M\u00c9XICO ESPA\u00d1OL. SIGLOS XVI-XVIII -","og_description":"Editorial: Fondo de Cultura Econ\u00f3mica  Segunda reimpresi\u00f3n  A\u00f1o 1995  R\u00fastico, en buenas condiciones.  La edici\u00f3n est\u00e1 ilustrada con l\u00e1minas a blanco y negro.  Traducci\u00f3n de Jorge Ferreiro.  Impreso en M\u00e9xico.  311 p\u00e1ginas","og_url":"https:\/\/antiqua.mx\/en\/product\/gruzinski-serge-la-colonizacion-de-lo-imaginario-sociedades-indigenas-y-occidentalizacion-en-el-mexico-espanol-siglos-xvi-xviii","article_modified_time":"2025-05-15T10:34:08+00:00","og_image":[{"width":1998,"height":2560,"url":"https:\/\/antiqua.mx\/wp-content\/uploads\/2022\/12\/DF10774E-46C5-42D0-A38F-E1D3327A9920-scaled.jpeg","type":"image\/jpeg"}],"twitter_card":"summary_large_image","schema":{"@context":"https:\/\/schema.org","@graph":[{"@type":"WebPage","@id":"https:\/\/antiqua.mx\/en\/product\/gruzinski-serge-la-colonizacion-de-lo-imaginario-sociedades-indigenas-y-occidentalizacion-en-el-mexico-espanol-siglos-xvi-xviii","url":"https:\/\/antiqua.mx\/en\/product\/gruzinski-serge-la-colonizacion-de-lo-imaginario-sociedades-indigenas-y-occidentalizacion-en-el-mexico-espanol-siglos-xvi-xviii","name":"GRUZINSKI SERGE. LA COLONIZACI\u00d3N DE LO IMAGINARIO. SOCIEDADES IND\u00cdGENAS Y OCCIDENTALIZACI\u00d3N EN EL M\u00c9XICO ESPA\u00d1OL. SIGLOS XVI-XVIII -","isPartOf":{"@id":"https:\/\/antiqua.mx\/en\/#website"},"primaryImageOfPage":{"@id":"https:\/\/antiqua.mx\/en\/product\/gruzinski-serge-la-colonizacion-de-lo-imaginario-sociedades-indigenas-y-occidentalizacion-en-el-mexico-espanol-siglos-xvi-xviii#primaryimage"},"image":{"@id":"https:\/\/antiqua.mx\/en\/product\/gruzinski-serge-la-colonizacion-de-lo-imaginario-sociedades-indigenas-y-occidentalizacion-en-el-mexico-espanol-siglos-xvi-xviii#primaryimage"},"thumbnailUrl":"https:\/\/antiqua.mx\/wp-content\/uploads\/2022\/12\/DF10774E-46C5-42D0-A38F-E1D3327A9920-scaled.jpeg","datePublished":"2022-12-21T23:55:44+00:00","dateModified":"2025-05-15T10:34:08+00:00","breadcrumb":{"@id":"https:\/\/antiqua.mx\/en\/product\/gruzinski-serge-la-colonizacion-de-lo-imaginario-sociedades-indigenas-y-occidentalizacion-en-el-mexico-espanol-siglos-xvi-xviii#breadcrumb"},"inLanguage":"en-US","potentialAction":[{"@type":"ReadAction","target":["https:\/\/antiqua.mx\/en\/product\/gruzinski-serge-la-colonizacion-de-lo-imaginario-sociedades-indigenas-y-occidentalizacion-en-el-mexico-espanol-siglos-xvi-xviii"]}]},{"@type":"ImageObject","inLanguage":"en-US","@id":"https:\/\/antiqua.mx\/en\/product\/gruzinski-serge-la-colonizacion-de-lo-imaginario-sociedades-indigenas-y-occidentalizacion-en-el-mexico-espanol-siglos-xvi-xviii#primaryimage","url":"https:\/\/antiqua.mx\/wp-content\/uploads\/2022\/12\/DF10774E-46C5-42D0-A38F-E1D3327A9920-scaled.jpeg","contentUrl":"https:\/\/antiqua.mx\/wp-content\/uploads\/2022\/12\/DF10774E-46C5-42D0-A38F-E1D3327A9920-scaled.jpeg","width":1998,"height":2560},{"@type":"BreadcrumbList","@id":"https:\/\/antiqua.mx\/en\/product\/gruzinski-serge-la-colonizacion-de-lo-imaginario-sociedades-indigenas-y-occidentalizacion-en-el-mexico-espanol-siglos-xvi-xviii#breadcrumb","itemListElement":[{"@type":"ListItem","position":1,"name":"Portada","item":"https:\/\/antiqua.mx\/en\/"},{"@type":"ListItem","position":2,"name":"Tienda","item":"https:\/\/antiqua.mx\/en\/tienda"},{"@type":"ListItem","position":3,"name":"GRUZINSKI SERGE. LA COLONIZACI\u00d3N DE LO IMAGINARIO. SOCIEDADES IND\u00cdGENAS Y OCCIDENTALIZACI\u00d3N EN EL M\u00c9XICO ESPA\u00d1OL. SIGLOS XVI-XVIII"}]},{"@type":"WebSite","@id":"https:\/\/antiqua.mx\/en\/#website","url":"https:\/\/antiqua.mx\/en\/","name":"","description":"","potentialAction":[{"@type":"SearchAction","target":{"@type":"EntryPoint","urlTemplate":"https:\/\/antiqua.mx\/en\/?s={search_term_string}"},"query-input":{"@type":"PropertyValueSpecification","valueRequired":true,"valueName":"search_term_string"}}],"inLanguage":"en-US"}]}},"jetpack_sharing_enabled":true,"_links":{"self":[{"href":"https:\/\/antiqua.mx\/en\/wp-json\/wp\/v2\/product\/17955","targetHints":{"allow":["GET"]}}],"collection":[{"href":"https:\/\/antiqua.mx\/en\/wp-json\/wp\/v2\/product"}],"about":[{"href":"https:\/\/antiqua.mx\/en\/wp-json\/wp\/v2\/types\/product"}],"replies":[{"embeddable":true,"href":"https:\/\/antiqua.mx\/en\/wp-json\/wp\/v2\/comments?post=17955"}],"wp:featuredmedia":[{"embeddable":true,"href":"https:\/\/antiqua.mx\/en\/wp-json\/wp\/v2\/media\/18093"}],"wp:attachment":[{"href":"https:\/\/antiqua.mx\/en\/wp-json\/wp\/v2\/media?parent=17955"}],"wp:term":[{"taxonomy":"product_brand","embeddable":true,"href":"https:\/\/antiqua.mx\/en\/wp-json\/wp\/v2\/product_brand?post=17955"},{"taxonomy":"product_cat","embeddable":true,"href":"https:\/\/antiqua.mx\/en\/wp-json\/wp\/v2\/product_cat?post=17955"},{"taxonomy":"product_tag","embeddable":true,"href":"https:\/\/antiqua.mx\/en\/wp-json\/wp\/v2\/product_tag?post=17955"}],"curies":[{"name":"wp","href":"https:\/\/api.w.org\/{rel}","templated":true}]}}