{"id":18188,"date":"2022-12-30T23:51:44","date_gmt":"2022-12-30T23:51:44","guid":{"rendered":"https:\/\/antiqua.mx\/?post_type=product&#038;p=18188"},"modified":"2025-08-30T01:07:11","modified_gmt":"2025-08-30T01:07:11","slug":"pietro-aretino-sonetos-sobre-los-xvi-modos","status":"publish","type":"product","link":"https:\/\/antiqua.mx\/en\/product\/pietro-aretino-sonetos-sobre-los-xvi-modos","title":{"rendered":"PIETRO ARETINO. SONETOS SOBRE LOS &#8220;XVI MODOS&#8221;"},"content":{"rendered":"<p><strong>Pietro Aretino<\/strong><\/p>\n<p>Editorial: MEDIO MARAVED\u00cd<\/p>\n<p>A\u00f1o 1999<\/p>\n<p>R\u00fastico, en buenas condiciones.<\/p>\n<p>La edici\u00f3n est\u00e1 ilustrada con un <em>&#8220;FASC\u00cdMIL DEL EJEMPLAR DEL CINQUECENTO&#8221;.<\/em><\/p>\n<p>Edici\u00f3n biling\u00fce.<\/p>\n<p>Edici\u00f3n y traducci\u00f3n de Pablo Luis \u00c1vila.<\/p>\n<p>Introducci\u00f3n de Giancarlo Depretis.<\/p>\n<p>Preliminar de Jos\u00e9 Saramago.<\/p>\n<p>Impreso en Espa\u00f1a.<\/p>\n<p>188 p\u00e1ginas<\/p>","protected":false},"excerpt":{"rendered":"<ul>\n<li>Editorial: MEDIO MARAVED\u00cd<\/li>\n<li>A\u00f1o 1999<\/li>\n<li>R\u00fastico, en buenas condiciones.<\/li>\n<li>La edici\u00f3n est\u00e1 ilustrada con un <em>&#8220;FASC\u00cdMIL DEL EJEMPLAR DEL CINQUECENTO&#8221;.<\/em><\/li>\n<li>Edici\u00f3n biling\u00fce.<\/li>\n<li>Edici\u00f3n y traducci\u00f3n de Pablo Luis \u00c1vila.<\/li>\n<li>Introducci\u00f3n de Giancarlo Depretis.<\/li>\n<li>Preliminar de Jos\u00e9 Saramago.<\/li>\n<li>Impreso en Espa\u00f1a.<\/li>\n<li>188 p\u00e1ginas<\/li>\n<\/ul>","protected":false},"featured_media":18273,"comment_status":"open","ping_status":"closed","template":"","meta":{"_joinchat":[]},"product_brand":[],"product_cat":[398,335,1340,340,402],"product_tag":[1803,6346,6347,4691],"class_list":{"0":"post-18188","1":"product","2":"type-product","3":"status-publish","6":"product_cat-histguerr","7":"product_cat-literatura","8":"product_cat-pais","9":"product_cat-poesia","10":"product_cat-renacimiento","11":"product_tag-italia","12":"product_tag-jose-saramago","13":"product_tag-pablo-luis-avila","14":"product_tag-pietro-aretino","16":"first","17":"instock","18":"featured","19":"taxable","20":"shipping-taxable","21":"purchasable","22":"product-type-simple"},"yoast_head":"<!-- This site is optimized with the Yoast SEO plugin v26.1.1 - https:\/\/yoast.com\/wordpress\/plugins\/seo\/ -->\n<title>PIETRO ARETINO. SONETOS SOBRE LOS &quot;XVI MODOS&quot; -<\/title>\n<meta name=\"robots\" content=\"index, follow, max-snippet:-1, max-image-preview:large, max-video-preview:-1\" \/>\n<link rel=\"canonical\" href=\"https:\/\/antiqua.mx\/en\/product\/pietro-aretino-sonetos-sobre-los-xvi-modos\" \/>\n<meta property=\"og:locale\" content=\"en_US\" \/>\n<meta property=\"og:type\" content=\"article\" \/>\n<meta property=\"og:title\" content=\"PIETRO ARETINO. SONETOS SOBRE LOS &quot;XVI MODOS&quot; -\" \/>\n<meta property=\"og:description\" content=\"Editorial: MEDIO MARAVED\u00cd  A\u00f1o 1999  R\u00fastico, en buenas condiciones.  La edici\u00f3n est\u00e1 ilustrada con un &quot;FASC\u00cdMIL DEL EJEMPLAR DEL CINQUECENTO&quot;.  Edici\u00f3n biling\u00fce.  Edici\u00f3n y traducci\u00f3n de Pablo Luis \u00c1vila.  Introducci\u00f3n de Giancarlo Depretis.  Preliminar de Jos\u00e9 Saramago.  Impreso en Espa\u00f1a.  188 p\u00e1ginas\" \/>\n<meta property=\"og:url\" content=\"https:\/\/antiqua.mx\/en\/product\/pietro-aretino-sonetos-sobre-los-xvi-modos\" \/>\n<meta property=\"article:modified_time\" content=\"2025-08-30T01:07:11+00:00\" \/>\n<meta property=\"og:image\" content=\"https:\/\/antiqua.mx\/wp-content\/uploads\/2022\/12\/9B687FCB-6919-46C5-AA46-D20B0ECB071F-scaled.jpeg\" \/>\n\t<meta property=\"og:image:width\" content=\"2027\" \/>\n\t<meta property=\"og:image:height\" content=\"2560\" \/>\n\t<meta property=\"og:image:type\" content=\"image\/jpeg\" \/>\n<meta name=\"twitter:card\" content=\"summary_large_image\" \/>\n<script type=\"application\/ld+json\" class=\"yoast-schema-graph\">{\"@context\":\"https:\/\/schema.org\",\"@graph\":[{\"@type\":\"WebPage\",\"@id\":\"https:\/\/antiqua.mx\/en\/product\/pietro-aretino-sonetos-sobre-los-xvi-modos\",\"url\":\"https:\/\/antiqua.mx\/en\/product\/pietro-aretino-sonetos-sobre-los-xvi-modos\",\"name\":\"PIETRO ARETINO. SONETOS SOBRE LOS \\\"XVI MODOS\\\" -\",\"isPartOf\":{\"@id\":\"https:\/\/antiqua.mx\/en\/#website\"},\"primaryImageOfPage\":{\"@id\":\"https:\/\/antiqua.mx\/en\/product\/pietro-aretino-sonetos-sobre-los-xvi-modos#primaryimage\"},\"image\":{\"@id\":\"https:\/\/antiqua.mx\/en\/product\/pietro-aretino-sonetos-sobre-los-xvi-modos#primaryimage\"},\"thumbnailUrl\":\"https:\/\/antiqua.mx\/wp-content\/uploads\/2022\/12\/9B687FCB-6919-46C5-AA46-D20B0ECB071F-scaled.jpeg\",\"datePublished\":\"2022-12-30T23:51:44+00:00\",\"dateModified\":\"2025-08-30T01:07:11+00:00\",\"breadcrumb\":{\"@id\":\"https:\/\/antiqua.mx\/en\/product\/pietro-aretino-sonetos-sobre-los-xvi-modos#breadcrumb\"},\"inLanguage\":\"en-US\",\"potentialAction\":[{\"@type\":\"ReadAction\",\"target\":[\"https:\/\/antiqua.mx\/en\/product\/pietro-aretino-sonetos-sobre-los-xvi-modos\"]}]},{\"@type\":\"ImageObject\",\"inLanguage\":\"en-US\",\"@id\":\"https:\/\/antiqua.mx\/en\/product\/pietro-aretino-sonetos-sobre-los-xvi-modos#primaryimage\",\"url\":\"https:\/\/antiqua.mx\/wp-content\/uploads\/2022\/12\/9B687FCB-6919-46C5-AA46-D20B0ECB071F-scaled.jpeg\",\"contentUrl\":\"https:\/\/antiqua.mx\/wp-content\/uploads\/2022\/12\/9B687FCB-6919-46C5-AA46-D20B0ECB071F-scaled.jpeg\",\"width\":2027,\"height\":2560},{\"@type\":\"BreadcrumbList\",\"@id\":\"https:\/\/antiqua.mx\/en\/product\/pietro-aretino-sonetos-sobre-los-xvi-modos#breadcrumb\",\"itemListElement\":[{\"@type\":\"ListItem\",\"position\":1,\"name\":\"Portada\",\"item\":\"https:\/\/antiqua.mx\/en\/\"},{\"@type\":\"ListItem\",\"position\":2,\"name\":\"Tienda\",\"item\":\"https:\/\/antiqua.mx\/en\/tienda\"},{\"@type\":\"ListItem\",\"position\":3,\"name\":\"PIETRO ARETINO. SONETOS SOBRE LOS &#8220;XVI MODOS&#8221;\"}]},{\"@type\":\"WebSite\",\"@id\":\"https:\/\/antiqua.mx\/en\/#website\",\"url\":\"https:\/\/antiqua.mx\/en\/\",\"name\":\"\",\"description\":\"\",\"potentialAction\":[{\"@type\":\"SearchAction\",\"target\":{\"@type\":\"EntryPoint\",\"urlTemplate\":\"https:\/\/antiqua.mx\/en\/?s={search_term_string}\"},\"query-input\":{\"@type\":\"PropertyValueSpecification\",\"valueRequired\":true,\"valueName\":\"search_term_string\"}}],\"inLanguage\":\"en-US\"}]}<\/script>\n<!-- \/ Yoast SEO plugin. -->","yoast_head_json":{"title":"PIETRO ARETINO. SONETOS SOBRE LOS \"XVI MODOS\" -","robots":{"index":"index","follow":"follow","max-snippet":"max-snippet:-1","max-image-preview":"max-image-preview:large","max-video-preview":"max-video-preview:-1"},"canonical":"https:\/\/antiqua.mx\/en\/product\/pietro-aretino-sonetos-sobre-los-xvi-modos","og_locale":"en_US","og_type":"article","og_title":"PIETRO ARETINO. SONETOS SOBRE LOS \"XVI MODOS\" -","og_description":"Editorial: MEDIO MARAVED\u00cd  A\u00f1o 1999  R\u00fastico, en buenas condiciones.  La edici\u00f3n est\u00e1 ilustrada con un \"FASC\u00cdMIL DEL EJEMPLAR DEL CINQUECENTO\".  Edici\u00f3n biling\u00fce.  Edici\u00f3n y traducci\u00f3n de Pablo Luis \u00c1vila.  Introducci\u00f3n de Giancarlo Depretis.  Preliminar de Jos\u00e9 Saramago.  Impreso en Espa\u00f1a.  188 p\u00e1ginas","og_url":"https:\/\/antiqua.mx\/en\/product\/pietro-aretino-sonetos-sobre-los-xvi-modos","article_modified_time":"2025-08-30T01:07:11+00:00","og_image":[{"width":2027,"height":2560,"url":"https:\/\/antiqua.mx\/wp-content\/uploads\/2022\/12\/9B687FCB-6919-46C5-AA46-D20B0ECB071F-scaled.jpeg","type":"image\/jpeg"}],"twitter_card":"summary_large_image","schema":{"@context":"https:\/\/schema.org","@graph":[{"@type":"WebPage","@id":"https:\/\/antiqua.mx\/en\/product\/pietro-aretino-sonetos-sobre-los-xvi-modos","url":"https:\/\/antiqua.mx\/en\/product\/pietro-aretino-sonetos-sobre-los-xvi-modos","name":"PIETRO ARETINO. SONETOS SOBRE LOS \"XVI MODOS\" -","isPartOf":{"@id":"https:\/\/antiqua.mx\/en\/#website"},"primaryImageOfPage":{"@id":"https:\/\/antiqua.mx\/en\/product\/pietro-aretino-sonetos-sobre-los-xvi-modos#primaryimage"},"image":{"@id":"https:\/\/antiqua.mx\/en\/product\/pietro-aretino-sonetos-sobre-los-xvi-modos#primaryimage"},"thumbnailUrl":"https:\/\/antiqua.mx\/wp-content\/uploads\/2022\/12\/9B687FCB-6919-46C5-AA46-D20B0ECB071F-scaled.jpeg","datePublished":"2022-12-30T23:51:44+00:00","dateModified":"2025-08-30T01:07:11+00:00","breadcrumb":{"@id":"https:\/\/antiqua.mx\/en\/product\/pietro-aretino-sonetos-sobre-los-xvi-modos#breadcrumb"},"inLanguage":"en-US","potentialAction":[{"@type":"ReadAction","target":["https:\/\/antiqua.mx\/en\/product\/pietro-aretino-sonetos-sobre-los-xvi-modos"]}]},{"@type":"ImageObject","inLanguage":"en-US","@id":"https:\/\/antiqua.mx\/en\/product\/pietro-aretino-sonetos-sobre-los-xvi-modos#primaryimage","url":"https:\/\/antiqua.mx\/wp-content\/uploads\/2022\/12\/9B687FCB-6919-46C5-AA46-D20B0ECB071F-scaled.jpeg","contentUrl":"https:\/\/antiqua.mx\/wp-content\/uploads\/2022\/12\/9B687FCB-6919-46C5-AA46-D20B0ECB071F-scaled.jpeg","width":2027,"height":2560},{"@type":"BreadcrumbList","@id":"https:\/\/antiqua.mx\/en\/product\/pietro-aretino-sonetos-sobre-los-xvi-modos#breadcrumb","itemListElement":[{"@type":"ListItem","position":1,"name":"Portada","item":"https:\/\/antiqua.mx\/en\/"},{"@type":"ListItem","position":2,"name":"Tienda","item":"https:\/\/antiqua.mx\/en\/tienda"},{"@type":"ListItem","position":3,"name":"PIETRO ARETINO. SONETOS SOBRE LOS &#8220;XVI MODOS&#8221;"}]},{"@type":"WebSite","@id":"https:\/\/antiqua.mx\/en\/#website","url":"https:\/\/antiqua.mx\/en\/","name":"","description":"","potentialAction":[{"@type":"SearchAction","target":{"@type":"EntryPoint","urlTemplate":"https:\/\/antiqua.mx\/en\/?s={search_term_string}"},"query-input":{"@type":"PropertyValueSpecification","valueRequired":true,"valueName":"search_term_string"}}],"inLanguage":"en-US"}]}},"jetpack_sharing_enabled":true,"_links":{"self":[{"href":"https:\/\/antiqua.mx\/en\/wp-json\/wp\/v2\/product\/18188","targetHints":{"allow":["GET"]}}],"collection":[{"href":"https:\/\/antiqua.mx\/en\/wp-json\/wp\/v2\/product"}],"about":[{"href":"https:\/\/antiqua.mx\/en\/wp-json\/wp\/v2\/types\/product"}],"replies":[{"embeddable":true,"href":"https:\/\/antiqua.mx\/en\/wp-json\/wp\/v2\/comments?post=18188"}],"wp:featuredmedia":[{"embeddable":true,"href":"https:\/\/antiqua.mx\/en\/wp-json\/wp\/v2\/media\/18273"}],"wp:attachment":[{"href":"https:\/\/antiqua.mx\/en\/wp-json\/wp\/v2\/media?parent=18188"}],"wp:term":[{"taxonomy":"product_brand","embeddable":true,"href":"https:\/\/antiqua.mx\/en\/wp-json\/wp\/v2\/product_brand?post=18188"},{"taxonomy":"product_cat","embeddable":true,"href":"https:\/\/antiqua.mx\/en\/wp-json\/wp\/v2\/product_cat?post=18188"},{"taxonomy":"product_tag","embeddable":true,"href":"https:\/\/antiqua.mx\/en\/wp-json\/wp\/v2\/product_tag?post=18188"}],"curies":[{"name":"wp","href":"https:\/\/api.w.org\/{rel}","templated":true}]}}