{"id":18197,"date":"2023-01-08T00:56:44","date_gmt":"2023-01-08T00:56:44","guid":{"rendered":"https:\/\/antiqua.mx\/?post_type=product&#038;p=18197"},"modified":"2025-08-21T23:02:08","modified_gmt":"2025-08-21T23:02:08","slug":"jung-carl-g-el-hombre-y-sus-simbolos","status":"publish","type":"product","link":"https:\/\/antiqua.mx\/en\/product\/jung-carl-g-el-hombre-y-sus-simbolos\/","title":{"rendered":"JUNG CARL G. EL HOMBRE Y SUS S\u00cdMBOLOS"},"content":{"rendered":"<p><strong>Jung Carl G.\u00a0<\/strong><\/p>\n<p>Editorial: Aguilar<\/p>\n<p>Primera reimpresi\u00f3n<\/p>\n<p>A\u00f1o 1969<\/p>\n<p>Empastado con camisa, en buenas condiciones. Las orillas de la camisa est\u00e1n maltratadas y la primera parte del ejemplar est\u00e1 subrayado.<\/p>\n<p>La obra est\u00e1 ilustrada con fotograf\u00edas a color y a blanco y negro.<\/p>\n<p>Traducci\u00f3n del ingl\u00e9s por Luis Escolar Bare\u00f1o.<\/p>\n<p>Impreso en Espa\u00f1a.<\/p>\n<p>320 p\u00e1ginas<\/p>","protected":false},"excerpt":{"rendered":"<ul>\n<li>Editorial: Aguilar<\/li>\n<li>Primera reimpresi\u00f3n<\/li>\n<li>A\u00f1o 1969<\/li>\n<li>Empastado con camisa, en buenas condiciones. Las orillas de la camisa est\u00e1n maltratadas y la primera parte del ejemplar est\u00e1 subrayado.<\/li>\n<li>La obra est\u00e1 ilustrada con fotograf\u00edas a color y a blanco y negro.<\/li>\n<li>Traducci\u00f3n del ingl\u00e9s por Luis Escolar Bare\u00f1o.<\/li>\n<li>Impreso en Espa\u00f1a.<\/li>\n<li>320 p\u00e1ginas<\/li>\n<\/ul>","protected":false},"featured_media":18513,"comment_status":"open","ping_status":"closed","template":"","meta":{"_joinchat":[]},"product_brand":[],"product_cat":[431],"product_tag":[4700,4697,4701,4698,4699],"class_list":{"0":"post-18197","1":"product","2":"type-product","3":"status-publish","6":"product_cat-psicolo","7":"product_tag-aniela-jaffe","8":"product_tag-carl-jung","9":"product_tag-jolande-jacobi","10":"product_tag-joseph-henderson","11":"product_tag-m-l-von-franz","13":"first","14":"instock","15":"featured","16":"taxable","17":"shipping-taxable","18":"purchasable","19":"product-type-simple"},"yoast_head":"<!-- This site is optimized with the Yoast SEO plugin v26.1.1 - https:\/\/yoast.com\/wordpress\/plugins\/seo\/ -->\n<title>JUNG CARL G. EL HOMBRE Y SUS S\u00cdMBOLOS -<\/title>\n<meta name=\"robots\" content=\"index, follow, max-snippet:-1, max-image-preview:large, max-video-preview:-1\" \/>\n<link rel=\"canonical\" href=\"https:\/\/antiqua.mx\/en\/product\/jung-carl-g-el-hombre-y-sus-simbolos\/\" \/>\n<meta property=\"og:locale\" content=\"en_US\" \/>\n<meta property=\"og:type\" content=\"article\" \/>\n<meta property=\"og:title\" content=\"JUNG CARL G. EL HOMBRE Y SUS S\u00cdMBOLOS -\" \/>\n<meta property=\"og:description\" content=\"Editorial: Aguilar  Primera reimpresi\u00f3n  A\u00f1o 1969  Empastado con camisa, en buenas condiciones. Las orillas de la camisa est\u00e1n maltratadas y la primera parte del ejemplar est\u00e1 subrayado.  La obra est\u00e1 ilustrada con fotograf\u00edas a color y a blanco y negro.  Traducci\u00f3n del ingl\u00e9s por Luis Escolar Bare\u00f1o.  Impreso en Espa\u00f1a.  320 p\u00e1ginas\" \/>\n<meta property=\"og:url\" content=\"https:\/\/antiqua.mx\/en\/product\/jung-carl-g-el-hombre-y-sus-simbolos\/\" \/>\n<meta property=\"article:modified_time\" content=\"2025-08-21T23:02:08+00:00\" \/>\n<meta property=\"og:image\" content=\"https:\/\/antiqua.mx\/wp-content\/uploads\/2023\/01\/7E239574-98F8-4D33-8B39-4103ACCA857A-scaled.jpeg\" \/>\n\t<meta property=\"og:image:width\" content=\"2034\" \/>\n\t<meta property=\"og:image:height\" content=\"2560\" \/>\n\t<meta property=\"og:image:type\" content=\"image\/jpeg\" \/>\n<meta name=\"twitter:card\" content=\"summary_large_image\" \/>\n<script type=\"application\/ld+json\" class=\"yoast-schema-graph\">{\"@context\":\"https:\/\/schema.org\",\"@graph\":[{\"@type\":\"WebPage\",\"@id\":\"https:\/\/antiqua.mx\/producto\/jung-carl-g-el-hombre-y-sus-simbolos\/\",\"url\":\"https:\/\/antiqua.mx\/producto\/jung-carl-g-el-hombre-y-sus-simbolos\/\",\"name\":\"JUNG CARL G. EL HOMBRE Y SUS S\u00cdMBOLOS -\",\"isPartOf\":{\"@id\":\"https:\/\/antiqua.mx\/en\/#website\"},\"primaryImageOfPage\":{\"@id\":\"https:\/\/antiqua.mx\/producto\/jung-carl-g-el-hombre-y-sus-simbolos\/#primaryimage\"},\"image\":{\"@id\":\"https:\/\/antiqua.mx\/producto\/jung-carl-g-el-hombre-y-sus-simbolos\/#primaryimage\"},\"thumbnailUrl\":\"https:\/\/antiqua.mx\/wp-content\/uploads\/2023\/01\/7E239574-98F8-4D33-8B39-4103ACCA857A-scaled.jpeg\",\"datePublished\":\"2023-01-08T00:56:44+00:00\",\"dateModified\":\"2025-08-21T23:02:08+00:00\",\"breadcrumb\":{\"@id\":\"https:\/\/antiqua.mx\/producto\/jung-carl-g-el-hombre-y-sus-simbolos\/#breadcrumb\"},\"inLanguage\":\"en-US\",\"potentialAction\":[{\"@type\":\"ReadAction\",\"target\":[\"https:\/\/antiqua.mx\/producto\/jung-carl-g-el-hombre-y-sus-simbolos\/\"]}]},{\"@type\":\"ImageObject\",\"inLanguage\":\"en-US\",\"@id\":\"https:\/\/antiqua.mx\/producto\/jung-carl-g-el-hombre-y-sus-simbolos\/#primaryimage\",\"url\":\"https:\/\/antiqua.mx\/wp-content\/uploads\/2023\/01\/7E239574-98F8-4D33-8B39-4103ACCA857A-scaled.jpeg\",\"contentUrl\":\"https:\/\/antiqua.mx\/wp-content\/uploads\/2023\/01\/7E239574-98F8-4D33-8B39-4103ACCA857A-scaled.jpeg\",\"width\":2034,\"height\":2560},{\"@type\":\"BreadcrumbList\",\"@id\":\"https:\/\/antiqua.mx\/producto\/jung-carl-g-el-hombre-y-sus-simbolos\/#breadcrumb\",\"itemListElement\":[{\"@type\":\"ListItem\",\"position\":1,\"name\":\"Portada\",\"item\":\"https:\/\/antiqua.mx\/en\/\"},{\"@type\":\"ListItem\",\"position\":2,\"name\":\"Tienda\",\"item\":\"https:\/\/antiqua.mx\/tienda\/\"},{\"@type\":\"ListItem\",\"position\":3,\"name\":\"JUNG CARL G. EL HOMBRE Y SUS S\u00cdMBOLOS\"}]},{\"@type\":\"WebSite\",\"@id\":\"https:\/\/antiqua.mx\/en\/#website\",\"url\":\"https:\/\/antiqua.mx\/en\/\",\"name\":\"\",\"description\":\"\",\"potentialAction\":[{\"@type\":\"SearchAction\",\"target\":{\"@type\":\"EntryPoint\",\"urlTemplate\":\"https:\/\/antiqua.mx\/en\/?s={search_term_string}\"},\"query-input\":{\"@type\":\"PropertyValueSpecification\",\"valueRequired\":true,\"valueName\":\"search_term_string\"}}],\"inLanguage\":\"en-US\"}]}<\/script>\n<!-- \/ Yoast SEO plugin. -->","yoast_head_json":{"title":"JUNG CARL G. EL HOMBRE Y SUS S\u00cdMBOLOS -","robots":{"index":"index","follow":"follow","max-snippet":"max-snippet:-1","max-image-preview":"max-image-preview:large","max-video-preview":"max-video-preview:-1"},"canonical":"https:\/\/antiqua.mx\/en\/product\/jung-carl-g-el-hombre-y-sus-simbolos\/","og_locale":"en_US","og_type":"article","og_title":"JUNG CARL G. EL HOMBRE Y SUS S\u00cdMBOLOS -","og_description":"Editorial: Aguilar  Primera reimpresi\u00f3n  A\u00f1o 1969  Empastado con camisa, en buenas condiciones. Las orillas de la camisa est\u00e1n maltratadas y la primera parte del ejemplar est\u00e1 subrayado.  La obra est\u00e1 ilustrada con fotograf\u00edas a color y a blanco y negro.  Traducci\u00f3n del ingl\u00e9s por Luis Escolar Bare\u00f1o.  Impreso en Espa\u00f1a.  320 p\u00e1ginas","og_url":"https:\/\/antiqua.mx\/en\/product\/jung-carl-g-el-hombre-y-sus-simbolos\/","article_modified_time":"2025-08-21T23:02:08+00:00","og_image":[{"width":2034,"height":2560,"url":"https:\/\/antiqua.mx\/wp-content\/uploads\/2023\/01\/7E239574-98F8-4D33-8B39-4103ACCA857A-scaled.jpeg","type":"image\/jpeg"}],"twitter_card":"summary_large_image","schema":{"@context":"https:\/\/schema.org","@graph":[{"@type":"WebPage","@id":"https:\/\/antiqua.mx\/producto\/jung-carl-g-el-hombre-y-sus-simbolos\/","url":"https:\/\/antiqua.mx\/producto\/jung-carl-g-el-hombre-y-sus-simbolos\/","name":"JUNG CARL G. EL HOMBRE Y SUS S\u00cdMBOLOS -","isPartOf":{"@id":"https:\/\/antiqua.mx\/en\/#website"},"primaryImageOfPage":{"@id":"https:\/\/antiqua.mx\/producto\/jung-carl-g-el-hombre-y-sus-simbolos\/#primaryimage"},"image":{"@id":"https:\/\/antiqua.mx\/producto\/jung-carl-g-el-hombre-y-sus-simbolos\/#primaryimage"},"thumbnailUrl":"https:\/\/antiqua.mx\/wp-content\/uploads\/2023\/01\/7E239574-98F8-4D33-8B39-4103ACCA857A-scaled.jpeg","datePublished":"2023-01-08T00:56:44+00:00","dateModified":"2025-08-21T23:02:08+00:00","breadcrumb":{"@id":"https:\/\/antiqua.mx\/producto\/jung-carl-g-el-hombre-y-sus-simbolos\/#breadcrumb"},"inLanguage":"en-US","potentialAction":[{"@type":"ReadAction","target":["https:\/\/antiqua.mx\/producto\/jung-carl-g-el-hombre-y-sus-simbolos\/"]}]},{"@type":"ImageObject","inLanguage":"en-US","@id":"https:\/\/antiqua.mx\/producto\/jung-carl-g-el-hombre-y-sus-simbolos\/#primaryimage","url":"https:\/\/antiqua.mx\/wp-content\/uploads\/2023\/01\/7E239574-98F8-4D33-8B39-4103ACCA857A-scaled.jpeg","contentUrl":"https:\/\/antiqua.mx\/wp-content\/uploads\/2023\/01\/7E239574-98F8-4D33-8B39-4103ACCA857A-scaled.jpeg","width":2034,"height":2560},{"@type":"BreadcrumbList","@id":"https:\/\/antiqua.mx\/producto\/jung-carl-g-el-hombre-y-sus-simbolos\/#breadcrumb","itemListElement":[{"@type":"ListItem","position":1,"name":"Portada","item":"https:\/\/antiqua.mx\/en\/"},{"@type":"ListItem","position":2,"name":"Tienda","item":"https:\/\/antiqua.mx\/tienda\/"},{"@type":"ListItem","position":3,"name":"JUNG CARL G. EL HOMBRE Y SUS S\u00cdMBOLOS"}]},{"@type":"WebSite","@id":"https:\/\/antiqua.mx\/en\/#website","url":"https:\/\/antiqua.mx\/en\/","name":"","description":"","potentialAction":[{"@type":"SearchAction","target":{"@type":"EntryPoint","urlTemplate":"https:\/\/antiqua.mx\/en\/?s={search_term_string}"},"query-input":{"@type":"PropertyValueSpecification","valueRequired":true,"valueName":"search_term_string"}}],"inLanguage":"en-US"}]}},"jetpack_sharing_enabled":true,"_links":{"self":[{"href":"https:\/\/antiqua.mx\/en\/wp-json\/wp\/v2\/product\/18197","targetHints":{"allow":["GET"]}}],"collection":[{"href":"https:\/\/antiqua.mx\/en\/wp-json\/wp\/v2\/product"}],"about":[{"href":"https:\/\/antiqua.mx\/en\/wp-json\/wp\/v2\/types\/product"}],"replies":[{"embeddable":true,"href":"https:\/\/antiqua.mx\/en\/wp-json\/wp\/v2\/comments?post=18197"}],"wp:featuredmedia":[{"embeddable":true,"href":"https:\/\/antiqua.mx\/en\/wp-json\/wp\/v2\/media\/18513"}],"wp:attachment":[{"href":"https:\/\/antiqua.mx\/en\/wp-json\/wp\/v2\/media?parent=18197"}],"wp:term":[{"taxonomy":"product_brand","embeddable":true,"href":"https:\/\/antiqua.mx\/en\/wp-json\/wp\/v2\/product_brand?post=18197"},{"taxonomy":"product_cat","embeddable":true,"href":"https:\/\/antiqua.mx\/en\/wp-json\/wp\/v2\/product_cat?post=18197"},{"taxonomy":"product_tag","embeddable":true,"href":"https:\/\/antiqua.mx\/en\/wp-json\/wp\/v2\/product_tag?post=18197"}],"curies":[{"name":"wp","href":"https:\/\/api.w.org\/{rel}","templated":true}]}}