{"id":18200,"date":"2023-01-12T23:51:03","date_gmt":"2023-01-12T23:51:03","guid":{"rendered":"https:\/\/antiqua.mx\/?post_type=product&#038;p=18200"},"modified":"2025-05-26T21:41:10","modified_gmt":"2025-05-26T21:41:10","slug":"romerovargas-yturbide-ignacio-los-gobiernos-socialistas-de-anahuac-2","status":"publish","type":"product","link":"https:\/\/antiqua.mx\/en\/product\/romerovargas-yturbide-ignacio-los-gobiernos-socialistas-de-anahuac-2","title":{"rendered":"ROMEROVARGAS YTURBIDE IGNACIO. LOS GOBIERNOS SOCIALISTAS DE AN\u00c1HUAC"},"content":{"rendered":"<p><strong>Romerovargas Yturbide Ignacio<\/strong><\/p>\n<p>Editorial: Romerovargas Editor, S. A.<\/p>\n<p>Primera edici\u00f3n<\/p>\n<p>A\u00f1o 1978<\/p>\n<p>R\u00fastico, en buenas condiciones.<\/p>\n<p>El ejemplar est\u00e1 ilustrado con dibujos a blanco y negro.<\/p>\n<p>Impreso en M\u00e9xico.<\/p>\n<p>151 p\u00e1ginas<\/p>","protected":false},"excerpt":{"rendered":"<ul>\n<li>Editorial: Romerovargas Editor, S. A.<\/li>\n<li>Primera edici\u00f3n<\/li>\n<li>A\u00f1o 1978<\/li>\n<li>R\u00fastico, en buenas condiciones.<\/li>\n<li>El ejemplar est\u00e1 ilustrado con dibujos a blanco y negro.<\/li>\n<li>Impreso en M\u00e9xico.<\/li>\n<li>151 p\u00e1ginas<\/li>\n<\/ul>","protected":false},"featured_media":18504,"comment_status":"open","ping_status":"closed","template":"","meta":{"_joinchat":[]},"product_brand":[],"product_cat":[375,376],"product_tag":[1132,1131],"class_list":{"0":"post-18200","1":"product","2":"type-product","3":"status-publish","6":"product_cat-mex","7":"product_cat-mexpre","8":"product_tag-anahuac","9":"product_tag-romerovargas-yturbide","11":"first","12":"instock","13":"featured","14":"taxable","15":"shipping-taxable","16":"purchasable","17":"product-type-simple"},"yoast_head":"<!-- This site is optimized with the Yoast SEO plugin v26.1.1 - https:\/\/yoast.com\/wordpress\/plugins\/seo\/ -->\n<title>ROMEROVARGAS YTURBIDE IGNACIO. LOS GOBIERNOS SOCIALISTAS DE AN\u00c1HUAC -<\/title>\n<meta name=\"robots\" content=\"index, follow, max-snippet:-1, max-image-preview:large, max-video-preview:-1\" \/>\n<link rel=\"canonical\" href=\"https:\/\/antiqua.mx\/en\/product\/romerovargas-yturbide-ignacio-los-gobiernos-socialistas-de-anahuac-2\/\" \/>\n<meta property=\"og:locale\" content=\"en_US\" \/>\n<meta property=\"og:type\" content=\"article\" \/>\n<meta property=\"og:title\" content=\"ROMEROVARGAS YTURBIDE IGNACIO. LOS GOBIERNOS SOCIALISTAS DE AN\u00c1HUAC -\" \/>\n<meta property=\"og:description\" content=\"Editorial: Romerovargas Editor, S. A.  Primera edici\u00f3n  A\u00f1o 1978  R\u00fastico, en buenas condiciones.  El ejemplar est\u00e1 ilustrado con dibujos a blanco y negro.  Impreso en M\u00e9xico.  151 p\u00e1ginas\" \/>\n<meta property=\"og:url\" content=\"https:\/\/antiqua.mx\/en\/product\/romerovargas-yturbide-ignacio-los-gobiernos-socialistas-de-anahuac-2\/\" \/>\n<meta property=\"article:modified_time\" content=\"2025-05-26T21:41:10+00:00\" \/>\n<meta property=\"og:image\" content=\"https:\/\/antiqua.mx\/wp-content\/uploads\/2023\/01\/CC9B099D-9393-4372-A687-ACFB118534D5-scaled.jpeg\" \/>\n\t<meta property=\"og:image:width\" content=\"1964\" \/>\n\t<meta property=\"og:image:height\" content=\"2560\" \/>\n\t<meta property=\"og:image:type\" content=\"image\/jpeg\" \/>\n<meta name=\"twitter:card\" content=\"summary_large_image\" \/>\n<script type=\"application\/ld+json\" class=\"yoast-schema-graph\">{\"@context\":\"https:\/\/schema.org\",\"@graph\":[{\"@type\":\"WebPage\",\"@id\":\"https:\/\/antiqua.mx\/producto\/romerovargas-yturbide-ignacio-los-gobiernos-socialistas-de-anahuac-2\",\"url\":\"https:\/\/antiqua.mx\/producto\/romerovargas-yturbide-ignacio-los-gobiernos-socialistas-de-anahuac-2\",\"name\":\"ROMEROVARGAS YTURBIDE IGNACIO. LOS GOBIERNOS SOCIALISTAS DE AN\u00c1HUAC -\",\"isPartOf\":{\"@id\":\"https:\/\/antiqua.mx\/en\/#website\"},\"primaryImageOfPage\":{\"@id\":\"https:\/\/antiqua.mx\/producto\/romerovargas-yturbide-ignacio-los-gobiernos-socialistas-de-anahuac-2#primaryimage\"},\"image\":{\"@id\":\"https:\/\/antiqua.mx\/producto\/romerovargas-yturbide-ignacio-los-gobiernos-socialistas-de-anahuac-2#primaryimage\"},\"thumbnailUrl\":\"https:\/\/antiqua.mx\/wp-content\/uploads\/2023\/01\/CC9B099D-9393-4372-A687-ACFB118534D5-scaled.jpeg\",\"datePublished\":\"2023-01-12T23:51:03+00:00\",\"dateModified\":\"2025-05-26T21:41:10+00:00\",\"breadcrumb\":{\"@id\":\"https:\/\/antiqua.mx\/producto\/romerovargas-yturbide-ignacio-los-gobiernos-socialistas-de-anahuac-2#breadcrumb\"},\"inLanguage\":\"en-US\",\"potentialAction\":[{\"@type\":\"ReadAction\",\"target\":[\"https:\/\/antiqua.mx\/producto\/romerovargas-yturbide-ignacio-los-gobiernos-socialistas-de-anahuac-2\"]}]},{\"@type\":\"ImageObject\",\"inLanguage\":\"en-US\",\"@id\":\"https:\/\/antiqua.mx\/producto\/romerovargas-yturbide-ignacio-los-gobiernos-socialistas-de-anahuac-2#primaryimage\",\"url\":\"https:\/\/antiqua.mx\/wp-content\/uploads\/2023\/01\/CC9B099D-9393-4372-A687-ACFB118534D5-scaled.jpeg\",\"contentUrl\":\"https:\/\/antiqua.mx\/wp-content\/uploads\/2023\/01\/CC9B099D-9393-4372-A687-ACFB118534D5-scaled.jpeg\",\"width\":1964,\"height\":2560},{\"@type\":\"BreadcrumbList\",\"@id\":\"https:\/\/antiqua.mx\/producto\/romerovargas-yturbide-ignacio-los-gobiernos-socialistas-de-anahuac-2#breadcrumb\",\"itemListElement\":[{\"@type\":\"ListItem\",\"position\":1,\"name\":\"Portada\",\"item\":\"https:\/\/antiqua.mx\/en\/\"},{\"@type\":\"ListItem\",\"position\":2,\"name\":\"Tienda\",\"item\":\"https:\/\/antiqua.mx\/en\/tienda\"},{\"@type\":\"ListItem\",\"position\":3,\"name\":\"ROMEROVARGAS YTURBIDE IGNACIO. LOS GOBIERNOS SOCIALISTAS DE AN\u00c1HUAC\"}]},{\"@type\":\"WebSite\",\"@id\":\"https:\/\/antiqua.mx\/en\/#website\",\"url\":\"https:\/\/antiqua.mx\/en\/\",\"name\":\"\",\"description\":\"\",\"potentialAction\":[{\"@type\":\"SearchAction\",\"target\":{\"@type\":\"EntryPoint\",\"urlTemplate\":\"https:\/\/antiqua.mx\/en\/?s={search_term_string}\"},\"query-input\":{\"@type\":\"PropertyValueSpecification\",\"valueRequired\":true,\"valueName\":\"search_term_string\"}}],\"inLanguage\":\"en-US\"}]}<\/script>\n<!-- \/ Yoast SEO plugin. -->","yoast_head_json":{"title":"ROMEROVARGAS YTURBIDE IGNACIO. LOS GOBIERNOS SOCIALISTAS DE AN\u00c1HUAC -","robots":{"index":"index","follow":"follow","max-snippet":"max-snippet:-1","max-image-preview":"max-image-preview:large","max-video-preview":"max-video-preview:-1"},"canonical":"https:\/\/antiqua.mx\/en\/product\/romerovargas-yturbide-ignacio-los-gobiernos-socialistas-de-anahuac-2\/","og_locale":"en_US","og_type":"article","og_title":"ROMEROVARGAS YTURBIDE IGNACIO. LOS GOBIERNOS SOCIALISTAS DE AN\u00c1HUAC -","og_description":"Editorial: Romerovargas Editor, S. A.  Primera edici\u00f3n  A\u00f1o 1978  R\u00fastico, en buenas condiciones.  El ejemplar est\u00e1 ilustrado con dibujos a blanco y negro.  Impreso en M\u00e9xico.  151 p\u00e1ginas","og_url":"https:\/\/antiqua.mx\/en\/product\/romerovargas-yturbide-ignacio-los-gobiernos-socialistas-de-anahuac-2\/","article_modified_time":"2025-05-26T21:41:10+00:00","og_image":[{"width":1964,"height":2560,"url":"https:\/\/antiqua.mx\/wp-content\/uploads\/2023\/01\/CC9B099D-9393-4372-A687-ACFB118534D5-scaled.jpeg","type":"image\/jpeg"}],"twitter_card":"summary_large_image","schema":{"@context":"https:\/\/schema.org","@graph":[{"@type":"WebPage","@id":"https:\/\/antiqua.mx\/producto\/romerovargas-yturbide-ignacio-los-gobiernos-socialistas-de-anahuac-2","url":"https:\/\/antiqua.mx\/producto\/romerovargas-yturbide-ignacio-los-gobiernos-socialistas-de-anahuac-2","name":"ROMEROVARGAS YTURBIDE IGNACIO. LOS GOBIERNOS SOCIALISTAS DE AN\u00c1HUAC -","isPartOf":{"@id":"https:\/\/antiqua.mx\/en\/#website"},"primaryImageOfPage":{"@id":"https:\/\/antiqua.mx\/producto\/romerovargas-yturbide-ignacio-los-gobiernos-socialistas-de-anahuac-2#primaryimage"},"image":{"@id":"https:\/\/antiqua.mx\/producto\/romerovargas-yturbide-ignacio-los-gobiernos-socialistas-de-anahuac-2#primaryimage"},"thumbnailUrl":"https:\/\/antiqua.mx\/wp-content\/uploads\/2023\/01\/CC9B099D-9393-4372-A687-ACFB118534D5-scaled.jpeg","datePublished":"2023-01-12T23:51:03+00:00","dateModified":"2025-05-26T21:41:10+00:00","breadcrumb":{"@id":"https:\/\/antiqua.mx\/producto\/romerovargas-yturbide-ignacio-los-gobiernos-socialistas-de-anahuac-2#breadcrumb"},"inLanguage":"en-US","potentialAction":[{"@type":"ReadAction","target":["https:\/\/antiqua.mx\/producto\/romerovargas-yturbide-ignacio-los-gobiernos-socialistas-de-anahuac-2"]}]},{"@type":"ImageObject","inLanguage":"en-US","@id":"https:\/\/antiqua.mx\/producto\/romerovargas-yturbide-ignacio-los-gobiernos-socialistas-de-anahuac-2#primaryimage","url":"https:\/\/antiqua.mx\/wp-content\/uploads\/2023\/01\/CC9B099D-9393-4372-A687-ACFB118534D5-scaled.jpeg","contentUrl":"https:\/\/antiqua.mx\/wp-content\/uploads\/2023\/01\/CC9B099D-9393-4372-A687-ACFB118534D5-scaled.jpeg","width":1964,"height":2560},{"@type":"BreadcrumbList","@id":"https:\/\/antiqua.mx\/producto\/romerovargas-yturbide-ignacio-los-gobiernos-socialistas-de-anahuac-2#breadcrumb","itemListElement":[{"@type":"ListItem","position":1,"name":"Portada","item":"https:\/\/antiqua.mx\/en\/"},{"@type":"ListItem","position":2,"name":"Tienda","item":"https:\/\/antiqua.mx\/en\/tienda"},{"@type":"ListItem","position":3,"name":"ROMEROVARGAS YTURBIDE IGNACIO. LOS GOBIERNOS SOCIALISTAS DE AN\u00c1HUAC"}]},{"@type":"WebSite","@id":"https:\/\/antiqua.mx\/en\/#website","url":"https:\/\/antiqua.mx\/en\/","name":"","description":"","potentialAction":[{"@type":"SearchAction","target":{"@type":"EntryPoint","urlTemplate":"https:\/\/antiqua.mx\/en\/?s={search_term_string}"},"query-input":{"@type":"PropertyValueSpecification","valueRequired":true,"valueName":"search_term_string"}}],"inLanguage":"en-US"}]}},"jetpack_sharing_enabled":true,"_links":{"self":[{"href":"https:\/\/antiqua.mx\/en\/wp-json\/wp\/v2\/product\/18200","targetHints":{"allow":["GET"]}}],"collection":[{"href":"https:\/\/antiqua.mx\/en\/wp-json\/wp\/v2\/product"}],"about":[{"href":"https:\/\/antiqua.mx\/en\/wp-json\/wp\/v2\/types\/product"}],"replies":[{"embeddable":true,"href":"https:\/\/antiqua.mx\/en\/wp-json\/wp\/v2\/comments?post=18200"}],"wp:featuredmedia":[{"embeddable":true,"href":"https:\/\/antiqua.mx\/en\/wp-json\/wp\/v2\/media\/18504"}],"wp:attachment":[{"href":"https:\/\/antiqua.mx\/en\/wp-json\/wp\/v2\/media?parent=18200"}],"wp:term":[{"taxonomy":"product_brand","embeddable":true,"href":"https:\/\/antiqua.mx\/en\/wp-json\/wp\/v2\/product_brand?post=18200"},{"taxonomy":"product_cat","embeddable":true,"href":"https:\/\/antiqua.mx\/en\/wp-json\/wp\/v2\/product_cat?post=18200"},{"taxonomy":"product_tag","embeddable":true,"href":"https:\/\/antiqua.mx\/en\/wp-json\/wp\/v2\/product_tag?post=18200"}],"curies":[{"name":"wp","href":"https:\/\/api.w.org\/{rel}","templated":true}]}}