{"id":18224,"date":"2023-01-21T23:14:50","date_gmt":"2023-01-21T23:14:50","guid":{"rendered":"https:\/\/antiqua.mx\/?post_type=product&#038;p=18224"},"modified":"2026-03-23T21:37:58","modified_gmt":"2026-03-23T21:37:58","slug":"quezada-abel-petroleos-mexicanos-una-historia-en-dos-murales","status":"publish","type":"product","link":"https:\/\/antiqua.mx\/en\/product\/quezada-abel-petroleos-mexicanos-una-historia-en-dos-murales\/","title":{"rendered":"QUEZADA ABEL. PETR\u00d3LEOS MEXICANOS. UNA HISTORIA EN DOS MURALES"},"content":{"rendered":"<p><strong>Quezada Abel<\/strong><\/p>\n<p>Editorial: PEMEX<\/p>\n<p>Primera edici\u00f3n<\/p>\n<p>A\u00f1o 1992<\/p>\n<p>Empastado con camisa, en buenas condiciones. Las orillas de la camisa est\u00e1n maltratadas.<\/p>\n<p>La obra est\u00e1 ilustrada con l\u00e1minas a color.<\/p>\n<p>Textos de Francisco Casanova, Carlos Monsiv\u00e1is, Brian Nissen y Abel L. M. Quezada.<\/p>\n<p>Impreso en M\u00e9xico.<\/p>\n<p>77 p\u00e1ginas<\/p>","protected":false},"excerpt":{"rendered":"<ul>\n<li>Editorial: PEMEX<\/li>\n<li>Primera edici\u00f3n<\/li>\n<li>A\u00f1o 1992<\/li>\n<li>Empastado con camisa, en buenas condiciones. Las orillas de la camisa est\u00e1n maltratadas.<\/li>\n<li>La obra est\u00e1 ilustrada con l\u00e1minas a color.<\/li>\n<li>Textos de Francisco Casanova, Carlos Monsiv\u00e1is, Brian Nissen y Abel L. M. Quezada.<\/li>\n<li>Impreso en M\u00e9xico.<\/li>\n<li>77 p\u00e1ginas<\/li>\n<\/ul>","protected":false},"featured_media":18398,"comment_status":"open","ping_status":"closed","template":"","meta":{"_joinchat":[]},"product_brand":[],"product_cat":[349,350,335,336,375,943,392],"product_tag":[758,6263,739,6262],"class_list":{"0":"post-18224","1":"product","2":"type-product","3":"status-publish","6":"product_cat-arte","7":"product_cat-arte-mexicano","8":"product_cat-literatura","9":"product_cat-litmexicana","10":"product_cat-mex","11":"product_cat-obra-plastica-mex","12":"product_cat-petroleo","13":"product_tag-abel-quezada","14":"product_tag-brian-nissen","15":"product_tag-carlos-monsivais","16":"product_tag-francisco-casanova","18":"first","19":"instock","20":"featured","21":"taxable","22":"shipping-taxable","23":"purchasable","24":"product-type-simple"},"yoast_head":"<!-- This site is optimized with the Yoast SEO plugin v26.1.1 - https:\/\/yoast.com\/wordpress\/plugins\/seo\/ -->\n<title>QUEZADA ABEL. PETR\u00d3LEOS MEXICANOS. UNA HISTORIA EN DOS MURALES -<\/title>\n<meta name=\"robots\" content=\"index, follow, max-snippet:-1, max-image-preview:large, max-video-preview:-1\" \/>\n<link rel=\"canonical\" href=\"https:\/\/antiqua.mx\/en\/product\/quezada-abel-petroleos-mexicanos-una-historia-en-dos-murales\/\" \/>\n<meta property=\"og:locale\" content=\"en_US\" \/>\n<meta property=\"og:type\" content=\"article\" \/>\n<meta property=\"og:title\" content=\"QUEZADA ABEL. PETR\u00d3LEOS MEXICANOS. UNA HISTORIA EN DOS MURALES -\" \/>\n<meta property=\"og:description\" content=\"Editorial: PEMEX  Primera edici\u00f3n  A\u00f1o 1992  Empastado con camisa, en buenas condiciones. Las orillas de la camisa est\u00e1n maltratadas.  La obra est\u00e1 ilustrada con l\u00e1minas a color.  Textos de Francisco Casanova, Carlos Monsiv\u00e1is, Brian Nissen y Abel L. M. Quezada.  Impreso en M\u00e9xico.  77 p\u00e1ginas\" \/>\n<meta property=\"og:url\" content=\"https:\/\/antiqua.mx\/en\/product\/quezada-abel-petroleos-mexicanos-una-historia-en-dos-murales\/\" \/>\n<meta property=\"article:modified_time\" content=\"2026-03-23T21:37:58+00:00\" \/>\n<meta property=\"og:image\" content=\"https:\/\/antiqua.mx\/wp-content\/uploads\/2023\/01\/EC49EEF5-E60C-4469-9B29-FDCB45F8CC20-scaled.jpeg\" \/>\n\t<meta property=\"og:image:width\" content=\"1920\" \/>\n\t<meta property=\"og:image:height\" content=\"2560\" \/>\n\t<meta property=\"og:image:type\" content=\"image\/jpeg\" \/>\n<meta name=\"twitter:card\" content=\"summary_large_image\" \/>\n<script type=\"application\/ld+json\" class=\"yoast-schema-graph\">{\"@context\":\"https:\/\/schema.org\",\"@graph\":[{\"@type\":\"WebPage\",\"@id\":\"https:\/\/antiqua.mx\/producto\/quezada-abel-petroleos-mexicanos-una-historia-en-dos-murales\/\",\"url\":\"https:\/\/antiqua.mx\/producto\/quezada-abel-petroleos-mexicanos-una-historia-en-dos-murales\/\",\"name\":\"QUEZADA ABEL. PETR\u00d3LEOS MEXICANOS. UNA HISTORIA EN DOS MURALES -\",\"isPartOf\":{\"@id\":\"https:\/\/antiqua.mx\/en\/#website\"},\"primaryImageOfPage\":{\"@id\":\"https:\/\/antiqua.mx\/producto\/quezada-abel-petroleos-mexicanos-una-historia-en-dos-murales\/#primaryimage\"},\"image\":{\"@id\":\"https:\/\/antiqua.mx\/producto\/quezada-abel-petroleos-mexicanos-una-historia-en-dos-murales\/#primaryimage\"},\"thumbnailUrl\":\"https:\/\/antiqua.mx\/wp-content\/uploads\/2023\/01\/EC49EEF5-E60C-4469-9B29-FDCB45F8CC20-scaled.jpeg\",\"datePublished\":\"2023-01-21T23:14:50+00:00\",\"dateModified\":\"2026-03-23T21:37:58+00:00\",\"breadcrumb\":{\"@id\":\"https:\/\/antiqua.mx\/producto\/quezada-abel-petroleos-mexicanos-una-historia-en-dos-murales\/#breadcrumb\"},\"inLanguage\":\"en-US\",\"potentialAction\":[{\"@type\":\"ReadAction\",\"target\":[\"https:\/\/antiqua.mx\/producto\/quezada-abel-petroleos-mexicanos-una-historia-en-dos-murales\/\"]}]},{\"@type\":\"ImageObject\",\"inLanguage\":\"en-US\",\"@id\":\"https:\/\/antiqua.mx\/producto\/quezada-abel-petroleos-mexicanos-una-historia-en-dos-murales\/#primaryimage\",\"url\":\"https:\/\/antiqua.mx\/wp-content\/uploads\/2023\/01\/EC49EEF5-E60C-4469-9B29-FDCB45F8CC20-scaled.jpeg\",\"contentUrl\":\"https:\/\/antiqua.mx\/wp-content\/uploads\/2023\/01\/EC49EEF5-E60C-4469-9B29-FDCB45F8CC20-scaled.jpeg\",\"width\":1920,\"height\":2560},{\"@type\":\"BreadcrumbList\",\"@id\":\"https:\/\/antiqua.mx\/producto\/quezada-abel-petroleos-mexicanos-una-historia-en-dos-murales\/#breadcrumb\",\"itemListElement\":[{\"@type\":\"ListItem\",\"position\":1,\"name\":\"Portada\",\"item\":\"https:\/\/antiqua.mx\/en\/\"},{\"@type\":\"ListItem\",\"position\":2,\"name\":\"Tienda\",\"item\":\"https:\/\/antiqua.mx\/tienda\/\"},{\"@type\":\"ListItem\",\"position\":3,\"name\":\"QUEZADA ABEL. PETR\u00d3LEOS MEXICANOS. UNA HISTORIA EN DOS MURALES\"}]},{\"@type\":\"WebSite\",\"@id\":\"https:\/\/antiqua.mx\/en\/#website\",\"url\":\"https:\/\/antiqua.mx\/en\/\",\"name\":\"\",\"description\":\"\",\"potentialAction\":[{\"@type\":\"SearchAction\",\"target\":{\"@type\":\"EntryPoint\",\"urlTemplate\":\"https:\/\/antiqua.mx\/en\/?s={search_term_string}\"},\"query-input\":{\"@type\":\"PropertyValueSpecification\",\"valueRequired\":true,\"valueName\":\"search_term_string\"}}],\"inLanguage\":\"en-US\"}]}<\/script>\n<!-- \/ Yoast SEO plugin. -->","yoast_head_json":{"title":"QUEZADA ABEL. PETR\u00d3LEOS MEXICANOS. UNA HISTORIA EN DOS MURALES -","robots":{"index":"index","follow":"follow","max-snippet":"max-snippet:-1","max-image-preview":"max-image-preview:large","max-video-preview":"max-video-preview:-1"},"canonical":"https:\/\/antiqua.mx\/en\/product\/quezada-abel-petroleos-mexicanos-una-historia-en-dos-murales\/","og_locale":"en_US","og_type":"article","og_title":"QUEZADA ABEL. PETR\u00d3LEOS MEXICANOS. UNA HISTORIA EN DOS MURALES -","og_description":"Editorial: PEMEX  Primera edici\u00f3n  A\u00f1o 1992  Empastado con camisa, en buenas condiciones. Las orillas de la camisa est\u00e1n maltratadas.  La obra est\u00e1 ilustrada con l\u00e1minas a color.  Textos de Francisco Casanova, Carlos Monsiv\u00e1is, Brian Nissen y Abel L. M. Quezada.  Impreso en M\u00e9xico.  77 p\u00e1ginas","og_url":"https:\/\/antiqua.mx\/en\/product\/quezada-abel-petroleos-mexicanos-una-historia-en-dos-murales\/","article_modified_time":"2026-03-23T21:37:58+00:00","og_image":[{"width":1920,"height":2560,"url":"https:\/\/antiqua.mx\/wp-content\/uploads\/2023\/01\/EC49EEF5-E60C-4469-9B29-FDCB45F8CC20-scaled.jpeg","type":"image\/jpeg"}],"twitter_card":"summary_large_image","schema":{"@context":"https:\/\/schema.org","@graph":[{"@type":"WebPage","@id":"https:\/\/antiqua.mx\/producto\/quezada-abel-petroleos-mexicanos-una-historia-en-dos-murales\/","url":"https:\/\/antiqua.mx\/producto\/quezada-abel-petroleos-mexicanos-una-historia-en-dos-murales\/","name":"QUEZADA ABEL. PETR\u00d3LEOS MEXICANOS. UNA HISTORIA EN DOS MURALES -","isPartOf":{"@id":"https:\/\/antiqua.mx\/en\/#website"},"primaryImageOfPage":{"@id":"https:\/\/antiqua.mx\/producto\/quezada-abel-petroleos-mexicanos-una-historia-en-dos-murales\/#primaryimage"},"image":{"@id":"https:\/\/antiqua.mx\/producto\/quezada-abel-petroleos-mexicanos-una-historia-en-dos-murales\/#primaryimage"},"thumbnailUrl":"https:\/\/antiqua.mx\/wp-content\/uploads\/2023\/01\/EC49EEF5-E60C-4469-9B29-FDCB45F8CC20-scaled.jpeg","datePublished":"2023-01-21T23:14:50+00:00","dateModified":"2026-03-23T21:37:58+00:00","breadcrumb":{"@id":"https:\/\/antiqua.mx\/producto\/quezada-abel-petroleos-mexicanos-una-historia-en-dos-murales\/#breadcrumb"},"inLanguage":"en-US","potentialAction":[{"@type":"ReadAction","target":["https:\/\/antiqua.mx\/producto\/quezada-abel-petroleos-mexicanos-una-historia-en-dos-murales\/"]}]},{"@type":"ImageObject","inLanguage":"en-US","@id":"https:\/\/antiqua.mx\/producto\/quezada-abel-petroleos-mexicanos-una-historia-en-dos-murales\/#primaryimage","url":"https:\/\/antiqua.mx\/wp-content\/uploads\/2023\/01\/EC49EEF5-E60C-4469-9B29-FDCB45F8CC20-scaled.jpeg","contentUrl":"https:\/\/antiqua.mx\/wp-content\/uploads\/2023\/01\/EC49EEF5-E60C-4469-9B29-FDCB45F8CC20-scaled.jpeg","width":1920,"height":2560},{"@type":"BreadcrumbList","@id":"https:\/\/antiqua.mx\/producto\/quezada-abel-petroleos-mexicanos-una-historia-en-dos-murales\/#breadcrumb","itemListElement":[{"@type":"ListItem","position":1,"name":"Portada","item":"https:\/\/antiqua.mx\/en\/"},{"@type":"ListItem","position":2,"name":"Tienda","item":"https:\/\/antiqua.mx\/tienda\/"},{"@type":"ListItem","position":3,"name":"QUEZADA ABEL. PETR\u00d3LEOS MEXICANOS. UNA HISTORIA EN DOS MURALES"}]},{"@type":"WebSite","@id":"https:\/\/antiqua.mx\/en\/#website","url":"https:\/\/antiqua.mx\/en\/","name":"","description":"","potentialAction":[{"@type":"SearchAction","target":{"@type":"EntryPoint","urlTemplate":"https:\/\/antiqua.mx\/en\/?s={search_term_string}"},"query-input":{"@type":"PropertyValueSpecification","valueRequired":true,"valueName":"search_term_string"}}],"inLanguage":"en-US"}]}},"jetpack_sharing_enabled":true,"_links":{"self":[{"href":"https:\/\/antiqua.mx\/en\/wp-json\/wp\/v2\/product\/18224","targetHints":{"allow":["GET"]}}],"collection":[{"href":"https:\/\/antiqua.mx\/en\/wp-json\/wp\/v2\/product"}],"about":[{"href":"https:\/\/antiqua.mx\/en\/wp-json\/wp\/v2\/types\/product"}],"replies":[{"embeddable":true,"href":"https:\/\/antiqua.mx\/en\/wp-json\/wp\/v2\/comments?post=18224"}],"wp:featuredmedia":[{"embeddable":true,"href":"https:\/\/antiqua.mx\/en\/wp-json\/wp\/v2\/media\/18398"}],"wp:attachment":[{"href":"https:\/\/antiqua.mx\/en\/wp-json\/wp\/v2\/media?parent=18224"}],"wp:term":[{"taxonomy":"product_brand","embeddable":true,"href":"https:\/\/antiqua.mx\/en\/wp-json\/wp\/v2\/product_brand?post=18224"},{"taxonomy":"product_cat","embeddable":true,"href":"https:\/\/antiqua.mx\/en\/wp-json\/wp\/v2\/product_cat?post=18224"},{"taxonomy":"product_tag","embeddable":true,"href":"https:\/\/antiqua.mx\/en\/wp-json\/wp\/v2\/product_tag?post=18224"}],"curies":[{"name":"wp","href":"https:\/\/api.w.org\/{rel}","templated":true}]}}